{"id":4119,"date":"2025-12-26T14:58:38","date_gmt":"2025-12-26T13:58:38","guid":{"rendered":"https:\/\/epiqs.ch\/?post_type=product&#038;p=4119"},"modified":"2026-02-22T15:52:42","modified_gmt":"2026-02-22T14:52:42","slug":"stille-s01-copie","status":"publish","type":"product","link":"https:\/\/epiqs.ch\/de\/produit\/stille-s01-copie\/","title":{"rendered":"Elektrischer Roller &#8211; Silence S02 MY25"},"content":{"rendered":"<h3><strong>Silence S02 MY25: Der ideale Fracht-Elektroroller f\u00fcr den professionellen Lieferservice<\/strong><\/h3>\n<p>Der <strong>Silence S02 MY25<\/strong> ist die neue Generation des beliebten Silence S02 Elektroscooters, der speziell f\u00fcr das Transport- und Liefergewerbe entwickelt wurde. St\u00e4rker, robuster und noch besser ausgestattet, ist er einer der besten <strong>Cargo-Scooter<\/strong> auf dem Markt. Mit seinem <strong>7.000 W<\/strong> Motor (bis zu <strong>11.000 W Spitzenleistung<\/strong>) und einer H\u00f6chstgeschwindigkeit von <strong>90 km\/h<\/strong> sorgt er f\u00fcr schnelle, reibungslose Fahrten, die sich perfekt f\u00fcr den Einsatz in der Stadt und im Umland eignen.<\/p>\n<p>Der S02 MY25 wurde f\u00fcr den professionellen Fuhrpark entwickelt und verf\u00fcgt standardm\u00e4\u00dfig \u00fcber einen <strong>verst\u00e4rkten Hecktr\u00e4ger<\/strong>, der eine gro\u00dfe Lieferbox oder einen gro\u00dfen Kofferraum aufnehmen kann. Seine optimierte Konstruktion macht ihn zu einem zuverl\u00e4ssigen, leistungsstarken Fahrzeug, das perfekt auf die Bed\u00fcrfnisse von Kurierdiensten, Restaurants, Lieferdiensten und Logistikunternehmen zugeschnitten ist.<\/p>\n<p>&nbsp;<\/p>\n<h3><strong>Leistung, Reichweite und Komfort f\u00fcr intensive Lieferungen<\/strong><\/h3>\n<p>Wie alle Modelle der Silence-Reihe bietet auch der S02 MY25 eine <strong>sanfte, leise und vibrationsfreie Beschleunigung<\/strong>, ideal f\u00fcr den t\u00e4glichen Einsatz in der Stadt. Die Lithiumbatterie mit hoher Kapazit\u00e4t bietet eine <strong>Reichweite von mehr als 130 km<\/strong>, so dass Sie einen ganzen Tag lang ohne Aufladen liefern k\u00f6nnen.<\/p>\n<p>Dieser Fracht-Elektroroller wurde aus langlebigen und robusten Materialien hergestellt und ist f\u00fcr den intensiven Gebrauch ausgelegt. Sein modernisiertes Design, das schlichter und professioneller wirkt, bewahrt die DNA des S02, w\u00e4hrend es gleichzeitig die Robustheit und Praktikabilit\u00e4t verbessert.<\/p>\n<p>&nbsp;<\/p>\n<h3><strong>Mehr Sicherheit und professionelle Ausstattung<\/strong><\/h3>\n<p>Der Silence S02 MY25 ist mit einem <strong>CBS-Bremssystem<\/strong> ausgestattet, das einen kurzen <strong>Bremsweg<\/strong> und eine optimale Kontrolle auch unter Last gew\u00e4hrleistet. Die <strong>gut sichtbaren LED-Scheinwerfer<\/strong> sorgen f\u00fcr maximale Sicherheit bei Tag und Nacht, ein wichtiger Vorteil f\u00fcr Zusteller im Schichtdienst.<\/p>\n<p>Unter dem Sattel befindet sich ein Stauraum f\u00fcr einen Helm und einige pers\u00f6nliche Gegenst\u00e4nde, was den Alltag noch praktischer macht.<\/p>\n<p>&nbsp;<\/p>\n<h3><strong>Herausnehmbare Batterie auf R\u00e4dern: die perfekte L\u00f6sung f\u00fcr Flotten.<\/strong><\/h3>\n<p>Einer der gr\u00f6\u00dften Vorteile des S02 MY25 ist der <strong>abnehmbare Akku auf Rollen<\/strong>, das Markenzeichen von Silence. Sie k\u00f6nnen die Batterie in Sekundenschnelle herausnehmen, wie einen Koffer an eine normale 220-V-Steckdose ziehen und einfach wieder aufladen. F\u00fcr Unternehmen ist es m\u00f6glich, mehrere volle Batterien abwechselnd zu verwenden, um einen Stillstand des Fahrzeugs zu vermeiden.<\/p>\n<p>Diese Technologie in Kombination mit einer speziellen Ladestation erm\u00f6glicht eine einfache, schnelle und effiziente Verwaltung einer Flotte von Elektrorollern und reduziert die Betriebskosten.<\/p>\n<p>&nbsp;<\/p>\n<h3><strong>ST\u00c4RKEN DER STILLE S02 MY25<\/strong><\/h3>\n<ul>\n<li>Leistungsstarker 7.000-W-Motor (11.000 W max.) f\u00fcr schnelle Beschleunigung<\/li>\n<li>H\u00f6chstgeschwindigkeit 90 km\/h, ideal f\u00fcr Stadt- und Vorortfahrten<\/li>\n<li>Gro\u00dfe Reichweite, perfekt f\u00fcr intensive Lieferungen<\/li>\n<li>Integrierte hintere Halterung, die mit den gro\u00dfen Lieferboxen kompatibel ist<\/li>\n<li>Herausnehmbarer Akku auf Rollen, einfach zu transportieren und zu ersetzen<\/li>\n<li>CBS-Bremsung f\u00fcr mehr Sicherheit<\/li>\n<li>LED-Beleuchtung f\u00fcr optimale Sichtbarkeit<\/li>\n<li>Robuste Konstruktion, geeignet f\u00fcr den t\u00e4glichen professionellen Gebrauch<\/li>\n<\/ul>\n<p>Dieses Modell ist auch zur <a href=\"https:\/\/epiqs.ch\/de\/?page_id=4165\">Miete<\/a> erh\u00e4ltlich.<\/p>\n<div><\/div>\n","protected":false},"excerpt":{"rendered":"<p>Der Silence S02 MY25 ist ein leistungsstarker Fracht-Elektroroller mit einem 7.000 W Motor (11.000 W Spitzenleistung), der eine Geschwindigkeit von 90 km\/h erreichen kann. Er wurde f\u00fcr den professionellen Lieferverkehr entwickelt und bietet eine hohe Reichweite und eine gro\u00dfe Ladekapazit\u00e4t dank des integrierten Boxentr\u00e4gers.<\/p>\n","protected":false},"featured_media":4104,"template":"","meta":{"_acf_changed":false},"product_brand":[],"product_cat":[88],"product_tag":[],"class_list":{"0":"post-4119","1":"product","2":"type-product","3":"status-publish","4":"has-post-thumbnail","6":"product_cat-elektroroller","7":"pa_couleur-weis","9":"first","10":"instock","11":"taxable","12":"shipping-taxable","13":"purchasable","14":"product-type-simple"},"acf":[],"yoast_head":"<!-- This site is optimized with the Yoast SEO plugin v27.3 - https:\/\/yoast.com\/product\/yoast-seo-wordpress\/ -->\n<title>Elektrischer Roller - Silence S02 MY25 - EPIQS SA<\/title>\n<meta name=\"description\" content=\"Silence S02 MY25: Elektrischer Roller mit 7.000 W, 90 km\/h, gro\u00dfer Reichweite und herausnehmbarer Batterie. Perfekt f\u00fcr professionelle Lieferdienste.\" \/>\n<meta name=\"robots\" content=\"index, follow, max-snippet:-1, max-image-preview:large, max-video-preview:-1\" \/>\n<link rel=\"canonical\" href=\"https:\/\/epiqs.ch\/de\/produit\/stille-s01-copie\/\" \/>\n<meta property=\"og:locale\" content=\"de_DE\" \/>\n<meta property=\"og:type\" content=\"article\" \/>\n<meta property=\"og:title\" content=\"Elektrischer Roller - Silence S02 MY25 - EPIQS SA\" \/>\n<meta property=\"og:description\" content=\"Silence S02 MY25: Elektrischer Roller mit 7.000 W, 90 km\/h, gro\u00dfer Reichweite und herausnehmbarer Batterie. Perfekt f\u00fcr professionelle Lieferdienste.\" \/>\n<meta property=\"og:url\" content=\"https:\/\/epiqs.ch\/de\/produit\/stille-s01-copie\/\" \/>\n<meta property=\"og:site_name\" content=\"EPIQS SA\" \/>\n<meta property=\"article:publisher\" content=\"https:\/\/www.facebook.com\/EPIQSSA\" \/>\n<meta property=\"article:modified_time\" content=\"2026-02-22T14:52:42+00:00\" \/>\n<meta property=\"og:image\" content=\"https:\/\/epiqs.ch\/wp-content\/uploads\/2025\/12\/Silence-S2-2025-5-1.jpg\" \/>\n\t<meta property=\"og:image:width\" content=\"1512\" \/>\n\t<meta property=\"og:image:height\" content=\"1512\" \/>\n\t<meta property=\"og:image:type\" content=\"image\/jpeg\" \/>\n<meta name=\"twitter:card\" content=\"summary_large_image\" \/>\n<meta name=\"twitter:label1\" content=\"Gesch\u00e4tzte Lesezeit\" \/>\n\t<meta name=\"twitter:data1\" content=\"3\u00a0Minuten\" \/>\n<script type=\"application\/ld+json\" class=\"yoast-schema-graph\">{\"@context\":\"https:\\\/\\\/schema.org\",\"@graph\":[{\"@type\":\"WebPage\",\"@id\":\"https:\\\/\\\/epiqs.ch\\\/de\\\/produit\\\/stille-s01-copie\\\/\",\"url\":\"https:\\\/\\\/epiqs.ch\\\/de\\\/produit\\\/stille-s01-copie\\\/\",\"name\":\"Elektrischer Roller - Silence S02 MY25 - EPIQS SA\",\"isPartOf\":{\"@id\":\"https:\\\/\\\/epiqs.ch\\\/#website\"},\"primaryImageOfPage\":{\"@id\":\"https:\\\/\\\/epiqs.ch\\\/de\\\/produit\\\/stille-s01-copie\\\/#primaryimage\"},\"image\":{\"@id\":\"https:\\\/\\\/epiqs.ch\\\/de\\\/produit\\\/stille-s01-copie\\\/#primaryimage\"},\"thumbnailUrl\":\"https:\\\/\\\/epiqs.ch\\\/wp-content\\\/uploads\\\/2025\\\/12\\\/Silence-S2-2025-5-1.jpg\",\"datePublished\":\"2025-12-26T13:58:38+00:00\",\"dateModified\":\"2026-02-22T14:52:42+00:00\",\"description\":\"Silence S02 MY25: Elektrischer Roller mit 7.000 W, 90 km\\\/h, gro\u00dfer Reichweite und herausnehmbarer Batterie. Perfekt f\u00fcr professionelle Lieferdienste.\",\"breadcrumb\":{\"@id\":\"https:\\\/\\\/epiqs.ch\\\/de\\\/produit\\\/stille-s01-copie\\\/#breadcrumb\"},\"inLanguage\":\"de\",\"potentialAction\":[{\"@type\":\"ReadAction\",\"target\":[\"https:\\\/\\\/epiqs.ch\\\/de\\\/produit\\\/stille-s01-copie\\\/\"]}]},{\"@type\":\"ImageObject\",\"inLanguage\":\"de\",\"@id\":\"https:\\\/\\\/epiqs.ch\\\/de\\\/produit\\\/stille-s01-copie\\\/#primaryimage\",\"url\":\"https:\\\/\\\/epiqs.ch\\\/wp-content\\\/uploads\\\/2025\\\/12\\\/Silence-S2-2025-5-1.jpg\",\"contentUrl\":\"https:\\\/\\\/epiqs.ch\\\/wp-content\\\/uploads\\\/2025\\\/12\\\/Silence-S2-2025-5-1.jpg\",\"width\":1512,\"height\":1512,\"caption\":\"Elektrischer Roller S02 MY25 - EPIQS SA\"},{\"@type\":\"BreadcrumbList\",\"@id\":\"https:\\\/\\\/epiqs.ch\\\/de\\\/produit\\\/stille-s01-copie\\\/#breadcrumb\",\"itemListElement\":[{\"@type\":\"ListItem\",\"position\":1,\"name\":\"Accueil\",\"item\":\"https:\\\/\\\/epiqs.ch\\\/de\\\/\"},{\"@type\":\"ListItem\",\"position\":2,\"name\":\"Shop\",\"item\":\"https:\\\/\\\/epiqs.ch\\\/de\\\/shop\\\/\"},{\"@type\":\"ListItem\",\"position\":3,\"name\":\"Elektrischer Roller &#8211; Silence S02 MY25\"}]},{\"@type\":\"WebSite\",\"@id\":\"https:\\\/\\\/epiqs.ch\\\/#website\",\"url\":\"https:\\\/\\\/epiqs.ch\\\/\",\"name\":\"EPIQS SA\",\"description\":\"Vente de scooters \u00e9lectriques\",\"publisher\":{\"@id\":\"https:\\\/\\\/epiqs.ch\\\/#organization\"},\"alternateName\":\"EPIQS\",\"potentialAction\":[{\"@type\":\"SearchAction\",\"target\":{\"@type\":\"EntryPoint\",\"urlTemplate\":\"https:\\\/\\\/epiqs.ch\\\/?s={search_term_string}\"},\"query-input\":{\"@type\":\"PropertyValueSpecification\",\"valueRequired\":true,\"valueName\":\"search_term_string\"}}],\"inLanguage\":\"de\"},{\"@type\":\"Organization\",\"@id\":\"https:\\\/\\\/epiqs.ch\\\/#organization\",\"name\":\"EPIQS SA\",\"alternateName\":\"EPIQS\",\"url\":\"https:\\\/\\\/epiqs.ch\\\/\",\"logo\":{\"@type\":\"ImageObject\",\"inLanguage\":\"de\",\"@id\":\"https:\\\/\\\/epiqs.ch\\\/#\\\/schema\\\/logo\\\/image\\\/\",\"url\":\"https:\\\/\\\/epiqs.ch\\\/wp-content\\\/uploads\\\/2021\\\/03\\\/logo.svg\",\"contentUrl\":\"https:\\\/\\\/epiqs.ch\\\/wp-content\\\/uploads\\\/2021\\\/03\\\/logo.svg\",\"width\":399.77,\"height\":161.68,\"caption\":\"EPIQS SA\"},\"image\":{\"@id\":\"https:\\\/\\\/epiqs.ch\\\/#\\\/schema\\\/logo\\\/image\\\/\"},\"sameAs\":[\"https:\\\/\\\/www.facebook.com\\\/EPIQSSA\"]}]}<\/script>\n<!-- \/ Yoast SEO plugin. -->","yoast_head_json":{"title":"Elektrischer Roller - Silence S02 MY25 - EPIQS SA","description":"Silence S02 MY25: Elektrischer Roller mit 7.000 W, 90 km\/h, gro\u00dfer Reichweite und herausnehmbarer Batterie. Perfekt f\u00fcr professionelle Lieferdienste.","robots":{"index":"index","follow":"follow","max-snippet":"max-snippet:-1","max-image-preview":"max-image-preview:large","max-video-preview":"max-video-preview:-1"},"canonical":"https:\/\/epiqs.ch\/de\/produit\/stille-s01-copie\/","og_locale":"de_DE","og_type":"article","og_title":"Elektrischer Roller - Silence S02 MY25 - EPIQS SA","og_description":"Silence S02 MY25: Elektrischer Roller mit 7.000 W, 90 km\/h, gro\u00dfer Reichweite und herausnehmbarer Batterie. Perfekt f\u00fcr professionelle Lieferdienste.","og_url":"https:\/\/epiqs.ch\/de\/produit\/stille-s01-copie\/","og_site_name":"EPIQS SA","article_publisher":"https:\/\/www.facebook.com\/EPIQSSA","article_modified_time":"2026-02-22T14:52:42+00:00","og_image":[{"width":1512,"height":1512,"url":"https:\/\/epiqs.ch\/wp-content\/uploads\/2025\/12\/Silence-S2-2025-5-1.jpg","type":"image\/jpeg"}],"twitter_card":"summary_large_image","twitter_misc":{"Gesch\u00e4tzte Lesezeit":"3\u00a0Minuten"},"schema":{"@context":"https:\/\/schema.org","@graph":[{"@type":"WebPage","@id":"https:\/\/epiqs.ch\/de\/produit\/stille-s01-copie\/","url":"https:\/\/epiqs.ch\/de\/produit\/stille-s01-copie\/","name":"Elektrischer Roller - Silence S02 MY25 - EPIQS SA","isPartOf":{"@id":"https:\/\/epiqs.ch\/#website"},"primaryImageOfPage":{"@id":"https:\/\/epiqs.ch\/de\/produit\/stille-s01-copie\/#primaryimage"},"image":{"@id":"https:\/\/epiqs.ch\/de\/produit\/stille-s01-copie\/#primaryimage"},"thumbnailUrl":"https:\/\/epiqs.ch\/wp-content\/uploads\/2025\/12\/Silence-S2-2025-5-1.jpg","datePublished":"2025-12-26T13:58:38+00:00","dateModified":"2026-02-22T14:52:42+00:00","description":"Silence S02 MY25: Elektrischer Roller mit 7.000 W, 90 km\/h, gro\u00dfer Reichweite und herausnehmbarer Batterie. Perfekt f\u00fcr professionelle Lieferdienste.","breadcrumb":{"@id":"https:\/\/epiqs.ch\/de\/produit\/stille-s01-copie\/#breadcrumb"},"inLanguage":"de","potentialAction":[{"@type":"ReadAction","target":["https:\/\/epiqs.ch\/de\/produit\/stille-s01-copie\/"]}]},{"@type":"ImageObject","inLanguage":"de","@id":"https:\/\/epiqs.ch\/de\/produit\/stille-s01-copie\/#primaryimage","url":"https:\/\/epiqs.ch\/wp-content\/uploads\/2025\/12\/Silence-S2-2025-5-1.jpg","contentUrl":"https:\/\/epiqs.ch\/wp-content\/uploads\/2025\/12\/Silence-S2-2025-5-1.jpg","width":1512,"height":1512,"caption":"Elektrischer Roller S02 MY25 - EPIQS SA"},{"@type":"BreadcrumbList","@id":"https:\/\/epiqs.ch\/de\/produit\/stille-s01-copie\/#breadcrumb","itemListElement":[{"@type":"ListItem","position":1,"name":"Accueil","item":"https:\/\/epiqs.ch\/de\/"},{"@type":"ListItem","position":2,"name":"Shop","item":"https:\/\/epiqs.ch\/de\/shop\/"},{"@type":"ListItem","position":3,"name":"Elektrischer Roller &#8211; Silence S02 MY25"}]},{"@type":"WebSite","@id":"https:\/\/epiqs.ch\/#website","url":"https:\/\/epiqs.ch\/","name":"EPIQS SA","description":"Vente de scooters \u00e9lectriques","publisher":{"@id":"https:\/\/epiqs.ch\/#organization"},"alternateName":"EPIQS","potentialAction":[{"@type":"SearchAction","target":{"@type":"EntryPoint","urlTemplate":"https:\/\/epiqs.ch\/?s={search_term_string}"},"query-input":{"@type":"PropertyValueSpecification","valueRequired":true,"valueName":"search_term_string"}}],"inLanguage":"de"},{"@type":"Organization","@id":"https:\/\/epiqs.ch\/#organization","name":"EPIQS SA","alternateName":"EPIQS","url":"https:\/\/epiqs.ch\/","logo":{"@type":"ImageObject","inLanguage":"de","@id":"https:\/\/epiqs.ch\/#\/schema\/logo\/image\/","url":"https:\/\/epiqs.ch\/wp-content\/uploads\/2021\/03\/logo.svg","contentUrl":"https:\/\/epiqs.ch\/wp-content\/uploads\/2021\/03\/logo.svg","width":399.77,"height":161.68,"caption":"EPIQS SA"},"image":{"@id":"https:\/\/epiqs.ch\/#\/schema\/logo\/image\/"},"sameAs":["https:\/\/www.facebook.com\/EPIQSSA"]}]}},"_links":{"self":[{"href":"https:\/\/epiqs.ch\/de\/wp-json\/wp\/v2\/product\/4119","targetHints":{"allow":["GET"]}}],"collection":[{"href":"https:\/\/epiqs.ch\/de\/wp-json\/wp\/v2\/product"}],"about":[{"href":"https:\/\/epiqs.ch\/de\/wp-json\/wp\/v2\/types\/product"}],"wp:featuredmedia":[{"embeddable":true,"href":"https:\/\/epiqs.ch\/de\/wp-json\/wp\/v2\/media\/4104"}],"wp:attachment":[{"href":"https:\/\/epiqs.ch\/de\/wp-json\/wp\/v2\/media?parent=4119"}],"wp:term":[{"taxonomy":"product_brand","embeddable":true,"href":"https:\/\/epiqs.ch\/de\/wp-json\/wp\/v2\/product_brand?post=4119"},{"taxonomy":"product_cat","embeddable":true,"href":"https:\/\/epiqs.ch\/de\/wp-json\/wp\/v2\/product_cat?post=4119"},{"taxonomy":"product_tag","embeddable":true,"href":"https:\/\/epiqs.ch\/de\/wp-json\/wp\/v2\/product_tag?post=4119"}],"curies":[{"name":"wp","href":"https:\/\/api.w.org\/{rel}","templated":true}]}}