{"id":3998,"date":"2025-10-22T17:14:44","date_gmt":"2025-10-22T15:14:44","guid":{"rendered":"https:\/\/epiqs.ch\/?post_type=product&#038;p=3998"},"modified":"2026-03-13T08:46:05","modified_gmt":"2026-03-13T07:46:05","slug":"elektrischer-roller-niu-nqix-500-copie","status":"publish","type":"product","link":"https:\/\/epiqs.ch\/de\/produit\/elektrischer-roller-niu-nqix-500-copie\/","title":{"rendered":"Elektrischer Roller &#8211; Niu NQiX 150"},"content":{"rendered":"<h3><strong>Niu NQiX 150: Elektrischer Roller 45 km\/h komfortabel, wendig und intelligent<\/strong><\/h3>\n<p>Der Niu NQiX 150 ist ein Elektroroller mit 50 cm\u00b3 \u00c4quivalent, der f\u00fcr den Stadtverkehr entwickelt wurde. Er ist kompakt, agil und modern und bietet ein geschmeidiges und sehr wendiges Fahrverhalten, ideal f\u00fcr den Stadtverkehr. Inspiriert vom <a href=\"https:\/\/epiqs.ch\/de\/produit\/scooter-electrique-niu-nqix-500\/\">NQiX 500<\/a> \u00fcbernimmt er dessen Premium-Design, ist jedoch leichter und erschwinglicher.  <\/p>\n<p>Mit seinem <strong>2600 W Motor<\/strong> sorgt er f\u00fcr eine dynamische Beschleunigung und ein reaktives Fahrverhalten. Die <strong>herausnehmbare Lithium-Batterie<\/strong> l\u00e4sst sich leicht aufladen und bietet eine Reichweite von mehr als <strong>60 km,<\/strong> die sich perfekt f\u00fcr t\u00e4gliche Fahrten eignet. <\/p>\n<p>Der Komfort wird durch eine optimierte Federung und einen ergonomischen Sitz gew\u00e4hrleistet. Der NQiX 150 verf\u00fcgt au\u00dferdem \u00fcber ein fortschrittliches Bremssystem mit Doppelscheibenbremsen und TCS, das f\u00fcr maximale Sicherheit auf allen Stra\u00dfenarten sorgt. <\/p>\n<p>Die leistungsstarke LED-Beleuchtung sorgt f\u00fcr eine hervorragende Sicht, w\u00e4hrend das <strong>LCD-Farbdisplay<\/strong> eine intuitive und vernetzte Schnittstelle bietet. Die Niu-App erm\u00f6glicht die Anpassung der Einstellungen und den Zugriff auf viele intelligente Funktionen. <\/p>\n<p>Der Niu NQiX 150 ist der ideale Elektroroller f\u00fcr Stadtbewohner, die ein zuverl\u00e4ssiges, modernes und wirtschaftliches Fahrzeug suchen.<\/p>\n<p>&nbsp;<\/p>\n<h3><strong>Starke Punkte<\/strong><\/h3>\n<ul>\n<li>2600 W Motor f\u00fcr eine schnelle Beschleunigung und ein reaktives Fahrverhalten<\/li>\n<li>H\u00f6chstgeschwindigkeit von 45 km\/h, ideal f\u00fcr die Stadt<\/li>\n<li>Reichweite von mehr als 60 km<\/li>\n<li>Herausnehmbarer Lithium-Akku, einfach zu laden<\/li>\n<li>Fortschrittliche Bremsen: Doppelscheiben und TCS<\/li>\n<li>Starke LED-Beleuchtung f\u00fcr optimale Sichtbarkeit<\/li>\n<li>Verbesserte Federung und ergonomischer Sitz f\u00fcr mehr Komfort<\/li>\n<li>Farbige LCD-Instrumententafel mit intelligenter Konnektivit\u00e4t \u00fcber die Niu App<\/li>\n<\/ul>\n<p>&nbsp;<\/p>\n<p>Weitere Informationen \u00fcber das Produkt finden Sie auf der <a href=\"https:\/\/niumobility.ch\/fr\/pages\/niu-nqix-150\">offiziellen NIU-Seite<\/a>.<\/p>\n<div><\/div>\n","protected":false},"excerpt":{"rendered":"<p>Niu NQiX 150: Ein agiler, komfortabler und intelligenter 45 km\/h Elektroroller.<br \/>\nKompakt und sehr wendig, bietet er mit seinem 2600 W Motor, der herausnehmbaren Batterie und dem modernen Design, das vom NQiX 500 inspiriert wurde, eine angenehme Fahrt in der Stadt. Ideal f\u00fcr die t\u00e4glichen Fahrten in der Stadt. <\/p>\n","protected":false},"featured_media":4006,"template":"","meta":{"_acf_changed":false},"product_brand":[],"product_cat":[88],"product_tag":[],"class_list":{"0":"post-3998","1":"product","2":"type-product","3":"status-publish","4":"has-post-thumbnail","6":"product_cat-elektroroller","7":"pa_couleur-grau","8":"pa_couleur-schwarz","9":"pa_couleur-weis","11":"first","12":"instock","13":"taxable","14":"shipping-taxable","15":"purchasable","16":"product-type-variable"},"acf":[],"yoast_head":"<!-- This site is optimized with the Yoast SEO plugin v27.5 - https:\/\/yoast.com\/product\/yoast-seo-wordpress\/ -->\n<title>Elektrischer Roller - Niu NQiX 150 - EPIQS SA<\/title>\n<meta name=\"description\" content=\"Niu NQiX 150: 45 km\/h schneller, agiler und komfortabler Elektroroller, ideal f\u00fcr die Stadt mit herausnehmbarer Batterie und ABS-Bremssystem.\" \/>\n<meta name=\"robots\" content=\"index, follow, max-snippet:-1, max-image-preview:large, max-video-preview:-1\" \/>\n<link rel=\"canonical\" href=\"https:\/\/epiqs.ch\/de\/produit\/elektrischer-roller-niu-nqix-500-copie\/\" \/>\n<meta property=\"og:locale\" content=\"de_DE\" \/>\n<meta property=\"og:type\" content=\"article\" \/>\n<meta property=\"og:title\" content=\"Elektrischer Roller - Niu NQiX 150 - EPIQS SA\" \/>\n<meta property=\"og:description\" content=\"Niu NQiX 150: 45 km\/h schneller, agiler und komfortabler Elektroroller, ideal f\u00fcr die Stadt mit herausnehmbarer Batterie und ABS-Bremssystem.\" \/>\n<meta property=\"og:url\" content=\"https:\/\/epiqs.ch\/de\/produit\/elektrischer-roller-niu-nqix-500-copie\/\" \/>\n<meta property=\"og:site_name\" content=\"EPIQS SA\" \/>\n<meta property=\"article:publisher\" content=\"https:\/\/www.facebook.com\/EPIQSSA\" \/>\n<meta property=\"article:modified_time\" content=\"2026-03-13T07:46:05+00:00\" \/>\n<meta property=\"og:image\" content=\"https:\/\/epiqs.ch\/wp-content\/uploads\/2025\/10\/Niu_NQiX-150_1_EPIQS-SA_Blanc.png\" \/>\n\t<meta property=\"og:image:width\" content=\"720\" \/>\n\t<meta property=\"og:image:height\" content=\"720\" \/>\n\t<meta property=\"og:image:type\" content=\"image\/png\" \/>\n<meta name=\"twitter:card\" content=\"summary_large_image\" \/>\n<meta name=\"twitter:label1\" content=\"Gesch\u00e4tzte Lesezeit\" \/>\n\t<meta name=\"twitter:data1\" content=\"2\u00a0Minuten\" \/>\n<script type=\"application\/ld+json\" class=\"yoast-schema-graph\">{\"@context\":\"https:\\\/\\\/schema.org\",\"@graph\":[{\"@type\":\"WebPage\",\"@id\":\"https:\\\/\\\/epiqs.ch\\\/de\\\/produit\\\/elektrischer-roller-niu-nqix-500-copie\\\/\",\"url\":\"https:\\\/\\\/epiqs.ch\\\/de\\\/produit\\\/elektrischer-roller-niu-nqix-500-copie\\\/\",\"name\":\"Elektrischer Roller - Niu NQiX 150 - EPIQS SA\",\"isPartOf\":{\"@id\":\"https:\\\/\\\/epiqs.ch\\\/#website\"},\"primaryImageOfPage\":{\"@id\":\"https:\\\/\\\/epiqs.ch\\\/de\\\/produit\\\/elektrischer-roller-niu-nqix-500-copie\\\/#primaryimage\"},\"image\":{\"@id\":\"https:\\\/\\\/epiqs.ch\\\/de\\\/produit\\\/elektrischer-roller-niu-nqix-500-copie\\\/#primaryimage\"},\"thumbnailUrl\":\"https:\\\/\\\/epiqs.ch\\\/wp-content\\\/uploads\\\/2025\\\/10\\\/Niu_NQiX-150_1_EPIQS-SA_Blanc.png\",\"datePublished\":\"2025-10-22T15:14:44+00:00\",\"dateModified\":\"2026-03-13T07:46:05+00:00\",\"description\":\"Niu NQiX 150: 45 km\\\/h schneller, agiler und komfortabler Elektroroller, ideal f\u00fcr die Stadt mit herausnehmbarer Batterie und ABS-Bremssystem.\",\"breadcrumb\":{\"@id\":\"https:\\\/\\\/epiqs.ch\\\/de\\\/produit\\\/elektrischer-roller-niu-nqix-500-copie\\\/#breadcrumb\"},\"inLanguage\":\"de\",\"potentialAction\":[{\"@type\":\"ReadAction\",\"target\":[\"https:\\\/\\\/epiqs.ch\\\/de\\\/produit\\\/elektrischer-roller-niu-nqix-500-copie\\\/\"]}]},{\"@type\":\"ImageObject\",\"inLanguage\":\"de\",\"@id\":\"https:\\\/\\\/epiqs.ch\\\/de\\\/produit\\\/elektrischer-roller-niu-nqix-500-copie\\\/#primaryimage\",\"url\":\"https:\\\/\\\/epiqs.ch\\\/wp-content\\\/uploads\\\/2025\\\/10\\\/Niu_NQiX-150_1_EPIQS-SA_Blanc.png\",\"contentUrl\":\"https:\\\/\\\/epiqs.ch\\\/wp-content\\\/uploads\\\/2025\\\/10\\\/Niu_NQiX-150_1_EPIQS-SA_Blanc.png\",\"width\":720,\"height\":720,\"caption\":\"Niu NQiX 150 wei\u00df EPIQS SA\"},{\"@type\":\"BreadcrumbList\",\"@id\":\"https:\\\/\\\/epiqs.ch\\\/de\\\/produit\\\/elektrischer-roller-niu-nqix-500-copie\\\/#breadcrumb\",\"itemListElement\":[{\"@type\":\"ListItem\",\"position\":1,\"name\":\"Accueil\",\"item\":\"https:\\\/\\\/epiqs.ch\\\/de\\\/\"},{\"@type\":\"ListItem\",\"position\":2,\"name\":\"Shop\",\"item\":\"https:\\\/\\\/epiqs.ch\\\/de\\\/shop\\\/\"},{\"@type\":\"ListItem\",\"position\":3,\"name\":\"Elektrischer Roller &#8211; Niu NQiX 150\"}]},{\"@type\":\"WebSite\",\"@id\":\"https:\\\/\\\/epiqs.ch\\\/#website\",\"url\":\"https:\\\/\\\/epiqs.ch\\\/\",\"name\":\"EPIQS SA\",\"description\":\"Vente de scooters \u00e9lectriques\",\"publisher\":{\"@id\":\"https:\\\/\\\/epiqs.ch\\\/#organization\"},\"alternateName\":\"EPIQS\",\"potentialAction\":[{\"@type\":\"SearchAction\",\"target\":{\"@type\":\"EntryPoint\",\"urlTemplate\":\"https:\\\/\\\/epiqs.ch\\\/?s={search_term_string}\"},\"query-input\":{\"@type\":\"PropertyValueSpecification\",\"valueRequired\":true,\"valueName\":\"search_term_string\"}}],\"inLanguage\":\"de\"},{\"@type\":\"Organization\",\"@id\":\"https:\\\/\\\/epiqs.ch\\\/#organization\",\"name\":\"EPIQS SA\",\"alternateName\":\"EPIQS\",\"url\":\"https:\\\/\\\/epiqs.ch\\\/\",\"logo\":{\"@type\":\"ImageObject\",\"inLanguage\":\"de\",\"@id\":\"https:\\\/\\\/epiqs.ch\\\/#\\\/schema\\\/logo\\\/image\\\/\",\"url\":\"https:\\\/\\\/epiqs.ch\\\/wp-content\\\/uploads\\\/2021\\\/03\\\/logo.svg\",\"contentUrl\":\"https:\\\/\\\/epiqs.ch\\\/wp-content\\\/uploads\\\/2021\\\/03\\\/logo.svg\",\"width\":399.77,\"height\":161.68,\"caption\":\"EPIQS SA\"},\"image\":{\"@id\":\"https:\\\/\\\/epiqs.ch\\\/#\\\/schema\\\/logo\\\/image\\\/\"},\"sameAs\":[\"https:\\\/\\\/www.facebook.com\\\/EPIQSSA\"]}]}<\/script>\n<!-- \/ Yoast SEO plugin. -->","yoast_head_json":{"title":"Elektrischer Roller - Niu NQiX 150 - EPIQS SA","description":"Niu NQiX 150: 45 km\/h schneller, agiler und komfortabler Elektroroller, ideal f\u00fcr die Stadt mit herausnehmbarer Batterie und ABS-Bremssystem.","robots":{"index":"index","follow":"follow","max-snippet":"max-snippet:-1","max-image-preview":"max-image-preview:large","max-video-preview":"max-video-preview:-1"},"canonical":"https:\/\/epiqs.ch\/de\/produit\/elektrischer-roller-niu-nqix-500-copie\/","og_locale":"de_DE","og_type":"article","og_title":"Elektrischer Roller - Niu NQiX 150 - EPIQS SA","og_description":"Niu NQiX 150: 45 km\/h schneller, agiler und komfortabler Elektroroller, ideal f\u00fcr die Stadt mit herausnehmbarer Batterie und ABS-Bremssystem.","og_url":"https:\/\/epiqs.ch\/de\/produit\/elektrischer-roller-niu-nqix-500-copie\/","og_site_name":"EPIQS SA","article_publisher":"https:\/\/www.facebook.com\/EPIQSSA","article_modified_time":"2026-03-13T07:46:05+00:00","og_image":[{"width":720,"height":720,"url":"https:\/\/epiqs.ch\/wp-content\/uploads\/2025\/10\/Niu_NQiX-150_1_EPIQS-SA_Blanc.png","type":"image\/png"}],"twitter_card":"summary_large_image","twitter_misc":{"Gesch\u00e4tzte Lesezeit":"2\u00a0Minuten"},"schema":{"@context":"https:\/\/schema.org","@graph":[{"@type":"WebPage","@id":"https:\/\/epiqs.ch\/de\/produit\/elektrischer-roller-niu-nqix-500-copie\/","url":"https:\/\/epiqs.ch\/de\/produit\/elektrischer-roller-niu-nqix-500-copie\/","name":"Elektrischer Roller - Niu NQiX 150 - EPIQS SA","isPartOf":{"@id":"https:\/\/epiqs.ch\/#website"},"primaryImageOfPage":{"@id":"https:\/\/epiqs.ch\/de\/produit\/elektrischer-roller-niu-nqix-500-copie\/#primaryimage"},"image":{"@id":"https:\/\/epiqs.ch\/de\/produit\/elektrischer-roller-niu-nqix-500-copie\/#primaryimage"},"thumbnailUrl":"https:\/\/epiqs.ch\/wp-content\/uploads\/2025\/10\/Niu_NQiX-150_1_EPIQS-SA_Blanc.png","datePublished":"2025-10-22T15:14:44+00:00","dateModified":"2026-03-13T07:46:05+00:00","description":"Niu NQiX 150: 45 km\/h schneller, agiler und komfortabler Elektroroller, ideal f\u00fcr die Stadt mit herausnehmbarer Batterie und ABS-Bremssystem.","breadcrumb":{"@id":"https:\/\/epiqs.ch\/de\/produit\/elektrischer-roller-niu-nqix-500-copie\/#breadcrumb"},"inLanguage":"de","potentialAction":[{"@type":"ReadAction","target":["https:\/\/epiqs.ch\/de\/produit\/elektrischer-roller-niu-nqix-500-copie\/"]}]},{"@type":"ImageObject","inLanguage":"de","@id":"https:\/\/epiqs.ch\/de\/produit\/elektrischer-roller-niu-nqix-500-copie\/#primaryimage","url":"https:\/\/epiqs.ch\/wp-content\/uploads\/2025\/10\/Niu_NQiX-150_1_EPIQS-SA_Blanc.png","contentUrl":"https:\/\/epiqs.ch\/wp-content\/uploads\/2025\/10\/Niu_NQiX-150_1_EPIQS-SA_Blanc.png","width":720,"height":720,"caption":"Niu NQiX 150 wei\u00df EPIQS SA"},{"@type":"BreadcrumbList","@id":"https:\/\/epiqs.ch\/de\/produit\/elektrischer-roller-niu-nqix-500-copie\/#breadcrumb","itemListElement":[{"@type":"ListItem","position":1,"name":"Accueil","item":"https:\/\/epiqs.ch\/de\/"},{"@type":"ListItem","position":2,"name":"Shop","item":"https:\/\/epiqs.ch\/de\/shop\/"},{"@type":"ListItem","position":3,"name":"Elektrischer Roller &#8211; Niu NQiX 150"}]},{"@type":"WebSite","@id":"https:\/\/epiqs.ch\/#website","url":"https:\/\/epiqs.ch\/","name":"EPIQS SA","description":"Vente de scooters \u00e9lectriques","publisher":{"@id":"https:\/\/epiqs.ch\/#organization"},"alternateName":"EPIQS","potentialAction":[{"@type":"SearchAction","target":{"@type":"EntryPoint","urlTemplate":"https:\/\/epiqs.ch\/?s={search_term_string}"},"query-input":{"@type":"PropertyValueSpecification","valueRequired":true,"valueName":"search_term_string"}}],"inLanguage":"de"},{"@type":"Organization","@id":"https:\/\/epiqs.ch\/#organization","name":"EPIQS SA","alternateName":"EPIQS","url":"https:\/\/epiqs.ch\/","logo":{"@type":"ImageObject","inLanguage":"de","@id":"https:\/\/epiqs.ch\/#\/schema\/logo\/image\/","url":"https:\/\/epiqs.ch\/wp-content\/uploads\/2021\/03\/logo.svg","contentUrl":"https:\/\/epiqs.ch\/wp-content\/uploads\/2021\/03\/logo.svg","width":399.77,"height":161.68,"caption":"EPIQS SA"},"image":{"@id":"https:\/\/epiqs.ch\/#\/schema\/logo\/image\/"},"sameAs":["https:\/\/www.facebook.com\/EPIQSSA"]}]}},"_links":{"self":[{"href":"https:\/\/epiqs.ch\/de\/wp-json\/wp\/v2\/product\/3998","targetHints":{"allow":["GET"]}}],"collection":[{"href":"https:\/\/epiqs.ch\/de\/wp-json\/wp\/v2\/product"}],"about":[{"href":"https:\/\/epiqs.ch\/de\/wp-json\/wp\/v2\/types\/product"}],"wp:featuredmedia":[{"embeddable":true,"href":"https:\/\/epiqs.ch\/de\/wp-json\/wp\/v2\/media\/4006"}],"wp:attachment":[{"href":"https:\/\/epiqs.ch\/de\/wp-json\/wp\/v2\/media?parent=3998"}],"wp:term":[{"taxonomy":"product_brand","embeddable":true,"href":"https:\/\/epiqs.ch\/de\/wp-json\/wp\/v2\/product_brand?post=3998"},{"taxonomy":"product_cat","embeddable":true,"href":"https:\/\/epiqs.ch\/de\/wp-json\/wp\/v2\/product_cat?post=3998"},{"taxonomy":"product_tag","embeddable":true,"href":"https:\/\/epiqs.ch\/de\/wp-json\/wp\/v2\/product_tag?post=3998"}],"curies":[{"name":"wp","href":"https:\/\/api.w.org\/{rel}","templated":true}]}}