{"id":3879,"date":"2025-08-28T23:24:03","date_gmt":"2025-08-28T21:24:03","guid":{"rendered":"https:\/\/epiqs.ch\/?post_type=product&#038;p=3879"},"modified":"2026-02-22T15:35:08","modified_gmt":"2026-02-22T14:35:08","slug":"elektrischer-roller-nerva-exe-copie","status":"publish","type":"product","link":"https:\/\/epiqs.ch\/de\/produit\/elektrischer-roller-nerva-exe-copie\/","title":{"rendered":"Elektrischer Roller &#8211; Nerva EXE II"},"content":{"rendered":"<h3><strong>Nerva EXE II: ein leistungsstarker, moderner und hoch entwickelter Maxi-Scooter mit Elektroantrieb<\/strong><\/h3>\n<p>Der Nerva EXE II ist die neue Generation von Premium-Elektromobilen. Als direkte Weiterentwicklung des <a href=\"https:\/\/epiqs.ch\/de\/produit\/elektrischer-roller-nerva-exe\/\">Nerva EXE I<\/a> beh\u00e4lt er dessen St\u00e4rken bei und bietet gleichzeitig wichtige Verbesserungen: <strong>ABS<\/strong>, mehr Leistung, gr\u00f6\u00dfere Reichweite und fortschrittlichere Technologien an Bord. Er ist elegant, leistungsstark und eignet sich sowohl f\u00fcr den Stadtverkehr als auch f\u00fcr Langstreckenfahrten und setzt in seiner Klasse neue Ma\u00dfst\u00e4be.  <\/p>\n<p>&nbsp;<\/p>\n<h3><strong>Ein starker und reaktionsschneller Motor<\/strong><\/h3>\n<p>Der Nerva EXE II ist mit einem Elektromotor ausgestattet, der <strong>eine Nennleistung von 11 kW<\/strong> und <strong>eine Spitzenleistung<\/strong> von bis zu <strong>19 kW<\/strong> hat. Mit diesem Motor erreicht er eine H\u00f6chstgeschwindigkeit von <strong>130 km\/h,<\/strong> was ein fl\u00fcssiges, stabiles und sicheres Fahren sowohl in der Stadt als auch auf Schnellstra\u00dfen erm\u00f6glicht. Die sofortige \u00dcbertragung des Drehmoments sorgt f\u00fcr eine schnelle Beschleunigung, ideal f\u00fcr \u00dcberholman\u00f6ver, Einf\u00e4deln auf Schnellstra\u00dfen und Ampelstarts.  <\/p>\n<div><\/div>\n<h3><strong>Eine langlebige, sichere und leistungsf\u00e4hige BYD LFP Batterie<\/strong><\/h3>\n<p>Der EXE II ist mit einer <strong>LFP-Batterie <\/strong>(Lithium-Eisen-Phosphat) der neuesten Generation ausgestattet, die von BYD, dem Weltmarktf\u00fchrer in diesem Bereich, hergestellt wird. Diese Technologie gew\u00e4hrleistet : <\/p>\n<ul>\n<li>eine au\u00dfergew\u00f6hnlich lange Lebensdauer (bis zu 6000 Zyklen)<\/li>\n<li>maximale thermische Stabilit\u00e4t<\/li>\n<li>eine Batterie, die nicht brennen oder explodieren kann<\/li>\n<li>die F\u00e4higkeit, bis zu 80% seiner Leistung nach mehreren Jahren der Nutzung beizubehalten<\/li>\n<\/ul>\n<p>Mit dem eingebauten 3,3 kW Ladeger\u00e4t ist das Aufladen schnell und einfach:<\/p>\n<ul>\n<li>0 bis 80% in etwa 2 Stunden<\/li>\n<li>Vollst\u00e4ndige Aufladung in 2,5 Stunden \u00fcber eine Typ-2-Steckdose<\/li>\n<\/ul>\n<p>&nbsp;<\/p>\n<h3><strong>Drei Fahrmodi f\u00fcr alle Situationen<\/strong><\/h3>\n<p>Der Nerva EXE II ist mit seinen drei Modi f\u00fcr jeden Zweck geeignet:<\/p>\n<ul>\n<li>Eco: bis zu 180 km Reichweite, Geschwindigkeitsbegrenzung auf 55 km\/h &#8211; ideal f\u00fcr die Stadt und sparsame Fahrten<\/li>\n<li>Normal: ca. 140 km Reichweite, H\u00f6chstgeschwindigkeit 85 km\/h &#8211; perfekt f\u00fcr einen vielseitigen t\u00e4glichen Gebrauch.<\/li>\n<li>Sport: bis zu 90 km Reichweite, H\u00f6chstgeschwindigkeit 130 km\/h &#8211; f\u00fcr die volle Nutzung der Motorleistung<\/li>\n<\/ul>\n<p>&nbsp;<\/p>\n<h3><strong>Modernes Design, Ergonomie und Komfort<\/strong><\/h3>\n<p>Mit seinen muskul\u00f6sen Linien und seinem markanten Stil kombiniert der Nerva EXE II Eleganz und Robustheit. Der bequeme Sitz, die gro\u00dfz\u00fcgige Gr\u00f6\u00dfe und die sorgf\u00e4ltige Ergonomie sorgen f\u00fcr eine angenehme K\u00f6rperhaltung f\u00fcr Fahrer und Beifahrer. <\/p>\n<p>Der Kofferraum unter dem Sitz bietet Platz f\u00fcr einen Integralhelm, ein echtes Plus f\u00fcr einen Maxi-Scooter mit Elektroantrieb.<\/p>\n<p>&nbsp;<\/p>\n<h3><strong>Fortschrittliche Technologie und Konnektivit\u00e4t<\/strong><\/h3>\n<p>Der Nerva EXE II verf\u00fcgt \u00fcber ein <strong>22 cm gro\u00dfes LED-Armaturenbrett<\/strong> mit angeschlossener Schnittstelle. Zu den Funktionen geh\u00f6ren : <\/p>\n<ul>\n<li>Integrierte Navigation<\/li>\n<li>Intelligente Diagnostik<\/li>\n<li>Start ohne Schl\u00fcssel<\/li>\n<li>Bluetooth-Kapazit\u00e4t<\/li>\n<li>R\u00fcckw\u00e4rtsgang-Assistent<\/li>\n<li>Regeneratives Bremsen<\/li>\n<\/ul>\n<p>In Bezug auf die Sicherheit ist er mit einer hochwertigen Ausstattung versehen:<\/p>\n<ul>\n<li>ABS<\/li>\n<li>TCS (Traktionskontrolle)<\/li>\n<li>Regeneratives Bremsen<\/li>\n<li>Stabiles und ausgewogenes Fahrgestell<\/li>\n<\/ul>\n<p>&nbsp;<\/p>\n<h3><strong>Ein wettbewerbsf\u00e4higer Preis f\u00fcr einen Premium-Elektroscooter<\/strong><\/h3>\n<p>Der Nerva EXE II, der f\u00fcr eine Auslieferung im M\u00e4rz 2026 vorbestellt werden kann, bietet ein bemerkenswertes Preis-Leistungs-Verh\u00e4ltnis. Mit seiner Leistung, der gro\u00dfen Reichweite, der extrem langlebigen BYD-Batterie und der technischen Ausstattung ist er einer der fortschrittlichsten Maxi-Scooter auf dem Markt. <\/p>\n<p>&nbsp;<\/p>\n<h3><strong>Starke Punkte<\/strong><\/h3>\n<ul>\n<li>Leistungsstarker Motor: 11 kW Nennleistung \/ 19 kW Spitzenleistung<\/li>\n<li>H\u00f6chstgeschwindigkeit: 130 km\/h<\/li>\n<li>Extrem langlebige BYD LFP-Batterie (bis zu 6.000 Zyklen)<\/li>\n<li>Reichweite bis zu 180 km je nach Modus<\/li>\n<li>Schnellladung: 2 Std. bei 80 %, 2,5 Std. vollst\u00e4ndig (Typ 2)<\/li>\n<li>ABS, TCS, regeneratives Bremsen<\/li>\n<li>22 cm LED-Instrumententafel mit erweiterter Konnektivit\u00e4t<\/li>\n<\/ul>\n<p>&nbsp;<\/p>\n","protected":false},"excerpt":{"rendered":"<p>Nerva EXE II: Der leistungsstarke und moderne Maxi-Scooter mit Elektroantrieb. Mit seinem 11 kW Motor (19 kW Spitzenleistung), einer H\u00f6chstgeschwindigkeit von 130 km\/h und einer Reichweite von bis zu 180 km bietet er eine Spitzenleistung. Dank der BYD LFP-Batterie, ABS, TCS und der intelligenten LED-Instrumententafel ist das Fahren sicher und angenehm.  <\/p>\n<hr>\n<p>Fertigstellung M\u00e4rz 2026<\/p>\n<hr>\n<p>&nbsp;<\/p>\n","protected":false},"featured_media":4087,"template":"","meta":{"_acf_changed":false},"product_brand":[],"product_cat":[88],"product_tag":[],"class_list":{"0":"post-3879","1":"product","2":"type-product","3":"status-publish","4":"has-post-thumbnail","6":"product_cat-elektroroller","8":"first","9":"instock","10":"sale","11":"taxable","12":"shipping-taxable","13":"purchasable","14":"product-type-simple"},"acf":[],"yoast_head":"<!-- This site is optimized with the Yoast SEO plugin v27.3 - https:\/\/yoast.com\/product\/yoast-seo-wordpress\/ -->\n<title>Elektrischer Roller - Nerva EXE II - EPIQS SA<\/title>\n<meta name=\"description\" content=\"Nerva EXE II: Leistungsstarker und moderner Elektroroller mit einer Geschwindigkeit von bis zu 130 km\/h und einer Reichweite von 180 km. Extrem langlebige BYD LFP-Batterie. ABS f\u00fcr sicheres Fahren.\" \/>\n<meta name=\"robots\" content=\"index, follow, max-snippet:-1, max-image-preview:large, max-video-preview:-1\" \/>\n<link rel=\"canonical\" href=\"https:\/\/epiqs.ch\/de\/produit\/elektrischer-roller-nerva-exe-copie\/\" \/>\n<meta property=\"og:locale\" content=\"de_DE\" \/>\n<meta property=\"og:type\" content=\"article\" \/>\n<meta property=\"og:title\" content=\"Elektrischer Roller - Nerva EXE II - EPIQS SA\" \/>\n<meta property=\"og:description\" content=\"Nerva EXE II: Leistungsstarker und moderner Elektroroller mit einer Geschwindigkeit von bis zu 130 km\/h und einer Reichweite von 180 km. Extrem langlebige BYD LFP-Batterie. ABS f\u00fcr sicheres Fahren.\" \/>\n<meta property=\"og:url\" content=\"https:\/\/epiqs.ch\/de\/produit\/elektrischer-roller-nerva-exe-copie\/\" \/>\n<meta property=\"og:site_name\" content=\"EPIQS SA\" \/>\n<meta property=\"article:publisher\" content=\"https:\/\/www.facebook.com\/EPIQSSA\" \/>\n<meta property=\"article:modified_time\" content=\"2026-02-22T14:35:08+00:00\" \/>\n<meta property=\"og:image\" content=\"https:\/\/epiqs.ch\/wp-content\/uploads\/2025\/08\/Nerva-EXE-II_EPIQS-SA_1-2.png\" \/>\n\t<meta property=\"og:image:width\" content=\"1266\" \/>\n\t<meta property=\"og:image:height\" content=\"1266\" \/>\n\t<meta property=\"og:image:type\" content=\"image\/png\" \/>\n<meta name=\"twitter:card\" content=\"summary_large_image\" \/>\n<meta name=\"twitter:label1\" content=\"Gesch\u00e4tzte Lesezeit\" \/>\n\t<meta name=\"twitter:data1\" content=\"3\u00a0Minuten\" \/>\n<script type=\"application\/ld+json\" class=\"yoast-schema-graph\">{\"@context\":\"https:\\\/\\\/schema.org\",\"@graph\":[{\"@type\":\"WebPage\",\"@id\":\"https:\\\/\\\/epiqs.ch\\\/de\\\/produit\\\/elektrischer-roller-nerva-exe-copie\\\/\",\"url\":\"https:\\\/\\\/epiqs.ch\\\/de\\\/produit\\\/elektrischer-roller-nerva-exe-copie\\\/\",\"name\":\"Elektrischer Roller - Nerva EXE II - EPIQS SA\",\"isPartOf\":{\"@id\":\"https:\\\/\\\/epiqs.ch\\\/#website\"},\"primaryImageOfPage\":{\"@id\":\"https:\\\/\\\/epiqs.ch\\\/de\\\/produit\\\/elektrischer-roller-nerva-exe-copie\\\/#primaryimage\"},\"image\":{\"@id\":\"https:\\\/\\\/epiqs.ch\\\/de\\\/produit\\\/elektrischer-roller-nerva-exe-copie\\\/#primaryimage\"},\"thumbnailUrl\":\"https:\\\/\\\/epiqs.ch\\\/wp-content\\\/uploads\\\/2025\\\/08\\\/Nerva-EXE-II_EPIQS-SA_1-2.png\",\"datePublished\":\"2025-08-28T21:24:03+00:00\",\"dateModified\":\"2026-02-22T14:35:08+00:00\",\"description\":\"Nerva EXE II: Leistungsstarker und moderner Elektroroller mit einer Geschwindigkeit von bis zu 130 km\\\/h und einer Reichweite von 180 km. Extrem langlebige BYD LFP-Batterie. ABS f\u00fcr sicheres Fahren.\",\"breadcrumb\":{\"@id\":\"https:\\\/\\\/epiqs.ch\\\/de\\\/produit\\\/elektrischer-roller-nerva-exe-copie\\\/#breadcrumb\"},\"inLanguage\":\"de\",\"potentialAction\":[{\"@type\":\"ReadAction\",\"target\":[\"https:\\\/\\\/epiqs.ch\\\/de\\\/produit\\\/elektrischer-roller-nerva-exe-copie\\\/\"]}]},{\"@type\":\"ImageObject\",\"inLanguage\":\"de\",\"@id\":\"https:\\\/\\\/epiqs.ch\\\/de\\\/produit\\\/elektrischer-roller-nerva-exe-copie\\\/#primaryimage\",\"url\":\"https:\\\/\\\/epiqs.ch\\\/wp-content\\\/uploads\\\/2025\\\/08\\\/Nerva-EXE-II_EPIQS-SA_1-2.png\",\"contentUrl\":\"https:\\\/\\\/epiqs.ch\\\/wp-content\\\/uploads\\\/2025\\\/08\\\/Nerva-EXE-II_EPIQS-SA_1-2.png\",\"width\":1266,\"height\":1266,\"caption\":\"Elektrischer Roller Nerva EXE II - EPIQS SA\"},{\"@type\":\"BreadcrumbList\",\"@id\":\"https:\\\/\\\/epiqs.ch\\\/de\\\/produit\\\/elektrischer-roller-nerva-exe-copie\\\/#breadcrumb\",\"itemListElement\":[{\"@type\":\"ListItem\",\"position\":1,\"name\":\"Accueil\",\"item\":\"https:\\\/\\\/epiqs.ch\\\/de\\\/\"},{\"@type\":\"ListItem\",\"position\":2,\"name\":\"Shop\",\"item\":\"https:\\\/\\\/epiqs.ch\\\/de\\\/shop\\\/\"},{\"@type\":\"ListItem\",\"position\":3,\"name\":\"Elektrischer Roller &#8211; Nerva EXE II\"}]},{\"@type\":\"WebSite\",\"@id\":\"https:\\\/\\\/epiqs.ch\\\/#website\",\"url\":\"https:\\\/\\\/epiqs.ch\\\/\",\"name\":\"EPIQS SA\",\"description\":\"Vente de scooters \u00e9lectriques\",\"publisher\":{\"@id\":\"https:\\\/\\\/epiqs.ch\\\/#organization\"},\"alternateName\":\"EPIQS\",\"potentialAction\":[{\"@type\":\"SearchAction\",\"target\":{\"@type\":\"EntryPoint\",\"urlTemplate\":\"https:\\\/\\\/epiqs.ch\\\/?s={search_term_string}\"},\"query-input\":{\"@type\":\"PropertyValueSpecification\",\"valueRequired\":true,\"valueName\":\"search_term_string\"}}],\"inLanguage\":\"de\"},{\"@type\":\"Organization\",\"@id\":\"https:\\\/\\\/epiqs.ch\\\/#organization\",\"name\":\"EPIQS SA\",\"alternateName\":\"EPIQS\",\"url\":\"https:\\\/\\\/epiqs.ch\\\/\",\"logo\":{\"@type\":\"ImageObject\",\"inLanguage\":\"de\",\"@id\":\"https:\\\/\\\/epiqs.ch\\\/#\\\/schema\\\/logo\\\/image\\\/\",\"url\":\"https:\\\/\\\/epiqs.ch\\\/wp-content\\\/uploads\\\/2021\\\/03\\\/logo.svg\",\"contentUrl\":\"https:\\\/\\\/epiqs.ch\\\/wp-content\\\/uploads\\\/2021\\\/03\\\/logo.svg\",\"width\":399.77,\"height\":161.68,\"caption\":\"EPIQS SA\"},\"image\":{\"@id\":\"https:\\\/\\\/epiqs.ch\\\/#\\\/schema\\\/logo\\\/image\\\/\"},\"sameAs\":[\"https:\\\/\\\/www.facebook.com\\\/EPIQSSA\"]}]}<\/script>\n<!-- \/ Yoast SEO plugin. -->","yoast_head_json":{"title":"Elektrischer Roller - Nerva EXE II - EPIQS SA","description":"Nerva EXE II: Leistungsstarker und moderner Elektroroller mit einer Geschwindigkeit von bis zu 130 km\/h und einer Reichweite von 180 km. Extrem langlebige BYD LFP-Batterie. ABS f\u00fcr sicheres Fahren.","robots":{"index":"index","follow":"follow","max-snippet":"max-snippet:-1","max-image-preview":"max-image-preview:large","max-video-preview":"max-video-preview:-1"},"canonical":"https:\/\/epiqs.ch\/de\/produit\/elektrischer-roller-nerva-exe-copie\/","og_locale":"de_DE","og_type":"article","og_title":"Elektrischer Roller - Nerva EXE II - EPIQS SA","og_description":"Nerva EXE II: Leistungsstarker und moderner Elektroroller mit einer Geschwindigkeit von bis zu 130 km\/h und einer Reichweite von 180 km. Extrem langlebige BYD LFP-Batterie. ABS f\u00fcr sicheres Fahren.","og_url":"https:\/\/epiqs.ch\/de\/produit\/elektrischer-roller-nerva-exe-copie\/","og_site_name":"EPIQS SA","article_publisher":"https:\/\/www.facebook.com\/EPIQSSA","article_modified_time":"2026-02-22T14:35:08+00:00","og_image":[{"width":1266,"height":1266,"url":"https:\/\/epiqs.ch\/wp-content\/uploads\/2025\/08\/Nerva-EXE-II_EPIQS-SA_1-2.png","type":"image\/png"}],"twitter_card":"summary_large_image","twitter_misc":{"Gesch\u00e4tzte Lesezeit":"3\u00a0Minuten"},"schema":{"@context":"https:\/\/schema.org","@graph":[{"@type":"WebPage","@id":"https:\/\/epiqs.ch\/de\/produit\/elektrischer-roller-nerva-exe-copie\/","url":"https:\/\/epiqs.ch\/de\/produit\/elektrischer-roller-nerva-exe-copie\/","name":"Elektrischer Roller - Nerva EXE II - EPIQS SA","isPartOf":{"@id":"https:\/\/epiqs.ch\/#website"},"primaryImageOfPage":{"@id":"https:\/\/epiqs.ch\/de\/produit\/elektrischer-roller-nerva-exe-copie\/#primaryimage"},"image":{"@id":"https:\/\/epiqs.ch\/de\/produit\/elektrischer-roller-nerva-exe-copie\/#primaryimage"},"thumbnailUrl":"https:\/\/epiqs.ch\/wp-content\/uploads\/2025\/08\/Nerva-EXE-II_EPIQS-SA_1-2.png","datePublished":"2025-08-28T21:24:03+00:00","dateModified":"2026-02-22T14:35:08+00:00","description":"Nerva EXE II: Leistungsstarker und moderner Elektroroller mit einer Geschwindigkeit von bis zu 130 km\/h und einer Reichweite von 180 km. Extrem langlebige BYD LFP-Batterie. ABS f\u00fcr sicheres Fahren.","breadcrumb":{"@id":"https:\/\/epiqs.ch\/de\/produit\/elektrischer-roller-nerva-exe-copie\/#breadcrumb"},"inLanguage":"de","potentialAction":[{"@type":"ReadAction","target":["https:\/\/epiqs.ch\/de\/produit\/elektrischer-roller-nerva-exe-copie\/"]}]},{"@type":"ImageObject","inLanguage":"de","@id":"https:\/\/epiqs.ch\/de\/produit\/elektrischer-roller-nerva-exe-copie\/#primaryimage","url":"https:\/\/epiqs.ch\/wp-content\/uploads\/2025\/08\/Nerva-EXE-II_EPIQS-SA_1-2.png","contentUrl":"https:\/\/epiqs.ch\/wp-content\/uploads\/2025\/08\/Nerva-EXE-II_EPIQS-SA_1-2.png","width":1266,"height":1266,"caption":"Elektrischer Roller Nerva EXE II - EPIQS SA"},{"@type":"BreadcrumbList","@id":"https:\/\/epiqs.ch\/de\/produit\/elektrischer-roller-nerva-exe-copie\/#breadcrumb","itemListElement":[{"@type":"ListItem","position":1,"name":"Accueil","item":"https:\/\/epiqs.ch\/de\/"},{"@type":"ListItem","position":2,"name":"Shop","item":"https:\/\/epiqs.ch\/de\/shop\/"},{"@type":"ListItem","position":3,"name":"Elektrischer Roller &#8211; Nerva EXE II"}]},{"@type":"WebSite","@id":"https:\/\/epiqs.ch\/#website","url":"https:\/\/epiqs.ch\/","name":"EPIQS SA","description":"Vente de scooters \u00e9lectriques","publisher":{"@id":"https:\/\/epiqs.ch\/#organization"},"alternateName":"EPIQS","potentialAction":[{"@type":"SearchAction","target":{"@type":"EntryPoint","urlTemplate":"https:\/\/epiqs.ch\/?s={search_term_string}"},"query-input":{"@type":"PropertyValueSpecification","valueRequired":true,"valueName":"search_term_string"}}],"inLanguage":"de"},{"@type":"Organization","@id":"https:\/\/epiqs.ch\/#organization","name":"EPIQS SA","alternateName":"EPIQS","url":"https:\/\/epiqs.ch\/","logo":{"@type":"ImageObject","inLanguage":"de","@id":"https:\/\/epiqs.ch\/#\/schema\/logo\/image\/","url":"https:\/\/epiqs.ch\/wp-content\/uploads\/2021\/03\/logo.svg","contentUrl":"https:\/\/epiqs.ch\/wp-content\/uploads\/2021\/03\/logo.svg","width":399.77,"height":161.68,"caption":"EPIQS SA"},"image":{"@id":"https:\/\/epiqs.ch\/#\/schema\/logo\/image\/"},"sameAs":["https:\/\/www.facebook.com\/EPIQSSA"]}]}},"_links":{"self":[{"href":"https:\/\/epiqs.ch\/de\/wp-json\/wp\/v2\/product\/3879","targetHints":{"allow":["GET"]}}],"collection":[{"href":"https:\/\/epiqs.ch\/de\/wp-json\/wp\/v2\/product"}],"about":[{"href":"https:\/\/epiqs.ch\/de\/wp-json\/wp\/v2\/types\/product"}],"wp:featuredmedia":[{"embeddable":true,"href":"https:\/\/epiqs.ch\/de\/wp-json\/wp\/v2\/media\/4087"}],"wp:attachment":[{"href":"https:\/\/epiqs.ch\/de\/wp-json\/wp\/v2\/media?parent=3879"}],"wp:term":[{"taxonomy":"product_brand","embeddable":true,"href":"https:\/\/epiqs.ch\/de\/wp-json\/wp\/v2\/product_brand?post=3879"},{"taxonomy":"product_cat","embeddable":true,"href":"https:\/\/epiqs.ch\/de\/wp-json\/wp\/v2\/product_cat?post=3879"},{"taxonomy":"product_tag","embeddable":true,"href":"https:\/\/epiqs.ch\/de\/wp-json\/wp\/v2\/product_tag?post=3879"}],"curies":[{"name":"wp","href":"https:\/\/api.w.org\/{rel}","templated":true}]}}