{"id":3451,"date":"2024-02-02T15:35:13","date_gmt":"2024-02-02T14:35:13","guid":{"rendered":"https:\/\/epiqs.ch\/?post_type=product&#038;p=3451"},"modified":"2024-12-01T23:00:29","modified_gmt":"2024-12-01T22:00:29","slug":"windschutzscheibe-fur-das-elektromobilmodell-robo-s-copie","status":"publish","type":"product","link":"https:\/\/epiqs.ch\/de\/produit\/windschutzscheibe-fur-das-elektromobilmodell-robo-s-copie\/","title":{"rendered":"Windschutzscheibe f\u00fcr Elektroscooter Silence"},"content":{"rendered":"<h3><strong>Windschutzscheibe f\u00fcr Silence Elektromobil-Modelle  <\/strong><\/h3>\n<p>Diese Windschutzscheibe ist ideal, um vor Wind und Regen zu sch\u00fctzen. Sie ist speziell f\u00fcr die Elektroroller-Modelle Silence <a href=\"https:\/\/epiqs.ch\/produit\/s01\/\">S01<\/a> und <a href=\"https:\/\/epiqs.ch\/produit\/silence-s01\/\">S01+<\/a> konzipiert. Sie wird anstelle der Original-Windschutzscheibe angebracht und ben\u00f6tigt keine weitere Halterung, um sie zu halten. Es ist das ideale Zubeh\u00f6r, wenn Sie das ganze Jahr \u00fcber mit Ihrem Zweirad fahren, auch bei tr\u00fcbem Wetter.<\/p>\n<p>&nbsp;<\/p>\n","protected":false},"excerpt":{"rendered":"<p>Diese Windschutzscheibe wurde speziell f\u00fcr die Elektromobil-Modelle Silence S01 und S01+ entwickelt und angepasst.<\/p>\n","protected":false},"featured_media":3453,"template":"","meta":{"_acf_changed":false},"product_brand":[],"product_cat":[78,77],"product_tag":[],"class_list":{"0":"post-3451","1":"product","2":"type-product","3":"status-publish","4":"has-post-thumbnail","6":"product_cat-lieferung-chf-9-00","7":"product_cat-zubehor","9":"first","10":"instock","11":"taxable","12":"shipping-taxable","13":"purchasable","14":"product-type-simple"},"acf":[],"yoast_head":"<!-- This site is optimized with the Yoast SEO plugin v27.6 - https:\/\/yoast.com\/product\/yoast-seo-wordpress\/ -->\n<title>Windschutzscheibe f\u00fcr Elektroscooter Silence - EPIQS SA<\/title>\n<meta name=\"description\" content=\"Windschutzscheibe f\u00fcr die Elektromobil-Modelle Silence. Ideal, um vor Wind und Regen gesch\u00fctzt zu sein und so bei jedem Wetter fahren zu k\u00f6nnen.\" \/>\n<meta name=\"robots\" content=\"index, follow, max-snippet:-1, max-image-preview:large, max-video-preview:-1\" \/>\n<link rel=\"canonical\" href=\"https:\/\/epiqs.ch\/de\/produit\/windschutzscheibe-fur-das-elektromobilmodell-robo-s-copie\/\" \/>\n<meta property=\"og:locale\" content=\"de_DE\" \/>\n<meta property=\"og:type\" content=\"article\" \/>\n<meta property=\"og:title\" content=\"Windschutzscheibe f\u00fcr Elektroscooter Silence - EPIQS SA\" \/>\n<meta property=\"og:description\" content=\"Windschutzscheibe f\u00fcr die Elektromobil-Modelle Silence. Ideal, um vor Wind und Regen gesch\u00fctzt zu sein und so bei jedem Wetter fahren zu k\u00f6nnen.\" \/>\n<meta property=\"og:url\" content=\"https:\/\/epiqs.ch\/de\/produit\/windschutzscheibe-fur-das-elektromobilmodell-robo-s-copie\/\" \/>\n<meta property=\"og:site_name\" content=\"EPIQS SA\" \/>\n<meta property=\"article:publisher\" content=\"https:\/\/www.facebook.com\/EPIQSSA\" \/>\n<meta property=\"article:modified_time\" content=\"2024-12-01T22:00:29+00:00\" \/>\n<meta property=\"og:image\" content=\"https:\/\/epiqs.ch\/wp-content\/uploads\/2024\/02\/Vitre-pare-brise-haute-S01-EPIQS-SA.jpg\" \/>\n\t<meta property=\"og:image:width\" content=\"663\" \/>\n\t<meta property=\"og:image:height\" content=\"679\" \/>\n\t<meta property=\"og:image:type\" content=\"image\/jpeg\" \/>\n<meta name=\"twitter:card\" content=\"summary_large_image\" \/>\n<script type=\"application\/ld+json\" class=\"yoast-schema-graph\">{\"@context\":\"https:\\\/\\\/schema.org\",\"@graph\":[{\"@type\":\"WebPage\",\"@id\":\"https:\\\/\\\/epiqs.ch\\\/de\\\/produit\\\/windschutzscheibe-fur-das-elektromobilmodell-robo-s-copie\\\/\",\"url\":\"https:\\\/\\\/epiqs.ch\\\/de\\\/produit\\\/windschutzscheibe-fur-das-elektromobilmodell-robo-s-copie\\\/\",\"name\":\"Windschutzscheibe f\u00fcr Elektroscooter Silence - EPIQS SA\",\"isPartOf\":{\"@id\":\"https:\\\/\\\/epiqs.ch\\\/#website\"},\"primaryImageOfPage\":{\"@id\":\"https:\\\/\\\/epiqs.ch\\\/de\\\/produit\\\/windschutzscheibe-fur-das-elektromobilmodell-robo-s-copie\\\/#primaryimage\"},\"image\":{\"@id\":\"https:\\\/\\\/epiqs.ch\\\/de\\\/produit\\\/windschutzscheibe-fur-das-elektromobilmodell-robo-s-copie\\\/#primaryimage\"},\"thumbnailUrl\":\"https:\\\/\\\/epiqs.ch\\\/wp-content\\\/uploads\\\/2024\\\/02\\\/Vitre-pare-brise-haute-S01-EPIQS-SA.jpg\",\"datePublished\":\"2024-02-02T14:35:13+00:00\",\"dateModified\":\"2024-12-01T22:00:29+00:00\",\"description\":\"Windschutzscheibe f\u00fcr die Elektromobil-Modelle Silence. Ideal, um vor Wind und Regen gesch\u00fctzt zu sein und so bei jedem Wetter fahren zu k\u00f6nnen.\",\"breadcrumb\":{\"@id\":\"https:\\\/\\\/epiqs.ch\\\/de\\\/produit\\\/windschutzscheibe-fur-das-elektromobilmodell-robo-s-copie\\\/#breadcrumb\"},\"inLanguage\":\"de\",\"potentialAction\":[{\"@type\":\"ReadAction\",\"target\":[\"https:\\\/\\\/epiqs.ch\\\/de\\\/produit\\\/windschutzscheibe-fur-das-elektromobilmodell-robo-s-copie\\\/\"]}]},{\"@type\":\"ImageObject\",\"inLanguage\":\"de\",\"@id\":\"https:\\\/\\\/epiqs.ch\\\/de\\\/produit\\\/windschutzscheibe-fur-das-elektromobilmodell-robo-s-copie\\\/#primaryimage\",\"url\":\"https:\\\/\\\/epiqs.ch\\\/wp-content\\\/uploads\\\/2024\\\/02\\\/Vitre-pare-brise-haute-S01-EPIQS-SA.jpg\",\"contentUrl\":\"https:\\\/\\\/epiqs.ch\\\/wp-content\\\/uploads\\\/2024\\\/02\\\/Vitre-pare-brise-haute-S01-EPIQS-SA.jpg\",\"width\":663,\"height\":679,\"caption\":\"Hohe Windschutzscheibe Silence S01 und S01+\"},{\"@type\":\"BreadcrumbList\",\"@id\":\"https:\\\/\\\/epiqs.ch\\\/de\\\/produit\\\/windschutzscheibe-fur-das-elektromobilmodell-robo-s-copie\\\/#breadcrumb\",\"itemListElement\":[{\"@type\":\"ListItem\",\"position\":1,\"name\":\"Accueil\",\"item\":\"https:\\\/\\\/epiqs.ch\\\/de\\\/\"},{\"@type\":\"ListItem\",\"position\":2,\"name\":\"Shop\",\"item\":\"https:\\\/\\\/epiqs.ch\\\/de\\\/shop\\\/\"},{\"@type\":\"ListItem\",\"position\":3,\"name\":\"Windschutzscheibe f\u00fcr Elektroscooter Silence\"}]},{\"@type\":\"WebSite\",\"@id\":\"https:\\\/\\\/epiqs.ch\\\/#website\",\"url\":\"https:\\\/\\\/epiqs.ch\\\/\",\"name\":\"EPIQS SA\",\"description\":\"Vente de scooters \u00e9lectriques\",\"publisher\":{\"@id\":\"https:\\\/\\\/epiqs.ch\\\/#organization\"},\"alternateName\":\"EPIQS\",\"potentialAction\":[{\"@type\":\"SearchAction\",\"target\":{\"@type\":\"EntryPoint\",\"urlTemplate\":\"https:\\\/\\\/epiqs.ch\\\/?s={search_term_string}\"},\"query-input\":{\"@type\":\"PropertyValueSpecification\",\"valueRequired\":true,\"valueName\":\"search_term_string\"}}],\"inLanguage\":\"de\"},{\"@type\":\"Organization\",\"@id\":\"https:\\\/\\\/epiqs.ch\\\/#organization\",\"name\":\"EPIQS SA\",\"alternateName\":\"EPIQS\",\"url\":\"https:\\\/\\\/epiqs.ch\\\/\",\"logo\":{\"@type\":\"ImageObject\",\"inLanguage\":\"de\",\"@id\":\"https:\\\/\\\/epiqs.ch\\\/#\\\/schema\\\/logo\\\/image\\\/\",\"url\":\"https:\\\/\\\/epiqs.ch\\\/wp-content\\\/uploads\\\/2021\\\/03\\\/logo.svg\",\"contentUrl\":\"https:\\\/\\\/epiqs.ch\\\/wp-content\\\/uploads\\\/2021\\\/03\\\/logo.svg\",\"width\":399.77,\"height\":161.68,\"caption\":\"EPIQS SA\"},\"image\":{\"@id\":\"https:\\\/\\\/epiqs.ch\\\/#\\\/schema\\\/logo\\\/image\\\/\"},\"sameAs\":[\"https:\\\/\\\/www.facebook.com\\\/EPIQSSA\"]}]}<\/script>\n<!-- \/ Yoast SEO plugin. -->","yoast_head_json":{"title":"Windschutzscheibe f\u00fcr Elektroscooter Silence - EPIQS SA","description":"Windschutzscheibe f\u00fcr die Elektromobil-Modelle Silence. Ideal, um vor Wind und Regen gesch\u00fctzt zu sein und so bei jedem Wetter fahren zu k\u00f6nnen.","robots":{"index":"index","follow":"follow","max-snippet":"max-snippet:-1","max-image-preview":"max-image-preview:large","max-video-preview":"max-video-preview:-1"},"canonical":"https:\/\/epiqs.ch\/de\/produit\/windschutzscheibe-fur-das-elektromobilmodell-robo-s-copie\/","og_locale":"de_DE","og_type":"article","og_title":"Windschutzscheibe f\u00fcr Elektroscooter Silence - EPIQS SA","og_description":"Windschutzscheibe f\u00fcr die Elektromobil-Modelle Silence. Ideal, um vor Wind und Regen gesch\u00fctzt zu sein und so bei jedem Wetter fahren zu k\u00f6nnen.","og_url":"https:\/\/epiqs.ch\/de\/produit\/windschutzscheibe-fur-das-elektromobilmodell-robo-s-copie\/","og_site_name":"EPIQS SA","article_publisher":"https:\/\/www.facebook.com\/EPIQSSA","article_modified_time":"2024-12-01T22:00:29+00:00","og_image":[{"width":663,"height":679,"url":"https:\/\/epiqs.ch\/wp-content\/uploads\/2024\/02\/Vitre-pare-brise-haute-S01-EPIQS-SA.jpg","type":"image\/jpeg"}],"twitter_card":"summary_large_image","schema":{"@context":"https:\/\/schema.org","@graph":[{"@type":"WebPage","@id":"https:\/\/epiqs.ch\/de\/produit\/windschutzscheibe-fur-das-elektromobilmodell-robo-s-copie\/","url":"https:\/\/epiqs.ch\/de\/produit\/windschutzscheibe-fur-das-elektromobilmodell-robo-s-copie\/","name":"Windschutzscheibe f\u00fcr Elektroscooter Silence - EPIQS SA","isPartOf":{"@id":"https:\/\/epiqs.ch\/#website"},"primaryImageOfPage":{"@id":"https:\/\/epiqs.ch\/de\/produit\/windschutzscheibe-fur-das-elektromobilmodell-robo-s-copie\/#primaryimage"},"image":{"@id":"https:\/\/epiqs.ch\/de\/produit\/windschutzscheibe-fur-das-elektromobilmodell-robo-s-copie\/#primaryimage"},"thumbnailUrl":"https:\/\/epiqs.ch\/wp-content\/uploads\/2024\/02\/Vitre-pare-brise-haute-S01-EPIQS-SA.jpg","datePublished":"2024-02-02T14:35:13+00:00","dateModified":"2024-12-01T22:00:29+00:00","description":"Windschutzscheibe f\u00fcr die Elektromobil-Modelle Silence. Ideal, um vor Wind und Regen gesch\u00fctzt zu sein und so bei jedem Wetter fahren zu k\u00f6nnen.","breadcrumb":{"@id":"https:\/\/epiqs.ch\/de\/produit\/windschutzscheibe-fur-das-elektromobilmodell-robo-s-copie\/#breadcrumb"},"inLanguage":"de","potentialAction":[{"@type":"ReadAction","target":["https:\/\/epiqs.ch\/de\/produit\/windschutzscheibe-fur-das-elektromobilmodell-robo-s-copie\/"]}]},{"@type":"ImageObject","inLanguage":"de","@id":"https:\/\/epiqs.ch\/de\/produit\/windschutzscheibe-fur-das-elektromobilmodell-robo-s-copie\/#primaryimage","url":"https:\/\/epiqs.ch\/wp-content\/uploads\/2024\/02\/Vitre-pare-brise-haute-S01-EPIQS-SA.jpg","contentUrl":"https:\/\/epiqs.ch\/wp-content\/uploads\/2024\/02\/Vitre-pare-brise-haute-S01-EPIQS-SA.jpg","width":663,"height":679,"caption":"Hohe Windschutzscheibe Silence S01 und S01+"},{"@type":"BreadcrumbList","@id":"https:\/\/epiqs.ch\/de\/produit\/windschutzscheibe-fur-das-elektromobilmodell-robo-s-copie\/#breadcrumb","itemListElement":[{"@type":"ListItem","position":1,"name":"Accueil","item":"https:\/\/epiqs.ch\/de\/"},{"@type":"ListItem","position":2,"name":"Shop","item":"https:\/\/epiqs.ch\/de\/shop\/"},{"@type":"ListItem","position":3,"name":"Windschutzscheibe f\u00fcr Elektroscooter Silence"}]},{"@type":"WebSite","@id":"https:\/\/epiqs.ch\/#website","url":"https:\/\/epiqs.ch\/","name":"EPIQS SA","description":"Vente de scooters \u00e9lectriques","publisher":{"@id":"https:\/\/epiqs.ch\/#organization"},"alternateName":"EPIQS","potentialAction":[{"@type":"SearchAction","target":{"@type":"EntryPoint","urlTemplate":"https:\/\/epiqs.ch\/?s={search_term_string}"},"query-input":{"@type":"PropertyValueSpecification","valueRequired":true,"valueName":"search_term_string"}}],"inLanguage":"de"},{"@type":"Organization","@id":"https:\/\/epiqs.ch\/#organization","name":"EPIQS SA","alternateName":"EPIQS","url":"https:\/\/epiqs.ch\/","logo":{"@type":"ImageObject","inLanguage":"de","@id":"https:\/\/epiqs.ch\/#\/schema\/logo\/image\/","url":"https:\/\/epiqs.ch\/wp-content\/uploads\/2021\/03\/logo.svg","contentUrl":"https:\/\/epiqs.ch\/wp-content\/uploads\/2021\/03\/logo.svg","width":399.77,"height":161.68,"caption":"EPIQS SA"},"image":{"@id":"https:\/\/epiqs.ch\/#\/schema\/logo\/image\/"},"sameAs":["https:\/\/www.facebook.com\/EPIQSSA"]}]}},"_links":{"self":[{"href":"https:\/\/epiqs.ch\/de\/wp-json\/wp\/v2\/product\/3451","targetHints":{"allow":["GET"]}}],"collection":[{"href":"https:\/\/epiqs.ch\/de\/wp-json\/wp\/v2\/product"}],"about":[{"href":"https:\/\/epiqs.ch\/de\/wp-json\/wp\/v2\/types\/product"}],"wp:featuredmedia":[{"embeddable":true,"href":"https:\/\/epiqs.ch\/de\/wp-json\/wp\/v2\/media\/3453"}],"wp:attachment":[{"href":"https:\/\/epiqs.ch\/de\/wp-json\/wp\/v2\/media?parent=3451"}],"wp:term":[{"taxonomy":"product_brand","embeddable":true,"href":"https:\/\/epiqs.ch\/de\/wp-json\/wp\/v2\/product_brand?post=3451"},{"taxonomy":"product_cat","embeddable":true,"href":"https:\/\/epiqs.ch\/de\/wp-json\/wp\/v2\/product_cat?post=3451"},{"taxonomy":"product_tag","embeddable":true,"href":"https:\/\/epiqs.ch\/de\/wp-json\/wp\/v2\/product_tag?post=3451"}],"curies":[{"name":"wp","href":"https:\/\/api.w.org\/{rel}","templated":true}]}}