{"id":3439,"date":"2024-02-02T15:11:32","date_gmt":"2024-02-02T14:11:32","guid":{"rendered":"https:\/\/epiqs.ch\/?post_type=product&#038;p=3439"},"modified":"2026-02-22T15:38:09","modified_gmt":"2026-02-22T14:38:09","slug":"aufbewahrungsbox-30-liter-copie","status":"publish","type":"product","link":"https:\/\/epiqs.ch\/de\/produit\/aufbewahrungsbox-30-liter-copie\/","title":{"rendered":"Aufbewahrungsbox &#8211; 37 Liter"},"content":{"rendered":"<h3>Aufbewahrungsbox &#8211; 37 Liter<\/h3>\n<p>Diese 37 Liter gro\u00dfe Aufbewahrungsbox ist perfekt f\u00fcr einen Integralhelm und andere Dinge. Sie ist aus hochwertigem, widerstandsf\u00e4higem Polypropylen gefertigt. Das \u00d6ffnen ist dank des Schnell\u00f6ffnungsknopfes auf Druck sehr einfach und bequem. Die Box wird mit den zur Verf\u00fcgung stehenden Schl\u00fcsseln (2) abgeschlossen. Sie l\u00e4sst sich dank der mitgelieferten Universal-Montageplatte ganz einfach an jedem Untergrund befestigen.<\/p>\n<p>Merkmale:<\/p>\n<ul>\n<li>Topcase f\u00fcr Motorrad \/ Roller<\/li>\n<li>Farbe: schwarz<\/li>\n<li>Inhalt: 37 Liter<\/li>\n<li>Kapazit\u00e4t: 1 Kopfh\u00f6rer + andere kleine Sachen<\/li>\n<li>Ma\u00dfe: 49,5 x 44 x 33 cm<\/li>\n<li>Gewicht der H\u00f6chstlast von 3 kg<\/li>\n<li>2 Schl\u00fcssel inbegriffen<\/li>\n<li>Inklusive Montageplatte<\/li>\n<li>Inklusive Befestigungssystem<\/li>\n<\/ul>\n<p>&nbsp;<\/p>\n<p>Suchen Sie eine Aufbewahrungsbox in einer anderen Gr\u00f6\u00dfe? Schauen Sie sich unsere anderen Modelle an: <\/p>\n<ul>\n<li><a href=\"https:\/\/epiqs.ch\/de\/produit\/30-liter-aufbewahrungsbox\/\">30 Liter Box<\/a>: ideal f\u00fcr einen Jethelm und\/oder ein paar Sachen<\/li>\n<li><a href=\"https:\/\/epiqs.ch\/de\/produit\/aufbewahrungsbox-37-liter-copie\/\">47 Liter Box<\/a>: ideal f\u00fcr 2 Helme<\/li>\n<\/ul>\n<p>&nbsp;<\/p>\n","protected":false},"excerpt":{"rendered":"<p>Diese 37 Liter gro\u00dfe Aufbewahrungsbox ist perfekt f\u00fcr einen Integralhelm und andere Dinge. Das \u00d6ffnen ist dank des Schnell\u00f6ffnungsknopfes auf Druck sehr einfach und bequem.<\/p>\n","protected":false},"featured_media":3932,"template":"","meta":{"_acf_changed":false},"product_brand":[],"product_cat":[78,77],"product_tag":[],"class_list":{"0":"post-3439","1":"product","2":"type-product","3":"status-publish","4":"has-post-thumbnail","6":"product_cat-lieferung-chf-9-00","7":"product_cat-zubehor","9":"first","10":"instock","11":"taxable","12":"shipping-taxable","13":"purchasable","14":"product-type-simple"},"acf":[],"yoast_head":"<!-- This site is optimized with the Yoast SEO plugin v27.3 - https:\/\/yoast.com\/product\/yoast-seo-wordpress\/ -->\n<title>Aufbewahrungsbox - 37 Liter<\/title>\n<meta name=\"description\" content=\"Diese 37 Liter fassende Aufbewahrungsbox ist perfekt, um einen Helm und andere Dinge zu verstauen. Sie l\u00e4sst sich an allen Standardhalterungen anbringen.\" \/>\n<meta name=\"robots\" content=\"index, follow, max-snippet:-1, max-image-preview:large, max-video-preview:-1\" \/>\n<link rel=\"canonical\" href=\"https:\/\/epiqs.ch\/de\/produit\/aufbewahrungsbox-30-liter-copie\/\" \/>\n<meta property=\"og:locale\" content=\"de_DE\" \/>\n<meta property=\"og:type\" content=\"article\" \/>\n<meta property=\"og:title\" content=\"Aufbewahrungsbox - 37 Liter\" \/>\n<meta property=\"og:description\" content=\"Diese 37 Liter fassende Aufbewahrungsbox ist perfekt, um einen Helm und andere Dinge zu verstauen. Sie l\u00e4sst sich an allen Standardhalterungen anbringen.\" \/>\n<meta property=\"og:url\" content=\"https:\/\/epiqs.ch\/de\/produit\/aufbewahrungsbox-30-liter-copie\/\" \/>\n<meta property=\"og:site_name\" content=\"EPIQS SA\" \/>\n<meta property=\"article:publisher\" content=\"https:\/\/www.facebook.com\/EPIQSSA\" \/>\n<meta property=\"article:modified_time\" content=\"2026-02-22T14:38:09+00:00\" \/>\n<meta property=\"og:image\" content=\"https:\/\/epiqs.ch\/wp-content\/uploads\/2024\/02\/Top-case-GIVI-37-litres-B37NT-EPIQS-SA-1.jpg\" \/>\n\t<meta property=\"og:image:width\" content=\"1000\" \/>\n\t<meta property=\"og:image:height\" content=\"1000\" \/>\n\t<meta property=\"og:image:type\" content=\"image\/jpeg\" \/>\n<meta name=\"twitter:card\" content=\"summary_large_image\" \/>\n<meta name=\"twitter:label1\" content=\"Gesch\u00e4tzte Lesezeit\" \/>\n\t<meta name=\"twitter:data1\" content=\"1\u00a0Minute\" \/>\n<script type=\"application\/ld+json\" class=\"yoast-schema-graph\">{\"@context\":\"https:\\\/\\\/schema.org\",\"@graph\":[{\"@type\":\"WebPage\",\"@id\":\"https:\\\/\\\/epiqs.ch\\\/de\\\/produit\\\/aufbewahrungsbox-30-liter-copie\\\/\",\"url\":\"https:\\\/\\\/epiqs.ch\\\/de\\\/produit\\\/aufbewahrungsbox-30-liter-copie\\\/\",\"name\":\"Aufbewahrungsbox - 37 Liter\",\"isPartOf\":{\"@id\":\"https:\\\/\\\/epiqs.ch\\\/#website\"},\"primaryImageOfPage\":{\"@id\":\"https:\\\/\\\/epiqs.ch\\\/de\\\/produit\\\/aufbewahrungsbox-30-liter-copie\\\/#primaryimage\"},\"image\":{\"@id\":\"https:\\\/\\\/epiqs.ch\\\/de\\\/produit\\\/aufbewahrungsbox-30-liter-copie\\\/#primaryimage\"},\"thumbnailUrl\":\"https:\\\/\\\/epiqs.ch\\\/wp-content\\\/uploads\\\/2024\\\/02\\\/Top-case-GIVI-37-litres-B37NT-EPIQS-SA-1.jpg\",\"datePublished\":\"2024-02-02T14:11:32+00:00\",\"dateModified\":\"2026-02-22T14:38:09+00:00\",\"description\":\"Diese 37 Liter fassende Aufbewahrungsbox ist perfekt, um einen Helm und andere Dinge zu verstauen. Sie l\u00e4sst sich an allen Standardhalterungen anbringen.\",\"breadcrumb\":{\"@id\":\"https:\\\/\\\/epiqs.ch\\\/de\\\/produit\\\/aufbewahrungsbox-30-liter-copie\\\/#breadcrumb\"},\"inLanguage\":\"de\",\"potentialAction\":[{\"@type\":\"ReadAction\",\"target\":[\"https:\\\/\\\/epiqs.ch\\\/de\\\/produit\\\/aufbewahrungsbox-30-liter-copie\\\/\"]}]},{\"@type\":\"ImageObject\",\"inLanguage\":\"de\",\"@id\":\"https:\\\/\\\/epiqs.ch\\\/de\\\/produit\\\/aufbewahrungsbox-30-liter-copie\\\/#primaryimage\",\"url\":\"https:\\\/\\\/epiqs.ch\\\/wp-content\\\/uploads\\\/2024\\\/02\\\/Top-case-GIVI-37-litres-B37NT-EPIQS-SA-1.jpg\",\"contentUrl\":\"https:\\\/\\\/epiqs.ch\\\/wp-content\\\/uploads\\\/2024\\\/02\\\/Top-case-GIVI-37-litres-B37NT-EPIQS-SA-1.jpg\",\"width\":1000,\"height\":1000,\"caption\":\"Aufbewahrungsbox 37 Liter GIVI - EPIQS SA\"},{\"@type\":\"BreadcrumbList\",\"@id\":\"https:\\\/\\\/epiqs.ch\\\/de\\\/produit\\\/aufbewahrungsbox-30-liter-copie\\\/#breadcrumb\",\"itemListElement\":[{\"@type\":\"ListItem\",\"position\":1,\"name\":\"Accueil\",\"item\":\"https:\\\/\\\/epiqs.ch\\\/de\\\/\"},{\"@type\":\"ListItem\",\"position\":2,\"name\":\"Shop\",\"item\":\"https:\\\/\\\/epiqs.ch\\\/de\\\/shop\\\/\"},{\"@type\":\"ListItem\",\"position\":3,\"name\":\"Aufbewahrungsbox &#8211; 37 Liter\"}]},{\"@type\":\"WebSite\",\"@id\":\"https:\\\/\\\/epiqs.ch\\\/#website\",\"url\":\"https:\\\/\\\/epiqs.ch\\\/\",\"name\":\"EPIQS SA\",\"description\":\"Vente de scooters \u00e9lectriques\",\"publisher\":{\"@id\":\"https:\\\/\\\/epiqs.ch\\\/#organization\"},\"alternateName\":\"EPIQS\",\"potentialAction\":[{\"@type\":\"SearchAction\",\"target\":{\"@type\":\"EntryPoint\",\"urlTemplate\":\"https:\\\/\\\/epiqs.ch\\\/?s={search_term_string}\"},\"query-input\":{\"@type\":\"PropertyValueSpecification\",\"valueRequired\":true,\"valueName\":\"search_term_string\"}}],\"inLanguage\":\"de\"},{\"@type\":\"Organization\",\"@id\":\"https:\\\/\\\/epiqs.ch\\\/#organization\",\"name\":\"EPIQS SA\",\"alternateName\":\"EPIQS\",\"url\":\"https:\\\/\\\/epiqs.ch\\\/\",\"logo\":{\"@type\":\"ImageObject\",\"inLanguage\":\"de\",\"@id\":\"https:\\\/\\\/epiqs.ch\\\/#\\\/schema\\\/logo\\\/image\\\/\",\"url\":\"https:\\\/\\\/epiqs.ch\\\/wp-content\\\/uploads\\\/2021\\\/03\\\/logo.svg\",\"contentUrl\":\"https:\\\/\\\/epiqs.ch\\\/wp-content\\\/uploads\\\/2021\\\/03\\\/logo.svg\",\"width\":399.77,\"height\":161.68,\"caption\":\"EPIQS SA\"},\"image\":{\"@id\":\"https:\\\/\\\/epiqs.ch\\\/#\\\/schema\\\/logo\\\/image\\\/\"},\"sameAs\":[\"https:\\\/\\\/www.facebook.com\\\/EPIQSSA\"]}]}<\/script>\n<!-- \/ Yoast SEO plugin. -->","yoast_head_json":{"title":"Aufbewahrungsbox - 37 Liter","description":"Diese 37 Liter fassende Aufbewahrungsbox ist perfekt, um einen Helm und andere Dinge zu verstauen. Sie l\u00e4sst sich an allen Standardhalterungen anbringen.","robots":{"index":"index","follow":"follow","max-snippet":"max-snippet:-1","max-image-preview":"max-image-preview:large","max-video-preview":"max-video-preview:-1"},"canonical":"https:\/\/epiqs.ch\/de\/produit\/aufbewahrungsbox-30-liter-copie\/","og_locale":"de_DE","og_type":"article","og_title":"Aufbewahrungsbox - 37 Liter","og_description":"Diese 37 Liter fassende Aufbewahrungsbox ist perfekt, um einen Helm und andere Dinge zu verstauen. Sie l\u00e4sst sich an allen Standardhalterungen anbringen.","og_url":"https:\/\/epiqs.ch\/de\/produit\/aufbewahrungsbox-30-liter-copie\/","og_site_name":"EPIQS SA","article_publisher":"https:\/\/www.facebook.com\/EPIQSSA","article_modified_time":"2026-02-22T14:38:09+00:00","og_image":[{"width":1000,"height":1000,"url":"https:\/\/epiqs.ch\/wp-content\/uploads\/2024\/02\/Top-case-GIVI-37-litres-B37NT-EPIQS-SA-1.jpg","type":"image\/jpeg"}],"twitter_card":"summary_large_image","twitter_misc":{"Gesch\u00e4tzte Lesezeit":"1\u00a0Minute"},"schema":{"@context":"https:\/\/schema.org","@graph":[{"@type":"WebPage","@id":"https:\/\/epiqs.ch\/de\/produit\/aufbewahrungsbox-30-liter-copie\/","url":"https:\/\/epiqs.ch\/de\/produit\/aufbewahrungsbox-30-liter-copie\/","name":"Aufbewahrungsbox - 37 Liter","isPartOf":{"@id":"https:\/\/epiqs.ch\/#website"},"primaryImageOfPage":{"@id":"https:\/\/epiqs.ch\/de\/produit\/aufbewahrungsbox-30-liter-copie\/#primaryimage"},"image":{"@id":"https:\/\/epiqs.ch\/de\/produit\/aufbewahrungsbox-30-liter-copie\/#primaryimage"},"thumbnailUrl":"https:\/\/epiqs.ch\/wp-content\/uploads\/2024\/02\/Top-case-GIVI-37-litres-B37NT-EPIQS-SA-1.jpg","datePublished":"2024-02-02T14:11:32+00:00","dateModified":"2026-02-22T14:38:09+00:00","description":"Diese 37 Liter fassende Aufbewahrungsbox ist perfekt, um einen Helm und andere Dinge zu verstauen. Sie l\u00e4sst sich an allen Standardhalterungen anbringen.","breadcrumb":{"@id":"https:\/\/epiqs.ch\/de\/produit\/aufbewahrungsbox-30-liter-copie\/#breadcrumb"},"inLanguage":"de","potentialAction":[{"@type":"ReadAction","target":["https:\/\/epiqs.ch\/de\/produit\/aufbewahrungsbox-30-liter-copie\/"]}]},{"@type":"ImageObject","inLanguage":"de","@id":"https:\/\/epiqs.ch\/de\/produit\/aufbewahrungsbox-30-liter-copie\/#primaryimage","url":"https:\/\/epiqs.ch\/wp-content\/uploads\/2024\/02\/Top-case-GIVI-37-litres-B37NT-EPIQS-SA-1.jpg","contentUrl":"https:\/\/epiqs.ch\/wp-content\/uploads\/2024\/02\/Top-case-GIVI-37-litres-B37NT-EPIQS-SA-1.jpg","width":1000,"height":1000,"caption":"Aufbewahrungsbox 37 Liter GIVI - EPIQS SA"},{"@type":"BreadcrumbList","@id":"https:\/\/epiqs.ch\/de\/produit\/aufbewahrungsbox-30-liter-copie\/#breadcrumb","itemListElement":[{"@type":"ListItem","position":1,"name":"Accueil","item":"https:\/\/epiqs.ch\/de\/"},{"@type":"ListItem","position":2,"name":"Shop","item":"https:\/\/epiqs.ch\/de\/shop\/"},{"@type":"ListItem","position":3,"name":"Aufbewahrungsbox &#8211; 37 Liter"}]},{"@type":"WebSite","@id":"https:\/\/epiqs.ch\/#website","url":"https:\/\/epiqs.ch\/","name":"EPIQS SA","description":"Vente de scooters \u00e9lectriques","publisher":{"@id":"https:\/\/epiqs.ch\/#organization"},"alternateName":"EPIQS","potentialAction":[{"@type":"SearchAction","target":{"@type":"EntryPoint","urlTemplate":"https:\/\/epiqs.ch\/?s={search_term_string}"},"query-input":{"@type":"PropertyValueSpecification","valueRequired":true,"valueName":"search_term_string"}}],"inLanguage":"de"},{"@type":"Organization","@id":"https:\/\/epiqs.ch\/#organization","name":"EPIQS SA","alternateName":"EPIQS","url":"https:\/\/epiqs.ch\/","logo":{"@type":"ImageObject","inLanguage":"de","@id":"https:\/\/epiqs.ch\/#\/schema\/logo\/image\/","url":"https:\/\/epiqs.ch\/wp-content\/uploads\/2021\/03\/logo.svg","contentUrl":"https:\/\/epiqs.ch\/wp-content\/uploads\/2021\/03\/logo.svg","width":399.77,"height":161.68,"caption":"EPIQS SA"},"image":{"@id":"https:\/\/epiqs.ch\/#\/schema\/logo\/image\/"},"sameAs":["https:\/\/www.facebook.com\/EPIQSSA"]}]}},"_links":{"self":[{"href":"https:\/\/epiqs.ch\/de\/wp-json\/wp\/v2\/product\/3439","targetHints":{"allow":["GET"]}}],"collection":[{"href":"https:\/\/epiqs.ch\/de\/wp-json\/wp\/v2\/product"}],"about":[{"href":"https:\/\/epiqs.ch\/de\/wp-json\/wp\/v2\/types\/product"}],"wp:featuredmedia":[{"embeddable":true,"href":"https:\/\/epiqs.ch\/de\/wp-json\/wp\/v2\/media\/3932"}],"wp:attachment":[{"href":"https:\/\/epiqs.ch\/de\/wp-json\/wp\/v2\/media?parent=3439"}],"wp:term":[{"taxonomy":"product_brand","embeddable":true,"href":"https:\/\/epiqs.ch\/de\/wp-json\/wp\/v2\/product_brand?post=3439"},{"taxonomy":"product_cat","embeddable":true,"href":"https:\/\/epiqs.ch\/de\/wp-json\/wp\/v2\/product_cat?post=3439"},{"taxonomy":"product_tag","embeddable":true,"href":"https:\/\/epiqs.ch\/de\/wp-json\/wp\/v2\/product_tag?post=3439"}],"curies":[{"name":"wp","href":"https:\/\/api.w.org\/{rel}","templated":true}]}}