{"id":3286,"date":"2023-08-20T18:15:59","date_gmt":"2023-08-20T16:15:59","guid":{"rendered":"https:\/\/epiqs.ch\/?post_type=product&#038;p=3286"},"modified":"2026-02-22T15:46:20","modified_gmt":"2026-02-22T14:46:20","slug":"stille-s01","status":"publish","type":"product","link":"https:\/\/epiqs.ch\/de\/produit\/stille-s01\/","title":{"rendered":"Elektrischer Roller &#8211; Silence S01+"},"content":{"rendered":"<h3><strong>Silence S01+: die &#8222;Plus&#8220;-Version des ikonischen S01<\/strong><\/h3>\n<p>Der Silence S01+ ist die leistungsst\u00e4rkste und ausgereifteste Version des beliebten <a href=\"https:\/\/epiqs.ch\/de\/produit\/s01\/\">Silence S01<\/a>. Er wurde f\u00fcr anspruchsvolle Fahrer entwickelt und kombiniert eine beeindruckende Beschleunigung, eine Boost-Geschwindigkeit von <strong>110 km\/h<\/strong> und eine robuste Verarbeitungsqualit\u00e4t. Mit seinem <strong>7.500 W<\/strong> Motor (bis zu 11.000 W Spitzenleistung) bietet er ein dynamisches, fl\u00fcssiges und kontrolliertes Fahrverhalten, selbst bei hohen Geschwindigkeiten.  <\/p>\n<p>Dank seines Hochleistungsmotors garantiert der S01+ ein schnelles Anfahren, eine effiziente Beschleunigung und eine ruhige Fahrt ohne Vibrationen und Ger\u00e4usche. Mit seinen gro\u00dfen R\u00e4dern und den einstellbaren Sto\u00dfd\u00e4mpfern federt er Unebenheiten auf der Stra\u00dfe gut ab. Dank seines niedrigen Schwerpunkts ist er auch sehr wendig. Mit seinem angenehmen Fahrverhalten ist er ein idealer Elektroroller f\u00fcr regelm\u00e4\u00dfige Fahrten zur Arbeit, aber auch f\u00fcr l\u00e4ngere Fahrten. Er eignet sich perfekt f\u00fcr Nutzer, die ein Fahrzeug f\u00fcr den t\u00e4glichen Gebrauch suchen.    <\/p>\n<p>&nbsp;<\/p>\n<h3><strong>Verbesserte Autonomie und herausnehmbarer Akku auf R\u00e4dern<\/strong><\/h3>\n<p>Der Silence S01+ ist mit einem herausnehmbaren Hochleistungsakku ausgestattet, der eine l\u00e4ngere Laufzeit als der Standard S01 bietet. Das einzigartige System der <strong>Batterie auf Rollen<\/strong> erm\u00f6glicht eine einfache und m\u00fchelose Entnahme. Der Akku kann wie ein Rollkoffer transportiert und an jeder 220 V Steckdose aufgeladen werden. Eine ideale L\u00f6sung f\u00fcr Nutzer ohne Garage oder Ladestation.  <\/p>\n<p>&nbsp;<\/p>\n<h3><strong>Ein langlebiger und zuverl\u00e4ssiger Roller<\/strong><\/h3>\n<p>Der S01+ wurde aus hochwertigen und robusten Materialien hergestellt und ist auf Langlebigkeit ausgelegt. Sein durchdachtes Design und die bew\u00e4hrte Technologie machen ihn zu einer zuverl\u00e4ssigen Wahl f\u00fcr Nutzer, die einen leistungsstarken und langlebigen Elektroroller suchen. <\/p>\n<p>Der S01+ zeichnet sich auch durch sein markenspezifisches Design mit seiner schlanken und l\u00e4nglichen Silhouette aus. Er beh\u00e4lt die starke visuelle Identit\u00e4t der Marke Silence bei und unterstreicht in seiner mattgrauen Farbe seinen Status als Premiumversion. <\/p>\n<p>Der Silence S01+ ist ausgestattet mit :<\/p>\n<ul>\n<li>CBS-Bremsen f\u00fcr einen k\u00fcrzeren Bremsweg<\/li>\n<li>Leistungsstarke LED-Scheinwerfer f\u00fcr optimale Sicht<\/li>\n<li>Ein stabiles und komfortables Fahrgestell<\/li>\n<li>Platz unter dem Sattel f\u00fcr zwei Helme oder pers\u00f6nliche Gegenst\u00e4nde<\/li>\n<\/ul>\n<p>Ein Roller, der f\u00fcr den t\u00e4glichen Gebrauch gedacht ist.<\/p>\n<p>&nbsp;<\/p>\n<p><strong>St\u00e4rken des Silence S01+<\/strong><\/p>\n<ul>\n<li>Leistungsstarker 7.500 W Motor (11.000 W Spitzenleistung)<\/li>\n<li>H\u00f6chstgeschwindigkeit 110 km\/h<\/li>\n<li>Fl\u00fcssige und leise Beschleunigung<\/li>\n<li>Abnehmbare Batterie auf R\u00e4dern, leicht zu transportieren<\/li>\n<li>Gro\u00dfer Kofferraum unter dem Sattel: 2 Helme<\/li>\n<\/ul>\n<p>&nbsp;<\/p>\n","protected":false},"excerpt":{"rendered":"<p>Der Elektroroller Silence S01+ ist die leistungsst\u00e4rkere Version des Silence S01. Nahezu identisch, bietet er einen Motor mit 7 500 Watt und bis zu 11 000 Watt Maximalleistung. Damit kann er eine Geschwindigkeit von 110 km\/h erreichen und in weniger als 3 Sekunden auf 50 km\/h beschleunigen!<\/p>\n","protected":false},"featured_media":3302,"template":"","meta":{"_acf_changed":false},"product_brand":[],"product_cat":[88],"product_tag":[],"class_list":{"0":"post-3286","1":"product","2":"type-product","3":"status-publish","4":"has-post-thumbnail","6":"product_cat-elektroroller","7":"pa_couleur-grau","9":"first","10":"instock","11":"taxable","12":"shipping-taxable","13":"purchasable","14":"product-type-simple"},"acf":[],"yoast_head":"<!-- This site is optimized with the Yoast SEO plugin v27.3 - https:\/\/yoast.com\/product\/yoast-seo-wordpress\/ -->\n<title>Elektrischer Roller - Silence S01+ - EPIQS SA<\/title>\n<meta name=\"description\" content=\"Silence S01+: 110 km\/h, 11 kW Spitzenmotor und abnehmbare Batterie auf R\u00e4dern. Leistungsstark, praktisch und ideal f\u00fcr die Mobilit\u00e4t in der Stadt.\" \/>\n<meta name=\"robots\" content=\"index, follow, max-snippet:-1, max-image-preview:large, max-video-preview:-1\" \/>\n<link rel=\"canonical\" href=\"https:\/\/epiqs.ch\/de\/produit\/stille-s01\/\" \/>\n<meta property=\"og:locale\" content=\"de_DE\" \/>\n<meta property=\"og:type\" content=\"article\" \/>\n<meta property=\"og:title\" content=\"Elektrischer Roller - Silence S01+ - EPIQS SA\" \/>\n<meta property=\"og:description\" content=\"Silence S01+: 110 km\/h, 11 kW Spitzenmotor und abnehmbare Batterie auf R\u00e4dern. Leistungsstark, praktisch und ideal f\u00fcr die Mobilit\u00e4t in der Stadt.\" \/>\n<meta property=\"og:url\" content=\"https:\/\/epiqs.ch\/de\/produit\/stille-s01\/\" \/>\n<meta property=\"og:site_name\" content=\"EPIQS SA\" \/>\n<meta property=\"article:publisher\" content=\"https:\/\/www.facebook.com\/EPIQSSA\" \/>\n<meta property=\"article:modified_time\" content=\"2026-02-22T14:46:20+00:00\" \/>\n<meta property=\"og:image\" content=\"https:\/\/epiqs.ch\/wp-content\/uploads\/2023\/08\/Scoter-electrique-Silence-S01_Grey_EPIQS-SA_1-1.jpg\" \/>\n\t<meta property=\"og:image:width\" content=\"742\" \/>\n\t<meta property=\"og:image:height\" content=\"677\" \/>\n\t<meta property=\"og:image:type\" content=\"image\/jpeg\" \/>\n<meta name=\"twitter:card\" content=\"summary_large_image\" \/>\n<meta name=\"twitter:label1\" content=\"Gesch\u00e4tzte Lesezeit\" \/>\n\t<meta name=\"twitter:data1\" content=\"2\u00a0Minuten\" \/>\n<script type=\"application\/ld+json\" class=\"yoast-schema-graph\">{\"@context\":\"https:\\\/\\\/schema.org\",\"@graph\":[{\"@type\":\"WebPage\",\"@id\":\"https:\\\/\\\/epiqs.ch\\\/de\\\/produit\\\/stille-s01\\\/\",\"url\":\"https:\\\/\\\/epiqs.ch\\\/de\\\/produit\\\/stille-s01\\\/\",\"name\":\"Elektrischer Roller - Silence S01+ - EPIQS SA\",\"isPartOf\":{\"@id\":\"https:\\\/\\\/epiqs.ch\\\/#website\"},\"primaryImageOfPage\":{\"@id\":\"https:\\\/\\\/epiqs.ch\\\/de\\\/produit\\\/stille-s01\\\/#primaryimage\"},\"image\":{\"@id\":\"https:\\\/\\\/epiqs.ch\\\/de\\\/produit\\\/stille-s01\\\/#primaryimage\"},\"thumbnailUrl\":\"https:\\\/\\\/epiqs.ch\\\/wp-content\\\/uploads\\\/2023\\\/08\\\/Scoter-electrique-Silence-S01_Grey_EPIQS-SA_1-1.jpg\",\"datePublished\":\"2023-08-20T16:15:59+00:00\",\"dateModified\":\"2026-02-22T14:46:20+00:00\",\"description\":\"Silence S01+: 110 km\\\/h, 11 kW Spitzenmotor und abnehmbare Batterie auf R\u00e4dern. Leistungsstark, praktisch und ideal f\u00fcr die Mobilit\u00e4t in der Stadt.\",\"breadcrumb\":{\"@id\":\"https:\\\/\\\/epiqs.ch\\\/de\\\/produit\\\/stille-s01\\\/#breadcrumb\"},\"inLanguage\":\"de\",\"potentialAction\":[{\"@type\":\"ReadAction\",\"target\":[\"https:\\\/\\\/epiqs.ch\\\/de\\\/produit\\\/stille-s01\\\/\"]}]},{\"@type\":\"ImageObject\",\"inLanguage\":\"de\",\"@id\":\"https:\\\/\\\/epiqs.ch\\\/de\\\/produit\\\/stille-s01\\\/#primaryimage\",\"url\":\"https:\\\/\\\/epiqs.ch\\\/wp-content\\\/uploads\\\/2023\\\/08\\\/Scoter-electrique-Silence-S01_Grey_EPIQS-SA_1-1.jpg\",\"contentUrl\":\"https:\\\/\\\/epiqs.ch\\\/wp-content\\\/uploads\\\/2023\\\/08\\\/Scoter-electrique-Silence-S01_Grey_EPIQS-SA_1-1.jpg\",\"width\":742,\"height\":677,\"caption\":\"Elektroroller Silence S01+ - EPIQS SA\"},{\"@type\":\"BreadcrumbList\",\"@id\":\"https:\\\/\\\/epiqs.ch\\\/de\\\/produit\\\/stille-s01\\\/#breadcrumb\",\"itemListElement\":[{\"@type\":\"ListItem\",\"position\":1,\"name\":\"Accueil\",\"item\":\"https:\\\/\\\/epiqs.ch\\\/de\\\/\"},{\"@type\":\"ListItem\",\"position\":2,\"name\":\"Shop\",\"item\":\"https:\\\/\\\/epiqs.ch\\\/de\\\/shop\\\/\"},{\"@type\":\"ListItem\",\"position\":3,\"name\":\"Elektrischer Roller &#8211; Silence S01+\"}]},{\"@type\":\"WebSite\",\"@id\":\"https:\\\/\\\/epiqs.ch\\\/#website\",\"url\":\"https:\\\/\\\/epiqs.ch\\\/\",\"name\":\"EPIQS SA\",\"description\":\"Vente de scooters \u00e9lectriques\",\"publisher\":{\"@id\":\"https:\\\/\\\/epiqs.ch\\\/#organization\"},\"alternateName\":\"EPIQS\",\"potentialAction\":[{\"@type\":\"SearchAction\",\"target\":{\"@type\":\"EntryPoint\",\"urlTemplate\":\"https:\\\/\\\/epiqs.ch\\\/?s={search_term_string}\"},\"query-input\":{\"@type\":\"PropertyValueSpecification\",\"valueRequired\":true,\"valueName\":\"search_term_string\"}}],\"inLanguage\":\"de\"},{\"@type\":\"Organization\",\"@id\":\"https:\\\/\\\/epiqs.ch\\\/#organization\",\"name\":\"EPIQS SA\",\"alternateName\":\"EPIQS\",\"url\":\"https:\\\/\\\/epiqs.ch\\\/\",\"logo\":{\"@type\":\"ImageObject\",\"inLanguage\":\"de\",\"@id\":\"https:\\\/\\\/epiqs.ch\\\/#\\\/schema\\\/logo\\\/image\\\/\",\"url\":\"https:\\\/\\\/epiqs.ch\\\/wp-content\\\/uploads\\\/2021\\\/03\\\/logo.svg\",\"contentUrl\":\"https:\\\/\\\/epiqs.ch\\\/wp-content\\\/uploads\\\/2021\\\/03\\\/logo.svg\",\"width\":399.77,\"height\":161.68,\"caption\":\"EPIQS SA\"},\"image\":{\"@id\":\"https:\\\/\\\/epiqs.ch\\\/#\\\/schema\\\/logo\\\/image\\\/\"},\"sameAs\":[\"https:\\\/\\\/www.facebook.com\\\/EPIQSSA\"]}]}<\/script>\n<!-- \/ Yoast SEO plugin. -->","yoast_head_json":{"title":"Elektrischer Roller - Silence S01+ - EPIQS SA","description":"Silence S01+: 110 km\/h, 11 kW Spitzenmotor und abnehmbare Batterie auf R\u00e4dern. Leistungsstark, praktisch und ideal f\u00fcr die Mobilit\u00e4t in der Stadt.","robots":{"index":"index","follow":"follow","max-snippet":"max-snippet:-1","max-image-preview":"max-image-preview:large","max-video-preview":"max-video-preview:-1"},"canonical":"https:\/\/epiqs.ch\/de\/produit\/stille-s01\/","og_locale":"de_DE","og_type":"article","og_title":"Elektrischer Roller - Silence S01+ - EPIQS SA","og_description":"Silence S01+: 110 km\/h, 11 kW Spitzenmotor und abnehmbare Batterie auf R\u00e4dern. Leistungsstark, praktisch und ideal f\u00fcr die Mobilit\u00e4t in der Stadt.","og_url":"https:\/\/epiqs.ch\/de\/produit\/stille-s01\/","og_site_name":"EPIQS SA","article_publisher":"https:\/\/www.facebook.com\/EPIQSSA","article_modified_time":"2026-02-22T14:46:20+00:00","og_image":[{"width":742,"height":677,"url":"https:\/\/epiqs.ch\/wp-content\/uploads\/2023\/08\/Scoter-electrique-Silence-S01_Grey_EPIQS-SA_1-1.jpg","type":"image\/jpeg"}],"twitter_card":"summary_large_image","twitter_misc":{"Gesch\u00e4tzte Lesezeit":"2\u00a0Minuten"},"schema":{"@context":"https:\/\/schema.org","@graph":[{"@type":"WebPage","@id":"https:\/\/epiqs.ch\/de\/produit\/stille-s01\/","url":"https:\/\/epiqs.ch\/de\/produit\/stille-s01\/","name":"Elektrischer Roller - Silence S01+ - EPIQS SA","isPartOf":{"@id":"https:\/\/epiqs.ch\/#website"},"primaryImageOfPage":{"@id":"https:\/\/epiqs.ch\/de\/produit\/stille-s01\/#primaryimage"},"image":{"@id":"https:\/\/epiqs.ch\/de\/produit\/stille-s01\/#primaryimage"},"thumbnailUrl":"https:\/\/epiqs.ch\/wp-content\/uploads\/2023\/08\/Scoter-electrique-Silence-S01_Grey_EPIQS-SA_1-1.jpg","datePublished":"2023-08-20T16:15:59+00:00","dateModified":"2026-02-22T14:46:20+00:00","description":"Silence S01+: 110 km\/h, 11 kW Spitzenmotor und abnehmbare Batterie auf R\u00e4dern. Leistungsstark, praktisch und ideal f\u00fcr die Mobilit\u00e4t in der Stadt.","breadcrumb":{"@id":"https:\/\/epiqs.ch\/de\/produit\/stille-s01\/#breadcrumb"},"inLanguage":"de","potentialAction":[{"@type":"ReadAction","target":["https:\/\/epiqs.ch\/de\/produit\/stille-s01\/"]}]},{"@type":"ImageObject","inLanguage":"de","@id":"https:\/\/epiqs.ch\/de\/produit\/stille-s01\/#primaryimage","url":"https:\/\/epiqs.ch\/wp-content\/uploads\/2023\/08\/Scoter-electrique-Silence-S01_Grey_EPIQS-SA_1-1.jpg","contentUrl":"https:\/\/epiqs.ch\/wp-content\/uploads\/2023\/08\/Scoter-electrique-Silence-S01_Grey_EPIQS-SA_1-1.jpg","width":742,"height":677,"caption":"Elektroroller Silence S01+ - EPIQS SA"},{"@type":"BreadcrumbList","@id":"https:\/\/epiqs.ch\/de\/produit\/stille-s01\/#breadcrumb","itemListElement":[{"@type":"ListItem","position":1,"name":"Accueil","item":"https:\/\/epiqs.ch\/de\/"},{"@type":"ListItem","position":2,"name":"Shop","item":"https:\/\/epiqs.ch\/de\/shop\/"},{"@type":"ListItem","position":3,"name":"Elektrischer Roller &#8211; Silence S01+"}]},{"@type":"WebSite","@id":"https:\/\/epiqs.ch\/#website","url":"https:\/\/epiqs.ch\/","name":"EPIQS SA","description":"Vente de scooters \u00e9lectriques","publisher":{"@id":"https:\/\/epiqs.ch\/#organization"},"alternateName":"EPIQS","potentialAction":[{"@type":"SearchAction","target":{"@type":"EntryPoint","urlTemplate":"https:\/\/epiqs.ch\/?s={search_term_string}"},"query-input":{"@type":"PropertyValueSpecification","valueRequired":true,"valueName":"search_term_string"}}],"inLanguage":"de"},{"@type":"Organization","@id":"https:\/\/epiqs.ch\/#organization","name":"EPIQS SA","alternateName":"EPIQS","url":"https:\/\/epiqs.ch\/","logo":{"@type":"ImageObject","inLanguage":"de","@id":"https:\/\/epiqs.ch\/#\/schema\/logo\/image\/","url":"https:\/\/epiqs.ch\/wp-content\/uploads\/2021\/03\/logo.svg","contentUrl":"https:\/\/epiqs.ch\/wp-content\/uploads\/2021\/03\/logo.svg","width":399.77,"height":161.68,"caption":"EPIQS SA"},"image":{"@id":"https:\/\/epiqs.ch\/#\/schema\/logo\/image\/"},"sameAs":["https:\/\/www.facebook.com\/EPIQSSA"]}]}},"_links":{"self":[{"href":"https:\/\/epiqs.ch\/de\/wp-json\/wp\/v2\/product\/3286","targetHints":{"allow":["GET"]}}],"collection":[{"href":"https:\/\/epiqs.ch\/de\/wp-json\/wp\/v2\/product"}],"about":[{"href":"https:\/\/epiqs.ch\/de\/wp-json\/wp\/v2\/types\/product"}],"wp:featuredmedia":[{"embeddable":true,"href":"https:\/\/epiqs.ch\/de\/wp-json\/wp\/v2\/media\/3302"}],"wp:attachment":[{"href":"https:\/\/epiqs.ch\/de\/wp-json\/wp\/v2\/media?parent=3286"}],"wp:term":[{"taxonomy":"product_brand","embeddable":true,"href":"https:\/\/epiqs.ch\/de\/wp-json\/wp\/v2\/product_brand?post=3286"},{"taxonomy":"product_cat","embeddable":true,"href":"https:\/\/epiqs.ch\/de\/wp-json\/wp\/v2\/product_cat?post=3286"},{"taxonomy":"product_tag","embeddable":true,"href":"https:\/\/epiqs.ch\/de\/wp-json\/wp\/v2\/product_tag?post=3286"}],"curies":[{"name":"wp","href":"https:\/\/api.w.org\/{rel}","templated":true}]}}