{"id":2968,"date":"2023-03-13T23:49:08","date_gmt":"2023-03-13T22:49:08","guid":{"rendered":"https:\/\/epiqs.ch\/?post_type=product&#038;p=2968"},"modified":"2023-03-14T00:26:45","modified_gmt":"2023-03-13T23:26:45","slug":"elektro-roller-hikerboy-brio","status":"publish","type":"product","link":"https:\/\/epiqs.ch\/de\/produit\/elektro-roller-hikerboy-brio\/","title":{"rendered":"Elektrischer Roller &#8211; Hikerboy Brio &#8211; 350 Watt"},"content":{"rendered":"<h3><strong>Hikerboy Brio &#8211; 350 Watt<\/strong><\/h3>\n<p>Das Elektrotrottinett Hikerboy Brio 350 Watt der Marke Hikerboy ist speziell f\u00fcr den Schweizer Markt konzipiert. Sie k\u00f6nnen ihn also bedenkenlos auf \u00f6ffentlichen Stra\u00dfen verwenden, da er zugelassen ist und den geltenden Vorschriften entspricht. Hikerboy ist eine Marke, die auf dem Markt f\u00fcr elektrische Tretroller f\u00fcr die Qualit\u00e4t ihrer Produkte bekannt ist. Mit diesem Brio-Modell und seinem 350-Watt-Motor werden Sie sich m\u00fchelos und schnell fortbewegen. Dieser elektrische Tretroller wird Ihr idealer Begleiter f\u00fcr alle kurzen Wege im Alltag sein. Sie l\u00e4sst sich ganz einfach in Sekundenschnelle zusammenfalten und passt in jeden Kofferraum und unter den Sitz von Z\u00fcgen.<\/p>\n<p>Entdecken Sie dieses neue Transportmittel, das ein echtes Gef\u00fchl von Freiheit vermittelt!<\/p>\n<p>Zu Ihrer Sicherheit empfehlen wir Ihnen, einen Helm zu tragen. Das <a href=\"https:\/\/epiqs.ch\/produit\/casque-velo-trottinette-avec-led\/\">folgende Modell mit eingebauten LEDs<\/a> ist perfekt geeignet.<\/p>\n<p>&nbsp;<\/p>\n<h3><strong>CHARAKTERISTIKEN DES HIKERBOY BRIO<\/strong><\/h3>\n<p>Sie ist mit einem Motor ausgestattet, der bis zu 350 Watt Maximalleistung entwickelt, sowie mit einer 36-V-Batterie mit 7,8 Ah. Das Modell Brio bietet bei einer Geschwindigkeit von 20 km\/h eine Reichweite von bis zu 30 km. Mit einem Gewicht von 13 kg geh\u00f6rt sie in die gleiche Kategorie wie ihre Konkurrentinnen. Die Reifen mit 10&#8243;-Schlauch sorgen f\u00fcr eine sehr gute Stabilit\u00e4t.<\/p>\n<p>Das Modell Brio ist vorne mit einer Trommelbremse und hinten mit einer Scheibenbremse ausgestattet. Mit dem Frontscheinwerfer k\u00f6nnen Sie auch bei Nacht fahren.<\/p>\n<p>&nbsp;<\/p>\n<h3><strong>GUT ZU WISSEN: ELEKTROROLLER UND STRASSENVERKEHRSORDNUNG<\/strong><\/h3>\n<p>Alle auf unserer Website verkauften Artikel sind CE-zertifiziert. F\u00fcr elektrische Tretroller sind zum Beispiel Vorder- und Hinterradbremsen, eine Hupe (Klingel) sowie Vorder- und R\u00fccklichter vorgeschrieben. Die zul\u00e4ssige H\u00f6chstgeschwindigkeit betr\u00e4gt 20 km\/h. Das Mindestalter betr\u00e4gt 14 Jahre (14-16 Jahre F\u00fchrerschein Kat. M, +16 Jahre kein F\u00fchrerschein). Elektroroller unterliegen denselben Stra\u00dfenverkehrsregeln wie Fahrr\u00e4der: Die Benutzung von Radstreifen und Radwegen ist obligatorisch, sofern vorhanden. Das Tragen eines Helms ist nicht obligatorisch, wird aber dringend empfohlen.<\/p>\n","protected":false},"excerpt":{"rendered":"<h3><strong>Elektrischer Roller &#8211; Hikerboy &#8211; 350 Watt<\/strong><\/h3>\n<p>Der Elektro-Scooter Hikeryboy Brio 350 Watt mit Schweizer Zulassung wird Ihr neuer Verb\u00fcndeter sein, um sich fl\u00fcssig durch die Stadt zu bewegen und Staus zu vermeiden.<\/p>\n","protected":false},"featured_media":2970,"template":"","meta":{"_acf_changed":false},"product_brand":[],"product_cat":[90,89],"product_tag":[],"class_list":{"0":"post-2968","1":"product","2":"type-product","3":"status-publish","4":"has-post-thumbnail","6":"product_cat-e-scooter","7":"product_cat-lieferung-chf-30-00","9":"first","10":"instock","11":"taxable","12":"shipping-taxable","13":"purchasable","14":"product-type-simple"},"acf":[],"yoast_head":"<!-- This site is optimized with the Yoast SEO plugin v27.3 - https:\/\/yoast.com\/product\/yoast-seo-wordpress\/ -->\n<title>Elektrischer Roller - Hikerboy Brio - 350 Watt - EPIQS SA<\/title>\n<meta name=\"description\" content=\"Der Hikeryboy Brio 350 Watt Elektro-Scooter mit Schweizer Zulassung wird Ihr neuer Verb\u00fcndeter sein, um sich in der Stadt fortzubewegen und Staus zu vermeiden.\" \/>\n<meta name=\"robots\" content=\"index, follow, max-snippet:-1, max-image-preview:large, max-video-preview:-1\" \/>\n<link rel=\"canonical\" href=\"https:\/\/epiqs.ch\/de\/produit\/elektro-roller-hikerboy-brio\/\" \/>\n<meta property=\"og:locale\" content=\"de_DE\" \/>\n<meta property=\"og:type\" content=\"article\" \/>\n<meta property=\"og:title\" content=\"Elektrischer Roller - Hikerboy Brio - 350 Watt - EPIQS SA\" \/>\n<meta property=\"og:description\" content=\"Der Hikeryboy Brio 350 Watt Elektro-Scooter mit Schweizer Zulassung wird Ihr neuer Verb\u00fcndeter sein, um sich in der Stadt fortzubewegen und Staus zu vermeiden.\" \/>\n<meta property=\"og:url\" content=\"https:\/\/epiqs.ch\/de\/produit\/elektro-roller-hikerboy-brio\/\" \/>\n<meta property=\"og:site_name\" content=\"EPIQS SA\" \/>\n<meta property=\"article:publisher\" content=\"https:\/\/www.facebook.com\/EPIQSSA\" \/>\n<meta property=\"article:modified_time\" content=\"2023-03-13T23:26:45+00:00\" \/>\n<meta property=\"og:image\" content=\"https:\/\/epiqs.ch\/wp-content\/uploads\/2023\/03\/Trottinette-electrique-Hikerboy-Brio-350-watts_EPIQS-SA_1.jpg\" \/>\n\t<meta property=\"og:image:width\" content=\"882\" \/>\n\t<meta property=\"og:image:height\" content=\"688\" \/>\n\t<meta property=\"og:image:type\" content=\"image\/jpeg\" \/>\n<meta name=\"twitter:card\" content=\"summary_large_image\" \/>\n<meta name=\"twitter:label1\" content=\"Gesch\u00e4tzte Lesezeit\" \/>\n\t<meta name=\"twitter:data1\" content=\"2\u00a0Minuten\" \/>\n<script type=\"application\/ld+json\" class=\"yoast-schema-graph\">{\"@context\":\"https:\\\/\\\/schema.org\",\"@graph\":[{\"@type\":\"WebPage\",\"@id\":\"https:\\\/\\\/epiqs.ch\\\/de\\\/produit\\\/elektro-roller-hikerboy-brio\\\/\",\"url\":\"https:\\\/\\\/epiqs.ch\\\/de\\\/produit\\\/elektro-roller-hikerboy-brio\\\/\",\"name\":\"Elektrischer Roller - Hikerboy Brio - 350 Watt - EPIQS SA\",\"isPartOf\":{\"@id\":\"https:\\\/\\\/epiqs.ch\\\/#website\"},\"primaryImageOfPage\":{\"@id\":\"https:\\\/\\\/epiqs.ch\\\/de\\\/produit\\\/elektro-roller-hikerboy-brio\\\/#primaryimage\"},\"image\":{\"@id\":\"https:\\\/\\\/epiqs.ch\\\/de\\\/produit\\\/elektro-roller-hikerboy-brio\\\/#primaryimage\"},\"thumbnailUrl\":\"https:\\\/\\\/epiqs.ch\\\/wp-content\\\/uploads\\\/2023\\\/03\\\/Trottinette-electrique-Hikerboy-Brio-350-watts_EPIQS-SA_1.jpg\",\"datePublished\":\"2023-03-13T22:49:08+00:00\",\"dateModified\":\"2023-03-13T23:26:45+00:00\",\"description\":\"Der Hikeryboy Brio 350 Watt Elektro-Scooter mit Schweizer Zulassung wird Ihr neuer Verb\u00fcndeter sein, um sich in der Stadt fortzubewegen und Staus zu vermeiden.\",\"breadcrumb\":{\"@id\":\"https:\\\/\\\/epiqs.ch\\\/de\\\/produit\\\/elektro-roller-hikerboy-brio\\\/#breadcrumb\"},\"inLanguage\":\"de\",\"potentialAction\":[{\"@type\":\"ReadAction\",\"target\":[\"https:\\\/\\\/epiqs.ch\\\/de\\\/produit\\\/elektro-roller-hikerboy-brio\\\/\"]}]},{\"@type\":\"ImageObject\",\"inLanguage\":\"de\",\"@id\":\"https:\\\/\\\/epiqs.ch\\\/de\\\/produit\\\/elektro-roller-hikerboy-brio\\\/#primaryimage\",\"url\":\"https:\\\/\\\/epiqs.ch\\\/wp-content\\\/uploads\\\/2023\\\/03\\\/Trottinette-electrique-Hikerboy-Brio-350-watts_EPIQS-SA_1.jpg\",\"contentUrl\":\"https:\\\/\\\/epiqs.ch\\\/wp-content\\\/uploads\\\/2023\\\/03\\\/Trottinette-electrique-Hikerboy-Brio-350-watts_EPIQS-SA_1.jpg\",\"width\":882,\"height\":688,\"caption\":\"Elektrischer Roller Hikerboy Brio - 350 Watt\"},{\"@type\":\"BreadcrumbList\",\"@id\":\"https:\\\/\\\/epiqs.ch\\\/de\\\/produit\\\/elektro-roller-hikerboy-brio\\\/#breadcrumb\",\"itemListElement\":[{\"@type\":\"ListItem\",\"position\":1,\"name\":\"Accueil\",\"item\":\"https:\\\/\\\/epiqs.ch\\\/de\\\/\"},{\"@type\":\"ListItem\",\"position\":2,\"name\":\"Shop\",\"item\":\"https:\\\/\\\/epiqs.ch\\\/de\\\/shop\\\/\"},{\"@type\":\"ListItem\",\"position\":3,\"name\":\"Elektrischer Roller &#8211; Hikerboy Brio &#8211; 350 Watt\"}]},{\"@type\":\"WebSite\",\"@id\":\"https:\\\/\\\/epiqs.ch\\\/#website\",\"url\":\"https:\\\/\\\/epiqs.ch\\\/\",\"name\":\"EPIQS SA\",\"description\":\"Vente de scooters \u00e9lectriques\",\"publisher\":{\"@id\":\"https:\\\/\\\/epiqs.ch\\\/#organization\"},\"alternateName\":\"EPIQS\",\"potentialAction\":[{\"@type\":\"SearchAction\",\"target\":{\"@type\":\"EntryPoint\",\"urlTemplate\":\"https:\\\/\\\/epiqs.ch\\\/?s={search_term_string}\"},\"query-input\":{\"@type\":\"PropertyValueSpecification\",\"valueRequired\":true,\"valueName\":\"search_term_string\"}}],\"inLanguage\":\"de\"},{\"@type\":\"Organization\",\"@id\":\"https:\\\/\\\/epiqs.ch\\\/#organization\",\"name\":\"EPIQS SA\",\"alternateName\":\"EPIQS\",\"url\":\"https:\\\/\\\/epiqs.ch\\\/\",\"logo\":{\"@type\":\"ImageObject\",\"inLanguage\":\"de\",\"@id\":\"https:\\\/\\\/epiqs.ch\\\/#\\\/schema\\\/logo\\\/image\\\/\",\"url\":\"https:\\\/\\\/epiqs.ch\\\/wp-content\\\/uploads\\\/2021\\\/03\\\/logo.svg\",\"contentUrl\":\"https:\\\/\\\/epiqs.ch\\\/wp-content\\\/uploads\\\/2021\\\/03\\\/logo.svg\",\"width\":399.77,\"height\":161.68,\"caption\":\"EPIQS SA\"},\"image\":{\"@id\":\"https:\\\/\\\/epiqs.ch\\\/#\\\/schema\\\/logo\\\/image\\\/\"},\"sameAs\":[\"https:\\\/\\\/www.facebook.com\\\/EPIQSSA\"]}]}<\/script>\n<!-- \/ Yoast SEO plugin. -->","yoast_head_json":{"title":"Elektrischer Roller - Hikerboy Brio - 350 Watt - EPIQS SA","description":"Der Hikeryboy Brio 350 Watt Elektro-Scooter mit Schweizer Zulassung wird Ihr neuer Verb\u00fcndeter sein, um sich in der Stadt fortzubewegen und Staus zu vermeiden.","robots":{"index":"index","follow":"follow","max-snippet":"max-snippet:-1","max-image-preview":"max-image-preview:large","max-video-preview":"max-video-preview:-1"},"canonical":"https:\/\/epiqs.ch\/de\/produit\/elektro-roller-hikerboy-brio\/","og_locale":"de_DE","og_type":"article","og_title":"Elektrischer Roller - Hikerboy Brio - 350 Watt - EPIQS SA","og_description":"Der Hikeryboy Brio 350 Watt Elektro-Scooter mit Schweizer Zulassung wird Ihr neuer Verb\u00fcndeter sein, um sich in der Stadt fortzubewegen und Staus zu vermeiden.","og_url":"https:\/\/epiqs.ch\/de\/produit\/elektro-roller-hikerboy-brio\/","og_site_name":"EPIQS SA","article_publisher":"https:\/\/www.facebook.com\/EPIQSSA","article_modified_time":"2023-03-13T23:26:45+00:00","og_image":[{"width":882,"height":688,"url":"https:\/\/epiqs.ch\/wp-content\/uploads\/2023\/03\/Trottinette-electrique-Hikerboy-Brio-350-watts_EPIQS-SA_1.jpg","type":"image\/jpeg"}],"twitter_card":"summary_large_image","twitter_misc":{"Gesch\u00e4tzte Lesezeit":"2\u00a0Minuten"},"schema":{"@context":"https:\/\/schema.org","@graph":[{"@type":"WebPage","@id":"https:\/\/epiqs.ch\/de\/produit\/elektro-roller-hikerboy-brio\/","url":"https:\/\/epiqs.ch\/de\/produit\/elektro-roller-hikerboy-brio\/","name":"Elektrischer Roller - Hikerboy Brio - 350 Watt - EPIQS SA","isPartOf":{"@id":"https:\/\/epiqs.ch\/#website"},"primaryImageOfPage":{"@id":"https:\/\/epiqs.ch\/de\/produit\/elektro-roller-hikerboy-brio\/#primaryimage"},"image":{"@id":"https:\/\/epiqs.ch\/de\/produit\/elektro-roller-hikerboy-brio\/#primaryimage"},"thumbnailUrl":"https:\/\/epiqs.ch\/wp-content\/uploads\/2023\/03\/Trottinette-electrique-Hikerboy-Brio-350-watts_EPIQS-SA_1.jpg","datePublished":"2023-03-13T22:49:08+00:00","dateModified":"2023-03-13T23:26:45+00:00","description":"Der Hikeryboy Brio 350 Watt Elektro-Scooter mit Schweizer Zulassung wird Ihr neuer Verb\u00fcndeter sein, um sich in der Stadt fortzubewegen und Staus zu vermeiden.","breadcrumb":{"@id":"https:\/\/epiqs.ch\/de\/produit\/elektro-roller-hikerboy-brio\/#breadcrumb"},"inLanguage":"de","potentialAction":[{"@type":"ReadAction","target":["https:\/\/epiqs.ch\/de\/produit\/elektro-roller-hikerboy-brio\/"]}]},{"@type":"ImageObject","inLanguage":"de","@id":"https:\/\/epiqs.ch\/de\/produit\/elektro-roller-hikerboy-brio\/#primaryimage","url":"https:\/\/epiqs.ch\/wp-content\/uploads\/2023\/03\/Trottinette-electrique-Hikerboy-Brio-350-watts_EPIQS-SA_1.jpg","contentUrl":"https:\/\/epiqs.ch\/wp-content\/uploads\/2023\/03\/Trottinette-electrique-Hikerboy-Brio-350-watts_EPIQS-SA_1.jpg","width":882,"height":688,"caption":"Elektrischer Roller Hikerboy Brio - 350 Watt"},{"@type":"BreadcrumbList","@id":"https:\/\/epiqs.ch\/de\/produit\/elektro-roller-hikerboy-brio\/#breadcrumb","itemListElement":[{"@type":"ListItem","position":1,"name":"Accueil","item":"https:\/\/epiqs.ch\/de\/"},{"@type":"ListItem","position":2,"name":"Shop","item":"https:\/\/epiqs.ch\/de\/shop\/"},{"@type":"ListItem","position":3,"name":"Elektrischer Roller &#8211; Hikerboy Brio &#8211; 350 Watt"}]},{"@type":"WebSite","@id":"https:\/\/epiqs.ch\/#website","url":"https:\/\/epiqs.ch\/","name":"EPIQS SA","description":"Vente de scooters \u00e9lectriques","publisher":{"@id":"https:\/\/epiqs.ch\/#organization"},"alternateName":"EPIQS","potentialAction":[{"@type":"SearchAction","target":{"@type":"EntryPoint","urlTemplate":"https:\/\/epiqs.ch\/?s={search_term_string}"},"query-input":{"@type":"PropertyValueSpecification","valueRequired":true,"valueName":"search_term_string"}}],"inLanguage":"de"},{"@type":"Organization","@id":"https:\/\/epiqs.ch\/#organization","name":"EPIQS SA","alternateName":"EPIQS","url":"https:\/\/epiqs.ch\/","logo":{"@type":"ImageObject","inLanguage":"de","@id":"https:\/\/epiqs.ch\/#\/schema\/logo\/image\/","url":"https:\/\/epiqs.ch\/wp-content\/uploads\/2021\/03\/logo.svg","contentUrl":"https:\/\/epiqs.ch\/wp-content\/uploads\/2021\/03\/logo.svg","width":399.77,"height":161.68,"caption":"EPIQS SA"},"image":{"@id":"https:\/\/epiqs.ch\/#\/schema\/logo\/image\/"},"sameAs":["https:\/\/www.facebook.com\/EPIQSSA"]}]}},"_links":{"self":[{"href":"https:\/\/epiqs.ch\/de\/wp-json\/wp\/v2\/product\/2968","targetHints":{"allow":["GET"]}}],"collection":[{"href":"https:\/\/epiqs.ch\/de\/wp-json\/wp\/v2\/product"}],"about":[{"href":"https:\/\/epiqs.ch\/de\/wp-json\/wp\/v2\/types\/product"}],"wp:featuredmedia":[{"embeddable":true,"href":"https:\/\/epiqs.ch\/de\/wp-json\/wp\/v2\/media\/2970"}],"wp:attachment":[{"href":"https:\/\/epiqs.ch\/de\/wp-json\/wp\/v2\/media?parent=2968"}],"wp:term":[{"taxonomy":"product_brand","embeddable":true,"href":"https:\/\/epiqs.ch\/de\/wp-json\/wp\/v2\/product_brand?post=2968"},{"taxonomy":"product_cat","embeddable":true,"href":"https:\/\/epiqs.ch\/de\/wp-json\/wp\/v2\/product_cat?post=2968"},{"taxonomy":"product_tag","embeddable":true,"href":"https:\/\/epiqs.ch\/de\/wp-json\/wp\/v2\/product_tag?post=2968"}],"curies":[{"name":"wp","href":"https:\/\/api.w.org\/{rel}","templated":true}]}}