{"id":2734,"date":"2023-02-04T16:12:10","date_gmt":"2023-02-04T15:12:10","guid":{"rendered":"https:\/\/epiqs.ch\/?post_type=product&#038;p=2734"},"modified":"2026-02-22T15:47:25","modified_gmt":"2026-02-22T14:47:25","slug":"elektro-scooter-robo-s-weis","status":"publish","type":"product","link":"https:\/\/epiqs.ch\/de\/produit\/elektro-scooter-robo-s-weis\/","title":{"rendered":"Elektroroller &#8211; SUNRA ROBO-S Wei\u00df"},"content":{"rendered":"<h3><strong>Ausgezeichnetes Preis-Leistungs-Verh\u00e4ltnis<\/strong><\/h3>\n<p>Der Elektroroller SUNRA ROBO-S erreicht eine Geschwindigkeit von <strong>80 km\/h<\/strong> und bietet laut Hersteller eine gro\u00dfe Reichweite von bis zu 130 km im Sparmodus. Die Reichweite in realen Situationen liegt zwischen 70 und 100 km. Er ist sehr wendig, leicht und leise und bietet ein sehr gutes<strong> Preis-Leistungs-Verh\u00e4ltnis <\/strong>f\u00fcr ein elektrisches 125-cm3-\u00c4quivalent!<\/p>\n<p>Der ROBO-S ist das Modell des Herstellers SUNRA, einem der weltweit gr\u00f6\u00dften Produzenten von Elektrorollern.<\/p>\n<p>Der ROBO-S ist mit einem <strong>3000 Watt<\/strong> Motor ausgestattet, der im Hinterrad untergebracht ist (b\u00fcrstenlos und daher ohne Antriebsriemen). Keine Probleme mehr mit der Wartung des Motors, da es kein Benzin und kein \u00d6l mehr gibt, die die Bauteile verschmutzen und verschlei\u00dfen. Mit einem Drehmoment von 230 N.m sorgt er f\u00fcr eine kraftvolle, ruckfreie Beschleunigung und damit f\u00fcr echten Fahrspa\u00df.<\/p>\n<p>Es stehen drei Fahrmodi zur Verf\u00fcgung, mit denen die H\u00f6chstgeschwindigkeit an den Verkehr und die Situation angepasst werden kann. Er verf\u00fcgt auch \u00fcber einen R\u00fcckw\u00e4rtsgang, was beim Einparken sehr praktisch ist.<\/p>\n<p>&nbsp;<\/p>\n<h3><strong>Doppelte herausnehmbare Batterien, praktisch und handlich<\/strong><\/h3>\n<p>Er ist mit zwei herausnehmbaren Batterien ausgestattet, so dass Sie sie aus dem Roller nehmen und \u00fcberall aufladen k\u00f6nnen, wo Sie m\u00f6chten, sobald eine herk\u00f6mmliche 230-V-Wandsteckdose verf\u00fcgbar ist. Es ist auch m\u00f6glich, die Batterien aufzuladen, indem Sie das Ladeger\u00e4t direkt an den Scooter anschlie\u00dfen (ohne die Batterien herauszunehmen). Das Ladeger\u00e4t ist nat\u00fcrlich im Lieferumfang des Rollers enthalten.<\/p>\n<p>Mit den Batterien im Boden liegt der Schwerpunkt somit tiefer, was dem ROBO-S eine bessere Balance und damit eine hervorragende Stra\u00dfenlage verschafft. Der andere Vorteil ist, dass dadurch unter dem Sitz Stauraum frei wird, der f\u00fcr einen Jethelm ausreicht.<\/p>\n<p>Hydraulische Scheibenbremsen mit dem kombinierten Vorder- und Hinterradbremssystem (CBS) sorgen f\u00fcr eine stabile Bremsung \u00fcber eine k\u00fcrzere Strecke. Das Gef\u00fchl, sicher zu fahren, wird dadurch gesteigert. Die LED-Beleuchtung vorne und hinten sorgt daf\u00fcr, dass Sie in jeder Situation sehen und gesehen werden. Das Fahren bei Nacht ist somit kein Problem.<\/p>\n<p>Eine weitere Innovation in diesem Modell ist der Start per Fingerabdruck. Ein einfacher Fingerdruck gen\u00fcgt, um zu starten. Ein Schl\u00fcssel ist nat\u00fcrlich immer verf\u00fcgbar.<\/p>\n<p> Es stehen mehrere Staur\u00e4ume zur Verf\u00fcgung. In einem unter dem Sitz kann ein Helm verstaut werden. Ein Haken und zwei offene Taschen sind unter dem Lenker zug\u00e4nglich. Au\u00dferdem gibt es einen USB-Anschluss, \u00fcber den man sein Handy oder ein GPS-Ger\u00e4t aufladen kann.<\/p>\n<p>Optional kann eine passende <a href=\"https:\/\/epiqs.ch\/de\/produit\/stander-robo-lager-box-s\/\">Halterung<\/a> zur Befestigung einer <a href=\"https:\/\/epiqs.ch\/de\/produit\/30-liter-aufbewahrungsbox\/\">Aufbewahrungsbox<\/a> hinzugef\u00fcgt werden. Und wenn du dich vor Wind und Regen sch\u00fctzen m\u00f6chtest, gibt es auch eine <a href=\"https:\/\/epiqs.ch\/de\/produit\/windschutzscheibe_elektroroller-robo-s\/\">Windschutzscheibe<\/a>, die speziell f\u00fcr den ROBO-S entwickelt wurde.<\/p>\n<p>&nbsp;<\/p>\n<h3><strong>Fernsteuerung<\/strong><\/h3>\n<p>Mit der mobilen SUNRA-App haben Sie Ihren ROBO-S auch aus der Ferne unter Kontrolle. Von Ihrem Smartphone aus k\u00f6nnen Sie die Alarmanlage sperren\/entsperren, Ihren Roller ausschalten\/starten, den Start per Fingerabdruck einstellen und vieles mehr.<\/p>\n","protected":false},"excerpt":{"rendered":"<p>Der Elektroroller SUNRA ROBO-S erreicht eine Geschwindigkeit von <strong>80 km\/h<\/strong> und bietet eine gro\u00dfe Reichweite. Er ist wendig, leicht, einfach zu fahren und bietet ein sehr gutes Preis-Leistungs-Verh\u00e4ltnis f\u00fcr ein elektrisches 125-cm3-\u00c4quivalent!<\/p>\n","protected":false},"featured_media":2754,"template":"","meta":{"_acf_changed":false},"product_brand":[],"product_cat":[88],"product_tag":[],"class_list":{"0":"post-2734","1":"product","2":"type-product","3":"status-publish","4":"has-post-thumbnail","6":"product_cat-elektroroller","8":"first","9":"instock","10":"taxable","11":"shipping-taxable","12":"purchasable","13":"product-type-simple"},"acf":[],"yoast_head":"<!-- This site is optimized with the Yoast SEO plugin v27.3 - https:\/\/yoast.com\/product\/yoast-seo-wordpress\/ -->\n<title>Elektroroller - SUNRA ROBO-S Wei\u00df<\/title>\n<meta name=\"description\" content=\"Der Elektroroller SUNRA ROBO-S erreicht eine Geschwindigkeit von 80 km\/h und bietet eine gro\u00dfe Reichweite. Leicht und wendig f\u00fcr echten Fahrspa\u00df!\" \/>\n<meta name=\"robots\" content=\"index, follow, max-snippet:-1, max-image-preview:large, max-video-preview:-1\" \/>\n<link rel=\"canonical\" href=\"https:\/\/epiqs.ch\/de\/produit\/elektro-scooter-robo-s-weis\/\" \/>\n<meta property=\"og:locale\" content=\"de_DE\" \/>\n<meta property=\"og:type\" content=\"article\" \/>\n<meta property=\"og:title\" content=\"Elektroroller - SUNRA ROBO-S Wei\u00df\" \/>\n<meta property=\"og:description\" content=\"Der Elektroroller SUNRA ROBO-S erreicht eine Geschwindigkeit von 80 km\/h und bietet eine gro\u00dfe Reichweite. Leicht und wendig f\u00fcr echten Fahrspa\u00df!\" \/>\n<meta property=\"og:url\" content=\"https:\/\/epiqs.ch\/de\/produit\/elektro-scooter-robo-s-weis\/\" \/>\n<meta property=\"og:site_name\" content=\"EPIQS SA\" \/>\n<meta property=\"article:publisher\" content=\"https:\/\/www.facebook.com\/EPIQSSA\" \/>\n<meta property=\"article:modified_time\" content=\"2026-02-22T14:47:25+00:00\" \/>\n<meta property=\"og:image\" content=\"https:\/\/epiqs.ch\/wp-content\/uploads\/2023\/02\/Scooter-electrique_ROBO-S_Blanc_EPIQS-SA.jpg\" \/>\n\t<meta property=\"og:image:width\" content=\"939\" \/>\n\t<meta property=\"og:image:height\" content=\"888\" \/>\n\t<meta property=\"og:image:type\" content=\"image\/jpeg\" \/>\n<meta name=\"twitter:card\" content=\"summary_large_image\" \/>\n<meta name=\"twitter:label1\" content=\"Gesch\u00e4tzte Lesezeit\" \/>\n\t<meta name=\"twitter:data1\" content=\"2\u00a0Minuten\" \/>\n<script type=\"application\/ld+json\" class=\"yoast-schema-graph\">{\"@context\":\"https:\\\/\\\/schema.org\",\"@graph\":[{\"@type\":\"WebPage\",\"@id\":\"https:\\\/\\\/epiqs.ch\\\/de\\\/produit\\\/elektro-scooter-robo-s-weis\\\/\",\"url\":\"https:\\\/\\\/epiqs.ch\\\/de\\\/produit\\\/elektro-scooter-robo-s-weis\\\/\",\"name\":\"Elektroroller - SUNRA ROBO-S Wei\u00df\",\"isPartOf\":{\"@id\":\"https:\\\/\\\/epiqs.ch\\\/#website\"},\"primaryImageOfPage\":{\"@id\":\"https:\\\/\\\/epiqs.ch\\\/de\\\/produit\\\/elektro-scooter-robo-s-weis\\\/#primaryimage\"},\"image\":{\"@id\":\"https:\\\/\\\/epiqs.ch\\\/de\\\/produit\\\/elektro-scooter-robo-s-weis\\\/#primaryimage\"},\"thumbnailUrl\":\"https:\\\/\\\/epiqs.ch\\\/wp-content\\\/uploads\\\/2023\\\/02\\\/Scooter-electrique_ROBO-S_Blanc_EPIQS-SA.jpg\",\"datePublished\":\"2023-02-04T15:12:10+00:00\",\"dateModified\":\"2026-02-22T14:47:25+00:00\",\"description\":\"Der Elektroroller SUNRA ROBO-S erreicht eine Geschwindigkeit von 80 km\\\/h und bietet eine gro\u00dfe Reichweite. Leicht und wendig f\u00fcr echten Fahrspa\u00df!\",\"breadcrumb\":{\"@id\":\"https:\\\/\\\/epiqs.ch\\\/de\\\/produit\\\/elektro-scooter-robo-s-weis\\\/#breadcrumb\"},\"inLanguage\":\"de\",\"potentialAction\":[{\"@type\":\"ReadAction\",\"target\":[\"https:\\\/\\\/epiqs.ch\\\/de\\\/produit\\\/elektro-scooter-robo-s-weis\\\/\"]}]},{\"@type\":\"ImageObject\",\"inLanguage\":\"de\",\"@id\":\"https:\\\/\\\/epiqs.ch\\\/de\\\/produit\\\/elektro-scooter-robo-s-weis\\\/#primaryimage\",\"url\":\"https:\\\/\\\/epiqs.ch\\\/wp-content\\\/uploads\\\/2023\\\/02\\\/Scooter-electrique_ROBO-S_Blanc_EPIQS-SA.jpg\",\"contentUrl\":\"https:\\\/\\\/epiqs.ch\\\/wp-content\\\/uploads\\\/2023\\\/02\\\/Scooter-electrique_ROBO-S_Blanc_EPIQS-SA.jpg\",\"width\":939,\"height\":888,\"caption\":\"Elektrischer Roller ROBO-S wei\u00df EPIQS SA\"},{\"@type\":\"BreadcrumbList\",\"@id\":\"https:\\\/\\\/epiqs.ch\\\/de\\\/produit\\\/elektro-scooter-robo-s-weis\\\/#breadcrumb\",\"itemListElement\":[{\"@type\":\"ListItem\",\"position\":1,\"name\":\"Accueil\",\"item\":\"https:\\\/\\\/epiqs.ch\\\/de\\\/\"},{\"@type\":\"ListItem\",\"position\":2,\"name\":\"Shop\",\"item\":\"https:\\\/\\\/epiqs.ch\\\/de\\\/shop\\\/\"},{\"@type\":\"ListItem\",\"position\":3,\"name\":\"Elektroroller &#8211; SUNRA ROBO-S Wei\u00df\"}]},{\"@type\":\"WebSite\",\"@id\":\"https:\\\/\\\/epiqs.ch\\\/#website\",\"url\":\"https:\\\/\\\/epiqs.ch\\\/\",\"name\":\"EPIQS SA\",\"description\":\"Vente de scooters \u00e9lectriques\",\"publisher\":{\"@id\":\"https:\\\/\\\/epiqs.ch\\\/#organization\"},\"alternateName\":\"EPIQS\",\"potentialAction\":[{\"@type\":\"SearchAction\",\"target\":{\"@type\":\"EntryPoint\",\"urlTemplate\":\"https:\\\/\\\/epiqs.ch\\\/?s={search_term_string}\"},\"query-input\":{\"@type\":\"PropertyValueSpecification\",\"valueRequired\":true,\"valueName\":\"search_term_string\"}}],\"inLanguage\":\"de\"},{\"@type\":\"Organization\",\"@id\":\"https:\\\/\\\/epiqs.ch\\\/#organization\",\"name\":\"EPIQS SA\",\"alternateName\":\"EPIQS\",\"url\":\"https:\\\/\\\/epiqs.ch\\\/\",\"logo\":{\"@type\":\"ImageObject\",\"inLanguage\":\"de\",\"@id\":\"https:\\\/\\\/epiqs.ch\\\/#\\\/schema\\\/logo\\\/image\\\/\",\"url\":\"https:\\\/\\\/epiqs.ch\\\/wp-content\\\/uploads\\\/2021\\\/03\\\/logo.svg\",\"contentUrl\":\"https:\\\/\\\/epiqs.ch\\\/wp-content\\\/uploads\\\/2021\\\/03\\\/logo.svg\",\"width\":399.77,\"height\":161.68,\"caption\":\"EPIQS SA\"},\"image\":{\"@id\":\"https:\\\/\\\/epiqs.ch\\\/#\\\/schema\\\/logo\\\/image\\\/\"},\"sameAs\":[\"https:\\\/\\\/www.facebook.com\\\/EPIQSSA\"]}]}<\/script>\n<!-- \/ Yoast SEO plugin. -->","yoast_head_json":{"title":"Elektroroller - SUNRA ROBO-S Wei\u00df","description":"Der Elektroroller SUNRA ROBO-S erreicht eine Geschwindigkeit von 80 km\/h und bietet eine gro\u00dfe Reichweite. Leicht und wendig f\u00fcr echten Fahrspa\u00df!","robots":{"index":"index","follow":"follow","max-snippet":"max-snippet:-1","max-image-preview":"max-image-preview:large","max-video-preview":"max-video-preview:-1"},"canonical":"https:\/\/epiqs.ch\/de\/produit\/elektro-scooter-robo-s-weis\/","og_locale":"de_DE","og_type":"article","og_title":"Elektroroller - SUNRA ROBO-S Wei\u00df","og_description":"Der Elektroroller SUNRA ROBO-S erreicht eine Geschwindigkeit von 80 km\/h und bietet eine gro\u00dfe Reichweite. Leicht und wendig f\u00fcr echten Fahrspa\u00df!","og_url":"https:\/\/epiqs.ch\/de\/produit\/elektro-scooter-robo-s-weis\/","og_site_name":"EPIQS SA","article_publisher":"https:\/\/www.facebook.com\/EPIQSSA","article_modified_time":"2026-02-22T14:47:25+00:00","og_image":[{"width":939,"height":888,"url":"https:\/\/epiqs.ch\/wp-content\/uploads\/2023\/02\/Scooter-electrique_ROBO-S_Blanc_EPIQS-SA.jpg","type":"image\/jpeg"}],"twitter_card":"summary_large_image","twitter_misc":{"Gesch\u00e4tzte Lesezeit":"2\u00a0Minuten"},"schema":{"@context":"https:\/\/schema.org","@graph":[{"@type":"WebPage","@id":"https:\/\/epiqs.ch\/de\/produit\/elektro-scooter-robo-s-weis\/","url":"https:\/\/epiqs.ch\/de\/produit\/elektro-scooter-robo-s-weis\/","name":"Elektroroller - SUNRA ROBO-S Wei\u00df","isPartOf":{"@id":"https:\/\/epiqs.ch\/#website"},"primaryImageOfPage":{"@id":"https:\/\/epiqs.ch\/de\/produit\/elektro-scooter-robo-s-weis\/#primaryimage"},"image":{"@id":"https:\/\/epiqs.ch\/de\/produit\/elektro-scooter-robo-s-weis\/#primaryimage"},"thumbnailUrl":"https:\/\/epiqs.ch\/wp-content\/uploads\/2023\/02\/Scooter-electrique_ROBO-S_Blanc_EPIQS-SA.jpg","datePublished":"2023-02-04T15:12:10+00:00","dateModified":"2026-02-22T14:47:25+00:00","description":"Der Elektroroller SUNRA ROBO-S erreicht eine Geschwindigkeit von 80 km\/h und bietet eine gro\u00dfe Reichweite. Leicht und wendig f\u00fcr echten Fahrspa\u00df!","breadcrumb":{"@id":"https:\/\/epiqs.ch\/de\/produit\/elektro-scooter-robo-s-weis\/#breadcrumb"},"inLanguage":"de","potentialAction":[{"@type":"ReadAction","target":["https:\/\/epiqs.ch\/de\/produit\/elektro-scooter-robo-s-weis\/"]}]},{"@type":"ImageObject","inLanguage":"de","@id":"https:\/\/epiqs.ch\/de\/produit\/elektro-scooter-robo-s-weis\/#primaryimage","url":"https:\/\/epiqs.ch\/wp-content\/uploads\/2023\/02\/Scooter-electrique_ROBO-S_Blanc_EPIQS-SA.jpg","contentUrl":"https:\/\/epiqs.ch\/wp-content\/uploads\/2023\/02\/Scooter-electrique_ROBO-S_Blanc_EPIQS-SA.jpg","width":939,"height":888,"caption":"Elektrischer Roller ROBO-S wei\u00df EPIQS SA"},{"@type":"BreadcrumbList","@id":"https:\/\/epiqs.ch\/de\/produit\/elektro-scooter-robo-s-weis\/#breadcrumb","itemListElement":[{"@type":"ListItem","position":1,"name":"Accueil","item":"https:\/\/epiqs.ch\/de\/"},{"@type":"ListItem","position":2,"name":"Shop","item":"https:\/\/epiqs.ch\/de\/shop\/"},{"@type":"ListItem","position":3,"name":"Elektroroller &#8211; SUNRA ROBO-S Wei\u00df"}]},{"@type":"WebSite","@id":"https:\/\/epiqs.ch\/#website","url":"https:\/\/epiqs.ch\/","name":"EPIQS SA","description":"Vente de scooters \u00e9lectriques","publisher":{"@id":"https:\/\/epiqs.ch\/#organization"},"alternateName":"EPIQS","potentialAction":[{"@type":"SearchAction","target":{"@type":"EntryPoint","urlTemplate":"https:\/\/epiqs.ch\/?s={search_term_string}"},"query-input":{"@type":"PropertyValueSpecification","valueRequired":true,"valueName":"search_term_string"}}],"inLanguage":"de"},{"@type":"Organization","@id":"https:\/\/epiqs.ch\/#organization","name":"EPIQS SA","alternateName":"EPIQS","url":"https:\/\/epiqs.ch\/","logo":{"@type":"ImageObject","inLanguage":"de","@id":"https:\/\/epiqs.ch\/#\/schema\/logo\/image\/","url":"https:\/\/epiqs.ch\/wp-content\/uploads\/2021\/03\/logo.svg","contentUrl":"https:\/\/epiqs.ch\/wp-content\/uploads\/2021\/03\/logo.svg","width":399.77,"height":161.68,"caption":"EPIQS SA"},"image":{"@id":"https:\/\/epiqs.ch\/#\/schema\/logo\/image\/"},"sameAs":["https:\/\/www.facebook.com\/EPIQSSA"]}]}},"_links":{"self":[{"href":"https:\/\/epiqs.ch\/de\/wp-json\/wp\/v2\/product\/2734","targetHints":{"allow":["GET"]}}],"collection":[{"href":"https:\/\/epiqs.ch\/de\/wp-json\/wp\/v2\/product"}],"about":[{"href":"https:\/\/epiqs.ch\/de\/wp-json\/wp\/v2\/types\/product"}],"wp:featuredmedia":[{"embeddable":true,"href":"https:\/\/epiqs.ch\/de\/wp-json\/wp\/v2\/media\/2754"}],"wp:attachment":[{"href":"https:\/\/epiqs.ch\/de\/wp-json\/wp\/v2\/media?parent=2734"}],"wp:term":[{"taxonomy":"product_brand","embeddable":true,"href":"https:\/\/epiqs.ch\/de\/wp-json\/wp\/v2\/product_brand?post=2734"},{"taxonomy":"product_cat","embeddable":true,"href":"https:\/\/epiqs.ch\/de\/wp-json\/wp\/v2\/product_cat?post=2734"},{"taxonomy":"product_tag","embeddable":true,"href":"https:\/\/epiqs.ch\/de\/wp-json\/wp\/v2\/product_tag?post=2734"}],"curies":[{"name":"wp","href":"https:\/\/api.w.org\/{rel}","templated":true}]}}