{"id":2625,"date":"2022-01-03T16:02:49","date_gmt":"2022-01-03T15:02:49","guid":{"rendered":"https:\/\/epiqs.ch\/produit\/elektrofahrrad-city-e-bike-o2\/"},"modified":"2026-02-22T15:48:33","modified_gmt":"2026-02-22T14:48:33","slug":"elektro-fahrrad-city-e-bike-02","status":"publish","type":"product","link":"https:\/\/epiqs.ch\/de\/produit\/elektro-fahrrad-city-e-bike-02\/","title":{"rendered":"Elektrofahrrad &#8211; CITY E-BIKE O2"},"content":{"rendered":"<h3><strong>DAS O2, EIN LEISTUNGSSTARKES CITY E-BIKE<\/strong><\/h3>\n<p>Das City E-Bike O2 ist ein Elektrofahrrad f\u00fcr die Stadt mit einem un\u00fcbertroffenen Preis-Leistungs-Verh\u00e4ltnis! Mit einem leichten Aluminiumrahmen, einem 350-Watt-Motor in der Hinterradnabe und einem 36-Volt-Akku mit 10,4 Ah sind Sie m\u00fchelos und stilvoll unterwegs!<\/p>\n<p>Es erreicht eine Geschwindigkeit von 25 km\/h und bietet eine Reichweite von ca. 60 km, ohne dass es aufgeladen werden muss. Mit den 7 G\u00e4ngen (Shimano) k\u00f6nnen Sie Ihre Geschwindigkeit und die Intensit\u00e4t des Tretens anpassen, je nachdem, ob Sie in der Ebene, bergauf oder bergab fahren. Er kann mit oder ohne Elektromodus verwendet werden.<\/p>\n<p>Auf dem LCD-Kontrollbildschirm k\u00f6nnen Sie zwischen 5 verschiedenen St\u00e4rken der Tretunterst\u00fctzung w\u00e4hlen. Sie k\u00f6nnen auch die Geschwindigkeit, die Batterielebensdauer und die zur\u00fcckgelegte Strecke ablesen. <\/p>\n<p>Die Scheibenbremsen vorne und hinten sorgen f\u00fcr eine gute Bremsleistung und damit f\u00fcr mehr Sicherheit.<\/p>\n<p>Dank der Kotfl\u00fcgel vorne und hinten k\u00f6nnen Sie auch auf nassen Stra\u00dfen fahren und sind gleichzeitig vor Spritzwasser gesch\u00fctzt. Die Schutzbleche k\u00f6nnen, wenn gew\u00fcnscht, leicht entfernt werden.<\/p>\n<p>&nbsp;<\/p>\n<h3><strong>EIN EINZIGARTIGER LOOK<\/strong><\/h3>\n<p>Sein einzigartiges Design und die sorgf\u00e4ltige Verarbeitung verleihen ihm einen unvergleichlichen Stil, der sowohl retro als auch modern ist. Die Front- und R\u00fcckscheinwerfer sind direkt in den Aluminiumrahmen eingef\u00fcgt, was das Erscheinungsbild sehr schlicht macht. Die braune Lederoptik der Griffe und des Sattels bildet einen eleganten Kontrast zum matten Grau des Rahmens.<\/p>\n<p>&nbsp;<\/p>\n<h3><strong>EINEN AUSTAUSCHBAREN AKKU<\/strong><\/h3>\n<p>Der in den Rahmen integrierte 10,4-Ah-Akku ist herausnehmbar. Sobald sie mit dem Schl\u00fcssel entriegelt wurde, l\u00e4sst sie sich ganz einfach und m\u00fchelos herausziehen. So m\u00fcssen Sie nicht Ihr ganzes Fahrrad zum Aufladen tragen, sondern k\u00f6nnen einfach den Akku herausnehmen und bequem an einer 220-Volt-Standardsteckdose aufladen. Innerhalb von 5 bis 6 Stunden ist Ihr Akku vollst\u00e4ndig aufgeladen.<\/p>\n","protected":false},"excerpt":{"rendered":"<p>Das Modell EB-O2 ist ein City-Elektrofahrrad mit einem un\u00fcbertroffenen Preis-Leistungs-Verh\u00e4ltnis. Mit einem leichten Aluminiumrahmen, einem in die Hinterradnabe integrierten 350-Watt-Motor und einem 36-Volt-Akku mit 10,4 Ah sind Sie m\u00fchelos und stilvoll unterwegs.<\/p>\n","protected":false},"featured_media":2518,"template":"","meta":{"_acf_changed":false},"product_brand":[],"product_cat":[91,89],"product_tag":[],"class_list":{"0":"post-2625","1":"product","2":"type-product","3":"status-publish","4":"has-post-thumbnail","6":"product_cat-e-bike","7":"product_cat-lieferung-chf-30-00","9":"first","10":"instock","11":"taxable","12":"shipping-taxable","13":"purchasable","14":"product-type-simple"},"acf":[],"yoast_head":"<!-- This site is optimized with the Yoast SEO plugin v27.3 - https:\/\/yoast.com\/product\/yoast-seo-wordpress\/ -->\n<title>Elektrofahrrad - CITY E-BIKE O2<\/title>\n<meta name=\"description\" content=\"Das City E-Bike O2 ist ein Elektrofahrrad mit einem ausgezeichneten Preis-Leistungs-Verh\u00e4ltnis. Lassen Sie sich von seinem leichten Aluminiumrahmen und seinem einzigartigen Design \u00fcberzeugen!\" \/>\n<meta name=\"robots\" content=\"index, follow, max-snippet:-1, max-image-preview:large, max-video-preview:-1\" \/>\n<link rel=\"canonical\" href=\"https:\/\/epiqs.ch\/de\/produit\/elektro-fahrrad-city-e-bike-02\/\" \/>\n<meta property=\"og:locale\" content=\"de_DE\" \/>\n<meta property=\"og:type\" content=\"article\" \/>\n<meta property=\"og:title\" content=\"Elektrofahrrad - CITY E-BIKE O2\" \/>\n<meta property=\"og:description\" content=\"Das City E-Bike O2 ist ein Elektrofahrrad mit einem ausgezeichneten Preis-Leistungs-Verh\u00e4ltnis. Lassen Sie sich von seinem leichten Aluminiumrahmen und seinem einzigartigen Design \u00fcberzeugen!\" \/>\n<meta property=\"og:url\" content=\"https:\/\/epiqs.ch\/de\/produit\/elektro-fahrrad-city-e-bike-02\/\" \/>\n<meta property=\"og:site_name\" content=\"EPIQS SA\" \/>\n<meta property=\"article:publisher\" content=\"https:\/\/www.facebook.com\/EPIQSSA\" \/>\n<meta property=\"article:modified_time\" content=\"2026-02-22T14:48:33+00:00\" \/>\n<meta property=\"og:image\" content=\"https:\/\/epiqs.ch\/wp-content\/uploads\/2022\/01\/ASB-EB-02-700C-PNG-WO-Logo-2-scaled.jpg\" \/>\n\t<meta property=\"og:image:width\" content=\"2560\" \/>\n\t<meta property=\"og:image:height\" content=\"1707\" \/>\n\t<meta property=\"og:image:type\" content=\"image\/jpeg\" \/>\n<meta name=\"twitter:card\" content=\"summary_large_image\" \/>\n<meta name=\"twitter:label1\" content=\"Gesch\u00e4tzte Lesezeit\" \/>\n\t<meta name=\"twitter:data1\" content=\"2\u00a0Minuten\" \/>\n<script type=\"application\/ld+json\" class=\"yoast-schema-graph\">{\"@context\":\"https:\\\/\\\/schema.org\",\"@graph\":[{\"@type\":\"WebPage\",\"@id\":\"https:\\\/\\\/epiqs.ch\\\/de\\\/produit\\\/elektro-fahrrad-city-e-bike-02\\\/\",\"url\":\"https:\\\/\\\/epiqs.ch\\\/de\\\/produit\\\/elektro-fahrrad-city-e-bike-02\\\/\",\"name\":\"Elektrofahrrad - CITY E-BIKE O2\",\"isPartOf\":{\"@id\":\"https:\\\/\\\/epiqs.ch\\\/#website\"},\"primaryImageOfPage\":{\"@id\":\"https:\\\/\\\/epiqs.ch\\\/de\\\/produit\\\/elektro-fahrrad-city-e-bike-02\\\/#primaryimage\"},\"image\":{\"@id\":\"https:\\\/\\\/epiqs.ch\\\/de\\\/produit\\\/elektro-fahrrad-city-e-bike-02\\\/#primaryimage\"},\"thumbnailUrl\":\"https:\\\/\\\/epiqs.ch\\\/wp-content\\\/uploads\\\/2022\\\/01\\\/ASB-EB-02-700C-PNG-WO-Logo-2-scaled.jpg\",\"datePublished\":\"2022-01-03T15:02:49+00:00\",\"dateModified\":\"2026-02-22T14:48:33+00:00\",\"description\":\"Das City E-Bike O2 ist ein Elektrofahrrad mit einem ausgezeichneten Preis-Leistungs-Verh\u00e4ltnis. Lassen Sie sich von seinem leichten Aluminiumrahmen und seinem einzigartigen Design \u00fcberzeugen!\",\"breadcrumb\":{\"@id\":\"https:\\\/\\\/epiqs.ch\\\/de\\\/produit\\\/elektro-fahrrad-city-e-bike-02\\\/#breadcrumb\"},\"inLanguage\":\"de\",\"potentialAction\":[{\"@type\":\"ReadAction\",\"target\":[\"https:\\\/\\\/epiqs.ch\\\/de\\\/produit\\\/elektro-fahrrad-city-e-bike-02\\\/\"]}]},{\"@type\":\"ImageObject\",\"inLanguage\":\"de\",\"@id\":\"https:\\\/\\\/epiqs.ch\\\/de\\\/produit\\\/elektro-fahrrad-city-e-bike-02\\\/#primaryimage\",\"url\":\"https:\\\/\\\/epiqs.ch\\\/wp-content\\\/uploads\\\/2022\\\/01\\\/ASB-EB-02-700C-PNG-WO-Logo-2-scaled.jpg\",\"contentUrl\":\"https:\\\/\\\/epiqs.ch\\\/wp-content\\\/uploads\\\/2022\\\/01\\\/ASB-EB-02-700C-PNG-WO-Logo-2-scaled.jpg\",\"width\":2560,\"height\":1707,\"caption\":\"Elektrofahrrad City E-Bike O2\"},{\"@type\":\"BreadcrumbList\",\"@id\":\"https:\\\/\\\/epiqs.ch\\\/de\\\/produit\\\/elektro-fahrrad-city-e-bike-02\\\/#breadcrumb\",\"itemListElement\":[{\"@type\":\"ListItem\",\"position\":1,\"name\":\"Accueil\",\"item\":\"https:\\\/\\\/epiqs.ch\\\/de\\\/\"},{\"@type\":\"ListItem\",\"position\":2,\"name\":\"Shop\",\"item\":\"https:\\\/\\\/epiqs.ch\\\/de\\\/shop\\\/\"},{\"@type\":\"ListItem\",\"position\":3,\"name\":\"Elektrofahrrad &#8211; CITY E-BIKE O2\"}]},{\"@type\":\"WebSite\",\"@id\":\"https:\\\/\\\/epiqs.ch\\\/#website\",\"url\":\"https:\\\/\\\/epiqs.ch\\\/\",\"name\":\"EPIQS SA\",\"description\":\"Vente de scooters \u00e9lectriques\",\"publisher\":{\"@id\":\"https:\\\/\\\/epiqs.ch\\\/#organization\"},\"alternateName\":\"EPIQS\",\"potentialAction\":[{\"@type\":\"SearchAction\",\"target\":{\"@type\":\"EntryPoint\",\"urlTemplate\":\"https:\\\/\\\/epiqs.ch\\\/?s={search_term_string}\"},\"query-input\":{\"@type\":\"PropertyValueSpecification\",\"valueRequired\":true,\"valueName\":\"search_term_string\"}}],\"inLanguage\":\"de\"},{\"@type\":\"Organization\",\"@id\":\"https:\\\/\\\/epiqs.ch\\\/#organization\",\"name\":\"EPIQS SA\",\"alternateName\":\"EPIQS\",\"url\":\"https:\\\/\\\/epiqs.ch\\\/\",\"logo\":{\"@type\":\"ImageObject\",\"inLanguage\":\"de\",\"@id\":\"https:\\\/\\\/epiqs.ch\\\/#\\\/schema\\\/logo\\\/image\\\/\",\"url\":\"https:\\\/\\\/epiqs.ch\\\/wp-content\\\/uploads\\\/2021\\\/03\\\/logo.svg\",\"contentUrl\":\"https:\\\/\\\/epiqs.ch\\\/wp-content\\\/uploads\\\/2021\\\/03\\\/logo.svg\",\"width\":399.77,\"height\":161.68,\"caption\":\"EPIQS SA\"},\"image\":{\"@id\":\"https:\\\/\\\/epiqs.ch\\\/#\\\/schema\\\/logo\\\/image\\\/\"},\"sameAs\":[\"https:\\\/\\\/www.facebook.com\\\/EPIQSSA\"]}]}<\/script>\n<!-- \/ Yoast SEO plugin. -->","yoast_head_json":{"title":"Elektrofahrrad - CITY E-BIKE O2","description":"Das City E-Bike O2 ist ein Elektrofahrrad mit einem ausgezeichneten Preis-Leistungs-Verh\u00e4ltnis. Lassen Sie sich von seinem leichten Aluminiumrahmen und seinem einzigartigen Design \u00fcberzeugen!","robots":{"index":"index","follow":"follow","max-snippet":"max-snippet:-1","max-image-preview":"max-image-preview:large","max-video-preview":"max-video-preview:-1"},"canonical":"https:\/\/epiqs.ch\/de\/produit\/elektro-fahrrad-city-e-bike-02\/","og_locale":"de_DE","og_type":"article","og_title":"Elektrofahrrad - CITY E-BIKE O2","og_description":"Das City E-Bike O2 ist ein Elektrofahrrad mit einem ausgezeichneten Preis-Leistungs-Verh\u00e4ltnis. Lassen Sie sich von seinem leichten Aluminiumrahmen und seinem einzigartigen Design \u00fcberzeugen!","og_url":"https:\/\/epiqs.ch\/de\/produit\/elektro-fahrrad-city-e-bike-02\/","og_site_name":"EPIQS SA","article_publisher":"https:\/\/www.facebook.com\/EPIQSSA","article_modified_time":"2026-02-22T14:48:33+00:00","og_image":[{"width":2560,"height":1707,"url":"https:\/\/epiqs.ch\/wp-content\/uploads\/2022\/01\/ASB-EB-02-700C-PNG-WO-Logo-2-scaled.jpg","type":"image\/jpeg"}],"twitter_card":"summary_large_image","twitter_misc":{"Gesch\u00e4tzte Lesezeit":"2\u00a0Minuten"},"schema":{"@context":"https:\/\/schema.org","@graph":[{"@type":"WebPage","@id":"https:\/\/epiqs.ch\/de\/produit\/elektro-fahrrad-city-e-bike-02\/","url":"https:\/\/epiqs.ch\/de\/produit\/elektro-fahrrad-city-e-bike-02\/","name":"Elektrofahrrad - CITY E-BIKE O2","isPartOf":{"@id":"https:\/\/epiqs.ch\/#website"},"primaryImageOfPage":{"@id":"https:\/\/epiqs.ch\/de\/produit\/elektro-fahrrad-city-e-bike-02\/#primaryimage"},"image":{"@id":"https:\/\/epiqs.ch\/de\/produit\/elektro-fahrrad-city-e-bike-02\/#primaryimage"},"thumbnailUrl":"https:\/\/epiqs.ch\/wp-content\/uploads\/2022\/01\/ASB-EB-02-700C-PNG-WO-Logo-2-scaled.jpg","datePublished":"2022-01-03T15:02:49+00:00","dateModified":"2026-02-22T14:48:33+00:00","description":"Das City E-Bike O2 ist ein Elektrofahrrad mit einem ausgezeichneten Preis-Leistungs-Verh\u00e4ltnis. Lassen Sie sich von seinem leichten Aluminiumrahmen und seinem einzigartigen Design \u00fcberzeugen!","breadcrumb":{"@id":"https:\/\/epiqs.ch\/de\/produit\/elektro-fahrrad-city-e-bike-02\/#breadcrumb"},"inLanguage":"de","potentialAction":[{"@type":"ReadAction","target":["https:\/\/epiqs.ch\/de\/produit\/elektro-fahrrad-city-e-bike-02\/"]}]},{"@type":"ImageObject","inLanguage":"de","@id":"https:\/\/epiqs.ch\/de\/produit\/elektro-fahrrad-city-e-bike-02\/#primaryimage","url":"https:\/\/epiqs.ch\/wp-content\/uploads\/2022\/01\/ASB-EB-02-700C-PNG-WO-Logo-2-scaled.jpg","contentUrl":"https:\/\/epiqs.ch\/wp-content\/uploads\/2022\/01\/ASB-EB-02-700C-PNG-WO-Logo-2-scaled.jpg","width":2560,"height":1707,"caption":"Elektrofahrrad City E-Bike O2"},{"@type":"BreadcrumbList","@id":"https:\/\/epiqs.ch\/de\/produit\/elektro-fahrrad-city-e-bike-02\/#breadcrumb","itemListElement":[{"@type":"ListItem","position":1,"name":"Accueil","item":"https:\/\/epiqs.ch\/de\/"},{"@type":"ListItem","position":2,"name":"Shop","item":"https:\/\/epiqs.ch\/de\/shop\/"},{"@type":"ListItem","position":3,"name":"Elektrofahrrad &#8211; CITY E-BIKE O2"}]},{"@type":"WebSite","@id":"https:\/\/epiqs.ch\/#website","url":"https:\/\/epiqs.ch\/","name":"EPIQS SA","description":"Vente de scooters \u00e9lectriques","publisher":{"@id":"https:\/\/epiqs.ch\/#organization"},"alternateName":"EPIQS","potentialAction":[{"@type":"SearchAction","target":{"@type":"EntryPoint","urlTemplate":"https:\/\/epiqs.ch\/?s={search_term_string}"},"query-input":{"@type":"PropertyValueSpecification","valueRequired":true,"valueName":"search_term_string"}}],"inLanguage":"de"},{"@type":"Organization","@id":"https:\/\/epiqs.ch\/#organization","name":"EPIQS SA","alternateName":"EPIQS","url":"https:\/\/epiqs.ch\/","logo":{"@type":"ImageObject","inLanguage":"de","@id":"https:\/\/epiqs.ch\/#\/schema\/logo\/image\/","url":"https:\/\/epiqs.ch\/wp-content\/uploads\/2021\/03\/logo.svg","contentUrl":"https:\/\/epiqs.ch\/wp-content\/uploads\/2021\/03\/logo.svg","width":399.77,"height":161.68,"caption":"EPIQS SA"},"image":{"@id":"https:\/\/epiqs.ch\/#\/schema\/logo\/image\/"},"sameAs":["https:\/\/www.facebook.com\/EPIQSSA"]}]}},"_links":{"self":[{"href":"https:\/\/epiqs.ch\/de\/wp-json\/wp\/v2\/product\/2625","targetHints":{"allow":["GET"]}}],"collection":[{"href":"https:\/\/epiqs.ch\/de\/wp-json\/wp\/v2\/product"}],"about":[{"href":"https:\/\/epiqs.ch\/de\/wp-json\/wp\/v2\/types\/product"}],"wp:featuredmedia":[{"embeddable":true,"href":"https:\/\/epiqs.ch\/de\/wp-json\/wp\/v2\/media\/2518"}],"wp:attachment":[{"href":"https:\/\/epiqs.ch\/de\/wp-json\/wp\/v2\/media?parent=2625"}],"wp:term":[{"taxonomy":"product_brand","embeddable":true,"href":"https:\/\/epiqs.ch\/de\/wp-json\/wp\/v2\/product_brand?post=2625"},{"taxonomy":"product_cat","embeddable":true,"href":"https:\/\/epiqs.ch\/de\/wp-json\/wp\/v2\/product_cat?post=2625"},{"taxonomy":"product_tag","embeddable":true,"href":"https:\/\/epiqs.ch\/de\/wp-json\/wp\/v2\/product_tag?post=2625"}],"curies":[{"name":"wp","href":"https:\/\/api.w.org\/{rel}","templated":true}]}}