{"id":2600,"date":"2021-05-31T11:44:01","date_gmt":"2021-05-31T09:44:01","guid":{"rendered":"https:\/\/epiqs.ch\/produit\/ladegeraet-robo-s\/"},"modified":"2026-02-22T15:49:15","modified_gmt":"2026-02-22T14:49:15","slug":"ladegerat-robo-s","status":"publish","type":"product","link":"https:\/\/epiqs.ch\/de\/produit\/ladegerat-robo-s\/","title":{"rendered":"Ladeger\u00e4t &#8211; ROBO-S"},"content":{"rendered":"<p>Zus\u00e4tzliches oder Ersatz-Ladeger\u00e4t f\u00fcr das Modell SUNRA ROBO-S.<\/p>\n<p>Dies ist das Original-Ladeger\u00e4t vom Hersteller.<\/p>\n","protected":false},"excerpt":{"rendered":"<p>Ladeger\u00e4t f\u00fcr das Elektroroller-Modell SUNRA ROBO-S<\/p>\n","protected":false},"featured_media":2376,"template":"","meta":{"_acf_changed":false},"product_brand":[],"product_cat":[78,77],"product_tag":[],"class_list":{"0":"post-2600","1":"product","2":"type-product","3":"status-publish","4":"has-post-thumbnail","6":"product_cat-lieferung-chf-9-00","7":"product_cat-zubehor","9":"first","10":"instock","11":"sale","12":"taxable","13":"shipping-taxable","14":"purchasable","15":"product-type-simple"},"acf":[],"yoast_head":"<!-- This site is optimized with the Yoast SEO plugin v27.4 - https:\/\/yoast.com\/product\/yoast-seo-wordpress\/ -->\n<title>Ladeger\u00e4t - ROBO-S - EPIQS SA<\/title>\n<meta name=\"description\" content=\"Zus\u00e4tzliches oder ersetzendes Ladeger\u00e4t f\u00fcr das Modell SUNRA ROBO-S. Original-Ladeger\u00e4t, das direkt vom Hersteller stammt.\" \/>\n<meta name=\"robots\" content=\"index, follow, max-snippet:-1, max-image-preview:large, max-video-preview:-1\" \/>\n<link rel=\"canonical\" href=\"https:\/\/epiqs.ch\/de\/produit\/ladegerat-robo-s\/\" \/>\n<meta property=\"og:locale\" content=\"de_DE\" \/>\n<meta property=\"og:type\" content=\"article\" \/>\n<meta property=\"og:title\" content=\"Ladeger\u00e4t - ROBO-S - EPIQS SA\" \/>\n<meta property=\"og:description\" content=\"Zus\u00e4tzliches oder ersetzendes Ladeger\u00e4t f\u00fcr das Modell SUNRA ROBO-S. Original-Ladeger\u00e4t, das direkt vom Hersteller stammt.\" \/>\n<meta property=\"og:url\" content=\"https:\/\/epiqs.ch\/de\/produit\/ladegerat-robo-s\/\" \/>\n<meta property=\"og:site_name\" content=\"EPIQS SA\" \/>\n<meta property=\"article:publisher\" content=\"https:\/\/www.facebook.com\/EPIQSSA\" \/>\n<meta property=\"article:modified_time\" content=\"2026-02-22T14:49:15+00:00\" \/>\n<meta property=\"og:image\" content=\"https:\/\/epiqs.ch\/wp-content\/uploads\/2021\/05\/Chargeur_ROBO-S.jpg\" \/>\n\t<meta property=\"og:image:width\" content=\"1002\" \/>\n\t<meta property=\"og:image:height\" content=\"1002\" \/>\n\t<meta property=\"og:image:type\" content=\"image\/jpeg\" \/>\n<meta name=\"twitter:card\" content=\"summary_large_image\" \/>\n<script type=\"application\/ld+json\" class=\"yoast-schema-graph\">{\"@context\":\"https:\\\/\\\/schema.org\",\"@graph\":[{\"@type\":\"WebPage\",\"@id\":\"https:\\\/\\\/epiqs.ch\\\/de\\\/produit\\\/ladegerat-robo-s\\\/\",\"url\":\"https:\\\/\\\/epiqs.ch\\\/de\\\/produit\\\/ladegerat-robo-s\\\/\",\"name\":\"Ladeger\u00e4t - ROBO-S - EPIQS SA\",\"isPartOf\":{\"@id\":\"https:\\\/\\\/epiqs.ch\\\/#website\"},\"primaryImageOfPage\":{\"@id\":\"https:\\\/\\\/epiqs.ch\\\/de\\\/produit\\\/ladegerat-robo-s\\\/#primaryimage\"},\"image\":{\"@id\":\"https:\\\/\\\/epiqs.ch\\\/de\\\/produit\\\/ladegerat-robo-s\\\/#primaryimage\"},\"thumbnailUrl\":\"https:\\\/\\\/epiqs.ch\\\/wp-content\\\/uploads\\\/2021\\\/05\\\/Chargeur_ROBO-S.jpg\",\"datePublished\":\"2021-05-31T09:44:01+00:00\",\"dateModified\":\"2026-02-22T14:49:15+00:00\",\"description\":\"Zus\u00e4tzliches oder ersetzendes Ladeger\u00e4t f\u00fcr das Modell SUNRA ROBO-S. Original-Ladeger\u00e4t, das direkt vom Hersteller stammt.\",\"breadcrumb\":{\"@id\":\"https:\\\/\\\/epiqs.ch\\\/de\\\/produit\\\/ladegerat-robo-s\\\/#breadcrumb\"},\"inLanguage\":\"de\",\"potentialAction\":[{\"@type\":\"ReadAction\",\"target\":[\"https:\\\/\\\/epiqs.ch\\\/de\\\/produit\\\/ladegerat-robo-s\\\/\"]}]},{\"@type\":\"ImageObject\",\"inLanguage\":\"de\",\"@id\":\"https:\\\/\\\/epiqs.ch\\\/de\\\/produit\\\/ladegerat-robo-s\\\/#primaryimage\",\"url\":\"https:\\\/\\\/epiqs.ch\\\/wp-content\\\/uploads\\\/2021\\\/05\\\/Chargeur_ROBO-S.jpg\",\"contentUrl\":\"https:\\\/\\\/epiqs.ch\\\/wp-content\\\/uploads\\\/2021\\\/05\\\/Chargeur_ROBO-S.jpg\",\"width\":1002,\"height\":1002},{\"@type\":\"BreadcrumbList\",\"@id\":\"https:\\\/\\\/epiqs.ch\\\/de\\\/produit\\\/ladegerat-robo-s\\\/#breadcrumb\",\"itemListElement\":[{\"@type\":\"ListItem\",\"position\":1,\"name\":\"Accueil\",\"item\":\"https:\\\/\\\/epiqs.ch\\\/de\\\/\"},{\"@type\":\"ListItem\",\"position\":2,\"name\":\"Shop\",\"item\":\"https:\\\/\\\/epiqs.ch\\\/de\\\/shop\\\/\"},{\"@type\":\"ListItem\",\"position\":3,\"name\":\"Ladeger\u00e4t &#8211; ROBO-S\"}]},{\"@type\":\"WebSite\",\"@id\":\"https:\\\/\\\/epiqs.ch\\\/#website\",\"url\":\"https:\\\/\\\/epiqs.ch\\\/\",\"name\":\"EPIQS SA\",\"description\":\"Vente de scooters \u00e9lectriques\",\"publisher\":{\"@id\":\"https:\\\/\\\/epiqs.ch\\\/#organization\"},\"alternateName\":\"EPIQS\",\"potentialAction\":[{\"@type\":\"SearchAction\",\"target\":{\"@type\":\"EntryPoint\",\"urlTemplate\":\"https:\\\/\\\/epiqs.ch\\\/?s={search_term_string}\"},\"query-input\":{\"@type\":\"PropertyValueSpecification\",\"valueRequired\":true,\"valueName\":\"search_term_string\"}}],\"inLanguage\":\"de\"},{\"@type\":\"Organization\",\"@id\":\"https:\\\/\\\/epiqs.ch\\\/#organization\",\"name\":\"EPIQS SA\",\"alternateName\":\"EPIQS\",\"url\":\"https:\\\/\\\/epiqs.ch\\\/\",\"logo\":{\"@type\":\"ImageObject\",\"inLanguage\":\"de\",\"@id\":\"https:\\\/\\\/epiqs.ch\\\/#\\\/schema\\\/logo\\\/image\\\/\",\"url\":\"https:\\\/\\\/epiqs.ch\\\/wp-content\\\/uploads\\\/2021\\\/03\\\/logo.svg\",\"contentUrl\":\"https:\\\/\\\/epiqs.ch\\\/wp-content\\\/uploads\\\/2021\\\/03\\\/logo.svg\",\"width\":399.77,\"height\":161.68,\"caption\":\"EPIQS SA\"},\"image\":{\"@id\":\"https:\\\/\\\/epiqs.ch\\\/#\\\/schema\\\/logo\\\/image\\\/\"},\"sameAs\":[\"https:\\\/\\\/www.facebook.com\\\/EPIQSSA\"]}]}<\/script>\n<!-- \/ Yoast SEO plugin. -->","yoast_head_json":{"title":"Ladeger\u00e4t - ROBO-S - EPIQS SA","description":"Zus\u00e4tzliches oder ersetzendes Ladeger\u00e4t f\u00fcr das Modell SUNRA ROBO-S. Original-Ladeger\u00e4t, das direkt vom Hersteller stammt.","robots":{"index":"index","follow":"follow","max-snippet":"max-snippet:-1","max-image-preview":"max-image-preview:large","max-video-preview":"max-video-preview:-1"},"canonical":"https:\/\/epiqs.ch\/de\/produit\/ladegerat-robo-s\/","og_locale":"de_DE","og_type":"article","og_title":"Ladeger\u00e4t - ROBO-S - EPIQS SA","og_description":"Zus\u00e4tzliches oder ersetzendes Ladeger\u00e4t f\u00fcr das Modell SUNRA ROBO-S. Original-Ladeger\u00e4t, das direkt vom Hersteller stammt.","og_url":"https:\/\/epiqs.ch\/de\/produit\/ladegerat-robo-s\/","og_site_name":"EPIQS SA","article_publisher":"https:\/\/www.facebook.com\/EPIQSSA","article_modified_time":"2026-02-22T14:49:15+00:00","og_image":[{"width":1002,"height":1002,"url":"https:\/\/epiqs.ch\/wp-content\/uploads\/2021\/05\/Chargeur_ROBO-S.jpg","type":"image\/jpeg"}],"twitter_card":"summary_large_image","schema":{"@context":"https:\/\/schema.org","@graph":[{"@type":"WebPage","@id":"https:\/\/epiqs.ch\/de\/produit\/ladegerat-robo-s\/","url":"https:\/\/epiqs.ch\/de\/produit\/ladegerat-robo-s\/","name":"Ladeger\u00e4t - ROBO-S - EPIQS SA","isPartOf":{"@id":"https:\/\/epiqs.ch\/#website"},"primaryImageOfPage":{"@id":"https:\/\/epiqs.ch\/de\/produit\/ladegerat-robo-s\/#primaryimage"},"image":{"@id":"https:\/\/epiqs.ch\/de\/produit\/ladegerat-robo-s\/#primaryimage"},"thumbnailUrl":"https:\/\/epiqs.ch\/wp-content\/uploads\/2021\/05\/Chargeur_ROBO-S.jpg","datePublished":"2021-05-31T09:44:01+00:00","dateModified":"2026-02-22T14:49:15+00:00","description":"Zus\u00e4tzliches oder ersetzendes Ladeger\u00e4t f\u00fcr das Modell SUNRA ROBO-S. Original-Ladeger\u00e4t, das direkt vom Hersteller stammt.","breadcrumb":{"@id":"https:\/\/epiqs.ch\/de\/produit\/ladegerat-robo-s\/#breadcrumb"},"inLanguage":"de","potentialAction":[{"@type":"ReadAction","target":["https:\/\/epiqs.ch\/de\/produit\/ladegerat-robo-s\/"]}]},{"@type":"ImageObject","inLanguage":"de","@id":"https:\/\/epiqs.ch\/de\/produit\/ladegerat-robo-s\/#primaryimage","url":"https:\/\/epiqs.ch\/wp-content\/uploads\/2021\/05\/Chargeur_ROBO-S.jpg","contentUrl":"https:\/\/epiqs.ch\/wp-content\/uploads\/2021\/05\/Chargeur_ROBO-S.jpg","width":1002,"height":1002},{"@type":"BreadcrumbList","@id":"https:\/\/epiqs.ch\/de\/produit\/ladegerat-robo-s\/#breadcrumb","itemListElement":[{"@type":"ListItem","position":1,"name":"Accueil","item":"https:\/\/epiqs.ch\/de\/"},{"@type":"ListItem","position":2,"name":"Shop","item":"https:\/\/epiqs.ch\/de\/shop\/"},{"@type":"ListItem","position":3,"name":"Ladeger\u00e4t &#8211; ROBO-S"}]},{"@type":"WebSite","@id":"https:\/\/epiqs.ch\/#website","url":"https:\/\/epiqs.ch\/","name":"EPIQS SA","description":"Vente de scooters \u00e9lectriques","publisher":{"@id":"https:\/\/epiqs.ch\/#organization"},"alternateName":"EPIQS","potentialAction":[{"@type":"SearchAction","target":{"@type":"EntryPoint","urlTemplate":"https:\/\/epiqs.ch\/?s={search_term_string}"},"query-input":{"@type":"PropertyValueSpecification","valueRequired":true,"valueName":"search_term_string"}}],"inLanguage":"de"},{"@type":"Organization","@id":"https:\/\/epiqs.ch\/#organization","name":"EPIQS SA","alternateName":"EPIQS","url":"https:\/\/epiqs.ch\/","logo":{"@type":"ImageObject","inLanguage":"de","@id":"https:\/\/epiqs.ch\/#\/schema\/logo\/image\/","url":"https:\/\/epiqs.ch\/wp-content\/uploads\/2021\/03\/logo.svg","contentUrl":"https:\/\/epiqs.ch\/wp-content\/uploads\/2021\/03\/logo.svg","width":399.77,"height":161.68,"caption":"EPIQS SA"},"image":{"@id":"https:\/\/epiqs.ch\/#\/schema\/logo\/image\/"},"sameAs":["https:\/\/www.facebook.com\/EPIQSSA"]}]}},"_links":{"self":[{"href":"https:\/\/epiqs.ch\/de\/wp-json\/wp\/v2\/product\/2600","targetHints":{"allow":["GET"]}}],"collection":[{"href":"https:\/\/epiqs.ch\/de\/wp-json\/wp\/v2\/product"}],"about":[{"href":"https:\/\/epiqs.ch\/de\/wp-json\/wp\/v2\/types\/product"}],"wp:featuredmedia":[{"embeddable":true,"href":"https:\/\/epiqs.ch\/de\/wp-json\/wp\/v2\/media\/2376"}],"wp:attachment":[{"href":"https:\/\/epiqs.ch\/de\/wp-json\/wp\/v2\/media?parent=2600"}],"wp:term":[{"taxonomy":"product_brand","embeddable":true,"href":"https:\/\/epiqs.ch\/de\/wp-json\/wp\/v2\/product_brand?post=2600"},{"taxonomy":"product_cat","embeddable":true,"href":"https:\/\/epiqs.ch\/de\/wp-json\/wp\/v2\/product_cat?post=2600"},{"taxonomy":"product_tag","embeddable":true,"href":"https:\/\/epiqs.ch\/de\/wp-json\/wp\/v2\/product_tag?post=2600"}],"curies":[{"name":"wp","href":"https:\/\/api.w.org\/{rel}","templated":true}]}}