{"id":2591,"date":"2022-11-18T22:56:11","date_gmt":"2022-11-18T21:56:11","guid":{"rendered":"https:\/\/epiqs.ch\/produit\/elektrofahrrad-you-ride\/"},"modified":"2023-02-06T11:27:11","modified_gmt":"2023-02-06T10:27:11","slug":"elektro-fahrrad-you-ride","status":"publish","type":"product","link":"https:\/\/epiqs.ch\/de\/produit\/elektro-fahrrad-you-ride\/","title":{"rendered":"Elektrofahrrad &#8211; You-Ride"},"content":{"rendered":"<h1><strong>Einfach, effektiv, You-Ride  <\/strong><\/h1>\n<p>Das Elektrofahrrad You-Ride New York wird Ihr bester Verb\u00fcndeter im Kampf gegen den \u00fcberlasteten Verkehr in der Stadt sein. Dank seines geraden Lenkers ist er sehr wendig. Au\u00dferdem ist es mit seinem Aluminiumrahmen und der Vorderradgabel aus Magnesium sowohl stabil als auch leicht. Dieses st\u00e4dtische Elektrofahrrad ist mit einem eingebauten 36-V-Akku und einem 250-Watt-Motor ausgestattet.<\/p>\n<h3><strong>Ein hochfunktionales Elektrofahrrad<\/strong><\/h3>\n<p>Die Shimano 6-Gang-Kettenschaltung gepaart mit einer Magnesium-Vorderradgabel und Scheibenbremsen verleihen diesem Fahrrad ein angenehmes und sicheres Fahrgef\u00fchl. Die Tretunterst\u00fctzung hat 5 Stufen, die \u00fcber das LCD-Dialogfeld ver\u00e4ndert werden k\u00f6nnen. Au\u00dferdem erm\u00f6glicht das gro\u00dfe Frontlicht das Fahren bei Tag und bei Nacht.<\/p>\n<h3><strong>Ein schlichtes Design<\/strong><\/h3>\n<p>Auf dem LCD-Farbbildschirm sehen Sie auf einen Blick die Geschwindigkeit, den Akkustand und die Tretunterst\u00fctzung. Das You-Ride New York ist ein Fahrrad mit einem klaren Design, das aus hochwertigen Teilen hergestellt wird, die ideal f\u00fcr den t\u00e4glichen Gebrauch auf der Stra\u00dfe sind.<\/p>\n<p>&nbsp;<\/p>\n","protected":false},"excerpt":{"rendered":"<p>Das Elektrofahrrad You-Ride New York wird Ihr bester Verb\u00fcndeter im Kampf gegen den \u00fcberlasteten Verkehr in der Stadt sein. Dank seines geraden Lenkers ist er sehr wendig. Au\u00dferdem ist es mit seinem Aluminiumrahmen und der Vorderradgabel aus Magnesium sowohl stabil als auch leicht. Dieses st\u00e4dtische Elektrofahrrad ist mit einem eingebauten 36-V-Akku und einem 250-Watt-Motor ausgestattet.<\/p>\n","protected":false},"featured_media":2471,"template":"","meta":{"_acf_changed":false},"product_brand":[],"product_cat":[91,89],"product_tag":[],"class_list":{"0":"post-2591","1":"product","2":"type-product","3":"status-publish","4":"has-post-thumbnail","6":"product_cat-e-bike","7":"product_cat-lieferung-chf-30-00","9":"first","10":"instock","11":"taxable","12":"shipping-taxable","13":"purchasable","14":"product-type-simple"},"acf":[],"yoast_head":"<!-- This site is optimized with the Yoast SEO plugin v27.3 - https:\/\/yoast.com\/product\/yoast-seo-wordpress\/ -->\n<title>Elektrofahrrad - You-Ride<\/title>\n<meta name=\"description\" content=\"Das You-Ride-Elektrofahrrad ist dank seines Aluminiumrahmens und der Magnesiumgabel robust und leicht. Dies macht ihn sehr wendig, ideal f\u00fcr die Stadt.\" \/>\n<meta name=\"robots\" content=\"index, follow, max-snippet:-1, max-image-preview:large, max-video-preview:-1\" \/>\n<link rel=\"canonical\" href=\"https:\/\/epiqs.ch\/de\/produit\/elektro-fahrrad-you-ride\/\" \/>\n<meta property=\"og:locale\" content=\"de_DE\" \/>\n<meta property=\"og:type\" content=\"article\" \/>\n<meta property=\"og:title\" content=\"Elektrofahrrad - You-Ride\" \/>\n<meta property=\"og:description\" content=\"Das You-Ride-Elektrofahrrad ist dank seines Aluminiumrahmens und der Magnesiumgabel robust und leicht. Dies macht ihn sehr wendig, ideal f\u00fcr die Stadt.\" \/>\n<meta property=\"og:url\" content=\"https:\/\/epiqs.ch\/de\/produit\/elektro-fahrrad-you-ride\/\" \/>\n<meta property=\"og:site_name\" content=\"EPIQS SA\" \/>\n<meta property=\"article:publisher\" content=\"https:\/\/www.facebook.com\/EPIQSSA\" \/>\n<meta property=\"article:modified_time\" content=\"2023-02-06T10:27:11+00:00\" \/>\n<meta property=\"og:image\" content=\"https:\/\/epiqs.ch\/wp-content\/uploads\/2022\/11\/Velo-Electrique-Youin_EPIQS_1.jpg\" \/>\n\t<meta property=\"og:image:width\" content=\"600\" \/>\n\t<meta property=\"og:image:height\" content=\"600\" \/>\n\t<meta property=\"og:image:type\" content=\"image\/jpeg\" \/>\n<meta name=\"twitter:card\" content=\"summary_large_image\" \/>\n<meta name=\"twitter:label1\" content=\"Gesch\u00e4tzte Lesezeit\" \/>\n\t<meta name=\"twitter:data1\" content=\"1\u00a0Minute\" \/>\n<script type=\"application\/ld+json\" class=\"yoast-schema-graph\">{\"@context\":\"https:\\\/\\\/schema.org\",\"@graph\":[{\"@type\":\"WebPage\",\"@id\":\"https:\\\/\\\/epiqs.ch\\\/de\\\/produit\\\/elektro-fahrrad-you-ride\\\/\",\"url\":\"https:\\\/\\\/epiqs.ch\\\/de\\\/produit\\\/elektro-fahrrad-you-ride\\\/\",\"name\":\"Elektrofahrrad - You-Ride\",\"isPartOf\":{\"@id\":\"https:\\\/\\\/epiqs.ch\\\/#website\"},\"primaryImageOfPage\":{\"@id\":\"https:\\\/\\\/epiqs.ch\\\/de\\\/produit\\\/elektro-fahrrad-you-ride\\\/#primaryimage\"},\"image\":{\"@id\":\"https:\\\/\\\/epiqs.ch\\\/de\\\/produit\\\/elektro-fahrrad-you-ride\\\/#primaryimage\"},\"thumbnailUrl\":\"https:\\\/\\\/epiqs.ch\\\/wp-content\\\/uploads\\\/2022\\\/11\\\/Velo-Electrique-Youin_EPIQS_1.jpg\",\"datePublished\":\"2022-11-18T21:56:11+00:00\",\"dateModified\":\"2023-02-06T10:27:11+00:00\",\"description\":\"Das You-Ride-Elektrofahrrad ist dank seines Aluminiumrahmens und der Magnesiumgabel robust und leicht. Dies macht ihn sehr wendig, ideal f\u00fcr die Stadt.\",\"breadcrumb\":{\"@id\":\"https:\\\/\\\/epiqs.ch\\\/de\\\/produit\\\/elektro-fahrrad-you-ride\\\/#breadcrumb\"},\"inLanguage\":\"de\",\"potentialAction\":[{\"@type\":\"ReadAction\",\"target\":[\"https:\\\/\\\/epiqs.ch\\\/de\\\/produit\\\/elektro-fahrrad-you-ride\\\/\"]}]},{\"@type\":\"ImageObject\",\"inLanguage\":\"de\",\"@id\":\"https:\\\/\\\/epiqs.ch\\\/de\\\/produit\\\/elektro-fahrrad-you-ride\\\/#primaryimage\",\"url\":\"https:\\\/\\\/epiqs.ch\\\/wp-content\\\/uploads\\\/2022\\\/11\\\/Velo-Electrique-Youin_EPIQS_1.jpg\",\"contentUrl\":\"https:\\\/\\\/epiqs.ch\\\/wp-content\\\/uploads\\\/2022\\\/11\\\/Velo-Electrique-Youin_EPIQS_1.jpg\",\"width\":600,\"height\":600,\"caption\":\"Elektrofahrrad Youin EPIQS SA\"},{\"@type\":\"BreadcrumbList\",\"@id\":\"https:\\\/\\\/epiqs.ch\\\/de\\\/produit\\\/elektro-fahrrad-you-ride\\\/#breadcrumb\",\"itemListElement\":[{\"@type\":\"ListItem\",\"position\":1,\"name\":\"Accueil\",\"item\":\"https:\\\/\\\/epiqs.ch\\\/de\\\/\"},{\"@type\":\"ListItem\",\"position\":2,\"name\":\"Shop\",\"item\":\"https:\\\/\\\/epiqs.ch\\\/de\\\/shop\\\/\"},{\"@type\":\"ListItem\",\"position\":3,\"name\":\"Elektrofahrrad &#8211; You-Ride\"}]},{\"@type\":\"WebSite\",\"@id\":\"https:\\\/\\\/epiqs.ch\\\/#website\",\"url\":\"https:\\\/\\\/epiqs.ch\\\/\",\"name\":\"EPIQS SA\",\"description\":\"Vente de scooters \u00e9lectriques\",\"publisher\":{\"@id\":\"https:\\\/\\\/epiqs.ch\\\/#organization\"},\"alternateName\":\"EPIQS\",\"potentialAction\":[{\"@type\":\"SearchAction\",\"target\":{\"@type\":\"EntryPoint\",\"urlTemplate\":\"https:\\\/\\\/epiqs.ch\\\/?s={search_term_string}\"},\"query-input\":{\"@type\":\"PropertyValueSpecification\",\"valueRequired\":true,\"valueName\":\"search_term_string\"}}],\"inLanguage\":\"de\"},{\"@type\":\"Organization\",\"@id\":\"https:\\\/\\\/epiqs.ch\\\/#organization\",\"name\":\"EPIQS SA\",\"alternateName\":\"EPIQS\",\"url\":\"https:\\\/\\\/epiqs.ch\\\/\",\"logo\":{\"@type\":\"ImageObject\",\"inLanguage\":\"de\",\"@id\":\"https:\\\/\\\/epiqs.ch\\\/#\\\/schema\\\/logo\\\/image\\\/\",\"url\":\"https:\\\/\\\/epiqs.ch\\\/wp-content\\\/uploads\\\/2021\\\/03\\\/logo.svg\",\"contentUrl\":\"https:\\\/\\\/epiqs.ch\\\/wp-content\\\/uploads\\\/2021\\\/03\\\/logo.svg\",\"width\":399.77,\"height\":161.68,\"caption\":\"EPIQS SA\"},\"image\":{\"@id\":\"https:\\\/\\\/epiqs.ch\\\/#\\\/schema\\\/logo\\\/image\\\/\"},\"sameAs\":[\"https:\\\/\\\/www.facebook.com\\\/EPIQSSA\"]}]}<\/script>\n<!-- \/ Yoast SEO plugin. -->","yoast_head_json":{"title":"Elektrofahrrad - You-Ride","description":"Das You-Ride-Elektrofahrrad ist dank seines Aluminiumrahmens und der Magnesiumgabel robust und leicht. Dies macht ihn sehr wendig, ideal f\u00fcr die Stadt.","robots":{"index":"index","follow":"follow","max-snippet":"max-snippet:-1","max-image-preview":"max-image-preview:large","max-video-preview":"max-video-preview:-1"},"canonical":"https:\/\/epiqs.ch\/de\/produit\/elektro-fahrrad-you-ride\/","og_locale":"de_DE","og_type":"article","og_title":"Elektrofahrrad - You-Ride","og_description":"Das You-Ride-Elektrofahrrad ist dank seines Aluminiumrahmens und der Magnesiumgabel robust und leicht. Dies macht ihn sehr wendig, ideal f\u00fcr die Stadt.","og_url":"https:\/\/epiqs.ch\/de\/produit\/elektro-fahrrad-you-ride\/","og_site_name":"EPIQS SA","article_publisher":"https:\/\/www.facebook.com\/EPIQSSA","article_modified_time":"2023-02-06T10:27:11+00:00","og_image":[{"width":600,"height":600,"url":"https:\/\/epiqs.ch\/wp-content\/uploads\/2022\/11\/Velo-Electrique-Youin_EPIQS_1.jpg","type":"image\/jpeg"}],"twitter_card":"summary_large_image","twitter_misc":{"Gesch\u00e4tzte Lesezeit":"1\u00a0Minute"},"schema":{"@context":"https:\/\/schema.org","@graph":[{"@type":"WebPage","@id":"https:\/\/epiqs.ch\/de\/produit\/elektro-fahrrad-you-ride\/","url":"https:\/\/epiqs.ch\/de\/produit\/elektro-fahrrad-you-ride\/","name":"Elektrofahrrad - You-Ride","isPartOf":{"@id":"https:\/\/epiqs.ch\/#website"},"primaryImageOfPage":{"@id":"https:\/\/epiqs.ch\/de\/produit\/elektro-fahrrad-you-ride\/#primaryimage"},"image":{"@id":"https:\/\/epiqs.ch\/de\/produit\/elektro-fahrrad-you-ride\/#primaryimage"},"thumbnailUrl":"https:\/\/epiqs.ch\/wp-content\/uploads\/2022\/11\/Velo-Electrique-Youin_EPIQS_1.jpg","datePublished":"2022-11-18T21:56:11+00:00","dateModified":"2023-02-06T10:27:11+00:00","description":"Das You-Ride-Elektrofahrrad ist dank seines Aluminiumrahmens und der Magnesiumgabel robust und leicht. Dies macht ihn sehr wendig, ideal f\u00fcr die Stadt.","breadcrumb":{"@id":"https:\/\/epiqs.ch\/de\/produit\/elektro-fahrrad-you-ride\/#breadcrumb"},"inLanguage":"de","potentialAction":[{"@type":"ReadAction","target":["https:\/\/epiqs.ch\/de\/produit\/elektro-fahrrad-you-ride\/"]}]},{"@type":"ImageObject","inLanguage":"de","@id":"https:\/\/epiqs.ch\/de\/produit\/elektro-fahrrad-you-ride\/#primaryimage","url":"https:\/\/epiqs.ch\/wp-content\/uploads\/2022\/11\/Velo-Electrique-Youin_EPIQS_1.jpg","contentUrl":"https:\/\/epiqs.ch\/wp-content\/uploads\/2022\/11\/Velo-Electrique-Youin_EPIQS_1.jpg","width":600,"height":600,"caption":"Elektrofahrrad Youin EPIQS SA"},{"@type":"BreadcrumbList","@id":"https:\/\/epiqs.ch\/de\/produit\/elektro-fahrrad-you-ride\/#breadcrumb","itemListElement":[{"@type":"ListItem","position":1,"name":"Accueil","item":"https:\/\/epiqs.ch\/de\/"},{"@type":"ListItem","position":2,"name":"Shop","item":"https:\/\/epiqs.ch\/de\/shop\/"},{"@type":"ListItem","position":3,"name":"Elektrofahrrad &#8211; You-Ride"}]},{"@type":"WebSite","@id":"https:\/\/epiqs.ch\/#website","url":"https:\/\/epiqs.ch\/","name":"EPIQS SA","description":"Vente de scooters \u00e9lectriques","publisher":{"@id":"https:\/\/epiqs.ch\/#organization"},"alternateName":"EPIQS","potentialAction":[{"@type":"SearchAction","target":{"@type":"EntryPoint","urlTemplate":"https:\/\/epiqs.ch\/?s={search_term_string}"},"query-input":{"@type":"PropertyValueSpecification","valueRequired":true,"valueName":"search_term_string"}}],"inLanguage":"de"},{"@type":"Organization","@id":"https:\/\/epiqs.ch\/#organization","name":"EPIQS SA","alternateName":"EPIQS","url":"https:\/\/epiqs.ch\/","logo":{"@type":"ImageObject","inLanguage":"de","@id":"https:\/\/epiqs.ch\/#\/schema\/logo\/image\/","url":"https:\/\/epiqs.ch\/wp-content\/uploads\/2021\/03\/logo.svg","contentUrl":"https:\/\/epiqs.ch\/wp-content\/uploads\/2021\/03\/logo.svg","width":399.77,"height":161.68,"caption":"EPIQS SA"},"image":{"@id":"https:\/\/epiqs.ch\/#\/schema\/logo\/image\/"},"sameAs":["https:\/\/www.facebook.com\/EPIQSSA"]}]}},"_links":{"self":[{"href":"https:\/\/epiqs.ch\/de\/wp-json\/wp\/v2\/product\/2591","targetHints":{"allow":["GET"]}}],"collection":[{"href":"https:\/\/epiqs.ch\/de\/wp-json\/wp\/v2\/product"}],"about":[{"href":"https:\/\/epiqs.ch\/de\/wp-json\/wp\/v2\/types\/product"}],"wp:featuredmedia":[{"embeddable":true,"href":"https:\/\/epiqs.ch\/de\/wp-json\/wp\/v2\/media\/2471"}],"wp:attachment":[{"href":"https:\/\/epiqs.ch\/de\/wp-json\/wp\/v2\/media?parent=2591"}],"wp:term":[{"taxonomy":"product_brand","embeddable":true,"href":"https:\/\/epiqs.ch\/de\/wp-json\/wp\/v2\/product_brand?post=2591"},{"taxonomy":"product_cat","embeddable":true,"href":"https:\/\/epiqs.ch\/de\/wp-json\/wp\/v2\/product_cat?post=2591"},{"taxonomy":"product_tag","embeddable":true,"href":"https:\/\/epiqs.ch\/de\/wp-json\/wp\/v2\/product_tag?post=2591"}],"curies":[{"name":"wp","href":"https:\/\/api.w.org\/{rel}","templated":true}]}}