{"id":2576,"date":"2022-01-06T15:55:41","date_gmt":"2022-01-06T14:55:41","guid":{"rendered":"https:\/\/epiqs.ch\/produit\/elektrischer-roller-h20-350-watt\/"},"modified":"2023-02-06T11:25:00","modified_gmt":"2023-02-06T10:25:00","slug":"elektro-roller-h20","status":"publish","type":"product","link":"https:\/\/epiqs.ch\/de\/produit\/elektro-roller-h20\/","title":{"rendered":"Elektrischer Roller H20 &#8211; 350 Watt"},"content":{"rendered":"<h3><strong>H20 &#8211; 350 Watt<\/strong><\/h3>\n<p>Mit dem elektrischen Tretroller PXID H20 bewegen Sie sich dank seiner Spitzengeschwindigkeit von 20 km\/h (gesetzlich zul\u00e4ssige H\u00f6chstgeschwindigkeit f\u00fcr die Nutzung auf \u00f6ffentlichen Stra\u00dfen) fl\u00fcssig und schnell fort. Dieser elektrische Tretroller ist dank seiner Struktur aus Magnesiumlegierung leistungsstark und robust. Er ist Ihr idealer Begleiter f\u00fcr alle kurzen Strecken des Alltags. Er l\u00e4sst sich leicht in jedem Kofferraum und im zusammengeklappten Zustand unter dem Sitz der Z\u00fcge verstauen.<\/p>\n<p>Entdecken Sie dieses neue Transportmittel mit innovativem Fahrspa\u00df!<\/p>\n<p>&nbsp;<\/p>\n<p><strong>ERSTAUNLICHE LEISTUNGEN<\/strong><\/p>\n<p>Mit einem 350-Watt-Motor, der von einem 48-Volt-Akku mit 10,4 Ah angetrieben wird, ist dieses Modell so leistungsstark wie ein Elektrofahrrad! Und weniger sperrig. Die Batterie liefert genug Energie, um mit einer einzigen Ladung bis zu 60 Kilometer weit zu fahren.<\/p>\n<p>Die 10-Zoll-Tubeless-Reifen (schlauchlos, also ohne Pannenrisiko), zusammen mit der Vorder- und Hinterradfederung bieten Fahrkomfort auch auf unebenen Stra\u00dfen. Dank der Bremsen, vorne Trommelbremsen und hinten elektrische Scheibenbremsen, kannst du schnell und sicher anhalten.<\/p>\n<p>Sein LCD-Bildschirm zeigt u. a. die Geschwindigkeit und den Ladezustand der Batterie an und erm\u00f6glicht das Einschalten der LED-Scheinwerfer vorne und hinten.<\/p>\n<p>&nbsp;<\/p>\n<p><strong>EIN SCHLICHTES UND SPORTLICHES DESIGN<\/strong><\/p>\n<p>Seine stark konturierte Struktur aus Magnesium in Metallic-Grau mit tiefem Schwarz verleiht ihm eine sportliche und schlichte Seite.<\/p>\n<p>&nbsp;<\/p>\n<p><strong>GUT ZU WISSEN: ELEKTROROLLER UND STRASSENVERKEHRSORDNUNG<\/strong><\/p>\n<p>Alle auf unserer Website verkauften Artikel erf\u00fcllen die vorgeschriebenen Normen f\u00fcr die Nutzung auf \u00f6ffentlichem Grund und sind CE-zertifiziert. F\u00fcr elektrische Tretroller sind zum Beispiel Vorder- und Hinterradbremsen, eine Hupe (Klingel) sowie Vorder- und R\u00fccklichter vorgeschrieben. Die zul\u00e4ssige H\u00f6chstgeschwindigkeit betr\u00e4gt 20 km\/h. Das Mindestalter betr\u00e4gt 14 Jahre (14-16 Jahre F\u00fchrerschein Kat. M, +16 Jahre kein F\u00fchrerschein). Elektroroller unterliegen denselben Stra\u00dfenverkehrsregeln wie Fahrr\u00e4der: Die Benutzung von Radstreifen und Radwegen ist obligatorisch, sofern vorhanden. Das Tragen eines Helms ist nicht obligatorisch, wird aber dringend empfohlen.<\/p>\n","protected":false},"excerpt":{"rendered":"<h3><strong>PXID H20 &#8211; 350 Watt<\/strong><\/h3>\n<p>Mit dem elektrischen Tretroller PXID H20 bewegen Sie sich dank seiner Spitzengeschwindigkeit von 20 km\/h fl\u00fcssig und schnell fort. Dieser elektrische Tretroller ist dank seiner Struktur aus Magnesiumlegierung leistungsstark und robust. Er ist Ihr idealer Begleiter f\u00fcr alle kurzen Strecken des Alltags.<\/p>\n","protected":false},"featured_media":2403,"template":"","meta":{"_acf_changed":false},"product_brand":[],"product_cat":[90,89],"product_tag":[],"class_list":{"0":"post-2576","1":"product","2":"type-product","3":"status-publish","4":"has-post-thumbnail","6":"product_cat-e-scooter","7":"product_cat-lieferung-chf-30-00","9":"first","10":"outofstock","11":"taxable","12":"shipping-taxable","13":"purchasable","14":"product-type-simple"},"acf":[],"yoast_head":"<!-- This site is optimized with the Yoast SEO plugin v27.6 - https:\/\/yoast.com\/product\/yoast-seo-wordpress\/ -->\n<title>Elektrischer Roller H20 - 350 Watt - EPIQS SA<\/title>\n<meta name=\"description\" content=\"Mit dem elektrischen Tretroller PXID H20 bewegen Sie sich dank seiner Spitzengeschwindigkeit von 20 km\/h fl\u00fcssig und schnell fort.\" \/>\n<meta name=\"robots\" content=\"index, follow, max-snippet:-1, max-image-preview:large, max-video-preview:-1\" \/>\n<link rel=\"canonical\" href=\"https:\/\/epiqs.ch\/de\/produit\/elektro-roller-h20\/\" \/>\n<meta property=\"og:locale\" content=\"de_DE\" \/>\n<meta property=\"og:type\" content=\"article\" \/>\n<meta property=\"og:title\" content=\"Elektrischer Roller H20 - 350 Watt - EPIQS SA\" \/>\n<meta property=\"og:description\" content=\"Mit dem elektrischen Tretroller PXID H20 bewegen Sie sich dank seiner Spitzengeschwindigkeit von 20 km\/h fl\u00fcssig und schnell fort.\" \/>\n<meta property=\"og:url\" content=\"https:\/\/epiqs.ch\/de\/produit\/elektro-roller-h20\/\" \/>\n<meta property=\"og:site_name\" content=\"EPIQS SA\" \/>\n<meta property=\"article:publisher\" content=\"https:\/\/www.facebook.com\/EPIQSSA\" \/>\n<meta property=\"article:modified_time\" content=\"2023-02-06T10:25:00+00:00\" \/>\n<meta property=\"og:image\" content=\"https:\/\/epiqs.ch\/wp-content\/uploads\/2022\/01\/PXID_H20_350W.jpg\" \/>\n\t<meta property=\"og:image:width\" content=\"800\" \/>\n\t<meta property=\"og:image:height\" content=\"800\" \/>\n\t<meta property=\"og:image:type\" content=\"image\/jpeg\" \/>\n<meta name=\"twitter:card\" content=\"summary_large_image\" \/>\n<meta name=\"twitter:label1\" content=\"Gesch\u00e4tzte Lesezeit\" \/>\n\t<meta name=\"twitter:data1\" content=\"2\u00a0Minuten\" \/>\n<script type=\"application\/ld+json\" class=\"yoast-schema-graph\">{\"@context\":\"https:\\\/\\\/schema.org\",\"@graph\":[{\"@type\":\"WebPage\",\"@id\":\"https:\\\/\\\/epiqs.ch\\\/de\\\/produit\\\/elektro-roller-h20\\\/\",\"url\":\"https:\\\/\\\/epiqs.ch\\\/de\\\/produit\\\/elektro-roller-h20\\\/\",\"name\":\"Elektrischer Roller H20 - 350 Watt - EPIQS SA\",\"isPartOf\":{\"@id\":\"https:\\\/\\\/epiqs.ch\\\/#website\"},\"primaryImageOfPage\":{\"@id\":\"https:\\\/\\\/epiqs.ch\\\/de\\\/produit\\\/elektro-roller-h20\\\/#primaryimage\"},\"image\":{\"@id\":\"https:\\\/\\\/epiqs.ch\\\/de\\\/produit\\\/elektro-roller-h20\\\/#primaryimage\"},\"thumbnailUrl\":\"https:\\\/\\\/epiqs.ch\\\/wp-content\\\/uploads\\\/2022\\\/01\\\/PXID_H20_350W.jpg\",\"datePublished\":\"2022-01-06T14:55:41+00:00\",\"dateModified\":\"2023-02-06T10:25:00+00:00\",\"description\":\"Mit dem elektrischen Tretroller PXID H20 bewegen Sie sich dank seiner Spitzengeschwindigkeit von 20 km\\\/h fl\u00fcssig und schnell fort.\",\"breadcrumb\":{\"@id\":\"https:\\\/\\\/epiqs.ch\\\/de\\\/produit\\\/elektro-roller-h20\\\/#breadcrumb\"},\"inLanguage\":\"de\",\"potentialAction\":[{\"@type\":\"ReadAction\",\"target\":[\"https:\\\/\\\/epiqs.ch\\\/de\\\/produit\\\/elektro-roller-h20\\\/\"]}]},{\"@type\":\"ImageObject\",\"inLanguage\":\"de\",\"@id\":\"https:\\\/\\\/epiqs.ch\\\/de\\\/produit\\\/elektro-roller-h20\\\/#primaryimage\",\"url\":\"https:\\\/\\\/epiqs.ch\\\/wp-content\\\/uploads\\\/2022\\\/01\\\/PXID_H20_350W.jpg\",\"contentUrl\":\"https:\\\/\\\/epiqs.ch\\\/wp-content\\\/uploads\\\/2022\\\/01\\\/PXID_H20_350W.jpg\",\"width\":800,\"height\":800},{\"@type\":\"BreadcrumbList\",\"@id\":\"https:\\\/\\\/epiqs.ch\\\/de\\\/produit\\\/elektro-roller-h20\\\/#breadcrumb\",\"itemListElement\":[{\"@type\":\"ListItem\",\"position\":1,\"name\":\"Accueil\",\"item\":\"https:\\\/\\\/epiqs.ch\\\/de\\\/\"},{\"@type\":\"ListItem\",\"position\":2,\"name\":\"Shop\",\"item\":\"https:\\\/\\\/epiqs.ch\\\/de\\\/shop\\\/\"},{\"@type\":\"ListItem\",\"position\":3,\"name\":\"Elektrischer Roller H20 &#8211; 350 Watt\"}]},{\"@type\":\"WebSite\",\"@id\":\"https:\\\/\\\/epiqs.ch\\\/#website\",\"url\":\"https:\\\/\\\/epiqs.ch\\\/\",\"name\":\"EPIQS SA\",\"description\":\"Vente de scooters \u00e9lectriques\",\"publisher\":{\"@id\":\"https:\\\/\\\/epiqs.ch\\\/#organization\"},\"alternateName\":\"EPIQS\",\"potentialAction\":[{\"@type\":\"SearchAction\",\"target\":{\"@type\":\"EntryPoint\",\"urlTemplate\":\"https:\\\/\\\/epiqs.ch\\\/?s={search_term_string}\"},\"query-input\":{\"@type\":\"PropertyValueSpecification\",\"valueRequired\":true,\"valueName\":\"search_term_string\"}}],\"inLanguage\":\"de\"},{\"@type\":\"Organization\",\"@id\":\"https:\\\/\\\/epiqs.ch\\\/#organization\",\"name\":\"EPIQS SA\",\"alternateName\":\"EPIQS\",\"url\":\"https:\\\/\\\/epiqs.ch\\\/\",\"logo\":{\"@type\":\"ImageObject\",\"inLanguage\":\"de\",\"@id\":\"https:\\\/\\\/epiqs.ch\\\/#\\\/schema\\\/logo\\\/image\\\/\",\"url\":\"https:\\\/\\\/epiqs.ch\\\/wp-content\\\/uploads\\\/2021\\\/03\\\/logo.svg\",\"contentUrl\":\"https:\\\/\\\/epiqs.ch\\\/wp-content\\\/uploads\\\/2021\\\/03\\\/logo.svg\",\"width\":399.77,\"height\":161.68,\"caption\":\"EPIQS SA\"},\"image\":{\"@id\":\"https:\\\/\\\/epiqs.ch\\\/#\\\/schema\\\/logo\\\/image\\\/\"},\"sameAs\":[\"https:\\\/\\\/www.facebook.com\\\/EPIQSSA\"]}]}<\/script>\n<!-- \/ Yoast SEO plugin. -->","yoast_head_json":{"title":"Elektrischer Roller H20 - 350 Watt - EPIQS SA","description":"Mit dem elektrischen Tretroller PXID H20 bewegen Sie sich dank seiner Spitzengeschwindigkeit von 20 km\/h fl\u00fcssig und schnell fort.","robots":{"index":"index","follow":"follow","max-snippet":"max-snippet:-1","max-image-preview":"max-image-preview:large","max-video-preview":"max-video-preview:-1"},"canonical":"https:\/\/epiqs.ch\/de\/produit\/elektro-roller-h20\/","og_locale":"de_DE","og_type":"article","og_title":"Elektrischer Roller H20 - 350 Watt - EPIQS SA","og_description":"Mit dem elektrischen Tretroller PXID H20 bewegen Sie sich dank seiner Spitzengeschwindigkeit von 20 km\/h fl\u00fcssig und schnell fort.","og_url":"https:\/\/epiqs.ch\/de\/produit\/elektro-roller-h20\/","og_site_name":"EPIQS SA","article_publisher":"https:\/\/www.facebook.com\/EPIQSSA","article_modified_time":"2023-02-06T10:25:00+00:00","og_image":[{"width":800,"height":800,"url":"https:\/\/epiqs.ch\/wp-content\/uploads\/2022\/01\/PXID_H20_350W.jpg","type":"image\/jpeg"}],"twitter_card":"summary_large_image","twitter_misc":{"Gesch\u00e4tzte Lesezeit":"2\u00a0Minuten"},"schema":{"@context":"https:\/\/schema.org","@graph":[{"@type":"WebPage","@id":"https:\/\/epiqs.ch\/de\/produit\/elektro-roller-h20\/","url":"https:\/\/epiqs.ch\/de\/produit\/elektro-roller-h20\/","name":"Elektrischer Roller H20 - 350 Watt - EPIQS SA","isPartOf":{"@id":"https:\/\/epiqs.ch\/#website"},"primaryImageOfPage":{"@id":"https:\/\/epiqs.ch\/de\/produit\/elektro-roller-h20\/#primaryimage"},"image":{"@id":"https:\/\/epiqs.ch\/de\/produit\/elektro-roller-h20\/#primaryimage"},"thumbnailUrl":"https:\/\/epiqs.ch\/wp-content\/uploads\/2022\/01\/PXID_H20_350W.jpg","datePublished":"2022-01-06T14:55:41+00:00","dateModified":"2023-02-06T10:25:00+00:00","description":"Mit dem elektrischen Tretroller PXID H20 bewegen Sie sich dank seiner Spitzengeschwindigkeit von 20 km\/h fl\u00fcssig und schnell fort.","breadcrumb":{"@id":"https:\/\/epiqs.ch\/de\/produit\/elektro-roller-h20\/#breadcrumb"},"inLanguage":"de","potentialAction":[{"@type":"ReadAction","target":["https:\/\/epiqs.ch\/de\/produit\/elektro-roller-h20\/"]}]},{"@type":"ImageObject","inLanguage":"de","@id":"https:\/\/epiqs.ch\/de\/produit\/elektro-roller-h20\/#primaryimage","url":"https:\/\/epiqs.ch\/wp-content\/uploads\/2022\/01\/PXID_H20_350W.jpg","contentUrl":"https:\/\/epiqs.ch\/wp-content\/uploads\/2022\/01\/PXID_H20_350W.jpg","width":800,"height":800},{"@type":"BreadcrumbList","@id":"https:\/\/epiqs.ch\/de\/produit\/elektro-roller-h20\/#breadcrumb","itemListElement":[{"@type":"ListItem","position":1,"name":"Accueil","item":"https:\/\/epiqs.ch\/de\/"},{"@type":"ListItem","position":2,"name":"Shop","item":"https:\/\/epiqs.ch\/de\/shop\/"},{"@type":"ListItem","position":3,"name":"Elektrischer Roller H20 &#8211; 350 Watt"}]},{"@type":"WebSite","@id":"https:\/\/epiqs.ch\/#website","url":"https:\/\/epiqs.ch\/","name":"EPIQS SA","description":"Vente de scooters \u00e9lectriques","publisher":{"@id":"https:\/\/epiqs.ch\/#organization"},"alternateName":"EPIQS","potentialAction":[{"@type":"SearchAction","target":{"@type":"EntryPoint","urlTemplate":"https:\/\/epiqs.ch\/?s={search_term_string}"},"query-input":{"@type":"PropertyValueSpecification","valueRequired":true,"valueName":"search_term_string"}}],"inLanguage":"de"},{"@type":"Organization","@id":"https:\/\/epiqs.ch\/#organization","name":"EPIQS SA","alternateName":"EPIQS","url":"https:\/\/epiqs.ch\/","logo":{"@type":"ImageObject","inLanguage":"de","@id":"https:\/\/epiqs.ch\/#\/schema\/logo\/image\/","url":"https:\/\/epiqs.ch\/wp-content\/uploads\/2021\/03\/logo.svg","contentUrl":"https:\/\/epiqs.ch\/wp-content\/uploads\/2021\/03\/logo.svg","width":399.77,"height":161.68,"caption":"EPIQS SA"},"image":{"@id":"https:\/\/epiqs.ch\/#\/schema\/logo\/image\/"},"sameAs":["https:\/\/www.facebook.com\/EPIQSSA"]}]}},"_links":{"self":[{"href":"https:\/\/epiqs.ch\/de\/wp-json\/wp\/v2\/product\/2576","targetHints":{"allow":["GET"]}}],"collection":[{"href":"https:\/\/epiqs.ch\/de\/wp-json\/wp\/v2\/product"}],"about":[{"href":"https:\/\/epiqs.ch\/de\/wp-json\/wp\/v2\/types\/product"}],"wp:featuredmedia":[{"embeddable":true,"href":"https:\/\/epiqs.ch\/de\/wp-json\/wp\/v2\/media\/2403"}],"wp:attachment":[{"href":"https:\/\/epiqs.ch\/de\/wp-json\/wp\/v2\/media?parent=2576"}],"wp:term":[{"taxonomy":"product_brand","embeddable":true,"href":"https:\/\/epiqs.ch\/de\/wp-json\/wp\/v2\/product_brand?post=2576"},{"taxonomy":"product_cat","embeddable":true,"href":"https:\/\/epiqs.ch\/de\/wp-json\/wp\/v2\/product_cat?post=2576"},{"taxonomy":"product_tag","embeddable":true,"href":"https:\/\/epiqs.ch\/de\/wp-json\/wp\/v2\/product_tag?post=2576"}],"curies":[{"name":"wp","href":"https:\/\/api.w.org\/{rel}","templated":true}]}}