{"id":2575,"date":"2021-05-30T20:49:50","date_gmt":"2021-05-30T18:49:50","guid":{"rendered":"https:\/\/epiqs.ch\/produit\/kids-trial-t12\/"},"modified":"2024-11-23T23:38:22","modified_gmt":"2024-11-23T22:38:22","slug":"muvi-kids-trial","status":"publish","type":"product","link":"https:\/\/epiqs.ch\/de\/produit\/muvi-kids-trial\/","title":{"rendered":"Kids &#8211; Trial T12"},"content":{"rendered":"<div class=\"\" data-block=\"true\" data-editor=\"fc84u\" data-offset-key=\"b45gk-0-0\">\n<div class=\"public-DraftStyleDefault-block public-DraftStyleDefault-ltr\" data-offset-key=\"b45gk-0-0\"><strong>EIN RICHTIGES ELEKTROMOTORRAD F\u00dcR KINDER<\/strong><\/div>\n<\/div>\n<div class=\"\" data-block=\"true\" data-editor=\"fc84u\" data-offset-key=\"e7qv1-0-0\">\n<div class=\"public-DraftStyleDefault-block public-DraftStyleDefault-ltr\" data-offset-key=\"e7qv1-0-0\"><span data-offset-key=\"e7qv1-0-0\"> <\/span><\/div>\n<\/div>\n<div class=\"\" data-block=\"true\" data-editor=\"fc84u\" data-offset-key=\"5pai9-0-0\">\n<div class=\"public-DraftStyleDefault-block public-DraftStyleDefault-ltr\" data-offset-key=\"5pai9-0-0\"><span data-offset-key=\"5pai9-0-0\">Das T12 ist ein echtes Trial-Motorrad f\u00fcr Kinder zwischen 6 und 9 Jahren. Es ist mit speziellen Reifen ausgestattet und hat keinen Sitz, wie es bei einem echten Trial-Motorrad der Fall ist. Es ist kein Spielzeug, sondern ein echtes Elektromotorrad, das speziell f\u00fcr das Erlernen des Fahrens entwickelt wurde.  <\/span><\/div>\n<\/div>\n<div class=\"\" data-block=\"true\" data-editor=\"fc84u\" data-offset-key=\"6r2ao-0-0\">\n<div class=\"public-DraftStyleDefault-block public-DraftStyleDefault-ltr\" data-offset-key=\"6r2ao-0-0\"><span data-offset-key=\"6r2ao-0-0\"> <\/span><\/div>\n<\/div>\n<div class=\"\" data-block=\"true\" data-editor=\"fc84u\" data-offset-key=\"62bvb-0-0\">\n<div class=\"public-DraftStyleDefault-block public-DraftStyleDefault-ltr\" data-offset-key=\"62bvb-0-0\"><span data-offset-key=\"62bvb-0-0\">Das Motorrad ist einstellbar und kann mit einer App \u00fcber Smartphone (iOS und Android) einfach eingestellt werden, sodass die Leistung an das jeweilige Niveau des Nutzers angepasst werden kann.<\/span><\/div>\n<\/div>\n<div class=\"\" data-block=\"true\" data-editor=\"fc84u\" data-offset-key=\"238h1-0-0\">\n<div class=\"public-DraftStyleDefault-block public-DraftStyleDefault-ltr\" data-offset-key=\"238h1-0-0\"><span data-offset-key=\"238h1-0-0\"> <\/span><\/div>\n<\/div>\n<div class=\"\" data-block=\"true\" data-editor=\"fc84u\" data-offset-key=\"c4cbc-0-0\">\n<div class=\"public-DraftStyleDefault-block public-DraftStyleDefault-ltr\" data-offset-key=\"c4cbc-0-0\"><span data-offset-key=\"c4cbc-0-0\">Kein L\u00e4rm, kein Geruch, keine brennbaren Fl\u00fcssigkeiten, keine Verbrennungsgefahr &#8211; dieses Motorrad der spanischen Marke TORROT ist ein ideales Fahrzeug f\u00fcr aufstrebende Rennfahrer.<\/span><\/div>\n<\/div>\n<div class=\"\" data-block=\"true\" data-editor=\"fc84u\" data-offset-key=\"9c91d-0-0\">\n<div class=\"public-DraftStyleDefault-block public-DraftStyleDefault-ltr\" data-offset-key=\"9c91d-0-0\"><span data-offset-key=\"9c91d-0-0\"> <\/span><\/div>\n<\/div>\n<div class=\"\" data-block=\"true\" data-editor=\"fc84u\" data-offset-key=\"2b6bh-0-0\">\n<div class=\"public-DraftStyleDefault-block public-DraftStyleDefault-ltr\" data-offset-key=\"2b6bh-0-0\"><span data-offset-key=\"2b6bh-0-0\">Das T12 ist ein Elektromotorrad, das f\u00fcr den Einsatz auf Rennstrecken oder auf privatem Gel\u00e4nde bestimmt ist, aber nicht auf \u00f6ffentlichen Stra\u00dfen fahren darf.<\/span><\/div>\n<\/div>\n<div class=\"\" data-block=\"true\" data-editor=\"fc84u\" data-offset-key=\"5ac6r-0-0\">\n<div class=\"public-DraftStyleDefault-block public-DraftStyleDefault-ltr\" data-offset-key=\"5ac6r-0-0\"><span data-offset-key=\"5ac6r-0-0\"> <\/span><\/div>\n<\/div>\n<div class=\"\" data-block=\"true\" data-editor=\"fc84u\" data-offset-key=\"4t4bq-0-0\">\n<div class=\"public-DraftStyleDefault-block public-DraftStyleDefault-ltr\" data-offset-key=\"4t4bq-0-0\"><strong>100% IN EUROPA HERGESTELLT<\/strong><\/div>\n<\/div>\n<div class=\"\" data-block=\"true\" data-editor=\"fc84u\" data-offset-key=\"enjl9-0-0\">\n<div class=\"public-DraftStyleDefault-block public-DraftStyleDefault-ltr\" data-offset-key=\"enjl9-0-0\"><span data-offset-key=\"enjl9-0-0\"> <\/span><\/div>\n<\/div>\n<div class=\"\" data-block=\"true\" data-editor=\"fc84u\" data-offset-key=\"3b23r-0-0\">\n<div class=\"public-DraftStyleDefault-block public-DraftStyleDefault-ltr\" data-offset-key=\"3b23r-0-0\"><span data-offset-key=\"3b23r-0-0\">Wie alle anderen Torrot-Produkte wird auch das Elektromotorrad T12 Kids in Spanien hergestellt und garantiert so eine Qualit\u00e4t, die den europ\u00e4ischen Standards entspricht.<\/span><\/div>\n<\/div>\n<div class=\"\" data-block=\"true\" data-editor=\"fc84u\" data-offset-key=\"au8lm-0-0\">\n<div class=\"public-DraftStyleDefault-block public-DraftStyleDefault-ltr\" data-offset-key=\"au8lm-0-0\"><span data-offset-key=\"au8lm-0-0\"> <\/span><\/div>\n<\/div>\n<div class=\"\" data-block=\"true\" data-editor=\"fc84u\" data-offset-key=\"fc4de-0-0\">\n<div class=\"public-DraftStyleDefault-block public-DraftStyleDefault-ltr\" data-offset-key=\"fc4de-0-0\"><strong>SILENCIEUSE<\/strong><\/div>\n<\/div>\n<div class=\"\" data-block=\"true\" data-editor=\"fc84u\" data-offset-key=\"99ff3-0-0\">\n<div class=\"public-DraftStyleDefault-block public-DraftStyleDefault-ltr\" data-offset-key=\"99ff3-0-0\"><span data-offset-key=\"99ff3-0-0\"> <\/span><\/div>\n<\/div>\n<div class=\"\" data-block=\"true\" data-editor=\"fc84u\" data-offset-key=\"fck3t-0-0\">\n<div class=\"public-DraftStyleDefault-block public-DraftStyleDefault-ltr\" data-offset-key=\"fck3t-0-0\"><span data-offset-key=\"fck3t-0-0\">Mit den KIDS-Motorr\u00e4dern fahren die Kinder fast ger\u00e4uschlos durch die ganze Strecke. Das bedeutet, dass es keine Beschwerden von Nachbarn, F\u00f6rstern, J\u00e4gern oder anderen Personen aufgrund des hohen L\u00e4rms der Verbrennungsmotoren gibt.<\/span><\/div>\n<\/div>\n<div class=\"\" data-block=\"true\" data-editor=\"fc84u\" data-offset-key=\"asi55-0-0\">\n<div class=\"public-DraftStyleDefault-block public-DraftStyleDefault-ltr\" data-offset-key=\"asi55-0-0\"><span data-offset-key=\"asi55-0-0\"> <\/span><\/div>\n<\/div>\n<div class=\"\" data-block=\"true\" data-editor=\"fc84u\" data-offset-key=\"3inue-0-0\">\n<div class=\"public-DraftStyleDefault-block public-DraftStyleDefault-ltr\" data-offset-key=\"3inue-0-0\"><strong>KONFIGURIERBARER MOTORPARAMETER<\/strong><\/div>\n<\/div>\n<div class=\"\" data-block=\"true\" data-editor=\"fc84u\" data-offset-key=\"e47gu-0-0\">\n<div class=\"public-DraftStyleDefault-block public-DraftStyleDefault-ltr\" data-offset-key=\"e47gu-0-0\"><span data-offset-key=\"e47gu-0-0\"> <\/span><\/div>\n<\/div>\n<div class=\"\" data-block=\"true\" data-editor=\"fc84u\" data-offset-key=\"cbigm-0-0\">\n<div class=\"public-DraftStyleDefault-block public-DraftStyleDefault-ltr\" data-offset-key=\"cbigm-0-0\"><span data-offset-key=\"cbigm-0-0\">Die Motorparameter sind konfigurierbar, sodass die Leistung des Motorrads an die F\u00e4higkeiten jedes Kindes und seine Entwicklung im Laufe des Lernprozesses angepasst werden kann. Mit einem USB-Kabel und der KIDS-Software (beides im Lieferumfang enthalten) k\u00f6nnen Sie die folgenden vier Parameter stufenlos einstellen: H\u00f6chstgeschwindigkeit, H\u00f6chstleistung, Gaspedal-Empfindlichkeit und Regeneration (Motorbremse).<\/span><\/div>\n<\/div>\n<div class=\"\" data-block=\"true\" data-editor=\"fc84u\" data-offset-key=\"9374f-0-0\">\n<div class=\"public-DraftStyleDefault-block public-DraftStyleDefault-ltr\" data-offset-key=\"9374f-0-0\"><span data-offset-key=\"9374f-0-0\"> <\/span><\/div>\n<\/div>\n<div class=\"\" data-block=\"true\" data-editor=\"fc84u\" data-offset-key=\"2og8a-0-0\">\n<div class=\"public-DraftStyleDefault-block public-DraftStyleDefault-ltr\" data-offset-key=\"2og8a-0-0\"><strong>DIE KIDS-APP<\/strong><\/div>\n<\/div>\n<div class=\"\" data-block=\"true\" data-editor=\"fc84u\" data-offset-key=\"62d09-0-0\">\n<div class=\"public-DraftStyleDefault-block public-DraftStyleDefault-ltr\" data-offset-key=\"62d09-0-0\"><span data-offset-key=\"62d09-0-0\"> <\/span><\/div>\n<\/div>\n<div class=\"\" data-block=\"true\" data-editor=\"fc84u\" data-offset-key=\"f07jl-0-0\">\n<div class=\"public-DraftStyleDefault-block public-DraftStyleDefault-ltr\" data-offset-key=\"f07jl-0-0\"><span data-offset-key=\"f07jl-0-0\">Eine bequemere Art, die Einstellung des Motorcontrollers des KIDS-Motorrads vorzunehmen, ist die Fernsteuerung direkt von Ihrem Smartphone aus mit der kostenlos erh\u00e4ltlichen KIDS-App (iOS \/ Android).<\/span><\/div>\n<\/div>\n<div class=\"\" data-block=\"true\" data-editor=\"fc84u\" data-offset-key=\"9gb32-0-0\">\n<div class=\"public-DraftStyleDefault-block public-DraftStyleDefault-ltr\" data-offset-key=\"9gb32-0-0\"><span data-offset-key=\"9gb32-0-0\"> <\/span><\/div>\n<\/div>\n<div class=\"\" data-block=\"true\" data-editor=\"fc84u\" data-offset-key=\"1e3c2-0-0\">\n<div class=\"public-DraftStyleDefault-block public-DraftStyleDefault-ltr\" data-offset-key=\"1e3c2-0-0\"><strong>QUALIT\u00c4T<\/strong><\/div>\n<\/div>\n<div class=\"\" data-block=\"true\" data-editor=\"fc84u\" data-offset-key=\"51p0-0-0\">\n<div class=\"public-DraftStyleDefault-block public-DraftStyleDefault-ltr\" data-offset-key=\"51p0-0-0\"><span data-offset-key=\"51p0-0-0\"> <\/span><\/div>\n<\/div>\n<div class=\"\" data-block=\"true\" data-editor=\"fc84u\" data-offset-key=\"d71r9-0-0\">\n<div class=\"public-DraftStyleDefault-block public-DraftStyleDefault-ltr\" data-offset-key=\"d71r9-0-0\"><span data-offset-key=\"d71r9-0-0\">Bei der Herstellung dieses elektrischen Motorrads f\u00fcr Kinder werden hochwertige Materialien und Komponenten verwendet, die mit denen der Motorr\u00e4der f\u00fcr Erwachsene identisch sind.  <\/span><\/div>\n<\/div>\n","protected":false},"excerpt":{"rendered":"<p>EIN RICHTIGES ELEKTROMOTORRAD F\u00dcR KINDER Das T12 ist ein echtes Trial-Motorrad f\u00fcr Kinder zwischen 6 und 9 Jahren. Es ist mit speziellen Reifen ausgestattet und hat keinen Sitz, wie es bei einem echten Trial-Motorrad der Fall ist. Es ist kein Spielzeug, sondern ein echtes Elektromotorrad, das speziell f\u00fcr das Erlernen des Fahrens entwickelt wurde. Das [&hellip;]<\/p>\n","protected":false},"featured_media":2364,"template":"","meta":{"_acf_changed":false},"product_brand":[],"product_cat":[88],"product_tag":[],"class_list":{"0":"post-2575","1":"product","2":"type-product","3":"status-publish","4":"has-post-thumbnail","6":"product_cat-elektroroller","8":"first","9":"instock","10":"taxable","11":"shipping-taxable","12":"purchasable","13":"product-type-simple"},"acf":[],"yoast_head":"<!-- This site is optimized with the Yoast SEO plugin v27.3 - https:\/\/yoast.com\/product\/yoast-seo-wordpress\/ -->\n<title>Kids - Trial T12 - EPIQS SA<\/title>\n<meta name=\"robots\" content=\"index, follow, max-snippet:-1, max-image-preview:large, max-video-preview:-1\" \/>\n<link rel=\"canonical\" href=\"https:\/\/epiqs.ch\/de\/produit\/muvi-kids-trial\/\" \/>\n<meta property=\"og:locale\" content=\"de_DE\" \/>\n<meta property=\"og:type\" content=\"article\" \/>\n<meta property=\"og:title\" content=\"Kids - Trial T12 - EPIQS SA\" \/>\n<meta property=\"og:description\" content=\"EIN RICHTIGES ELEKTROMOTORRAD F\u00dcR KINDER Das T12 ist ein echtes Trial-Motorrad f\u00fcr Kinder zwischen 6 und 9 Jahren. Es ist mit speziellen Reifen ausgestattet und hat keinen Sitz, wie es bei einem echten Trial-Motorrad der Fall ist. Es ist kein Spielzeug, sondern ein echtes Elektromotorrad, das speziell f\u00fcr das Erlernen des Fahrens entwickelt wurde. Das [&hellip;]\" \/>\n<meta property=\"og:url\" content=\"https:\/\/epiqs.ch\/de\/produit\/muvi-kids-trial\/\" \/>\n<meta property=\"og:site_name\" content=\"EPIQS SA\" \/>\n<meta property=\"article:publisher\" content=\"https:\/\/www.facebook.com\/EPIQSSA\" \/>\n<meta property=\"article:modified_time\" content=\"2024-11-23T22:38:22+00:00\" \/>\n<meta property=\"og:image\" content=\"https:\/\/epiqs.ch\/wp-content\/uploads\/2021\/05\/Torrot_Kids_T12_1.jpg\" \/>\n\t<meta property=\"og:image:width\" content=\"1030\" \/>\n\t<meta property=\"og:image:height\" content=\"687\" \/>\n\t<meta property=\"og:image:type\" content=\"image\/jpeg\" \/>\n<meta name=\"twitter:card\" content=\"summary_large_image\" \/>\n<meta name=\"twitter:label1\" content=\"Gesch\u00e4tzte Lesezeit\" \/>\n\t<meta name=\"twitter:data1\" content=\"2\u00a0Minuten\" \/>\n<script type=\"application\/ld+json\" class=\"yoast-schema-graph\">{\"@context\":\"https:\\\/\\\/schema.org\",\"@graph\":[{\"@type\":\"WebPage\",\"@id\":\"https:\\\/\\\/epiqs.ch\\\/de\\\/produit\\\/muvi-kids-trial\\\/\",\"url\":\"https:\\\/\\\/epiqs.ch\\\/de\\\/produit\\\/muvi-kids-trial\\\/\",\"name\":\"Kids - Trial T12 - EPIQS SA\",\"isPartOf\":{\"@id\":\"https:\\\/\\\/epiqs.ch\\\/#website\"},\"primaryImageOfPage\":{\"@id\":\"https:\\\/\\\/epiqs.ch\\\/de\\\/produit\\\/muvi-kids-trial\\\/#primaryimage\"},\"image\":{\"@id\":\"https:\\\/\\\/epiqs.ch\\\/de\\\/produit\\\/muvi-kids-trial\\\/#primaryimage\"},\"thumbnailUrl\":\"https:\\\/\\\/epiqs.ch\\\/wp-content\\\/uploads\\\/2021\\\/05\\\/Torrot_Kids_T12_1.jpg\",\"datePublished\":\"2021-05-30T18:49:50+00:00\",\"dateModified\":\"2024-11-23T22:38:22+00:00\",\"breadcrumb\":{\"@id\":\"https:\\\/\\\/epiqs.ch\\\/de\\\/produit\\\/muvi-kids-trial\\\/#breadcrumb\"},\"inLanguage\":\"de\",\"potentialAction\":[{\"@type\":\"ReadAction\",\"target\":[\"https:\\\/\\\/epiqs.ch\\\/de\\\/produit\\\/muvi-kids-trial\\\/\"]}]},{\"@type\":\"ImageObject\",\"inLanguage\":\"de\",\"@id\":\"https:\\\/\\\/epiqs.ch\\\/de\\\/produit\\\/muvi-kids-trial\\\/#primaryimage\",\"url\":\"https:\\\/\\\/epiqs.ch\\\/wp-content\\\/uploads\\\/2021\\\/05\\\/Torrot_Kids_T12_1.jpg\",\"contentUrl\":\"https:\\\/\\\/epiqs.ch\\\/wp-content\\\/uploads\\\/2021\\\/05\\\/Torrot_Kids_T12_1.jpg\",\"width\":1030,\"height\":687},{\"@type\":\"BreadcrumbList\",\"@id\":\"https:\\\/\\\/epiqs.ch\\\/de\\\/produit\\\/muvi-kids-trial\\\/#breadcrumb\",\"itemListElement\":[{\"@type\":\"ListItem\",\"position\":1,\"name\":\"Accueil\",\"item\":\"https:\\\/\\\/epiqs.ch\\\/de\\\/\"},{\"@type\":\"ListItem\",\"position\":2,\"name\":\"Shop\",\"item\":\"https:\\\/\\\/epiqs.ch\\\/de\\\/shop\\\/\"},{\"@type\":\"ListItem\",\"position\":3,\"name\":\"Kids &#8211; Trial T12\"}]},{\"@type\":\"WebSite\",\"@id\":\"https:\\\/\\\/epiqs.ch\\\/#website\",\"url\":\"https:\\\/\\\/epiqs.ch\\\/\",\"name\":\"EPIQS SA\",\"description\":\"Vente de scooters \u00e9lectriques\",\"publisher\":{\"@id\":\"https:\\\/\\\/epiqs.ch\\\/#organization\"},\"alternateName\":\"EPIQS\",\"potentialAction\":[{\"@type\":\"SearchAction\",\"target\":{\"@type\":\"EntryPoint\",\"urlTemplate\":\"https:\\\/\\\/epiqs.ch\\\/?s={search_term_string}\"},\"query-input\":{\"@type\":\"PropertyValueSpecification\",\"valueRequired\":true,\"valueName\":\"search_term_string\"}}],\"inLanguage\":\"de\"},{\"@type\":\"Organization\",\"@id\":\"https:\\\/\\\/epiqs.ch\\\/#organization\",\"name\":\"EPIQS SA\",\"alternateName\":\"EPIQS\",\"url\":\"https:\\\/\\\/epiqs.ch\\\/\",\"logo\":{\"@type\":\"ImageObject\",\"inLanguage\":\"de\",\"@id\":\"https:\\\/\\\/epiqs.ch\\\/#\\\/schema\\\/logo\\\/image\\\/\",\"url\":\"https:\\\/\\\/epiqs.ch\\\/wp-content\\\/uploads\\\/2021\\\/03\\\/logo.svg\",\"contentUrl\":\"https:\\\/\\\/epiqs.ch\\\/wp-content\\\/uploads\\\/2021\\\/03\\\/logo.svg\",\"width\":399.77,\"height\":161.68,\"caption\":\"EPIQS SA\"},\"image\":{\"@id\":\"https:\\\/\\\/epiqs.ch\\\/#\\\/schema\\\/logo\\\/image\\\/\"},\"sameAs\":[\"https:\\\/\\\/www.facebook.com\\\/EPIQSSA\"]}]}<\/script>\n<!-- \/ Yoast SEO plugin. -->","yoast_head_json":{"title":"Kids - Trial T12 - EPIQS SA","robots":{"index":"index","follow":"follow","max-snippet":"max-snippet:-1","max-image-preview":"max-image-preview:large","max-video-preview":"max-video-preview:-1"},"canonical":"https:\/\/epiqs.ch\/de\/produit\/muvi-kids-trial\/","og_locale":"de_DE","og_type":"article","og_title":"Kids - Trial T12 - EPIQS SA","og_description":"EIN RICHTIGES ELEKTROMOTORRAD F\u00dcR KINDER Das T12 ist ein echtes Trial-Motorrad f\u00fcr Kinder zwischen 6 und 9 Jahren. Es ist mit speziellen Reifen ausgestattet und hat keinen Sitz, wie es bei einem echten Trial-Motorrad der Fall ist. Es ist kein Spielzeug, sondern ein echtes Elektromotorrad, das speziell f\u00fcr das Erlernen des Fahrens entwickelt wurde. Das [&hellip;]","og_url":"https:\/\/epiqs.ch\/de\/produit\/muvi-kids-trial\/","og_site_name":"EPIQS SA","article_publisher":"https:\/\/www.facebook.com\/EPIQSSA","article_modified_time":"2024-11-23T22:38:22+00:00","og_image":[{"width":1030,"height":687,"url":"https:\/\/epiqs.ch\/wp-content\/uploads\/2021\/05\/Torrot_Kids_T12_1.jpg","type":"image\/jpeg"}],"twitter_card":"summary_large_image","twitter_misc":{"Gesch\u00e4tzte Lesezeit":"2\u00a0Minuten"},"schema":{"@context":"https:\/\/schema.org","@graph":[{"@type":"WebPage","@id":"https:\/\/epiqs.ch\/de\/produit\/muvi-kids-trial\/","url":"https:\/\/epiqs.ch\/de\/produit\/muvi-kids-trial\/","name":"Kids - Trial T12 - EPIQS SA","isPartOf":{"@id":"https:\/\/epiqs.ch\/#website"},"primaryImageOfPage":{"@id":"https:\/\/epiqs.ch\/de\/produit\/muvi-kids-trial\/#primaryimage"},"image":{"@id":"https:\/\/epiqs.ch\/de\/produit\/muvi-kids-trial\/#primaryimage"},"thumbnailUrl":"https:\/\/epiqs.ch\/wp-content\/uploads\/2021\/05\/Torrot_Kids_T12_1.jpg","datePublished":"2021-05-30T18:49:50+00:00","dateModified":"2024-11-23T22:38:22+00:00","breadcrumb":{"@id":"https:\/\/epiqs.ch\/de\/produit\/muvi-kids-trial\/#breadcrumb"},"inLanguage":"de","potentialAction":[{"@type":"ReadAction","target":["https:\/\/epiqs.ch\/de\/produit\/muvi-kids-trial\/"]}]},{"@type":"ImageObject","inLanguage":"de","@id":"https:\/\/epiqs.ch\/de\/produit\/muvi-kids-trial\/#primaryimage","url":"https:\/\/epiqs.ch\/wp-content\/uploads\/2021\/05\/Torrot_Kids_T12_1.jpg","contentUrl":"https:\/\/epiqs.ch\/wp-content\/uploads\/2021\/05\/Torrot_Kids_T12_1.jpg","width":1030,"height":687},{"@type":"BreadcrumbList","@id":"https:\/\/epiqs.ch\/de\/produit\/muvi-kids-trial\/#breadcrumb","itemListElement":[{"@type":"ListItem","position":1,"name":"Accueil","item":"https:\/\/epiqs.ch\/de\/"},{"@type":"ListItem","position":2,"name":"Shop","item":"https:\/\/epiqs.ch\/de\/shop\/"},{"@type":"ListItem","position":3,"name":"Kids &#8211; Trial T12"}]},{"@type":"WebSite","@id":"https:\/\/epiqs.ch\/#website","url":"https:\/\/epiqs.ch\/","name":"EPIQS SA","description":"Vente de scooters \u00e9lectriques","publisher":{"@id":"https:\/\/epiqs.ch\/#organization"},"alternateName":"EPIQS","potentialAction":[{"@type":"SearchAction","target":{"@type":"EntryPoint","urlTemplate":"https:\/\/epiqs.ch\/?s={search_term_string}"},"query-input":{"@type":"PropertyValueSpecification","valueRequired":true,"valueName":"search_term_string"}}],"inLanguage":"de"},{"@type":"Organization","@id":"https:\/\/epiqs.ch\/#organization","name":"EPIQS SA","alternateName":"EPIQS","url":"https:\/\/epiqs.ch\/","logo":{"@type":"ImageObject","inLanguage":"de","@id":"https:\/\/epiqs.ch\/#\/schema\/logo\/image\/","url":"https:\/\/epiqs.ch\/wp-content\/uploads\/2021\/03\/logo.svg","contentUrl":"https:\/\/epiqs.ch\/wp-content\/uploads\/2021\/03\/logo.svg","width":399.77,"height":161.68,"caption":"EPIQS SA"},"image":{"@id":"https:\/\/epiqs.ch\/#\/schema\/logo\/image\/"},"sameAs":["https:\/\/www.facebook.com\/EPIQSSA"]}]}},"_links":{"self":[{"href":"https:\/\/epiqs.ch\/de\/wp-json\/wp\/v2\/product\/2575","targetHints":{"allow":["GET"]}}],"collection":[{"href":"https:\/\/epiqs.ch\/de\/wp-json\/wp\/v2\/product"}],"about":[{"href":"https:\/\/epiqs.ch\/de\/wp-json\/wp\/v2\/types\/product"}],"wp:featuredmedia":[{"embeddable":true,"href":"https:\/\/epiqs.ch\/de\/wp-json\/wp\/v2\/media\/2364"}],"wp:attachment":[{"href":"https:\/\/epiqs.ch\/de\/wp-json\/wp\/v2\/media?parent=2575"}],"wp:term":[{"taxonomy":"product_brand","embeddable":true,"href":"https:\/\/epiqs.ch\/de\/wp-json\/wp\/v2\/product_brand?post=2575"},{"taxonomy":"product_cat","embeddable":true,"href":"https:\/\/epiqs.ch\/de\/wp-json\/wp\/v2\/product_cat?post=2575"},{"taxonomy":"product_tag","embeddable":true,"href":"https:\/\/epiqs.ch\/de\/wp-json\/wp\/v2\/product_tag?post=2575"}],"curies":[{"name":"wp","href":"https:\/\/api.w.org\/{rel}","templated":true}]}}