{"id":2557,"date":"2021-05-07T14:36:17","date_gmt":"2021-05-07T12:36:17","guid":{"rendered":"https:\/\/epiqs.ch\/produit\/silence-s01\/"},"modified":"2024-12-01T23:00:32","modified_gmt":"2024-12-01T22:00:32","slug":"s01","status":"publish","type":"product","link":"https:\/\/epiqs.ch\/de\/produit\/s01\/","title":{"rendered":"Silence &#8211; S01"},"content":{"rendered":"<h3>Silence S01: Ein elektrischer Roller der Spitzenklasse<\/h3>\n<p>Der Elektroroller Silence S01 verk\u00f6rpert eine elegante Verschmelzung von technologischer Innovation und zeitgen\u00f6ssischem Design. Er bietet ein au\u00dfergew\u00f6hnliches urbanes Fahrerlebnis. Der Silence S01 wurde mit akribischer Liebe zum Detail entworfen und definiert die Elektromobilit\u00e4t neu. Es ist die perfekte Kombination aus Leistung, Haltbarkeit und \u00c4sthetik.<\/p>\n<p>Mit einem Elektromotor, der 7.000 Watt und bis zu 9.000 Watt Maximalleistung liefert, bietet der Silence S01 eine fl\u00fcssige und leise Beschleunigung, die L\u00e4rmbel\u00e4stigungen eliminiert. Der herausnehmbare Akku mit hoher Kapazit\u00e4t erm\u00f6glicht eine gro\u00dfz\u00fcgige Reichweite, was den S01 zur idealen Wahl f\u00fcr t\u00e4gliche Fahrten in der Stadt macht (100 km Reichweite). Ob auf dem Weg zur Arbeit, beim Einkaufen in der Stadt oder bei gem\u00fctlichen Spazierg\u00e4ngen &#8211; dieser Elektroroller garantiert ein kompromissloses Fahrerlebnis.<\/p>\n<p>Aus hochwertigen und langlebigen Materialien gefertigt, h\u00e4lt dieser Elektroroller dem Test der Zeit stand.<\/p>\n<h3>Durchdachtes Design<\/h3>\n<p>Das ergonomische Design des Silence S01 sorgt f\u00fcr optimalen Komfort f\u00fcr Fahrer und Beifahrer. Sein leichtes, aber robustes Fahrgestell wurde so konstruiert, dass es sich sicher durch den Stadtverkehr navigieren l\u00e4sst. Er bietet eine hervorragende Man\u00f6vrierf\u00e4higkeit. Der intuitive und moderne LCD-Bildschirm zeigt alle wichtigen Informationen wie Geschwindigkeit, Akkuladestand und Fahrmodi an.<\/p>\n<p>In puncto Sicherheit geht der Silence S01 keine Kompromisse ein. Er ist mit einem CBS-Bremssystem ausgestattet, das einen kurzen Anhalteweg garantiert. Dar\u00fcber hinaus sorgen die LED-Scheinwerfer f\u00fcr optimale Sicht bei Tag und Nacht und erh\u00f6hen so die Sicherheit des Fahrers und anderer Verkehrsteilnehmer.<\/p>\n<p>Der Raum unter dem Sitz bietet Stauraum f\u00fcr zwei Helme, au\u00dferdem k\u00f6nnen Sie Ihre Handtasche, Jacke, Eink\u00e4ufe und vieles mehr sicher verstauen.<\/p>\n<h3>Ein abnehmbarer Akku auf R\u00e4dern<\/h3>\n<p>Sie haben keine Garage, in der Sie Ihr Silence S01 aufladen k\u00f6nnen? Kein Problem, denn dank des herausnehmbaren Akkus auf Rollen k\u00f6nnen Sie den Akku problemlos herausnehmen und wie einen kleinen Rollkoffer zur n\u00e4chsten 220-Volt-Standardsteckdose ziehen.<\/p>\n<p>&nbsp;<\/p>\n<p>&nbsp;<\/p>\n","protected":false},"excerpt":{"rendered":"<p>Der Silence S01 ist ein leistungsstarker und hochwertiger Elektroroller. Dies ist der Elektroroller, der mit einer der besten Batterien ausgestattet ist, die derzeit auf dem Markt erh\u00e4ltlich sind: langlebig, austauschbar und transportabel. Es ist schnell, bis zu 95 km\/h, und bietet eine gro\u00dfe Reichweite von 100 km.<\/p>\n","protected":false},"featured_media":2295,"template":"","meta":{"_acf_changed":false},"product_brand":[],"product_cat":[88],"product_tag":[],"class_list":{"0":"post-2557","1":"product","2":"type-product","3":"status-publish","4":"has-post-thumbnail","6":"product_cat-elektroroller","7":"pa_couleur-schwarz","8":"pa_couleur-weis","10":"first","11":"instock","12":"taxable","13":"shipping-taxable","14":"purchasable","15":"product-type-variable"},"acf":[],"yoast_head":"<!-- This site is optimized with the Yoast SEO plugin v27.5 - https:\/\/yoast.com\/product\/yoast-seo-wordpress\/ -->\n<title>Silence - S01 - EPIQS SA<\/title>\n<meta name=\"description\" content=\"Der Silence S01 ist ein leistungsstarker und hochwertiger Elektroroller. Es erreicht eine Geschwindigkeit von 95 km\/h und bietet eine gro\u00dfe Reichweite von 100 km.\" \/>\n<meta name=\"robots\" content=\"index, follow, max-snippet:-1, max-image-preview:large, max-video-preview:-1\" \/>\n<link rel=\"canonical\" href=\"https:\/\/epiqs.ch\/de\/produit\/s01\/\" \/>\n<meta property=\"og:locale\" content=\"de_DE\" \/>\n<meta property=\"og:type\" content=\"article\" \/>\n<meta property=\"og:title\" content=\"Silence - S01 - EPIQS SA\" \/>\n<meta property=\"og:description\" content=\"Der Silence S01 ist ein leistungsstarker und hochwertiger Elektroroller. Es erreicht eine Geschwindigkeit von 95 km\/h und bietet eine gro\u00dfe Reichweite von 100 km.\" \/>\n<meta property=\"og:url\" content=\"https:\/\/epiqs.ch\/de\/produit\/s01\/\" \/>\n<meta property=\"og:site_name\" content=\"EPIQS SA\" \/>\n<meta property=\"article:publisher\" content=\"https:\/\/www.facebook.com\/EPIQSSA\" \/>\n<meta property=\"article:modified_time\" content=\"2024-12-01T22:00:32+00:00\" \/>\n<meta property=\"og:image\" content=\"https:\/\/epiqs.ch\/wp-content\/uploads\/2021\/05\/Silence_S01_Noir_1-1.png\" \/>\n\t<meta property=\"og:image:width\" content=\"800\" \/>\n\t<meta property=\"og:image:height\" content=\"600\" \/>\n\t<meta property=\"og:image:type\" content=\"image\/png\" \/>\n<meta name=\"twitter:card\" content=\"summary_large_image\" \/>\n<meta name=\"twitter:label1\" content=\"Gesch\u00e4tzte Lesezeit\" \/>\n\t<meta name=\"twitter:data1\" content=\"2\u00a0Minuten\" \/>\n<script type=\"application\/ld+json\" class=\"yoast-schema-graph\">{\"@context\":\"https:\\\/\\\/schema.org\",\"@graph\":[{\"@type\":\"WebPage\",\"@id\":\"https:\\\/\\\/epiqs.ch\\\/de\\\/produit\\\/s01\\\/\",\"url\":\"https:\\\/\\\/epiqs.ch\\\/de\\\/produit\\\/s01\\\/\",\"name\":\"Silence - S01 - EPIQS SA\",\"isPartOf\":{\"@id\":\"https:\\\/\\\/epiqs.ch\\\/#website\"},\"primaryImageOfPage\":{\"@id\":\"https:\\\/\\\/epiqs.ch\\\/de\\\/produit\\\/s01\\\/#primaryimage\"},\"image\":{\"@id\":\"https:\\\/\\\/epiqs.ch\\\/de\\\/produit\\\/s01\\\/#primaryimage\"},\"thumbnailUrl\":\"https:\\\/\\\/epiqs.ch\\\/wp-content\\\/uploads\\\/2021\\\/05\\\/Silence_S01_Noir_1-1.png\",\"datePublished\":\"2021-05-07T12:36:17+00:00\",\"dateModified\":\"2024-12-01T22:00:32+00:00\",\"description\":\"Der Silence S01 ist ein leistungsstarker und hochwertiger Elektroroller. Es erreicht eine Geschwindigkeit von 95 km\\\/h und bietet eine gro\u00dfe Reichweite von 100 km.\",\"breadcrumb\":{\"@id\":\"https:\\\/\\\/epiqs.ch\\\/de\\\/produit\\\/s01\\\/#breadcrumb\"},\"inLanguage\":\"de\",\"potentialAction\":[{\"@type\":\"ReadAction\",\"target\":[\"https:\\\/\\\/epiqs.ch\\\/de\\\/produit\\\/s01\\\/\"]}]},{\"@type\":\"ImageObject\",\"inLanguage\":\"de\",\"@id\":\"https:\\\/\\\/epiqs.ch\\\/de\\\/produit\\\/s01\\\/#primaryimage\",\"url\":\"https:\\\/\\\/epiqs.ch\\\/wp-content\\\/uploads\\\/2021\\\/05\\\/Silence_S01_Noir_1-1.png\",\"contentUrl\":\"https:\\\/\\\/epiqs.ch\\\/wp-content\\\/uploads\\\/2021\\\/05\\\/Silence_S01_Noir_1-1.png\",\"width\":800,\"height\":600,\"caption\":\"Scooter \u00e9lectrique Silence S01 - Noir - EPIQS SA\"},{\"@type\":\"BreadcrumbList\",\"@id\":\"https:\\\/\\\/epiqs.ch\\\/de\\\/produit\\\/s01\\\/#breadcrumb\",\"itemListElement\":[{\"@type\":\"ListItem\",\"position\":1,\"name\":\"Accueil\",\"item\":\"https:\\\/\\\/epiqs.ch\\\/de\\\/\"},{\"@type\":\"ListItem\",\"position\":2,\"name\":\"Shop\",\"item\":\"https:\\\/\\\/epiqs.ch\\\/de\\\/shop\\\/\"},{\"@type\":\"ListItem\",\"position\":3,\"name\":\"Silence &#8211; S01\"}]},{\"@type\":\"WebSite\",\"@id\":\"https:\\\/\\\/epiqs.ch\\\/#website\",\"url\":\"https:\\\/\\\/epiqs.ch\\\/\",\"name\":\"EPIQS SA\",\"description\":\"Vente de scooters \u00e9lectriques\",\"publisher\":{\"@id\":\"https:\\\/\\\/epiqs.ch\\\/#organization\"},\"alternateName\":\"EPIQS\",\"potentialAction\":[{\"@type\":\"SearchAction\",\"target\":{\"@type\":\"EntryPoint\",\"urlTemplate\":\"https:\\\/\\\/epiqs.ch\\\/?s={search_term_string}\"},\"query-input\":{\"@type\":\"PropertyValueSpecification\",\"valueRequired\":true,\"valueName\":\"search_term_string\"}}],\"inLanguage\":\"de\"},{\"@type\":\"Organization\",\"@id\":\"https:\\\/\\\/epiqs.ch\\\/#organization\",\"name\":\"EPIQS SA\",\"alternateName\":\"EPIQS\",\"url\":\"https:\\\/\\\/epiqs.ch\\\/\",\"logo\":{\"@type\":\"ImageObject\",\"inLanguage\":\"de\",\"@id\":\"https:\\\/\\\/epiqs.ch\\\/#\\\/schema\\\/logo\\\/image\\\/\",\"url\":\"https:\\\/\\\/epiqs.ch\\\/wp-content\\\/uploads\\\/2021\\\/03\\\/logo.svg\",\"contentUrl\":\"https:\\\/\\\/epiqs.ch\\\/wp-content\\\/uploads\\\/2021\\\/03\\\/logo.svg\",\"width\":399.77,\"height\":161.68,\"caption\":\"EPIQS SA\"},\"image\":{\"@id\":\"https:\\\/\\\/epiqs.ch\\\/#\\\/schema\\\/logo\\\/image\\\/\"},\"sameAs\":[\"https:\\\/\\\/www.facebook.com\\\/EPIQSSA\"]}]}<\/script>\n<!-- \/ Yoast SEO plugin. -->","yoast_head_json":{"title":"Silence - S01 - EPIQS SA","description":"Der Silence S01 ist ein leistungsstarker und hochwertiger Elektroroller. Es erreicht eine Geschwindigkeit von 95 km\/h und bietet eine gro\u00dfe Reichweite von 100 km.","robots":{"index":"index","follow":"follow","max-snippet":"max-snippet:-1","max-image-preview":"max-image-preview:large","max-video-preview":"max-video-preview:-1"},"canonical":"https:\/\/epiqs.ch\/de\/produit\/s01\/","og_locale":"de_DE","og_type":"article","og_title":"Silence - S01 - EPIQS SA","og_description":"Der Silence S01 ist ein leistungsstarker und hochwertiger Elektroroller. Es erreicht eine Geschwindigkeit von 95 km\/h und bietet eine gro\u00dfe Reichweite von 100 km.","og_url":"https:\/\/epiqs.ch\/de\/produit\/s01\/","og_site_name":"EPIQS SA","article_publisher":"https:\/\/www.facebook.com\/EPIQSSA","article_modified_time":"2024-12-01T22:00:32+00:00","og_image":[{"width":800,"height":600,"url":"https:\/\/epiqs.ch\/wp-content\/uploads\/2021\/05\/Silence_S01_Noir_1-1.png","type":"image\/png"}],"twitter_card":"summary_large_image","twitter_misc":{"Gesch\u00e4tzte Lesezeit":"2\u00a0Minuten"},"schema":{"@context":"https:\/\/schema.org","@graph":[{"@type":"WebPage","@id":"https:\/\/epiqs.ch\/de\/produit\/s01\/","url":"https:\/\/epiqs.ch\/de\/produit\/s01\/","name":"Silence - S01 - EPIQS SA","isPartOf":{"@id":"https:\/\/epiqs.ch\/#website"},"primaryImageOfPage":{"@id":"https:\/\/epiqs.ch\/de\/produit\/s01\/#primaryimage"},"image":{"@id":"https:\/\/epiqs.ch\/de\/produit\/s01\/#primaryimage"},"thumbnailUrl":"https:\/\/epiqs.ch\/wp-content\/uploads\/2021\/05\/Silence_S01_Noir_1-1.png","datePublished":"2021-05-07T12:36:17+00:00","dateModified":"2024-12-01T22:00:32+00:00","description":"Der Silence S01 ist ein leistungsstarker und hochwertiger Elektroroller. Es erreicht eine Geschwindigkeit von 95 km\/h und bietet eine gro\u00dfe Reichweite von 100 km.","breadcrumb":{"@id":"https:\/\/epiqs.ch\/de\/produit\/s01\/#breadcrumb"},"inLanguage":"de","potentialAction":[{"@type":"ReadAction","target":["https:\/\/epiqs.ch\/de\/produit\/s01\/"]}]},{"@type":"ImageObject","inLanguage":"de","@id":"https:\/\/epiqs.ch\/de\/produit\/s01\/#primaryimage","url":"https:\/\/epiqs.ch\/wp-content\/uploads\/2021\/05\/Silence_S01_Noir_1-1.png","contentUrl":"https:\/\/epiqs.ch\/wp-content\/uploads\/2021\/05\/Silence_S01_Noir_1-1.png","width":800,"height":600,"caption":"Scooter \u00e9lectrique Silence S01 - Noir - EPIQS SA"},{"@type":"BreadcrumbList","@id":"https:\/\/epiqs.ch\/de\/produit\/s01\/#breadcrumb","itemListElement":[{"@type":"ListItem","position":1,"name":"Accueil","item":"https:\/\/epiqs.ch\/de\/"},{"@type":"ListItem","position":2,"name":"Shop","item":"https:\/\/epiqs.ch\/de\/shop\/"},{"@type":"ListItem","position":3,"name":"Silence &#8211; S01"}]},{"@type":"WebSite","@id":"https:\/\/epiqs.ch\/#website","url":"https:\/\/epiqs.ch\/","name":"EPIQS SA","description":"Vente de scooters \u00e9lectriques","publisher":{"@id":"https:\/\/epiqs.ch\/#organization"},"alternateName":"EPIQS","potentialAction":[{"@type":"SearchAction","target":{"@type":"EntryPoint","urlTemplate":"https:\/\/epiqs.ch\/?s={search_term_string}"},"query-input":{"@type":"PropertyValueSpecification","valueRequired":true,"valueName":"search_term_string"}}],"inLanguage":"de"},{"@type":"Organization","@id":"https:\/\/epiqs.ch\/#organization","name":"EPIQS SA","alternateName":"EPIQS","url":"https:\/\/epiqs.ch\/","logo":{"@type":"ImageObject","inLanguage":"de","@id":"https:\/\/epiqs.ch\/#\/schema\/logo\/image\/","url":"https:\/\/epiqs.ch\/wp-content\/uploads\/2021\/03\/logo.svg","contentUrl":"https:\/\/epiqs.ch\/wp-content\/uploads\/2021\/03\/logo.svg","width":399.77,"height":161.68,"caption":"EPIQS SA"},"image":{"@id":"https:\/\/epiqs.ch\/#\/schema\/logo\/image\/"},"sameAs":["https:\/\/www.facebook.com\/EPIQSSA"]}]}},"_links":{"self":[{"href":"https:\/\/epiqs.ch\/de\/wp-json\/wp\/v2\/product\/2557","targetHints":{"allow":["GET"]}}],"collection":[{"href":"https:\/\/epiqs.ch\/de\/wp-json\/wp\/v2\/product"}],"about":[{"href":"https:\/\/epiqs.ch\/de\/wp-json\/wp\/v2\/types\/product"}],"wp:featuredmedia":[{"embeddable":true,"href":"https:\/\/epiqs.ch\/de\/wp-json\/wp\/v2\/media\/2295"}],"wp:attachment":[{"href":"https:\/\/epiqs.ch\/de\/wp-json\/wp\/v2\/media?parent=2557"}],"wp:term":[{"taxonomy":"product_brand","embeddable":true,"href":"https:\/\/epiqs.ch\/de\/wp-json\/wp\/v2\/product_brand?post=2557"},{"taxonomy":"product_cat","embeddable":true,"href":"https:\/\/epiqs.ch\/de\/wp-json\/wp\/v2\/product_cat?post=2557"},{"taxonomy":"product_tag","embeddable":true,"href":"https:\/\/epiqs.ch\/de\/wp-json\/wp\/v2\/product_tag?post=2557"}],"curies":[{"name":"wp","href":"https:\/\/api.w.org\/{rel}","templated":true}]}}