{"id":2535,"date":"2021-03-11T13:04:37","date_gmt":"2021-03-11T12:04:37","guid":{"rendered":"https:\/\/epiqs.ch\/produit\/set-aus-helm-und-handschuhen\/"},"modified":"2026-02-22T15:50:32","modified_gmt":"2026-02-22T14:50:32","slug":"helm-und-handschuhset","status":"publish","type":"product","link":"https:\/\/epiqs.ch\/de\/produit\/helm-und-handschuhset\/","title":{"rendered":"Set aus Helm und Handschuhen"},"content":{"rendered":"<h3>Set aus Helm und Handschuhen<\/h3>\n<p>F\u00fcr optimale Sicherheit und Komfort entscheiden Sie sich f\u00fcr dieses Set, das einen Helm und ein Paar Schutzhandschuhe enth\u00e4lt! Der Jethelm ist der ultimative Stadthelm. Mit seiner kompakten Form, dem verstellbaren Visier und den Bel\u00fcftungs\u00f6ffnungen ist dieser Helm der spanischen Marke Shiro perfekt f\u00fcr die t\u00e4glichen Fahrten in der Stadt geeignet. Er vereint Sicherheit (ECE 22-05-gepr\u00fcft), \u00c4sthetik und Komfort. Das Befestigungssystem mit Mikrometerschnalle erm\u00f6glicht ein sehr einfaches Anziehen und Anpassen. Das L\u00f6sen kann mit einer Hand erfolgen. Die Innenteile des Helms (Wangenschaum und Kopfbedeckung) sind leicht abnehmbar und waschbar.<\/p>\n<p>Diese Handschuhe aus Mikrofaser sch\u00fctzen Ihre H\u00e4nde und sorgen gleichzeitig f\u00fcr eine gute Handhabung. Sie sind ber\u00fchrungsempfindlich, sodass du dein Smartphone bedienen kannst, ohne sie herauszunehmen.<\/p>\n<p><a href=\"https:\/\/epiqs.ch\/de\/produit\/helm-jet-moto-scooter-schwarz-matt\/\">Hier k\u00f6nnen Sie nur den Kopfh\u00f6rer<\/a> kaufen.<\/p>\n","protected":false},"excerpt":{"rendered":"<p>F\u00fcr optimale Sicherheit und Komfort entscheiden Sie sich f\u00fcr dieses Set, das einen Helm und ein Paar Schutzhandschuhe enth\u00e4lt!<\/p>\n","protected":false},"featured_media":3100,"template":"","meta":{"_acf_changed":false},"product_brand":[],"product_cat":[78,77],"product_tag":[],"class_list":{"0":"post-2535","1":"product","2":"type-product","3":"status-publish","4":"has-post-thumbnail","6":"product_cat-lieferung-chf-9-00","7":"product_cat-zubehor","8":"pa_taille-des-gants-l-de","9":"pa_taille-des-gants-m-de","10":"pa_taille-des-gants-s-de","11":"pa_taille-des-gants-xl-de","12":"pa_taille-du-casque-l-59-60-cm-de","13":"pa_taille-du-casque-m-57-58-cm-de","14":"pa_taille-du-casque-s-55-56-cm-de","16":"first","17":"instock","18":"taxable","19":"shipping-taxable","20":"purchasable","21":"product-type-variable","22":"has-default-attributes"},"acf":[],"yoast_head":"<!-- This site is optimized with the Yoast SEO plugin v27.6 - https:\/\/yoast.com\/product\/yoast-seo-wordpress\/ -->\n<title>Set aus Helm und Handschuhen - EPIQS SA<\/title>\n<meta name=\"description\" content=\"F\u00fcr optimale Sicherheit und Komfort entscheiden Sie sich f\u00fcr dieses Set aus Helm und Schutzhandschuhen! Sicherheit, \u00c4sthetik und Komfort garantiert!\" \/>\n<meta name=\"robots\" content=\"index, follow, max-snippet:-1, max-image-preview:large, max-video-preview:-1\" \/>\n<link rel=\"canonical\" href=\"https:\/\/epiqs.ch\/de\/produit\/helm-und-handschuhset\/\" \/>\n<meta property=\"og:locale\" content=\"de_DE\" \/>\n<meta property=\"og:type\" content=\"article\" \/>\n<meta property=\"og:title\" content=\"Set aus Helm und Handschuhen - EPIQS SA\" \/>\n<meta property=\"og:description\" content=\"F\u00fcr optimale Sicherheit und Komfort entscheiden Sie sich f\u00fcr dieses Set aus Helm und Schutzhandschuhen! Sicherheit, \u00c4sthetik und Komfort garantiert!\" \/>\n<meta property=\"og:url\" content=\"https:\/\/epiqs.ch\/de\/produit\/helm-und-handschuhset\/\" \/>\n<meta property=\"og:site_name\" content=\"EPIQS SA\" \/>\n<meta property=\"article:publisher\" content=\"https:\/\/www.facebook.com\/EPIQSSA\" \/>\n<meta property=\"article:modified_time\" content=\"2026-02-22T14:50:32+00:00\" \/>\n<meta property=\"og:image\" content=\"https:\/\/epiqs.ch\/wp-content\/uploads\/2021\/03\/EPIQS_CASQUE-JET_GANTS.jpg\" \/>\n\t<meta property=\"og:image:width\" content=\"914\" \/>\n\t<meta property=\"og:image:height\" content=\"662\" \/>\n\t<meta property=\"og:image:type\" content=\"image\/jpeg\" \/>\n<meta name=\"twitter:card\" content=\"summary_large_image\" \/>\n<meta name=\"twitter:label1\" content=\"Gesch\u00e4tzte Lesezeit\" \/>\n\t<meta name=\"twitter:data1\" content=\"1\u00a0Minute\" \/>\n<script type=\"application\/ld+json\" class=\"yoast-schema-graph\">{\"@context\":\"https:\\\/\\\/schema.org\",\"@graph\":[{\"@type\":\"WebPage\",\"@id\":\"https:\\\/\\\/epiqs.ch\\\/de\\\/produit\\\/helm-und-handschuhset\\\/\",\"url\":\"https:\\\/\\\/epiqs.ch\\\/de\\\/produit\\\/helm-und-handschuhset\\\/\",\"name\":\"Set aus Helm und Handschuhen - EPIQS SA\",\"isPartOf\":{\"@id\":\"https:\\\/\\\/epiqs.ch\\\/#website\"},\"primaryImageOfPage\":{\"@id\":\"https:\\\/\\\/epiqs.ch\\\/de\\\/produit\\\/helm-und-handschuhset\\\/#primaryimage\"},\"image\":{\"@id\":\"https:\\\/\\\/epiqs.ch\\\/de\\\/produit\\\/helm-und-handschuhset\\\/#primaryimage\"},\"thumbnailUrl\":\"https:\\\/\\\/epiqs.ch\\\/wp-content\\\/uploads\\\/2021\\\/03\\\/EPIQS_CASQUE-JET_GANTS.jpg\",\"datePublished\":\"2021-03-11T12:04:37+00:00\",\"dateModified\":\"2026-02-22T14:50:32+00:00\",\"description\":\"F\u00fcr optimale Sicherheit und Komfort entscheiden Sie sich f\u00fcr dieses Set aus Helm und Schutzhandschuhen! Sicherheit, \u00c4sthetik und Komfort garantiert!\",\"breadcrumb\":{\"@id\":\"https:\\\/\\\/epiqs.ch\\\/de\\\/produit\\\/helm-und-handschuhset\\\/#breadcrumb\"},\"inLanguage\":\"de\",\"potentialAction\":[{\"@type\":\"ReadAction\",\"target\":[\"https:\\\/\\\/epiqs.ch\\\/de\\\/produit\\\/helm-und-handschuhset\\\/\"]}]},{\"@type\":\"ImageObject\",\"inLanguage\":\"de\",\"@id\":\"https:\\\/\\\/epiqs.ch\\\/de\\\/produit\\\/helm-und-handschuhset\\\/#primaryimage\",\"url\":\"https:\\\/\\\/epiqs.ch\\\/wp-content\\\/uploads\\\/2021\\\/03\\\/EPIQS_CASQUE-JET_GANTS.jpg\",\"contentUrl\":\"https:\\\/\\\/epiqs.ch\\\/wp-content\\\/uploads\\\/2021\\\/03\\\/EPIQS_CASQUE-JET_GANTS.jpg\",\"width\":914,\"height\":662,\"caption\":\"Set aus Helm und Handschuhen - EPIQS\"},{\"@type\":\"BreadcrumbList\",\"@id\":\"https:\\\/\\\/epiqs.ch\\\/de\\\/produit\\\/helm-und-handschuhset\\\/#breadcrumb\",\"itemListElement\":[{\"@type\":\"ListItem\",\"position\":1,\"name\":\"Accueil\",\"item\":\"https:\\\/\\\/epiqs.ch\\\/de\\\/\"},{\"@type\":\"ListItem\",\"position\":2,\"name\":\"Shop\",\"item\":\"https:\\\/\\\/epiqs.ch\\\/de\\\/shop\\\/\"},{\"@type\":\"ListItem\",\"position\":3,\"name\":\"Set aus Helm und Handschuhen\"}]},{\"@type\":\"WebSite\",\"@id\":\"https:\\\/\\\/epiqs.ch\\\/#website\",\"url\":\"https:\\\/\\\/epiqs.ch\\\/\",\"name\":\"EPIQS SA\",\"description\":\"Vente de scooters \u00e9lectriques\",\"publisher\":{\"@id\":\"https:\\\/\\\/epiqs.ch\\\/#organization\"},\"alternateName\":\"EPIQS\",\"potentialAction\":[{\"@type\":\"SearchAction\",\"target\":{\"@type\":\"EntryPoint\",\"urlTemplate\":\"https:\\\/\\\/epiqs.ch\\\/?s={search_term_string}\"},\"query-input\":{\"@type\":\"PropertyValueSpecification\",\"valueRequired\":true,\"valueName\":\"search_term_string\"}}],\"inLanguage\":\"de\"},{\"@type\":\"Organization\",\"@id\":\"https:\\\/\\\/epiqs.ch\\\/#organization\",\"name\":\"EPIQS SA\",\"alternateName\":\"EPIQS\",\"url\":\"https:\\\/\\\/epiqs.ch\\\/\",\"logo\":{\"@type\":\"ImageObject\",\"inLanguage\":\"de\",\"@id\":\"https:\\\/\\\/epiqs.ch\\\/#\\\/schema\\\/logo\\\/image\\\/\",\"url\":\"https:\\\/\\\/epiqs.ch\\\/wp-content\\\/uploads\\\/2021\\\/03\\\/logo.svg\",\"contentUrl\":\"https:\\\/\\\/epiqs.ch\\\/wp-content\\\/uploads\\\/2021\\\/03\\\/logo.svg\",\"width\":399.77,\"height\":161.68,\"caption\":\"EPIQS SA\"},\"image\":{\"@id\":\"https:\\\/\\\/epiqs.ch\\\/#\\\/schema\\\/logo\\\/image\\\/\"},\"sameAs\":[\"https:\\\/\\\/www.facebook.com\\\/EPIQSSA\"]}]}<\/script>\n<!-- \/ Yoast SEO plugin. -->","yoast_head_json":{"title":"Set aus Helm und Handschuhen - EPIQS SA","description":"F\u00fcr optimale Sicherheit und Komfort entscheiden Sie sich f\u00fcr dieses Set aus Helm und Schutzhandschuhen! Sicherheit, \u00c4sthetik und Komfort garantiert!","robots":{"index":"index","follow":"follow","max-snippet":"max-snippet:-1","max-image-preview":"max-image-preview:large","max-video-preview":"max-video-preview:-1"},"canonical":"https:\/\/epiqs.ch\/de\/produit\/helm-und-handschuhset\/","og_locale":"de_DE","og_type":"article","og_title":"Set aus Helm und Handschuhen - EPIQS SA","og_description":"F\u00fcr optimale Sicherheit und Komfort entscheiden Sie sich f\u00fcr dieses Set aus Helm und Schutzhandschuhen! Sicherheit, \u00c4sthetik und Komfort garantiert!","og_url":"https:\/\/epiqs.ch\/de\/produit\/helm-und-handschuhset\/","og_site_name":"EPIQS SA","article_publisher":"https:\/\/www.facebook.com\/EPIQSSA","article_modified_time":"2026-02-22T14:50:32+00:00","og_image":[{"width":914,"height":662,"url":"https:\/\/epiqs.ch\/wp-content\/uploads\/2021\/03\/EPIQS_CASQUE-JET_GANTS.jpg","type":"image\/jpeg"}],"twitter_card":"summary_large_image","twitter_misc":{"Gesch\u00e4tzte Lesezeit":"1\u00a0Minute"},"schema":{"@context":"https:\/\/schema.org","@graph":[{"@type":"WebPage","@id":"https:\/\/epiqs.ch\/de\/produit\/helm-und-handschuhset\/","url":"https:\/\/epiqs.ch\/de\/produit\/helm-und-handschuhset\/","name":"Set aus Helm und Handschuhen - EPIQS SA","isPartOf":{"@id":"https:\/\/epiqs.ch\/#website"},"primaryImageOfPage":{"@id":"https:\/\/epiqs.ch\/de\/produit\/helm-und-handschuhset\/#primaryimage"},"image":{"@id":"https:\/\/epiqs.ch\/de\/produit\/helm-und-handschuhset\/#primaryimage"},"thumbnailUrl":"https:\/\/epiqs.ch\/wp-content\/uploads\/2021\/03\/EPIQS_CASQUE-JET_GANTS.jpg","datePublished":"2021-03-11T12:04:37+00:00","dateModified":"2026-02-22T14:50:32+00:00","description":"F\u00fcr optimale Sicherheit und Komfort entscheiden Sie sich f\u00fcr dieses Set aus Helm und Schutzhandschuhen! Sicherheit, \u00c4sthetik und Komfort garantiert!","breadcrumb":{"@id":"https:\/\/epiqs.ch\/de\/produit\/helm-und-handschuhset\/#breadcrumb"},"inLanguage":"de","potentialAction":[{"@type":"ReadAction","target":["https:\/\/epiqs.ch\/de\/produit\/helm-und-handschuhset\/"]}]},{"@type":"ImageObject","inLanguage":"de","@id":"https:\/\/epiqs.ch\/de\/produit\/helm-und-handschuhset\/#primaryimage","url":"https:\/\/epiqs.ch\/wp-content\/uploads\/2021\/03\/EPIQS_CASQUE-JET_GANTS.jpg","contentUrl":"https:\/\/epiqs.ch\/wp-content\/uploads\/2021\/03\/EPIQS_CASQUE-JET_GANTS.jpg","width":914,"height":662,"caption":"Set aus Helm und Handschuhen - EPIQS"},{"@type":"BreadcrumbList","@id":"https:\/\/epiqs.ch\/de\/produit\/helm-und-handschuhset\/#breadcrumb","itemListElement":[{"@type":"ListItem","position":1,"name":"Accueil","item":"https:\/\/epiqs.ch\/de\/"},{"@type":"ListItem","position":2,"name":"Shop","item":"https:\/\/epiqs.ch\/de\/shop\/"},{"@type":"ListItem","position":3,"name":"Set aus Helm und Handschuhen"}]},{"@type":"WebSite","@id":"https:\/\/epiqs.ch\/#website","url":"https:\/\/epiqs.ch\/","name":"EPIQS SA","description":"Vente de scooters \u00e9lectriques","publisher":{"@id":"https:\/\/epiqs.ch\/#organization"},"alternateName":"EPIQS","potentialAction":[{"@type":"SearchAction","target":{"@type":"EntryPoint","urlTemplate":"https:\/\/epiqs.ch\/?s={search_term_string}"},"query-input":{"@type":"PropertyValueSpecification","valueRequired":true,"valueName":"search_term_string"}}],"inLanguage":"de"},{"@type":"Organization","@id":"https:\/\/epiqs.ch\/#organization","name":"EPIQS SA","alternateName":"EPIQS","url":"https:\/\/epiqs.ch\/","logo":{"@type":"ImageObject","inLanguage":"de","@id":"https:\/\/epiqs.ch\/#\/schema\/logo\/image\/","url":"https:\/\/epiqs.ch\/wp-content\/uploads\/2021\/03\/logo.svg","contentUrl":"https:\/\/epiqs.ch\/wp-content\/uploads\/2021\/03\/logo.svg","width":399.77,"height":161.68,"caption":"EPIQS SA"},"image":{"@id":"https:\/\/epiqs.ch\/#\/schema\/logo\/image\/"},"sameAs":["https:\/\/www.facebook.com\/EPIQSSA"]}]}},"_links":{"self":[{"href":"https:\/\/epiqs.ch\/de\/wp-json\/wp\/v2\/product\/2535","targetHints":{"allow":["GET"]}}],"collection":[{"href":"https:\/\/epiqs.ch\/de\/wp-json\/wp\/v2\/product"}],"about":[{"href":"https:\/\/epiqs.ch\/de\/wp-json\/wp\/v2\/types\/product"}],"wp:featuredmedia":[{"embeddable":true,"href":"https:\/\/epiqs.ch\/de\/wp-json\/wp\/v2\/media\/3100"}],"wp:attachment":[{"href":"https:\/\/epiqs.ch\/de\/wp-json\/wp\/v2\/media?parent=2535"}],"wp:term":[{"taxonomy":"product_brand","embeddable":true,"href":"https:\/\/epiqs.ch\/de\/wp-json\/wp\/v2\/product_brand?post=2535"},{"taxonomy":"product_cat","embeddable":true,"href":"https:\/\/epiqs.ch\/de\/wp-json\/wp\/v2\/product_cat?post=2535"},{"taxonomy":"product_tag","embeddable":true,"href":"https:\/\/epiqs.ch\/de\/wp-json\/wp\/v2\/product_tag?post=2535"}],"curies":[{"name":"wp","href":"https:\/\/api.w.org\/{rel}","templated":true}]}}