{"id":2647,"date":"2021-05-17T16:53:34","date_gmt":"2021-05-17T14:53:34","guid":{"rendered":"https:\/\/epiqs.ch\/fuehrerschein-und-zulassung\/"},"modified":"2023-01-25T13:59:40","modified_gmt":"2023-01-25T12:59:40","slug":"fuehrerschein-und-zulassung","status":"publish","type":"page","link":"https:\/\/epiqs.ch\/de\/fuehrerschein-und-zulassung\/","title":{"rendered":"F\u00fchrerschein und Zulassung"},"content":{"rendered":"\t\t<div data-elementor-type=\"wp-page\" data-elementor-id=\"2647\" class=\"elementor elementor-2647 elementor-843\" data-elementor-post-type=\"page\">\n\t\t\t\t\t\t<section class=\"elementor-section elementor-top-section elementor-element elementor-element-5f1251f5 elementor-section-boxed elementor-section-height-default elementor-section-height-default\" data-id=\"5f1251f5\" data-element_type=\"section\" data-e-type=\"section\" data-settings=\"{&quot;jet_parallax_layout_list&quot;:[{&quot;jet_parallax_layout_image&quot;:{&quot;url&quot;:&quot;&quot;,&quot;id&quot;:&quot;&quot;,&quot;size&quot;:&quot;&quot;},&quot;_id&quot;:&quot;8a8cadd&quot;,&quot;jet_parallax_layout_image_tablet&quot;:{&quot;url&quot;:&quot;&quot;,&quot;id&quot;:&quot;&quot;,&quot;size&quot;:&quot;&quot;},&quot;jet_parallax_layout_image_mobile&quot;:{&quot;url&quot;:&quot;&quot;,&quot;id&quot;:&quot;&quot;,&quot;size&quot;:&quot;&quot;},&quot;jet_parallax_layout_speed&quot;:{&quot;unit&quot;:&quot;%&quot;,&quot;size&quot;:50,&quot;sizes&quot;:[]},&quot;jet_parallax_layout_type&quot;:&quot;scroll&quot;,&quot;jet_parallax_layout_direction&quot;:&quot;1&quot;,&quot;jet_parallax_layout_fx_direction&quot;:null,&quot;jet_parallax_layout_z_index&quot;:&quot;&quot;,&quot;jet_parallax_layout_bg_x&quot;:50,&quot;jet_parallax_layout_bg_x_tablet&quot;:&quot;&quot;,&quot;jet_parallax_layout_bg_x_mobile&quot;:&quot;&quot;,&quot;jet_parallax_layout_bg_y&quot;:50,&quot;jet_parallax_layout_bg_y_tablet&quot;:&quot;&quot;,&quot;jet_parallax_layout_bg_y_mobile&quot;:&quot;&quot;,&quot;jet_parallax_layout_bg_size&quot;:&quot;auto&quot;,&quot;jet_parallax_layout_bg_size_tablet&quot;:&quot;&quot;,&quot;jet_parallax_layout_bg_size_mobile&quot;:&quot;&quot;,&quot;jet_parallax_layout_animation_prop&quot;:&quot;transform&quot;,&quot;jet_parallax_layout_on&quot;:[&quot;desktop&quot;,&quot;tablet&quot;]}]}\">\n\t\t\t\t\t\t<div class=\"elementor-container elementor-column-gap-default\">\n\t\t\t\t\t<div class=\"elementor-column elementor-col-100 elementor-top-column elementor-element elementor-element-268d1e73\" data-id=\"268d1e73\" data-element_type=\"column\" data-e-type=\"column\">\n\t\t\t<div class=\"elementor-widget-wrap elementor-element-populated\">\n\t\t\t\t\t\t\t<\/div>\n\t\t<\/div>\n\t\t\t\t\t<\/div>\n\t\t<\/section>\n\t\t\t\t<section class=\"elementor-section elementor-top-section elementor-element elementor-element-8b8183e elementor-section-boxed elementor-section-height-default elementor-section-height-default\" data-id=\"8b8183e\" data-element_type=\"section\" data-e-type=\"section\" data-settings=\"{&quot;jet_parallax_layout_list&quot;:[{&quot;jet_parallax_layout_image&quot;:{&quot;url&quot;:&quot;&quot;,&quot;id&quot;:&quot;&quot;,&quot;size&quot;:&quot;&quot;},&quot;_id&quot;:&quot;3a7ac65&quot;,&quot;jet_parallax_layout_image_tablet&quot;:{&quot;url&quot;:&quot;&quot;,&quot;id&quot;:&quot;&quot;,&quot;size&quot;:&quot;&quot;},&quot;jet_parallax_layout_image_mobile&quot;:{&quot;url&quot;:&quot;&quot;,&quot;id&quot;:&quot;&quot;,&quot;size&quot;:&quot;&quot;},&quot;jet_parallax_layout_speed&quot;:{&quot;unit&quot;:&quot;%&quot;,&quot;size&quot;:50,&quot;sizes&quot;:[]},&quot;jet_parallax_layout_type&quot;:&quot;scroll&quot;,&quot;jet_parallax_layout_direction&quot;:&quot;1&quot;,&quot;jet_parallax_layout_fx_direction&quot;:null,&quot;jet_parallax_layout_z_index&quot;:&quot;&quot;,&quot;jet_parallax_layout_bg_x&quot;:50,&quot;jet_parallax_layout_bg_x_tablet&quot;:&quot;&quot;,&quot;jet_parallax_layout_bg_x_mobile&quot;:&quot;&quot;,&quot;jet_parallax_layout_bg_y&quot;:50,&quot;jet_parallax_layout_bg_y_tablet&quot;:&quot;&quot;,&quot;jet_parallax_layout_bg_y_mobile&quot;:&quot;&quot;,&quot;jet_parallax_layout_bg_size&quot;:&quot;auto&quot;,&quot;jet_parallax_layout_bg_size_tablet&quot;:&quot;&quot;,&quot;jet_parallax_layout_bg_size_mobile&quot;:&quot;&quot;,&quot;jet_parallax_layout_animation_prop&quot;:&quot;transform&quot;,&quot;jet_parallax_layout_on&quot;:[&quot;desktop&quot;,&quot;tablet&quot;]}]}\">\n\t\t\t\t\t\t<div class=\"elementor-container elementor-column-gap-default\">\n\t\t\t\t\t<div class=\"elementor-column elementor-col-100 elementor-top-column elementor-element elementor-element-51f544b\" data-id=\"51f544b\" data-element_type=\"column\" data-e-type=\"column\">\n\t\t\t<div class=\"elementor-widget-wrap elementor-element-populated\">\n\t\t\t\t\t\t<div class=\"elementor-element elementor-element-2299cbf elementor-widget elementor-widget-theme-post-title elementor-page-title elementor-widget-heading\" data-id=\"2299cbf\" data-element_type=\"widget\" data-e-type=\"widget\" data-widget_type=\"theme-post-title.default\">\n\t\t\t\t<div class=\"elementor-widget-container\">\n\t\t\t\t\t<h1 class=\"elementor-heading-title elementor-size-default\">F\u00fchrerschein und Zulassung<\/h1>\t\t\t\t<\/div>\n\t\t\t\t<\/div>\n\t\t\t\t<div class=\"elementor-element elementor-element-287b81d elementor-widget elementor-widget-text-editor\" data-id=\"287b81d\" data-element_type=\"widget\" data-e-type=\"widget\" data-widget_type=\"text-editor.default\">\n\t\t\t\t<div class=\"elementor-widget-container\">\n\t\t\t\t\t\t\t\t\t<p>Nachfolgend finden Sie alle n\u00fctzlichen Informationen zum F\u00fchrerschein und zur Zulassung Ihres Fahrzeugs.  <\/p>\n\t\t\t\t\t\t\t\t<\/div>\n\t\t\t\t<\/div>\n\t\t\t\t<div class=\"elementor-element elementor-element-17ec5c0 elementor-widget elementor-widget-accordion\" data-id=\"17ec5c0\" data-element_type=\"widget\" data-e-type=\"widget\" data-widget_type=\"accordion.default\">\n\t\t\t\t<div class=\"elementor-widget-container\">\n\t\t\t\t\t\t\t<div class=\"elementor-accordion\">\n\t\t\t\t\t\t\t<div class=\"elementor-accordion-item\">\n\t\t\t\t\t<div id=\"elementor-tab-title-2501\" class=\"elementor-tab-title\" data-tab=\"1\" role=\"button\" aria-controls=\"elementor-tab-content-2501\" aria-expanded=\"false\">\n\t\t\t\t\t\t\t\t\t\t\t\t\t<span class=\"elementor-accordion-icon elementor-accordion-icon-left\" aria-hidden=\"true\">\n\t\t\t\t\t\t\t\t\t\t\t\t\t\t\t<span class=\"elementor-accordion-icon-closed\"><i class=\"fas fa-chevron-down\"><\/i><\/span>\n\t\t\t\t\t\t\t\t<span class=\"elementor-accordion-icon-opened\"><i class=\"fas fa-chevron-up\"><\/i><\/span>\n\t\t\t\t\t\t\t\t\t\t\t\t\t\t<\/span>\n\t\t\t\t\t\t\t\t\t\t\t\t<a class=\"elementor-accordion-title\" tabindex=\"0\">Ab welchem Alter darf man einen Elektroroller fahren, der 125 cm3 entspricht?<\/a>\n\t\t\t\t\t<\/div>\n\t\t\t\t\t<div id=\"elementor-tab-content-2501\" class=\"elementor-tab-content elementor-clearfix\" data-tab=\"1\" role=\"region\" aria-labelledby=\"elementor-tab-title-2501\"><p><span style=\"font-weight: 400;\">Ab 16 Jahren.<\/span><\/p>\n<\/div>\n\t\t\t\t<\/div>\n\t\t\t\t\t\t\t<div class=\"elementor-accordion-item\">\n\t\t\t\t\t<div id=\"elementor-tab-title-2502\" class=\"elementor-tab-title\" data-tab=\"2\" role=\"button\" aria-controls=\"elementor-tab-content-2502\" aria-expanded=\"false\">\n\t\t\t\t\t\t\t\t\t\t\t\t\t<span class=\"elementor-accordion-icon elementor-accordion-icon-left\" aria-hidden=\"true\">\n\t\t\t\t\t\t\t\t\t\t\t\t\t\t\t<span class=\"elementor-accordion-icon-closed\"><i class=\"fas fa-chevron-down\"><\/i><\/span>\n\t\t\t\t\t\t\t\t<span class=\"elementor-accordion-icon-opened\"><i class=\"fas fa-chevron-up\"><\/i><\/span>\n\t\t\t\t\t\t\t\t\t\t\t\t\t\t<\/span>\n\t\t\t\t\t\t\t\t\t\t\t\t<a class=\"elementor-accordion-title\" tabindex=\"0\">Ben\u00f6tigt man einen speziellen F\u00fchrerschein, um einen Elektroroller mit einem \u00c4quivalent von 125 cm3 zu fahren?<\/a>\n\t\t\t\t\t<\/div>\n\t\t\t\t\t<div id=\"elementor-tab-content-2502\" class=\"elementor-tab-content elementor-clearfix\" data-tab=\"2\" role=\"region\" aria-labelledby=\"elementor-tab-title-2502\"><p>Man muss einen F\u00fchrerschein der Klasse A1 besitzen.  <\/p>\n<p>Wenn Sie bereits einen F\u00fchrerschein der Kategorie B (Auto) besitzen, m\u00fcssen Sie bei den zust\u00e4ndigen Beh\u00f6rden Ihres Wohnkantons einen Antrag auf einen provisorischen F\u00fchrerschein stellen. Mit diesem vorl\u00e4ufigen F\u00fchrerschein, der vier Monate lang g\u00fcltig ist, d\u00fcrfen Sie ohne weitere Formalit\u00e4ten einen Elektroroller fahren. Sie m\u00fcssen w\u00e4hrend dieser vier Monate zwei halbe Tage (2 x 4h) Grundausbildung absolvieren. Es gibt keine praktische Pr\u00fcfung, sondern nur eine Best\u00e4tigung der Teilnahme an diesen Kursen.  <\/p>\n<p>Weitere Informationen finden Sie, wenn Sie <a href=\"https:\/\/fuehrerausweise.ch\/fr\/comment-obtenir-le-permis\/\">hier klicken<\/a>.  <\/p>\n<\/div>\n\t\t\t\t<\/div>\n\t\t\t\t\t\t\t<div class=\"elementor-accordion-item\">\n\t\t\t\t\t<div id=\"elementor-tab-title-2503\" class=\"elementor-tab-title\" data-tab=\"3\" role=\"button\" aria-controls=\"elementor-tab-content-2503\" aria-expanded=\"false\">\n\t\t\t\t\t\t\t\t\t\t\t\t\t<span class=\"elementor-accordion-icon elementor-accordion-icon-left\" aria-hidden=\"true\">\n\t\t\t\t\t\t\t\t\t\t\t\t\t\t\t<span class=\"elementor-accordion-icon-closed\"><i class=\"fas fa-chevron-down\"><\/i><\/span>\n\t\t\t\t\t\t\t\t<span class=\"elementor-accordion-icon-opened\"><i class=\"fas fa-chevron-up\"><\/i><\/span>\n\t\t\t\t\t\t\t\t\t\t\t\t\t\t<\/span>\n\t\t\t\t\t\t\t\t\t\t\t\t<a class=\"elementor-accordion-title\" tabindex=\"0\">Ist der Elektroroller bei der Lieferung bereits angemeldet?<\/a>\n\t\t\t\t\t<\/div>\n\t\t\t\t\t<div id=\"elementor-tab-content-2503\" class=\"elementor-tab-content elementor-clearfix\" data-tab=\"3\" role=\"region\" aria-labelledby=\"elementor-tab-title-2503\"><p>Wenn Sie sich bei der Bestellung f\u00fcr die Lieferung nach Hause oder die Abholung im Logistikzentrum entscheiden, dann ist es Ihre Aufgabe, die Zulassung des Fahrzeugs zu veranlassen.  <\/p>\n<p>Wenn Sie sich bei der Bestellung f\u00fcr die Abholung bei einer Partnerwerkstatt entscheiden, dann k\u00f6nnen Sie Ihr zugelassenes Fahrzeug schl\u00fcsselfertig abholen. So vermeiden Sie den Verwaltungsaufwand, der mit der Zulassung des Fahrzeugs verbunden ist.  <\/p>\n<\/div>\n\t\t\t\t<\/div>\n\t\t\t\t\t\t\t<div class=\"elementor-accordion-item\">\n\t\t\t\t\t<div id=\"elementor-tab-title-2504\" class=\"elementor-tab-title\" data-tab=\"4\" role=\"button\" aria-controls=\"elementor-tab-content-2504\" aria-expanded=\"false\">\n\t\t\t\t\t\t\t\t\t\t\t\t\t<span class=\"elementor-accordion-icon elementor-accordion-icon-left\" aria-hidden=\"true\">\n\t\t\t\t\t\t\t\t\t\t\t\t\t\t\t<span class=\"elementor-accordion-icon-closed\"><i class=\"fas fa-chevron-down\"><\/i><\/span>\n\t\t\t\t\t\t\t\t<span class=\"elementor-accordion-icon-opened\"><i class=\"fas fa-chevron-up\"><\/i><\/span>\n\t\t\t\t\t\t\t\t\t\t\t\t\t\t<\/span>\n\t\t\t\t\t\t\t\t\t\t\t\t<a class=\"elementor-accordion-title\" tabindex=\"0\">Wie melde ich meinen Elektroroller an?<\/a>\n\t\t\t\t\t<\/div>\n\t\t\t\t\t<div id=\"elementor-tab-content-2504\" class=\"elementor-tab-content elementor-clearfix\" data-tab=\"4\" role=\"region\" aria-labelledby=\"elementor-tab-title-2504\"><p><!-- \/wp:paragraph --><\/p>\n<p><!-- wp:paragraph --><\/p>\n<p>Die Zulassung erfolgt beim Stra\u00dfenverkehrsamt des Kantons, in dem du wohnst. Die Adressen der Strassenverkehrs\u00e4mter in den einzelnen Kantonen finden Sie auf der Website der<a href=\"https:\/\/asa.ch\/fr\/services-des-automobiles\/adresses\/\"> Vereinigung der Strassenverkehrs\u00e4mter (asa)<\/a>.<\/p>\n<p><!-- \/wp:paragraph --><\/p>\n<p><!-- wp:paragraph --><\/p>\n<p><!-- \/wp:paragraph --><\/p>\n<p><!-- wp:paragraph --><\/p>\n<h3>Die Schritte, die Sie unternehmen m\u00fcssen<\/h3>\n<p>Zur Information: Hier sind die Schritte, die Sie unternehmen m\u00fcssen, um Ihr Fahrzeug zu registrieren :  <\/p>\n<p><!-- \/wp:paragraph --><\/p>\n<p><!-- wp:list {\"ordered\":true} --><\/p>\n<ol>\n<li>Schlie\u00dfen Sie eine Versicherung f\u00fcr Ihr Elektromobil bei einem Versicherer Ihrer Wahl ab. Der Versicherer wird eine elektronische Versicherungsbest\u00e4tigung direkt an das Stra\u00dfenverkehrsamt Ihres Wohnkantons weiterleiten.  <\/li>\n<li>Sie m\u00fcssen per Post oder durch pers\u00f6nliche \u00dcbergabe am Schalter des Stra\u00dfenverkehrsamts folgende Unterlagen einreichen:\n<ol>\n<li>Ein Antragsformular (in der Regel online auf der Website des Stra\u00dfenverkehrsamtes Ihres Wohnkantons verf\u00fcgbar).<\/li>\n<li>Einen Personalausweis oder eine Meldebescheinigung (zusammen mit einer Aufenthaltsgenehmigung, wenn Sie eine ausl\u00e4ndische Staatsangeh\u00f6rigkeit besitzen).<\/li>\n<li>Das Originalformular 13.20 A, das Ihnen bei der Bestellung Ihres Rollers ausgeh\u00e4ndigt wird.  <\/li>\n<\/ol>\n<\/li>\n<li>Das Verkehrsamt h\u00e4ndigt Ihnen den Fahrzeugschein (Zulassungsschein) und das Nummernschild Ihres Fahrzeugs aus, das Sie an Ihrem Elektromobil befestigen k\u00f6nnen.<\/li>\n<\/ol>\n<\/div>\n\t\t\t\t<\/div>\n\t\t\t\t\t\t\t\t<\/div>\n\t\t\t\t\t\t<\/div>\n\t\t\t\t<\/div>\n\t\t\t\t\t<\/div>\n\t\t<\/div>\n\t\t\t\t\t<\/div>\n\t\t<\/section>\n\t\t\t\t<\/div>\n\t\t","protected":false},"excerpt":{"rendered":"<p>Nachfolgend finden Sie alle n\u00fctzlichen Informationen zum F\u00fchrerschein und zur Zulassung Ihres Fahrzeugs. Ab welchem Alter darf man einen Elektroroller fahren, der 125 cm3 entspricht? Ab 16 Jahren. Ben\u00f6tigt man einen speziellen F\u00fchrerschein, um einen Elektroroller mit einem \u00c4quivalent von 125 cm3 zu fahren? Man muss einen F\u00fchrerschein der Klasse A1 besitzen. Wenn Sie bereits [&hellip;]<\/p>\n","protected":false},"author":1,"featured_media":0,"parent":0,"menu_order":0,"comment_status":"closed","ping_status":"closed","template":"elementor_header_footer","meta":{"_acf_changed":false,"footnotes":""},"class_list":["post-2647","page","type-page","status-publish","hentry"],"acf":[],"yoast_head":"<!-- This site is optimized with the Yoast SEO plugin v27.5 - https:\/\/yoast.com\/product\/yoast-seo-wordpress\/ -->\n<title>F\u00fchrerschein und Zulassung - EPIQS SA<\/title>\n<meta name=\"description\" content=\"Hier finden Sie alle n\u00fctzlichen Informationen \u00fcber den F\u00fchrerschein und die Zulassung Ihres Elektromobils.\" \/>\n<meta name=\"robots\" content=\"index, follow, max-snippet:-1, max-image-preview:large, max-video-preview:-1\" \/>\n<link rel=\"canonical\" href=\"https:\/\/epiqs.ch\/de\/fuehrerschein-und-zulassung\/\" \/>\n<meta property=\"og:locale\" content=\"de_DE\" \/>\n<meta property=\"og:type\" content=\"article\" \/>\n<meta property=\"og:title\" content=\"F\u00fchrerschein und Zulassung - EPIQS SA\" \/>\n<meta property=\"og:description\" content=\"Hier finden Sie alle n\u00fctzlichen Informationen \u00fcber den F\u00fchrerschein und die Zulassung Ihres Elektromobils.\" \/>\n<meta property=\"og:url\" content=\"https:\/\/epiqs.ch\/de\/fuehrerschein-und-zulassung\/\" \/>\n<meta property=\"og:site_name\" content=\"EPIQS SA\" \/>\n<meta property=\"article:publisher\" content=\"https:\/\/www.facebook.com\/EPIQSSA\" \/>\n<meta property=\"article:modified_time\" content=\"2023-01-25T12:59:40+00:00\" \/>\n<meta name=\"twitter:card\" content=\"summary_large_image\" \/>\n<meta name=\"twitter:label1\" content=\"Gesch\u00e4tzte Lesezeit\" \/>\n\t<meta name=\"twitter:data1\" content=\"2\u00a0Minuten\" \/>\n<script type=\"application\/ld+json\" class=\"yoast-schema-graph\">{\"@context\":\"https:\\\/\\\/schema.org\",\"@graph\":[{\"@type\":\"WebPage\",\"@id\":\"https:\\\/\\\/epiqs.ch\\\/de\\\/fuehrerschein-und-zulassung\\\/\",\"url\":\"https:\\\/\\\/epiqs.ch\\\/de\\\/fuehrerschein-und-zulassung\\\/\",\"name\":\"F\u00fchrerschein und Zulassung - EPIQS SA\",\"isPartOf\":{\"@id\":\"https:\\\/\\\/epiqs.ch\\\/#website\"},\"datePublished\":\"2021-05-17T14:53:34+00:00\",\"dateModified\":\"2023-01-25T12:59:40+00:00\",\"description\":\"Hier finden Sie alle n\u00fctzlichen Informationen \u00fcber den F\u00fchrerschein und die Zulassung Ihres Elektromobils.\",\"breadcrumb\":{\"@id\":\"https:\\\/\\\/epiqs.ch\\\/de\\\/fuehrerschein-und-zulassung\\\/#breadcrumb\"},\"inLanguage\":\"de\",\"potentialAction\":[{\"@type\":\"ReadAction\",\"target\":[\"https:\\\/\\\/epiqs.ch\\\/de\\\/fuehrerschein-und-zulassung\\\/\"]}]},{\"@type\":\"BreadcrumbList\",\"@id\":\"https:\\\/\\\/epiqs.ch\\\/de\\\/fuehrerschein-und-zulassung\\\/#breadcrumb\",\"itemListElement\":[{\"@type\":\"ListItem\",\"position\":1,\"name\":\"Accueil\",\"item\":\"https:\\\/\\\/epiqs.ch\\\/de\\\/\"},{\"@type\":\"ListItem\",\"position\":2,\"name\":\"F\u00fchrerschein und Zulassung\"}]},{\"@type\":\"WebSite\",\"@id\":\"https:\\\/\\\/epiqs.ch\\\/#website\",\"url\":\"https:\\\/\\\/epiqs.ch\\\/\",\"name\":\"EPIQS SA\",\"description\":\"Vente de scooters \u00e9lectriques\",\"publisher\":{\"@id\":\"https:\\\/\\\/epiqs.ch\\\/#organization\"},\"alternateName\":\"EPIQS\",\"potentialAction\":[{\"@type\":\"SearchAction\",\"target\":{\"@type\":\"EntryPoint\",\"urlTemplate\":\"https:\\\/\\\/epiqs.ch\\\/?s={search_term_string}\"},\"query-input\":{\"@type\":\"PropertyValueSpecification\",\"valueRequired\":true,\"valueName\":\"search_term_string\"}}],\"inLanguage\":\"de\"},{\"@type\":\"Organization\",\"@id\":\"https:\\\/\\\/epiqs.ch\\\/#organization\",\"name\":\"EPIQS SA\",\"alternateName\":\"EPIQS\",\"url\":\"https:\\\/\\\/epiqs.ch\\\/\",\"logo\":{\"@type\":\"ImageObject\",\"inLanguage\":\"de\",\"@id\":\"https:\\\/\\\/epiqs.ch\\\/#\\\/schema\\\/logo\\\/image\\\/\",\"url\":\"https:\\\/\\\/epiqs.ch\\\/wp-content\\\/uploads\\\/2021\\\/03\\\/logo.svg\",\"contentUrl\":\"https:\\\/\\\/epiqs.ch\\\/wp-content\\\/uploads\\\/2021\\\/03\\\/logo.svg\",\"width\":399.77,\"height\":161.68,\"caption\":\"EPIQS SA\"},\"image\":{\"@id\":\"https:\\\/\\\/epiqs.ch\\\/#\\\/schema\\\/logo\\\/image\\\/\"},\"sameAs\":[\"https:\\\/\\\/www.facebook.com\\\/EPIQSSA\"]}]}<\/script>\n<!-- \/ Yoast SEO plugin. -->","yoast_head_json":{"title":"F\u00fchrerschein und Zulassung - EPIQS SA","description":"Hier finden Sie alle n\u00fctzlichen Informationen \u00fcber den F\u00fchrerschein und die Zulassung Ihres Elektromobils.","robots":{"index":"index","follow":"follow","max-snippet":"max-snippet:-1","max-image-preview":"max-image-preview:large","max-video-preview":"max-video-preview:-1"},"canonical":"https:\/\/epiqs.ch\/de\/fuehrerschein-und-zulassung\/","og_locale":"de_DE","og_type":"article","og_title":"F\u00fchrerschein und Zulassung - EPIQS SA","og_description":"Hier finden Sie alle n\u00fctzlichen Informationen \u00fcber den F\u00fchrerschein und die Zulassung Ihres Elektromobils.","og_url":"https:\/\/epiqs.ch\/de\/fuehrerschein-und-zulassung\/","og_site_name":"EPIQS SA","article_publisher":"https:\/\/www.facebook.com\/EPIQSSA","article_modified_time":"2023-01-25T12:59:40+00:00","twitter_card":"summary_large_image","twitter_misc":{"Gesch\u00e4tzte Lesezeit":"2\u00a0Minuten"},"schema":{"@context":"https:\/\/schema.org","@graph":[{"@type":"WebPage","@id":"https:\/\/epiqs.ch\/de\/fuehrerschein-und-zulassung\/","url":"https:\/\/epiqs.ch\/de\/fuehrerschein-und-zulassung\/","name":"F\u00fchrerschein und Zulassung - EPIQS SA","isPartOf":{"@id":"https:\/\/epiqs.ch\/#website"},"datePublished":"2021-05-17T14:53:34+00:00","dateModified":"2023-01-25T12:59:40+00:00","description":"Hier finden Sie alle n\u00fctzlichen Informationen \u00fcber den F\u00fchrerschein und die Zulassung Ihres Elektromobils.","breadcrumb":{"@id":"https:\/\/epiqs.ch\/de\/fuehrerschein-und-zulassung\/#breadcrumb"},"inLanguage":"de","potentialAction":[{"@type":"ReadAction","target":["https:\/\/epiqs.ch\/de\/fuehrerschein-und-zulassung\/"]}]},{"@type":"BreadcrumbList","@id":"https:\/\/epiqs.ch\/de\/fuehrerschein-und-zulassung\/#breadcrumb","itemListElement":[{"@type":"ListItem","position":1,"name":"Accueil","item":"https:\/\/epiqs.ch\/de\/"},{"@type":"ListItem","position":2,"name":"F\u00fchrerschein und Zulassung"}]},{"@type":"WebSite","@id":"https:\/\/epiqs.ch\/#website","url":"https:\/\/epiqs.ch\/","name":"EPIQS SA","description":"Vente de scooters \u00e9lectriques","publisher":{"@id":"https:\/\/epiqs.ch\/#organization"},"alternateName":"EPIQS","potentialAction":[{"@type":"SearchAction","target":{"@type":"EntryPoint","urlTemplate":"https:\/\/epiqs.ch\/?s={search_term_string}"},"query-input":{"@type":"PropertyValueSpecification","valueRequired":true,"valueName":"search_term_string"}}],"inLanguage":"de"},{"@type":"Organization","@id":"https:\/\/epiqs.ch\/#organization","name":"EPIQS SA","alternateName":"EPIQS","url":"https:\/\/epiqs.ch\/","logo":{"@type":"ImageObject","inLanguage":"de","@id":"https:\/\/epiqs.ch\/#\/schema\/logo\/image\/","url":"https:\/\/epiqs.ch\/wp-content\/uploads\/2021\/03\/logo.svg","contentUrl":"https:\/\/epiqs.ch\/wp-content\/uploads\/2021\/03\/logo.svg","width":399.77,"height":161.68,"caption":"EPIQS SA"},"image":{"@id":"https:\/\/epiqs.ch\/#\/schema\/logo\/image\/"},"sameAs":["https:\/\/www.facebook.com\/EPIQSSA"]}]}},"_links":{"self":[{"href":"https:\/\/epiqs.ch\/de\/wp-json\/wp\/v2\/pages\/2647","targetHints":{"allow":["GET"]}}],"collection":[{"href":"https:\/\/epiqs.ch\/de\/wp-json\/wp\/v2\/pages"}],"about":[{"href":"https:\/\/epiqs.ch\/de\/wp-json\/wp\/v2\/types\/page"}],"author":[{"embeddable":true,"href":"https:\/\/epiqs.ch\/de\/wp-json\/wp\/v2\/users\/1"}],"replies":[{"embeddable":true,"href":"https:\/\/epiqs.ch\/de\/wp-json\/wp\/v2\/comments?post=2647"}],"version-history":[{"count":5,"href":"https:\/\/epiqs.ch\/de\/wp-json\/wp\/v2\/pages\/2647\/revisions"}],"predecessor-version":[{"id":2659,"href":"https:\/\/epiqs.ch\/de\/wp-json\/wp\/v2\/pages\/2647\/revisions\/2659"}],"wp:attachment":[{"href":"https:\/\/epiqs.ch\/de\/wp-json\/wp\/v2\/media?parent=2647"}],"curies":[{"name":"wp","href":"https:\/\/api.w.org\/{rel}","templated":true}]}}