{"id":2640,"date":"2021-05-17T16:52:24","date_gmt":"2021-05-17T14:52:24","guid":{"rendered":"https:\/\/epiqs.ch\/zahlung\/"},"modified":"2025-01-06T19:38:59","modified_gmt":"2025-01-06T18:38:59","slug":"zahlung","status":"publish","type":"page","link":"https:\/\/epiqs.ch\/de\/zahlung\/","title":{"rendered":"Zahlung"},"content":{"rendered":"\t\t<div data-elementor-type=\"wp-page\" data-elementor-id=\"2640\" class=\"elementor elementor-2640 elementor-840\" data-elementor-post-type=\"page\">\n\t\t\t\t\t\t<section class=\"elementor-section elementor-top-section elementor-element elementor-element-1e140f3a elementor-section-boxed elementor-section-height-default elementor-section-height-default\" data-id=\"1e140f3a\" data-element_type=\"section\" data-e-type=\"section\" data-settings=\"{&quot;jet_parallax_layout_list&quot;:[]}\">\n\t\t\t\t\t\t<div class=\"elementor-container elementor-column-gap-default\">\n\t\t\t\t\t<div class=\"elementor-column elementor-col-100 elementor-top-column elementor-element elementor-element-50b727b3\" data-id=\"50b727b3\" data-element_type=\"column\" data-e-type=\"column\">\n\t\t\t<div class=\"elementor-widget-wrap elementor-element-populated\">\n\t\t\t\t\t\t<div class=\"elementor-element elementor-element-4a21041b elementor-widget elementor-widget-text-editor\" data-id=\"4a21041b\" data-element_type=\"widget\" data-e-type=\"widget\" data-widget_type=\"text-editor.default\">\n\t\t\t\t<div class=\"elementor-widget-container\">\n\t\t\t\t\t\t\t\t\t\n<h2>Zahlungsarten<\/h2>\n\n<p>EPIQS bietet Ihnen die folgenden Zahlungsarten zur Auswahl an. W\u00e4hrend des Bestellvorgangs k\u00f6nnen Sie die gew\u00fcnschte Zahlungsmethode ausw\u00e4hlen:  <\/p>\n\n<ul>\n<li>Bank\u00fcberweisung<\/li>\n<li>Visum<\/li>\n<li>MasterCard<\/li>\n<li>American Express<\/li>\n<li>In monatlichen Raten (ohne zus\u00e4tzliche Kosten) \u00fcber HeyLight<\/li>\n<li>PayPal<\/li>\n<li>Twint<\/li>\n<\/ul>\n\n<p>Alle Zahlungen, die \u00fcber unsere Website get\u00e4tigt werden, sind nach den Normen der Schweizer Standards in diesem Bereich gesichert (SSL\/TLS-Zertifikat). Bei der Online-Zahlung haben Sie also nichts zu bef\u00fcrchten. Wir sind ein Unternehmen mit Sitz in der Schweiz und halten alle einschl\u00e4gigen Sicherheitsstandards ein.  <\/p>\n\n<h2>Bank\u00fcberweisung<\/h2>\n\n<p>Im Falle einer Bank\u00fcberweisung gehen Sie wie folgt vor:  <\/p>\n\n<ol>\n<li>Sie \u00fcberweisen den Gesamtbetrag der Bestellung im Voraus per E-Banking oder durch einen bei Ihrer Bank erteilten Auftrag auf unser Bankkonto. Nachfolgend finden Sie die Bankverbindung unserer Bank. Die Modalit\u00e4ten und Kontaktdaten werden Ihnen auch in der Best\u00e4tigungsmail mitgeteilt, die Sie nach einer Bestellung erhalten.<br>\n<ul>\n<li><strong>Bank<\/strong>: CREDIT SUISSE (Suisse) SA<\/li>\n<li><strong>Zugunsten von<\/strong>: EPIQS SA, Corminboeuf<\/li>\n<li><strong>IBAN-Nummer<\/strong>: CH64 0483 5349 1556 2100 0<\/li>\n<li><strong>Referenz<\/strong>: Geben Sie die Nummer der Bestellung an.<\/li>\n<li><strong>BIC \/ SWIFT Nummer<\/strong>: CRESCHZZ80A<\/li>\n<li><strong>Clearing-Nummer<\/strong>: 4835<\/li>\n<li><strong>W\u00e4hrung<\/strong>: CHF<\/li>\n<\/ul>\n<\/li>\n<\/ol>\n\n<ol start=\"2\">\n<li>Ihre Bestellung wird versendet, sobald der Gesamtbetrag auf unserem Bankkonto eingegangen ist. In der Regel dauert die \u00dcberweisung 1 bis 2 Werktage. Wenn wir nach vier Tagen keinen Betrag erhalten haben, kann die Bestellung storniert werden.  <\/li>\n<\/ol>\n\n<ol start=\"3\">\n<li>Nach Eingang der Zahlung erhalten Sie eine Best\u00e4tigung und Ihre Bestellung wird je nach gew\u00e4hlter Versandart schnellstm\u00f6glich verarbeitet.  <\/li>\n<\/ol>\n\t\t\t\t\t\t\t\t<\/div>\n\t\t\t\t<\/div>\n\t\t\t\t\t<\/div>\n\t\t<\/div>\n\t\t\t\t\t<\/div>\n\t\t<\/section>\n\t\t\t\t<\/div>\n\t\t","protected":false},"excerpt":{"rendered":"<p>Zahlungsarten EPIQS bietet Ihnen die folgenden Zahlungsarten zur Auswahl an. W\u00e4hrend des Bestellvorgangs k\u00f6nnen Sie die gew\u00fcnschte Zahlungsmethode ausw\u00e4hlen: Bank\u00fcberweisung Visum MasterCard American Express In monatlichen Raten (ohne zus\u00e4tzliche Kosten) \u00fcber HeyLight PayPal Twint Alle Zahlungen, die \u00fcber unsere Website get\u00e4tigt werden, sind nach den Normen der Schweizer Standards in diesem Bereich gesichert (SSL\/TLS-Zertifikat). Bei [&hellip;]<\/p>\n","protected":false},"author":1,"featured_media":0,"parent":0,"menu_order":0,"comment_status":"closed","ping_status":"closed","template":"","meta":{"_acf_changed":false,"footnotes":""},"class_list":["post-2640","page","type-page","status-publish","hentry"],"acf":[],"yoast_head":"<!-- This site is optimized with the Yoast SEO plugin v27.3 - https:\/\/yoast.com\/product\/yoast-seo-wordpress\/ -->\n<title>Zahlung - EPIQS SA<\/title>\n<meta name=\"description\" content=\"EPIQS bietet Ihnen alle herk\u00f6mmlichen Zahlungsarten an. Profitieren Sie au\u00dferdem von einer kostenlosen Zahlung in monatlichen Raten.\" \/>\n<meta name=\"robots\" content=\"index, follow, max-snippet:-1, max-image-preview:large, max-video-preview:-1\" \/>\n<link rel=\"canonical\" href=\"https:\/\/epiqs.ch\/de\/zahlung\/\" \/>\n<meta property=\"og:locale\" content=\"de_DE\" \/>\n<meta property=\"og:type\" content=\"article\" \/>\n<meta property=\"og:title\" content=\"Zahlung - EPIQS SA\" \/>\n<meta property=\"og:description\" content=\"EPIQS bietet Ihnen alle herk\u00f6mmlichen Zahlungsarten an. Profitieren Sie au\u00dferdem von einer kostenlosen Zahlung in monatlichen Raten.\" \/>\n<meta property=\"og:url\" content=\"https:\/\/epiqs.ch\/de\/zahlung\/\" \/>\n<meta property=\"og:site_name\" content=\"EPIQS SA\" \/>\n<meta property=\"article:publisher\" content=\"https:\/\/www.facebook.com\/EPIQSSA\" \/>\n<meta property=\"article:modified_time\" content=\"2025-01-06T18:38:59+00:00\" \/>\n<meta name=\"twitter:card\" content=\"summary_large_image\" \/>\n<meta name=\"twitter:label1\" content=\"Gesch\u00e4tzte Lesezeit\" \/>\n\t<meta name=\"twitter:data1\" content=\"1\u00a0Minute\" \/>\n<script type=\"application\/ld+json\" class=\"yoast-schema-graph\">{\"@context\":\"https:\\\/\\\/schema.org\",\"@graph\":[{\"@type\":\"WebPage\",\"@id\":\"https:\\\/\\\/epiqs.ch\\\/de\\\/zahlung\\\/\",\"url\":\"https:\\\/\\\/epiqs.ch\\\/de\\\/zahlung\\\/\",\"name\":\"Zahlung - EPIQS SA\",\"isPartOf\":{\"@id\":\"https:\\\/\\\/epiqs.ch\\\/#website\"},\"datePublished\":\"2021-05-17T14:52:24+00:00\",\"dateModified\":\"2025-01-06T18:38:59+00:00\",\"description\":\"EPIQS bietet Ihnen alle herk\u00f6mmlichen Zahlungsarten an. Profitieren Sie au\u00dferdem von einer kostenlosen Zahlung in monatlichen Raten.\",\"breadcrumb\":{\"@id\":\"https:\\\/\\\/epiqs.ch\\\/de\\\/zahlung\\\/#breadcrumb\"},\"inLanguage\":\"de\",\"potentialAction\":[{\"@type\":\"ReadAction\",\"target\":[\"https:\\\/\\\/epiqs.ch\\\/de\\\/zahlung\\\/\"]}]},{\"@type\":\"BreadcrumbList\",\"@id\":\"https:\\\/\\\/epiqs.ch\\\/de\\\/zahlung\\\/#breadcrumb\",\"itemListElement\":[{\"@type\":\"ListItem\",\"position\":1,\"name\":\"Accueil\",\"item\":\"https:\\\/\\\/epiqs.ch\\\/de\\\/\"},{\"@type\":\"ListItem\",\"position\":2,\"name\":\"Zahlung\"}]},{\"@type\":\"WebSite\",\"@id\":\"https:\\\/\\\/epiqs.ch\\\/#website\",\"url\":\"https:\\\/\\\/epiqs.ch\\\/\",\"name\":\"EPIQS SA\",\"description\":\"Vente de scooters \u00e9lectriques\",\"publisher\":{\"@id\":\"https:\\\/\\\/epiqs.ch\\\/#organization\"},\"alternateName\":\"EPIQS\",\"potentialAction\":[{\"@type\":\"SearchAction\",\"target\":{\"@type\":\"EntryPoint\",\"urlTemplate\":\"https:\\\/\\\/epiqs.ch\\\/?s={search_term_string}\"},\"query-input\":{\"@type\":\"PropertyValueSpecification\",\"valueRequired\":true,\"valueName\":\"search_term_string\"}}],\"inLanguage\":\"de\"},{\"@type\":\"Organization\",\"@id\":\"https:\\\/\\\/epiqs.ch\\\/#organization\",\"name\":\"EPIQS SA\",\"alternateName\":\"EPIQS\",\"url\":\"https:\\\/\\\/epiqs.ch\\\/\",\"logo\":{\"@type\":\"ImageObject\",\"inLanguage\":\"de\",\"@id\":\"https:\\\/\\\/epiqs.ch\\\/#\\\/schema\\\/logo\\\/image\\\/\",\"url\":\"https:\\\/\\\/epiqs.ch\\\/wp-content\\\/uploads\\\/2021\\\/03\\\/logo.svg\",\"contentUrl\":\"https:\\\/\\\/epiqs.ch\\\/wp-content\\\/uploads\\\/2021\\\/03\\\/logo.svg\",\"width\":399.77,\"height\":161.68,\"caption\":\"EPIQS SA\"},\"image\":{\"@id\":\"https:\\\/\\\/epiqs.ch\\\/#\\\/schema\\\/logo\\\/image\\\/\"},\"sameAs\":[\"https:\\\/\\\/www.facebook.com\\\/EPIQSSA\"]}]}<\/script>\n<!-- \/ Yoast SEO plugin. -->","yoast_head_json":{"title":"Zahlung - EPIQS SA","description":"EPIQS bietet Ihnen alle herk\u00f6mmlichen Zahlungsarten an. Profitieren Sie au\u00dferdem von einer kostenlosen Zahlung in monatlichen Raten.","robots":{"index":"index","follow":"follow","max-snippet":"max-snippet:-1","max-image-preview":"max-image-preview:large","max-video-preview":"max-video-preview:-1"},"canonical":"https:\/\/epiqs.ch\/de\/zahlung\/","og_locale":"de_DE","og_type":"article","og_title":"Zahlung - EPIQS SA","og_description":"EPIQS bietet Ihnen alle herk\u00f6mmlichen Zahlungsarten an. Profitieren Sie au\u00dferdem von einer kostenlosen Zahlung in monatlichen Raten.","og_url":"https:\/\/epiqs.ch\/de\/zahlung\/","og_site_name":"EPIQS SA","article_publisher":"https:\/\/www.facebook.com\/EPIQSSA","article_modified_time":"2025-01-06T18:38:59+00:00","twitter_card":"summary_large_image","twitter_misc":{"Gesch\u00e4tzte Lesezeit":"1\u00a0Minute"},"schema":{"@context":"https:\/\/schema.org","@graph":[{"@type":"WebPage","@id":"https:\/\/epiqs.ch\/de\/zahlung\/","url":"https:\/\/epiqs.ch\/de\/zahlung\/","name":"Zahlung - EPIQS SA","isPartOf":{"@id":"https:\/\/epiqs.ch\/#website"},"datePublished":"2021-05-17T14:52:24+00:00","dateModified":"2025-01-06T18:38:59+00:00","description":"EPIQS bietet Ihnen alle herk\u00f6mmlichen Zahlungsarten an. Profitieren Sie au\u00dferdem von einer kostenlosen Zahlung in monatlichen Raten.","breadcrumb":{"@id":"https:\/\/epiqs.ch\/de\/zahlung\/#breadcrumb"},"inLanguage":"de","potentialAction":[{"@type":"ReadAction","target":["https:\/\/epiqs.ch\/de\/zahlung\/"]}]},{"@type":"BreadcrumbList","@id":"https:\/\/epiqs.ch\/de\/zahlung\/#breadcrumb","itemListElement":[{"@type":"ListItem","position":1,"name":"Accueil","item":"https:\/\/epiqs.ch\/de\/"},{"@type":"ListItem","position":2,"name":"Zahlung"}]},{"@type":"WebSite","@id":"https:\/\/epiqs.ch\/#website","url":"https:\/\/epiqs.ch\/","name":"EPIQS SA","description":"Vente de scooters \u00e9lectriques","publisher":{"@id":"https:\/\/epiqs.ch\/#organization"},"alternateName":"EPIQS","potentialAction":[{"@type":"SearchAction","target":{"@type":"EntryPoint","urlTemplate":"https:\/\/epiqs.ch\/?s={search_term_string}"},"query-input":{"@type":"PropertyValueSpecification","valueRequired":true,"valueName":"search_term_string"}}],"inLanguage":"de"},{"@type":"Organization","@id":"https:\/\/epiqs.ch\/#organization","name":"EPIQS SA","alternateName":"EPIQS","url":"https:\/\/epiqs.ch\/","logo":{"@type":"ImageObject","inLanguage":"de","@id":"https:\/\/epiqs.ch\/#\/schema\/logo\/image\/","url":"https:\/\/epiqs.ch\/wp-content\/uploads\/2021\/03\/logo.svg","contentUrl":"https:\/\/epiqs.ch\/wp-content\/uploads\/2021\/03\/logo.svg","width":399.77,"height":161.68,"caption":"EPIQS SA"},"image":{"@id":"https:\/\/epiqs.ch\/#\/schema\/logo\/image\/"},"sameAs":["https:\/\/www.facebook.com\/EPIQSSA"]}]}},"_links":{"self":[{"href":"https:\/\/epiqs.ch\/de\/wp-json\/wp\/v2\/pages\/2640","targetHints":{"allow":["GET"]}}],"collection":[{"href":"https:\/\/epiqs.ch\/de\/wp-json\/wp\/v2\/pages"}],"about":[{"href":"https:\/\/epiqs.ch\/de\/wp-json\/wp\/v2\/types\/page"}],"author":[{"embeddable":true,"href":"https:\/\/epiqs.ch\/de\/wp-json\/wp\/v2\/users\/1"}],"replies":[{"embeddable":true,"href":"https:\/\/epiqs.ch\/de\/wp-json\/wp\/v2\/comments?post=2640"}],"version-history":[{"count":6,"href":"https:\/\/epiqs.ch\/de\/wp-json\/wp\/v2\/pages\/2640\/revisions"}],"predecessor-version":[{"id":3706,"href":"https:\/\/epiqs.ch\/de\/wp-json\/wp\/v2\/pages\/2640\/revisions\/3706"}],"wp:attachment":[{"href":"https:\/\/epiqs.ch\/de\/wp-json\/wp\/v2\/media?parent=2640"}],"curies":[{"name":"wp","href":"https:\/\/api.w.org\/{rel}","templated":true}]}}