{"id":2567,"date":"2021-05-17T16:44:00","date_gmt":"2021-05-17T14:44:00","guid":{"rendered":"https:\/\/epiqs.ch\/lieferung\/"},"modified":"2025-03-06T08:43:20","modified_gmt":"2025-03-06T07:43:20","slug":"lieferung","status":"publish","type":"page","link":"https:\/\/epiqs.ch\/de\/lieferung\/","title":{"rendered":"Lieferung"},"content":{"rendered":"\t\t<div data-elementor-type=\"wp-page\" data-elementor-id=\"2567\" class=\"elementor elementor-2567 elementor-827\" data-elementor-post-type=\"page\">\n\t\t\t\t\t\t<section class=\"elementor-section elementor-top-section elementor-element elementor-element-4b8104a8 elementor-section-boxed elementor-section-height-default elementor-section-height-default\" data-id=\"4b8104a8\" data-element_type=\"section\" data-e-type=\"section\" data-settings=\"{&quot;jet_parallax_layout_list&quot;:[]}\">\n\t\t\t\t\t\t<div class=\"elementor-container elementor-column-gap-default\">\n\t\t\t\t\t<div class=\"elementor-column elementor-col-100 elementor-top-column elementor-element elementor-element-49f5bfa5\" data-id=\"49f5bfa5\" data-element_type=\"column\" data-e-type=\"column\">\n\t\t\t<div class=\"elementor-widget-wrap elementor-element-populated\">\n\t\t\t\t\t\t<div class=\"elementor-element elementor-element-55ebac56 elementor-widget elementor-widget-text-editor\" data-id=\"55ebac56\" data-element_type=\"widget\" data-e-type=\"widget\" data-widget_type=\"text-editor.default\">\n\t\t\t\t<div class=\"elementor-widget-container\">\n\t\t\t\t\t\t\t\t\t\n<p>EPIQS bietet Ihnen 3 Lieferarten zur Auswahl, die Sie im Bestellprozess angeben m\u00fcssen:  <\/p>\n\n<ul>\n<li><a href=\"#livraison-domicile\">Lieferung nach Hause<\/a><\/li>\n\n<li><a href=\"#retrait-partenaire\">Lieferung und Abholung bei einer Partnerwerkstatt<\/a><\/li>\n\n<li><a href=\"#retrait-centre\">Selbstabholung in unserem Logistikzentrum<\/a><\/li>\n<\/ul>\n\n<p> <\/p>\n<hr class=\"wp-block-separator has-text-color has-css-opacity has-background is-style-wide\" style=\"background-color: #dddddd; color: #dddddd;\">\n<h2 id=\"livraison-domicile\">Lieferung nach Hause<\/h2>\n\n<p>Hier sind die Schritte f\u00fcr eine Lieferung nach Hause :<\/p>\n\n<ol>\n<li>Sie geben auf unserer Website eine Bestellung auf und w\u00e4hlen die Option &#8222;Lieferung nach Hause&#8220;. Sobald die Bestellung angenommen wurde, leiten wir den Lieferauftrag an unseren Transportdienstleister weiter.  <\/li>\n<\/ol>\n\n<p> <\/p>\n\n<ol start=\"2\">\n<li>Unser Transportdienstleister nimmt per E-Mail und SMS Kontakt mit Ihnen auf, um einen f\u00fcr Sie passenden Liefertermin zu vereinbaren.<\/li>\n<\/ol>\n\n<p> <\/p>\n\n<ol start=\"3\">\n<li>Die Lieferung erfolgt fr\u00fchestens 2 Werktage nach der Bestellung. An Samstagen und Sonntagen sowie an offiziellen nationalen und kantonalen Feiertagen werden keine Lieferungen durchgef\u00fchrt. Angesichts des Gewichts und des Zwecks seiner Nutzung wird der Roller drau\u00dfen so nah wie m\u00f6glich am Hauseingang angeliefert.<\/li>\n<\/ol>\n\n<p> <\/p>\n\n<ol start=\"4\">\n<li>Zum Zeitpunkt der Lieferung m\u00fcssen Sie anwesend sein, um die Bestellung in Empfang zu nehmen. Wenn Sie zum Zeitpunkt der Lieferung nicht vor Ort sind, wird die Ware vom Spediteur auf Ihre Kosten zur\u00fcckgenommen. Ein neuer Liefertermin muss zwischen dem Spediteur und Ihnen vereinbart werden. Diese zus\u00e4tzlichen Kosten sind von Ihnen zu tragen. Sie werden auf der Grundlage des vom Transportunternehmen festgelegten tats\u00e4chlichen Preises zuz\u00fcglich einer Bearbeitungsgeb\u00fchr von CHF 20 berechnet.<\/li>\n<\/ol>\n\n<p> <\/p>\n\n<ol start=\"5\">\n<li>Der Roller ist in einem Karton mit einem Metallrahmen verpackt, um ihn beim Transport zu sch\u00fctzen. Denken Sie daran, Ihr Fahrzeug gr\u00fcndlich zu inspizieren. Nach der Abfahrt des Zustellers k\u00f6nnen keine Transportstreitigkeiten mehr \u00fcbernommen werden, wenn dies nicht auf dem Lieferschein vermerkt ist. Der Zusteller geht nicht mit dem Metallrahmen und dem Karton, die das Fahrzeug sch\u00fctzen, zur\u00fcck. Dann m\u00fcssen Sie sie auf eigene Faust entsorgen (M\u00fcllabfuhr).<\/li>\n<\/ol>\n\n<p> <\/p>\n\n<ol start=\"6\">\n<li>Packen Sie den Karton mithilfe der Auspackhilfe vorsichtig aus und lesen Sie dann die Bedienungsanleitung, die sich unter dem Sattel befindet. Laden Sie Ihre Batterie vor der ersten Benutzung des Scooters vollst\u00e4ndig auf. Au\u00dferdem m\u00fcssen Sie die R\u00fcckspiegel und die Mini-Windschutzscheibe montieren und Ihr Nummernschild am Heck des Fahrzeugs befestigen. Dazu sind keine besonderen F\u00e4higkeiten erforderlich, au\u00dfer dass Sie wissen, wie man einen Schraubendreher benutzt.  <\/li>\n<\/ol>\n\n<p> <\/p>\n\n<h4>Wichtige Informationen<\/h4>\n\n<ul>\n<li>Wenn Sie sich f\u00fcr die Lieferung nach Hause entscheiden, ist es Ihre Aufgabe, die Zulassung des Fahrzeugs zu veranlassen (Erhalt des Kennzeichens ist obligatorisch). Weitere Informationen zum Registrierungsverfahren finden Sie <a href=\"https:\/\/epiqs.ch\/de\/fuehrerschein-und-zulassung\/\">hier<\/a>.  <\/li>\n<\/ul>\n\n<p> <\/p>\n\n<ul>\n<li>Mit Ihrer Bestellung erhalten Sie ein Originalformular mit dem Namen 13.20A. Dieses Formular ist erforderlich, um das Kennzeichen f\u00fcr Ihren Motorroller zu erhalten. Sie m\u00fcssen ihn beim Stra\u00dfenverkehrsamt vorlegen. Bewahren Sie ihn daher gut auf.  <\/li>\n<\/ul>\n\n<p> <\/p>\n\n<ul>\n<li>Die Unterschrift auf dem Beleg des Spediteurs verpflichtet Sie zu Ihrer Verantwortung und zeigt an, dass Sie Ihr Paket in gutem Zustand erhalten haben. Daher ist es wichtig, Ihre Lieferung zu \u00fcberpr\u00fcfen.  <\/li>\n<\/ul>\n\n<div class=\"wp-block-spacer\" style=\"height: 100px;\" aria-hidden=\"true\"> <\/div>\n\n<h2 id=\"retrait-partenaire\">Lieferung und Abholung bei einer Partnerwerkstatt<\/h2>\n\n<p>Sie k\u00f6nnen w\u00e4hlen, ob Sie Ihr Fahrzeug bei einer unserer Partnerwerkst\u00e4tten abliefern lassen m\u00f6chten. In diesem Fall holen Sie Ihren gebrauchsfertigen und zugelassenen Elektroroller direkt in der Werkstatt ab. So m\u00fcssen Sie sich nicht um die Inbetriebnahme des Fahrzeugs oder die Zulassung k\u00fcmmern. All dies wird von der Partnerwerkstatt f\u00fcr Sie erledigt.  <\/p>\n\n<p><strong>Im Einzelnen sieht das wie folgt aus:  <\/strong><\/p>\n\n<ol>\n<li>Sie geben auf unserer Website eine Bestellung auf und w\u00e4hlen die Option &#8222;Lieferung und Abholung bei einer Partnerwerkstatt&#8220;. Sobald die Bestellung angenommen wurde, leiten wir den Lieferauftrag an unseren Transportdienstleister weiter, der das Fahrzeug innerhalb von 48 bis 72 Stunden an die Partnerwerkstatt liefert.  <\/li>\n<\/ol>\n\n<p> <\/p>\n\n<ol start=\"2\">\n<li>Die Partnerwerkstatt wird sich umgehend mit Ihnen in Verbindung setzen, um alle Informationen und Dokumente zu erhalten, die f\u00fcr die Inbetriebnahme und Zulassung des Fahrzeugs erforderlich sind (u. a. Haftpflichtversicherungsvertrag f\u00fcr das Fahrzeug).  <\/li>\n<\/ol>\n\n<p> <\/p>\n\n<ol start=\"3\">\n<li>Die Partnergarage k\u00fcmmert sich um die Vorbereitung Ihres Fahrzeugs (Laden der Batterie, Anbringen der Spiegel und des Kennzeichens, &#8230;) und die administrativen Schritte beim Stra\u00dfenverkehrsamt, um das Kennzeichen und die Zulassung f\u00fcr Ihr Fahrzeug zu erhalten.  <\/li>\n<\/ol>\n\n<p> <\/p>\n\n<ol start=\"4\">\n<li>Wenn Ihr Fahrzeug bereit ist, wird sich die Partnerwerkstatt mit Ihnen in Verbindung setzen und Ihnen mitteilen, dass Sie Ihr Fahrzeug abholen k\u00f6nnen, das sofort einsatzbereit ist.  <\/li>\n<\/ol>\n\n<p> <\/p>\n\n<ol start=\"5\">\n<li>Wenn Sie Ihr Fahrzeug abholen, wird Ihnen unsere Partnerwerkstatt bei Bedarf zeigen, wie Sie Ihren Roller in die Hand nehmen k\u00f6nnen. Er wird Ihnen auch alle Fahrzeugpapiere und das gesamte Zubeh\u00f6r aush\u00e4ndigen.  <\/li>\n<\/ol>\n\n<div class=\"wp-block-spacer\" style=\"height: 100px;\" aria-hidden=\"true\"> <\/div>\n\n<h2 id=\"retrait-centre\">Selbstabholung in unserem Logistikzentrum<\/h2>\n\n<p>Wenn Sie m\u00f6chten, k\u00f6nnen Sie Ihre Bestellung auch direkt in unserem Logistik- und Lagerzentrum abholen. Das l\u00e4uft folgenderma\u00dfen ab:  <\/p>\n\n<ol>\n<li>Sie geben auf unserer Website eine Bestellung auf und w\u00e4hlen die Option &#8222;Selbstabholung in unserem Logistikzentrum&#8220;. Sobald die Bestellung angenommen wurde, leiten wir den Abholauftrag an unseren Logistikdienstleister weiter.  <\/li>\n<\/ol>\n\n<p> <\/p>\n\n<ol start=\"2\">\n<li>Unser Logistikdienstleister nimmt per E-Mail und SMS Kontakt mit Ihnen auf, um ein f\u00fcr Sie passendes Datum f\u00fcr die Abholung Ihres Rollers zu vereinbaren.  <\/li>\n<\/ol>\n\n<p> <\/p>\n\n<ol start=\"3\">\n<li>Sie holen das Fahrzeug in seiner Originalverpackung (Metallrahmen mit Karton\u00fcberzug) ab.  <\/li>\n<\/ol>\n\n<p> <\/p>\n\n<p> <\/p>\n\n<h4>Wichtige Informationen<\/h4>\n\n<ul>\n<li>Das Fahrzeug wird in seiner Originalverpackung (Karton und Metallrahmen zum Schutz w\u00e4hrend des Transports) zur Verf\u00fcgung gestellt.<\/li>\n<\/ul>\n\n<p> <\/p>\n\n<ul>\n<li>Das Fahrzeug wird ohne Zulassung (also ohne Nummernschild) und nicht montierte R\u00fcckspiegel \u00fcbergeben.  <\/li>\n<\/ul>\n\n<p> <\/p>\n\n<ul>\n<li>Es wird daher dringend empfohlen, das Fahrzeug nur dann vor Ort abzuholen, wenn Sie \u00fcber ein geeignetes Transportfahrzeug verf\u00fcgen.<\/li>\n<\/ul>\n\n<div class=\"wp-block-spacer\" style=\"height: 100px;\" aria-hidden=\"true\"> <\/div>\n\t\t\t\t\t\t\t\t<\/div>\n\t\t\t\t<\/div>\n\t\t\t\t\t<\/div>\n\t\t<\/div>\n\t\t\t\t\t<\/div>\n\t\t<\/section>\n\t\t\t\t<\/div>\n\t\t","protected":false},"excerpt":{"rendered":"<p>EPIQS bietet Ihnen 3 Lieferarten zur Auswahl, die Sie im Bestellprozess angeben m\u00fcssen: Lieferung nach Hause Lieferung und Abholung bei einer Partnerwerkstatt Selbstabholung in unserem Logistikzentrum Lieferung nach Hause Hier sind die Schritte f\u00fcr eine Lieferung nach Hause : Sie geben auf unserer Website eine Bestellung auf und w\u00e4hlen die Option &#8222;Lieferung nach Hause&#8220;. Sobald [&hellip;]<\/p>\n","protected":false},"author":1,"featured_media":0,"parent":0,"menu_order":0,"comment_status":"closed","ping_status":"closed","template":"","meta":{"_acf_changed":false,"footnotes":""},"class_list":["post-2567","page","type-page","status-publish","hentry"],"acf":[],"yoast_head":"<!-- This site is optimized with the Yoast SEO plugin v27.5 - https:\/\/yoast.com\/product\/yoast-seo-wordpress\/ -->\n<title>Lieferung - EPIQS SA<\/title>\n<meta name=\"description\" content=\"Sie k\u00f6nnen sich Ihren Elektroroller nach Hause liefern lassen oder ihn bei einer unserer Partnerwerkst\u00e4tten abholen.\" \/>\n<meta name=\"robots\" content=\"index, follow, max-snippet:-1, max-image-preview:large, max-video-preview:-1\" \/>\n<link rel=\"canonical\" href=\"https:\/\/epiqs.ch\/de\/lieferung\/\" \/>\n<meta property=\"og:locale\" content=\"de_DE\" \/>\n<meta property=\"og:type\" content=\"article\" \/>\n<meta property=\"og:title\" content=\"Lieferung - EPIQS SA\" \/>\n<meta property=\"og:description\" content=\"Sie k\u00f6nnen sich Ihren Elektroroller nach Hause liefern lassen oder ihn bei einer unserer Partnerwerkst\u00e4tten abholen.\" \/>\n<meta property=\"og:url\" content=\"https:\/\/epiqs.ch\/de\/lieferung\/\" \/>\n<meta property=\"og:site_name\" content=\"EPIQS SA\" \/>\n<meta property=\"article:publisher\" content=\"https:\/\/www.facebook.com\/EPIQSSA\" \/>\n<meta property=\"article:modified_time\" content=\"2025-03-06T07:43:20+00:00\" \/>\n<meta name=\"twitter:card\" content=\"summary_large_image\" \/>\n<meta name=\"twitter:label1\" content=\"Gesch\u00e4tzte Lesezeit\" \/>\n\t<meta name=\"twitter:data1\" content=\"4\u00a0Minuten\" \/>\n<script type=\"application\/ld+json\" class=\"yoast-schema-graph\">{\"@context\":\"https:\\\/\\\/schema.org\",\"@graph\":[{\"@type\":\"WebPage\",\"@id\":\"https:\\\/\\\/epiqs.ch\\\/de\\\/lieferung\\\/\",\"url\":\"https:\\\/\\\/epiqs.ch\\\/de\\\/lieferung\\\/\",\"name\":\"Lieferung - EPIQS SA\",\"isPartOf\":{\"@id\":\"https:\\\/\\\/epiqs.ch\\\/#website\"},\"datePublished\":\"2021-05-17T14:44:00+00:00\",\"dateModified\":\"2025-03-06T07:43:20+00:00\",\"description\":\"Sie k\u00f6nnen sich Ihren Elektroroller nach Hause liefern lassen oder ihn bei einer unserer Partnerwerkst\u00e4tten abholen.\",\"breadcrumb\":{\"@id\":\"https:\\\/\\\/epiqs.ch\\\/de\\\/lieferung\\\/#breadcrumb\"},\"inLanguage\":\"de\",\"potentialAction\":[{\"@type\":\"ReadAction\",\"target\":[\"https:\\\/\\\/epiqs.ch\\\/de\\\/lieferung\\\/\"]}]},{\"@type\":\"BreadcrumbList\",\"@id\":\"https:\\\/\\\/epiqs.ch\\\/de\\\/lieferung\\\/#breadcrumb\",\"itemListElement\":[{\"@type\":\"ListItem\",\"position\":1,\"name\":\"Accueil\",\"item\":\"https:\\\/\\\/epiqs.ch\\\/de\\\/\"},{\"@type\":\"ListItem\",\"position\":2,\"name\":\"Lieferung\"}]},{\"@type\":\"WebSite\",\"@id\":\"https:\\\/\\\/epiqs.ch\\\/#website\",\"url\":\"https:\\\/\\\/epiqs.ch\\\/\",\"name\":\"EPIQS SA\",\"description\":\"Vente de scooters \u00e9lectriques\",\"publisher\":{\"@id\":\"https:\\\/\\\/epiqs.ch\\\/#organization\"},\"alternateName\":\"EPIQS\",\"potentialAction\":[{\"@type\":\"SearchAction\",\"target\":{\"@type\":\"EntryPoint\",\"urlTemplate\":\"https:\\\/\\\/epiqs.ch\\\/?s={search_term_string}\"},\"query-input\":{\"@type\":\"PropertyValueSpecification\",\"valueRequired\":true,\"valueName\":\"search_term_string\"}}],\"inLanguage\":\"de\"},{\"@type\":\"Organization\",\"@id\":\"https:\\\/\\\/epiqs.ch\\\/#organization\",\"name\":\"EPIQS SA\",\"alternateName\":\"EPIQS\",\"url\":\"https:\\\/\\\/epiqs.ch\\\/\",\"logo\":{\"@type\":\"ImageObject\",\"inLanguage\":\"de\",\"@id\":\"https:\\\/\\\/epiqs.ch\\\/#\\\/schema\\\/logo\\\/image\\\/\",\"url\":\"https:\\\/\\\/epiqs.ch\\\/wp-content\\\/uploads\\\/2021\\\/03\\\/logo.svg\",\"contentUrl\":\"https:\\\/\\\/epiqs.ch\\\/wp-content\\\/uploads\\\/2021\\\/03\\\/logo.svg\",\"width\":399.77,\"height\":161.68,\"caption\":\"EPIQS SA\"},\"image\":{\"@id\":\"https:\\\/\\\/epiqs.ch\\\/#\\\/schema\\\/logo\\\/image\\\/\"},\"sameAs\":[\"https:\\\/\\\/www.facebook.com\\\/EPIQSSA\"]}]}<\/script>\n<!-- \/ Yoast SEO plugin. -->","yoast_head_json":{"title":"Lieferung - EPIQS SA","description":"Sie k\u00f6nnen sich Ihren Elektroroller nach Hause liefern lassen oder ihn bei einer unserer Partnerwerkst\u00e4tten abholen.","robots":{"index":"index","follow":"follow","max-snippet":"max-snippet:-1","max-image-preview":"max-image-preview:large","max-video-preview":"max-video-preview:-1"},"canonical":"https:\/\/epiqs.ch\/de\/lieferung\/","og_locale":"de_DE","og_type":"article","og_title":"Lieferung - EPIQS SA","og_description":"Sie k\u00f6nnen sich Ihren Elektroroller nach Hause liefern lassen oder ihn bei einer unserer Partnerwerkst\u00e4tten abholen.","og_url":"https:\/\/epiqs.ch\/de\/lieferung\/","og_site_name":"EPIQS SA","article_publisher":"https:\/\/www.facebook.com\/EPIQSSA","article_modified_time":"2025-03-06T07:43:20+00:00","twitter_card":"summary_large_image","twitter_misc":{"Gesch\u00e4tzte Lesezeit":"4\u00a0Minuten"},"schema":{"@context":"https:\/\/schema.org","@graph":[{"@type":"WebPage","@id":"https:\/\/epiqs.ch\/de\/lieferung\/","url":"https:\/\/epiqs.ch\/de\/lieferung\/","name":"Lieferung - EPIQS SA","isPartOf":{"@id":"https:\/\/epiqs.ch\/#website"},"datePublished":"2021-05-17T14:44:00+00:00","dateModified":"2025-03-06T07:43:20+00:00","description":"Sie k\u00f6nnen sich Ihren Elektroroller nach Hause liefern lassen oder ihn bei einer unserer Partnerwerkst\u00e4tten abholen.","breadcrumb":{"@id":"https:\/\/epiqs.ch\/de\/lieferung\/#breadcrumb"},"inLanguage":"de","potentialAction":[{"@type":"ReadAction","target":["https:\/\/epiqs.ch\/de\/lieferung\/"]}]},{"@type":"BreadcrumbList","@id":"https:\/\/epiqs.ch\/de\/lieferung\/#breadcrumb","itemListElement":[{"@type":"ListItem","position":1,"name":"Accueil","item":"https:\/\/epiqs.ch\/de\/"},{"@type":"ListItem","position":2,"name":"Lieferung"}]},{"@type":"WebSite","@id":"https:\/\/epiqs.ch\/#website","url":"https:\/\/epiqs.ch\/","name":"EPIQS SA","description":"Vente de scooters \u00e9lectriques","publisher":{"@id":"https:\/\/epiqs.ch\/#organization"},"alternateName":"EPIQS","potentialAction":[{"@type":"SearchAction","target":{"@type":"EntryPoint","urlTemplate":"https:\/\/epiqs.ch\/?s={search_term_string}"},"query-input":{"@type":"PropertyValueSpecification","valueRequired":true,"valueName":"search_term_string"}}],"inLanguage":"de"},{"@type":"Organization","@id":"https:\/\/epiqs.ch\/#organization","name":"EPIQS SA","alternateName":"EPIQS","url":"https:\/\/epiqs.ch\/","logo":{"@type":"ImageObject","inLanguage":"de","@id":"https:\/\/epiqs.ch\/#\/schema\/logo\/image\/","url":"https:\/\/epiqs.ch\/wp-content\/uploads\/2021\/03\/logo.svg","contentUrl":"https:\/\/epiqs.ch\/wp-content\/uploads\/2021\/03\/logo.svg","width":399.77,"height":161.68,"caption":"EPIQS SA"},"image":{"@id":"https:\/\/epiqs.ch\/#\/schema\/logo\/image\/"},"sameAs":["https:\/\/www.facebook.com\/EPIQSSA"]}]}},"_links":{"self":[{"href":"https:\/\/epiqs.ch\/de\/wp-json\/wp\/v2\/pages\/2567","targetHints":{"allow":["GET"]}}],"collection":[{"href":"https:\/\/epiqs.ch\/de\/wp-json\/wp\/v2\/pages"}],"about":[{"href":"https:\/\/epiqs.ch\/de\/wp-json\/wp\/v2\/types\/page"}],"author":[{"embeddable":true,"href":"https:\/\/epiqs.ch\/de\/wp-json\/wp\/v2\/users\/1"}],"replies":[{"embeddable":true,"href":"https:\/\/epiqs.ch\/de\/wp-json\/wp\/v2\/comments?post=2567"}],"version-history":[{"count":3,"href":"https:\/\/epiqs.ch\/de\/wp-json\/wp\/v2\/pages\/2567\/revisions"}],"predecessor-version":[{"id":3750,"href":"https:\/\/epiqs.ch\/de\/wp-json\/wp\/v2\/pages\/2567\/revisions\/3750"}],"wp:attachment":[{"href":"https:\/\/epiqs.ch\/de\/wp-json\/wp\/v2\/media?parent=2567"}],"curies":[{"name":"wp","href":"https:\/\/api.w.org\/{rel}","templated":true}]}}