{"id":2564,"date":"2021-05-19T11:47:32","date_gmt":"2021-05-19T09:47:32","guid":{"rendered":"https:\/\/epiqs.ch\/geschaeftliche-kunden\/"},"modified":"2023-01-25T13:58:19","modified_gmt":"2023-01-25T12:58:19","slug":"geschaeftliche-kunden","status":"publish","type":"page","link":"https:\/\/epiqs.ch\/de\/geschaeftliche-kunden\/","title":{"rendered":"Gesch\u00e4ftliche Kunden"},"content":{"rendered":"\n<p>Z\u00f6gern Sie nicht, uns zu kontaktieren, wenn Sie eine Anfrage haben. Weitere Informationen zu unseren Leistungen f\u00fcr Gesch\u00e4ftskunden finden Sie weiter unten.  <\/p>\n\n<h2 class=\"wp-block-heading\">M\u00f6chten Sie unserem Netzwerk von Partnerwerkst\u00e4tten beitreten?  <\/h2>\n\n<p>Ausgezeichnete Idee! Nehmen Sie Kontakt mit uns auf. Wir leiten alle relevanten Informationen an Sie weiter und beantworten gerne alle Ihre Fragen.  <\/p>\n\n<div class=\"wp-block-buttons is-layout-flex wp-block-buttons-is-layout-flex\">\n<div class=\"wp-block-button\"><a class=\"wp-block-button__link\" href=\"https:\/\/epiqs.ch\/de\/ueber\/#contact\">Kontakt aufnehmen<\/a><\/div>\n<\/div>\n\n<h2 class=\"wp-block-heading\">M\u00f6chten Sie H\u00e4ndler werden?<\/h2>\n\n<p>Ausgezeichnete Idee! Nehmen Sie Kontakt mit uns auf. Wir leiten alle relevanten Informationen an Sie weiter und beantworten gerne alle Ihre Fragen.  <\/p>\n\n<div class=\"wp-block-buttons is-layout-flex wp-block-buttons-is-layout-flex\">\n<div class=\"wp-block-button\"><a class=\"wp-block-button__link\" href=\"https:\/\/epiqs.ch\/de\/ueber\/#contact\">Kontakt aufnehmen<\/a><\/div>\n<\/div>\n\n<h2 class=\"wp-block-heading\">Sie sind ein Unternehmen oder eine \u00f6ffentliche K\u00f6rperschaft und m\u00f6chten ein passendes Angebot erhalten?<\/h2>\n\n<p>Wenn Sie f\u00fcr Ihr Unternehmen oder Ihre Gemeinde im Rahmen eines Projekts einen Artikel in einer gr\u00f6\u00dferen Menge ben\u00f6tigen, wenden Sie sich bitte an uns. Sie k\u00f6nnen uns Ihre Anfrage per E-Mail mit einer kurzen Beschreibung Ihres Projekts, einem Hinweis auf die gew\u00fcnschten Mengen sowie den Kontaktdaten Ihres Unternehmens oder Ihrer Organisation schicken. Wir werden uns so bald wie m\u00f6glich mit Ihnen in Verbindung setzen.<\/p>\n\n<div class=\"wp-block-buttons is-layout-flex wp-block-buttons-is-layout-flex\">\n<div class=\"wp-block-button\"><a class=\"wp-block-button__link\" href=\"https:\/\/epiqs.ch\/de\/business-to-business\/\">Mehr erfahren<\/a><\/div>\n<\/div>\n\n<h2 class=\"wp-block-heading\">Haben Sie ein besonderes Anliegen?  <\/h2>\n\n<p>Sie w\u00fcnschen sich ein Elektroroller-Modell, das zu Ihrer Aktivit\u00e4t passt (Hauszustellung, Selbstbedienungsstation, Firmenflotte, &#8230;) oder Sie haben ein bestimmtes Projekt in der Entwicklung?  <\/p>\n\n<p>Wir w\u00fcrden uns freuen, wenn wir Ihnen helfen k\u00f6nnten. Bitte kontaktieren Sie uns, damit wir das Thema besprechen k\u00f6nnen.  <\/p>\n\n<div class=\"wp-block-buttons is-layout-flex wp-block-buttons-is-layout-flex\">\n<div class=\"wp-block-button\"><a class=\"wp-block-button__link\" href=\"https:\/\/epiqs.ch\/de\/ueber\/#contact\">Kontakt aufnehmen<\/a><\/div>\n<\/div>\n","protected":false},"excerpt":{"rendered":"<p>Z\u00f6gern Sie nicht, uns zu kontaktieren, wenn Sie eine Anfrage haben. Weitere Informationen zu unseren Leistungen f\u00fcr Gesch\u00e4ftskunden finden Sie weiter unten. M\u00f6chten Sie unserem Netzwerk von Partnerwerkst\u00e4tten beitreten? Ausgezeichnete Idee! Nehmen Sie Kontakt mit uns auf. Wir leiten alle relevanten Informationen an Sie weiter und beantworten gerne alle Ihre Fragen. M\u00f6chten Sie H\u00e4ndler werden? [&hellip;]<\/p>\n","protected":false},"author":1,"featured_media":0,"parent":0,"menu_order":0,"comment_status":"closed","ping_status":"closed","template":"","meta":{"_acf_changed":false,"footnotes":""},"class_list":["post-2564","page","type-page","status-publish","hentry"],"acf":[],"yoast_head":"<!-- This site is optimized with the Yoast SEO plugin v27.6 - https:\/\/yoast.com\/product\/yoast-seo-wordpress\/ -->\n<title>Gesch\u00e4ftliche Kunden - EPIQS SA<\/title>\n<meta name=\"description\" content=\"Wenn Sie H\u00e4ndler f\u00fcr unsere Elektroroller werden m\u00f6chten oder andere Vorschl\u00e4ge f\u00fcr eine Zusammenarbeit haben, nehmen Sie bitte Kontakt mit uns auf.\" \/>\n<meta name=\"robots\" content=\"index, follow, max-snippet:-1, max-image-preview:large, max-video-preview:-1\" \/>\n<link rel=\"canonical\" href=\"https:\/\/epiqs.ch\/de\/geschaeftliche-kunden\/\" \/>\n<meta property=\"og:locale\" content=\"de_DE\" \/>\n<meta property=\"og:type\" content=\"article\" \/>\n<meta property=\"og:title\" content=\"Gesch\u00e4ftliche Kunden - EPIQS SA\" \/>\n<meta property=\"og:description\" content=\"Wenn Sie H\u00e4ndler f\u00fcr unsere Elektroroller werden m\u00f6chten oder andere Vorschl\u00e4ge f\u00fcr eine Zusammenarbeit haben, nehmen Sie bitte Kontakt mit uns auf.\" \/>\n<meta property=\"og:url\" content=\"https:\/\/epiqs.ch\/de\/geschaeftliche-kunden\/\" \/>\n<meta property=\"og:site_name\" content=\"EPIQS SA\" \/>\n<meta property=\"article:publisher\" content=\"https:\/\/www.facebook.com\/EPIQSSA\" \/>\n<meta property=\"article:modified_time\" content=\"2023-01-25T12:58:19+00:00\" \/>\n<meta name=\"twitter:card\" content=\"summary_large_image\" \/>\n<meta name=\"twitter:label1\" content=\"Gesch\u00e4tzte Lesezeit\" \/>\n\t<meta name=\"twitter:data1\" content=\"1\u00a0Minute\" \/>\n<script type=\"application\/ld+json\" class=\"yoast-schema-graph\">{\"@context\":\"https:\\\/\\\/schema.org\",\"@graph\":[{\"@type\":\"WebPage\",\"@id\":\"https:\\\/\\\/epiqs.ch\\\/de\\\/geschaeftliche-kunden\\\/\",\"url\":\"https:\\\/\\\/epiqs.ch\\\/de\\\/geschaeftliche-kunden\\\/\",\"name\":\"Gesch\u00e4ftliche Kunden - EPIQS SA\",\"isPartOf\":{\"@id\":\"https:\\\/\\\/epiqs.ch\\\/#website\"},\"datePublished\":\"2021-05-19T09:47:32+00:00\",\"dateModified\":\"2023-01-25T12:58:19+00:00\",\"description\":\"Wenn Sie H\u00e4ndler f\u00fcr unsere Elektroroller werden m\u00f6chten oder andere Vorschl\u00e4ge f\u00fcr eine Zusammenarbeit haben, nehmen Sie bitte Kontakt mit uns auf.\",\"breadcrumb\":{\"@id\":\"https:\\\/\\\/epiqs.ch\\\/de\\\/geschaeftliche-kunden\\\/#breadcrumb\"},\"inLanguage\":\"de\",\"potentialAction\":[{\"@type\":\"ReadAction\",\"target\":[\"https:\\\/\\\/epiqs.ch\\\/de\\\/geschaeftliche-kunden\\\/\"]}]},{\"@type\":\"BreadcrumbList\",\"@id\":\"https:\\\/\\\/epiqs.ch\\\/de\\\/geschaeftliche-kunden\\\/#breadcrumb\",\"itemListElement\":[{\"@type\":\"ListItem\",\"position\":1,\"name\":\"Accueil\",\"item\":\"https:\\\/\\\/epiqs.ch\\\/de\\\/\"},{\"@type\":\"ListItem\",\"position\":2,\"name\":\"Gesch\u00e4ftliche Kunden\"}]},{\"@type\":\"WebSite\",\"@id\":\"https:\\\/\\\/epiqs.ch\\\/#website\",\"url\":\"https:\\\/\\\/epiqs.ch\\\/\",\"name\":\"EPIQS SA\",\"description\":\"Vente de scooters \u00e9lectriques\",\"publisher\":{\"@id\":\"https:\\\/\\\/epiqs.ch\\\/#organization\"},\"alternateName\":\"EPIQS\",\"potentialAction\":[{\"@type\":\"SearchAction\",\"target\":{\"@type\":\"EntryPoint\",\"urlTemplate\":\"https:\\\/\\\/epiqs.ch\\\/?s={search_term_string}\"},\"query-input\":{\"@type\":\"PropertyValueSpecification\",\"valueRequired\":true,\"valueName\":\"search_term_string\"}}],\"inLanguage\":\"de\"},{\"@type\":\"Organization\",\"@id\":\"https:\\\/\\\/epiqs.ch\\\/#organization\",\"name\":\"EPIQS SA\",\"alternateName\":\"EPIQS\",\"url\":\"https:\\\/\\\/epiqs.ch\\\/\",\"logo\":{\"@type\":\"ImageObject\",\"inLanguage\":\"de\",\"@id\":\"https:\\\/\\\/epiqs.ch\\\/#\\\/schema\\\/logo\\\/image\\\/\",\"url\":\"https:\\\/\\\/epiqs.ch\\\/wp-content\\\/uploads\\\/2021\\\/03\\\/logo.svg\",\"contentUrl\":\"https:\\\/\\\/epiqs.ch\\\/wp-content\\\/uploads\\\/2021\\\/03\\\/logo.svg\",\"width\":399.77,\"height\":161.68,\"caption\":\"EPIQS SA\"},\"image\":{\"@id\":\"https:\\\/\\\/epiqs.ch\\\/#\\\/schema\\\/logo\\\/image\\\/\"},\"sameAs\":[\"https:\\\/\\\/www.facebook.com\\\/EPIQSSA\"]}]}<\/script>\n<!-- \/ Yoast SEO plugin. -->","yoast_head_json":{"title":"Gesch\u00e4ftliche Kunden - EPIQS SA","description":"Wenn Sie H\u00e4ndler f\u00fcr unsere Elektroroller werden m\u00f6chten oder andere Vorschl\u00e4ge f\u00fcr eine Zusammenarbeit haben, nehmen Sie bitte Kontakt mit uns auf.","robots":{"index":"index","follow":"follow","max-snippet":"max-snippet:-1","max-image-preview":"max-image-preview:large","max-video-preview":"max-video-preview:-1"},"canonical":"https:\/\/epiqs.ch\/de\/geschaeftliche-kunden\/","og_locale":"de_DE","og_type":"article","og_title":"Gesch\u00e4ftliche Kunden - EPIQS SA","og_description":"Wenn Sie H\u00e4ndler f\u00fcr unsere Elektroroller werden m\u00f6chten oder andere Vorschl\u00e4ge f\u00fcr eine Zusammenarbeit haben, nehmen Sie bitte Kontakt mit uns auf.","og_url":"https:\/\/epiqs.ch\/de\/geschaeftliche-kunden\/","og_site_name":"EPIQS SA","article_publisher":"https:\/\/www.facebook.com\/EPIQSSA","article_modified_time":"2023-01-25T12:58:19+00:00","twitter_card":"summary_large_image","twitter_misc":{"Gesch\u00e4tzte Lesezeit":"1\u00a0Minute"},"schema":{"@context":"https:\/\/schema.org","@graph":[{"@type":"WebPage","@id":"https:\/\/epiqs.ch\/de\/geschaeftliche-kunden\/","url":"https:\/\/epiqs.ch\/de\/geschaeftliche-kunden\/","name":"Gesch\u00e4ftliche Kunden - EPIQS SA","isPartOf":{"@id":"https:\/\/epiqs.ch\/#website"},"datePublished":"2021-05-19T09:47:32+00:00","dateModified":"2023-01-25T12:58:19+00:00","description":"Wenn Sie H\u00e4ndler f\u00fcr unsere Elektroroller werden m\u00f6chten oder andere Vorschl\u00e4ge f\u00fcr eine Zusammenarbeit haben, nehmen Sie bitte Kontakt mit uns auf.","breadcrumb":{"@id":"https:\/\/epiqs.ch\/de\/geschaeftliche-kunden\/#breadcrumb"},"inLanguage":"de","potentialAction":[{"@type":"ReadAction","target":["https:\/\/epiqs.ch\/de\/geschaeftliche-kunden\/"]}]},{"@type":"BreadcrumbList","@id":"https:\/\/epiqs.ch\/de\/geschaeftliche-kunden\/#breadcrumb","itemListElement":[{"@type":"ListItem","position":1,"name":"Accueil","item":"https:\/\/epiqs.ch\/de\/"},{"@type":"ListItem","position":2,"name":"Gesch\u00e4ftliche Kunden"}]},{"@type":"WebSite","@id":"https:\/\/epiqs.ch\/#website","url":"https:\/\/epiqs.ch\/","name":"EPIQS SA","description":"Vente de scooters \u00e9lectriques","publisher":{"@id":"https:\/\/epiqs.ch\/#organization"},"alternateName":"EPIQS","potentialAction":[{"@type":"SearchAction","target":{"@type":"EntryPoint","urlTemplate":"https:\/\/epiqs.ch\/?s={search_term_string}"},"query-input":{"@type":"PropertyValueSpecification","valueRequired":true,"valueName":"search_term_string"}}],"inLanguage":"de"},{"@type":"Organization","@id":"https:\/\/epiqs.ch\/#organization","name":"EPIQS SA","alternateName":"EPIQS","url":"https:\/\/epiqs.ch\/","logo":{"@type":"ImageObject","inLanguage":"de","@id":"https:\/\/epiqs.ch\/#\/schema\/logo\/image\/","url":"https:\/\/epiqs.ch\/wp-content\/uploads\/2021\/03\/logo.svg","contentUrl":"https:\/\/epiqs.ch\/wp-content\/uploads\/2021\/03\/logo.svg","width":399.77,"height":161.68,"caption":"EPIQS SA"},"image":{"@id":"https:\/\/epiqs.ch\/#\/schema\/logo\/image\/"},"sameAs":["https:\/\/www.facebook.com\/EPIQSSA"]}]}},"_links":{"self":[{"href":"https:\/\/epiqs.ch\/de\/wp-json\/wp\/v2\/pages\/2564","targetHints":{"allow":["GET"]}}],"collection":[{"href":"https:\/\/epiqs.ch\/de\/wp-json\/wp\/v2\/pages"}],"about":[{"href":"https:\/\/epiqs.ch\/de\/wp-json\/wp\/v2\/types\/page"}],"author":[{"embeddable":true,"href":"https:\/\/epiqs.ch\/de\/wp-json\/wp\/v2\/users\/1"}],"replies":[{"embeddable":true,"href":"https:\/\/epiqs.ch\/de\/wp-json\/wp\/v2\/comments?post=2564"}],"version-history":[{"count":1,"href":"https:\/\/epiqs.ch\/de\/wp-json\/wp\/v2\/pages\/2564\/revisions"}],"predecessor-version":[{"id":2566,"href":"https:\/\/epiqs.ch\/de\/wp-json\/wp\/v2\/pages\/2564\/revisions\/2566"}],"wp:attachment":[{"href":"https:\/\/epiqs.ch\/de\/wp-json\/wp\/v2\/media?parent=2564"}],"curies":[{"name":"wp","href":"https:\/\/api.w.org\/{rel}","templated":true}]}}