{"id":2547,"date":"2021-05-19T11:23:20","date_gmt":"2021-05-19T09:23:20","guid":{"rendered":"https:\/\/epiqs.ch\/praktische-tipps\/"},"modified":"2023-01-25T13:58:19","modified_gmt":"2023-01-25T12:58:19","slug":"praktische-tipps","status":"publish","type":"page","link":"https:\/\/epiqs.ch\/de\/praktische-tipps\/","title":{"rendered":"Praktische Tipps"},"content":{"rendered":"\n<p>Hier finden Sie einige praktische Tipps zur Nutzung und Pflege Ihres Elektromobils :  <\/p>\n\n<h2 class=\"wp-block-heading\">Parken f\u00fcr eine l\u00e4ngere Zeit<\/h2>\n\n<ul class=\"wp-block-list\"><li>Wenn Sie Ihren Roller f\u00fcr l\u00e4ngere Zeit (mehrere Tage bis Wochen) parken, stellen Sie ihn an einem trockenen Ort mit konstanter Temperatur, idealerweise zwischen 15\u00b0C und 20\u00b0C, ab. Sch\u00fctzen Sie es vor Regen und direkter Sonneneinstrahlung.  <\/li><\/ul>\n<h2 class=\"wp-block-heading\">Pflege des Akkus<\/h2>\n\n<ul class=\"wp-block-list\"><li>Denken Sie daran, die Batterien mindestens einmal im Monat aufzuladen, auch wenn Sie sie nicht benutzen. Dadurch wird der Akku nicht besch\u00e4digt, sodass die Akkulaufzeit nicht beeintr\u00e4chtigt wird.  <\/li><li>Laden Sie die Batterien nicht unmittelbar nach der Benutzung Ihres Scooters auf. Warten Sie mindestens 15 Minuten, bis sie abgek\u00fchlt sind, bevor Sie mit dem Laden beginnen. Dadurch wird ihre Lebensdauer verl\u00e4ngert.  <\/li><\/ul>\n<h2 class=\"wp-block-heading\">Allgemeine Pflege des Rollers<\/h2>\n\n<ul class=\"wp-block-list\"><li>\u00dcberpr\u00fcfen Sie immer den allgemeinen Zustand des Scooters, bevor Sie ihn benutzen.  <\/li><li>\u00dcberpr\u00fcfen Sie regelm\u00e4\u00dfig den Reifendruck. Dies verhindert einen vorzeitigen Reifenverschlei\u00df, sorgt f\u00fcr eine gute Stra\u00dfenlage und vermeidet einen \u00fcberm\u00e4\u00dfigen Batterieverbrauch.  <\/li><li>\u00dcberpr\u00fcfen Sie regelm\u00e4\u00dfig den Zustand der Bremsen.  <\/li><li>Lassen Sie Ihr Ger\u00e4t mindestens einmal im Jahr von einem Fachmann warten oder \u00fcberholen.  <\/li><\/ul>","protected":false},"excerpt":{"rendered":"<p>Hier finden Sie einige praktische Tipps zur Nutzung und Pflege Ihres Elektromobils : Parken f\u00fcr eine l\u00e4ngere Zeit Wenn Sie Ihren Roller f\u00fcr l\u00e4ngere Zeit (mehrere Tage bis Wochen) parken, stellen Sie ihn an einem trockenen Ort mit konstanter Temperatur, idealerweise zwischen 15\u00b0C und 20\u00b0C, ab. Sch\u00fctzen Sie es vor Regen und direkter Sonneneinstrahlung. Pflege [&hellip;]<\/p>\n","protected":false},"author":1,"featured_media":0,"parent":0,"menu_order":0,"comment_status":"closed","ping_status":"closed","template":"","meta":{"_acf_changed":false,"footnotes":""},"class_list":["post-2547","page","type-page","status-publish","hentry"],"acf":[],"yoast_head":"<!-- This site is optimized with the Yoast SEO plugin v27.5 - https:\/\/yoast.com\/product\/yoast-seo-wordpress\/ -->\n<title>Praktische Tipps - EPIQS SA<\/title>\n<meta name=\"description\" content=\"Hier finden Sie einige praktische Tipps zur Nutzung und Pflege Ihres Elektromobils.\" \/>\n<meta name=\"robots\" content=\"index, follow, max-snippet:-1, max-image-preview:large, max-video-preview:-1\" \/>\n<link rel=\"canonical\" href=\"https:\/\/epiqs.ch\/de\/praktische-tipps\/\" \/>\n<meta property=\"og:locale\" content=\"de_DE\" \/>\n<meta property=\"og:type\" content=\"article\" \/>\n<meta property=\"og:title\" content=\"Praktische Tipps - EPIQS SA\" \/>\n<meta property=\"og:description\" content=\"Hier finden Sie einige praktische Tipps zur Nutzung und Pflege Ihres Elektromobils.\" \/>\n<meta property=\"og:url\" content=\"https:\/\/epiqs.ch\/de\/praktische-tipps\/\" \/>\n<meta property=\"og:site_name\" content=\"EPIQS SA\" \/>\n<meta property=\"article:publisher\" content=\"https:\/\/www.facebook.com\/EPIQSSA\" \/>\n<meta property=\"article:modified_time\" content=\"2023-01-25T12:58:19+00:00\" \/>\n<meta name=\"twitter:card\" content=\"summary_large_image\" \/>\n<meta name=\"twitter:label1\" content=\"Gesch\u00e4tzte Lesezeit\" \/>\n\t<meta name=\"twitter:data1\" content=\"1\u00a0Minute\" \/>\n<script type=\"application\/ld+json\" class=\"yoast-schema-graph\">{\"@context\":\"https:\\\/\\\/schema.org\",\"@graph\":[{\"@type\":\"WebPage\",\"@id\":\"https:\\\/\\\/epiqs.ch\\\/de\\\/praktische-tipps\\\/\",\"url\":\"https:\\\/\\\/epiqs.ch\\\/de\\\/praktische-tipps\\\/\",\"name\":\"Praktische Tipps - EPIQS SA\",\"isPartOf\":{\"@id\":\"https:\\\/\\\/epiqs.ch\\\/#website\"},\"datePublished\":\"2021-05-19T09:23:20+00:00\",\"dateModified\":\"2023-01-25T12:58:19+00:00\",\"description\":\"Hier finden Sie einige praktische Tipps zur Nutzung und Pflege Ihres Elektromobils.\",\"breadcrumb\":{\"@id\":\"https:\\\/\\\/epiqs.ch\\\/de\\\/praktische-tipps\\\/#breadcrumb\"},\"inLanguage\":\"de\",\"potentialAction\":[{\"@type\":\"ReadAction\",\"target\":[\"https:\\\/\\\/epiqs.ch\\\/de\\\/praktische-tipps\\\/\"]}]},{\"@type\":\"BreadcrumbList\",\"@id\":\"https:\\\/\\\/epiqs.ch\\\/de\\\/praktische-tipps\\\/#breadcrumb\",\"itemListElement\":[{\"@type\":\"ListItem\",\"position\":1,\"name\":\"Accueil\",\"item\":\"https:\\\/\\\/epiqs.ch\\\/de\\\/\"},{\"@type\":\"ListItem\",\"position\":2,\"name\":\"Praktische Tipps\"}]},{\"@type\":\"WebSite\",\"@id\":\"https:\\\/\\\/epiqs.ch\\\/#website\",\"url\":\"https:\\\/\\\/epiqs.ch\\\/\",\"name\":\"EPIQS SA\",\"description\":\"Vente de scooters \u00e9lectriques\",\"publisher\":{\"@id\":\"https:\\\/\\\/epiqs.ch\\\/#organization\"},\"alternateName\":\"EPIQS\",\"potentialAction\":[{\"@type\":\"SearchAction\",\"target\":{\"@type\":\"EntryPoint\",\"urlTemplate\":\"https:\\\/\\\/epiqs.ch\\\/?s={search_term_string}\"},\"query-input\":{\"@type\":\"PropertyValueSpecification\",\"valueRequired\":true,\"valueName\":\"search_term_string\"}}],\"inLanguage\":\"de\"},{\"@type\":\"Organization\",\"@id\":\"https:\\\/\\\/epiqs.ch\\\/#organization\",\"name\":\"EPIQS SA\",\"alternateName\":\"EPIQS\",\"url\":\"https:\\\/\\\/epiqs.ch\\\/\",\"logo\":{\"@type\":\"ImageObject\",\"inLanguage\":\"de\",\"@id\":\"https:\\\/\\\/epiqs.ch\\\/#\\\/schema\\\/logo\\\/image\\\/\",\"url\":\"https:\\\/\\\/epiqs.ch\\\/wp-content\\\/uploads\\\/2021\\\/03\\\/logo.svg\",\"contentUrl\":\"https:\\\/\\\/epiqs.ch\\\/wp-content\\\/uploads\\\/2021\\\/03\\\/logo.svg\",\"width\":399.77,\"height\":161.68,\"caption\":\"EPIQS SA\"},\"image\":{\"@id\":\"https:\\\/\\\/epiqs.ch\\\/#\\\/schema\\\/logo\\\/image\\\/\"},\"sameAs\":[\"https:\\\/\\\/www.facebook.com\\\/EPIQSSA\"]}]}<\/script>\n<!-- \/ Yoast SEO plugin. -->","yoast_head_json":{"title":"Praktische Tipps - EPIQS SA","description":"Hier finden Sie einige praktische Tipps zur Nutzung und Pflege Ihres Elektromobils.","robots":{"index":"index","follow":"follow","max-snippet":"max-snippet:-1","max-image-preview":"max-image-preview:large","max-video-preview":"max-video-preview:-1"},"canonical":"https:\/\/epiqs.ch\/de\/praktische-tipps\/","og_locale":"de_DE","og_type":"article","og_title":"Praktische Tipps - EPIQS SA","og_description":"Hier finden Sie einige praktische Tipps zur Nutzung und Pflege Ihres Elektromobils.","og_url":"https:\/\/epiqs.ch\/de\/praktische-tipps\/","og_site_name":"EPIQS SA","article_publisher":"https:\/\/www.facebook.com\/EPIQSSA","article_modified_time":"2023-01-25T12:58:19+00:00","twitter_card":"summary_large_image","twitter_misc":{"Gesch\u00e4tzte Lesezeit":"1\u00a0Minute"},"schema":{"@context":"https:\/\/schema.org","@graph":[{"@type":"WebPage","@id":"https:\/\/epiqs.ch\/de\/praktische-tipps\/","url":"https:\/\/epiqs.ch\/de\/praktische-tipps\/","name":"Praktische Tipps - EPIQS SA","isPartOf":{"@id":"https:\/\/epiqs.ch\/#website"},"datePublished":"2021-05-19T09:23:20+00:00","dateModified":"2023-01-25T12:58:19+00:00","description":"Hier finden Sie einige praktische Tipps zur Nutzung und Pflege Ihres Elektromobils.","breadcrumb":{"@id":"https:\/\/epiqs.ch\/de\/praktische-tipps\/#breadcrumb"},"inLanguage":"de","potentialAction":[{"@type":"ReadAction","target":["https:\/\/epiqs.ch\/de\/praktische-tipps\/"]}]},{"@type":"BreadcrumbList","@id":"https:\/\/epiqs.ch\/de\/praktische-tipps\/#breadcrumb","itemListElement":[{"@type":"ListItem","position":1,"name":"Accueil","item":"https:\/\/epiqs.ch\/de\/"},{"@type":"ListItem","position":2,"name":"Praktische Tipps"}]},{"@type":"WebSite","@id":"https:\/\/epiqs.ch\/#website","url":"https:\/\/epiqs.ch\/","name":"EPIQS SA","description":"Vente de scooters \u00e9lectriques","publisher":{"@id":"https:\/\/epiqs.ch\/#organization"},"alternateName":"EPIQS","potentialAction":[{"@type":"SearchAction","target":{"@type":"EntryPoint","urlTemplate":"https:\/\/epiqs.ch\/?s={search_term_string}"},"query-input":{"@type":"PropertyValueSpecification","valueRequired":true,"valueName":"search_term_string"}}],"inLanguage":"de"},{"@type":"Organization","@id":"https:\/\/epiqs.ch\/#organization","name":"EPIQS SA","alternateName":"EPIQS","url":"https:\/\/epiqs.ch\/","logo":{"@type":"ImageObject","inLanguage":"de","@id":"https:\/\/epiqs.ch\/#\/schema\/logo\/image\/","url":"https:\/\/epiqs.ch\/wp-content\/uploads\/2021\/03\/logo.svg","contentUrl":"https:\/\/epiqs.ch\/wp-content\/uploads\/2021\/03\/logo.svg","width":399.77,"height":161.68,"caption":"EPIQS SA"},"image":{"@id":"https:\/\/epiqs.ch\/#\/schema\/logo\/image\/"},"sameAs":["https:\/\/www.facebook.com\/EPIQSSA"]}]}},"_links":{"self":[{"href":"https:\/\/epiqs.ch\/de\/wp-json\/wp\/v2\/pages\/2547","targetHints":{"allow":["GET"]}}],"collection":[{"href":"https:\/\/epiqs.ch\/de\/wp-json\/wp\/v2\/pages"}],"about":[{"href":"https:\/\/epiqs.ch\/de\/wp-json\/wp\/v2\/types\/page"}],"author":[{"embeddable":true,"href":"https:\/\/epiqs.ch\/de\/wp-json\/wp\/v2\/users\/1"}],"replies":[{"embeddable":true,"href":"https:\/\/epiqs.ch\/de\/wp-json\/wp\/v2\/comments?post=2547"}],"version-history":[{"count":1,"href":"https:\/\/epiqs.ch\/de\/wp-json\/wp\/v2\/pages\/2547\/revisions"}],"predecessor-version":[{"id":2554,"href":"https:\/\/epiqs.ch\/de\/wp-json\/wp\/v2\/pages\/2547\/revisions\/2554"}],"wp:attachment":[{"href":"https:\/\/epiqs.ch\/de\/wp-json\/wp\/v2\/media?parent=2547"}],"curies":[{"name":"wp","href":"https:\/\/api.w.org\/{rel}","templated":true}]}}