{"id":2531,"date":"2021-03-10T17:20:44","date_gmt":"2021-03-10T16:20:44","guid":{"rendered":"https:\/\/epiqs.ch\/schutz-ihrer-daten\/"},"modified":"2023-01-25T13:58:19","modified_gmt":"2023-01-25T12:58:19","slug":"schutz-ihrer-daten","status":"publish","type":"page","link":"https:\/\/epiqs.ch\/de\/schutz-ihrer-daten\/","title":{"rendered":"Schutz Ihrer Daten"},"content":{"rendered":"\n<p>Wir nehmen den Schutz Ihrer pers\u00f6nlichen Daten sehr ernst und halten uns strikt an die Regeln der Datenschutzrichtlinie. Personenbezogene Daten werden auf unserer Website nur im technisch notwendigen Umfang erhoben. Wir geben keine personenbezogenen Daten ohne Ihre ausdr\u00fcckliche und jederzeit widerrufliche Zustimmung an Dritte weiter. Ausgenommen sind Dienstleistungspartner, an die Daten zur Bearbeitung von Bestellungen weitergegeben werden m\u00fcssen (z. B. der Spediteur und der Anbieter von Online-Zahlungen). In diesem Fall wird der Umfang der \u00fcbermittelten Daten auf das erforderliche Minimum beschr\u00e4nkt.  <\/p>\n\n<p>Die folgende Erkl\u00e4rung gibt Ihnen einen \u00dcberblick dar\u00fcber, wie wir diesen Schutz gew\u00e4hrleisten und welche Art von Daten zu welchem Zweck erhoben werden.  <\/p>\n\n<p><strong>Cookies<\/strong> <\/p>\n\n<p>Wir verwenden auf unserer Website Cookies. Cookies sind kleine Textdateien, die von einem Webseitenserver auf Ihre Festplatte \u00fcbertragen werden. Dadurch erhalten wir automatisch bestimmte Daten wie die IP-Adresse, den verwendeten Browser, das Betriebssystem \u00fcber Ihren Computer und Ihre Internetverbindung.  <\/p>\n\n<p>Cookies k\u00f6nnen nicht dazu verwendet werden, Programme zu starten oder Viren auf einen Computer zu \u00fcbertragen. Die in Cookies enthaltenen Informationen erm\u00f6glichen es uns, Ihnen die Navigation zu erleichtern und unsere Webseiten korrekt anzuzeigen.  <\/p>\n\n<p>In keinem Fall werden die von uns erfassten Daten ohne Ihre Zustimmung an Dritte weitergegeben oder mit personenbezogenen Daten verkn\u00fcpft.  <\/p>\n\n<p>Selbstverst\u00e4ndlich k\u00f6nnen Sie unsere Website auch ohne Cookies betrachten. Internetbrowser sind regelm\u00e4\u00dfig so eingestellt, dass sie Cookies akzeptieren. Sie k\u00f6nnen die Verwendung von Cookies jederzeit \u00fcber die Einstellungen Ihres Browsers deaktivieren. Bitte nutzen Sie die Hilfefunktionen Ihres Internetbrowsers, um zu erfahren, wie Sie diese Einstellungen \u00e4ndern k\u00f6nnen. Bitte beachten Sie, dass einige Funktionen unserer Website m\u00f6glicherweise nicht funktionieren, wenn Sie die Verwendung von Cookies deaktiviert haben.  <\/p>\n\n<p><strong>Prozess der Bestellung<\/strong> <\/p>\n\n<p>Die Daten, die Sie im Rahmen des Bestellvorgangs eingeben, werden verschl\u00fcsselt \u00fcber eine sichere Verbindung \u00fcbertragen, so dass kein Dritter die Informationen in diesem Datenstrom erkennen kann. F\u00fcr die Bereitstellung von kostenpflichtigen Diensten fragen wir zus\u00e4tzliche Daten ab, z. B. Zahlungsdaten.  <\/p>\n\n<p><strong>SSL-Verschl\u00fcsselung<\/strong> <\/p>\n\n<p>Um die Sicherheit Ihrer Daten bei der \u00dcbertragung zu sch\u00fctzen, verwenden wir dem aktuellen Stand der Technik angepasste Verschl\u00fcsselungstechniken (z. B. SSL) \u00fcber HTTPS.  <\/p>\n\n<p><strong>Kontaktformular<\/strong> <\/p>\n\n<p>Wenn Sie per E-Mail oder Kontaktformular Kontakt mit uns aufnehmen, werden Ihre angegebenen Daten zwecks Bearbeitung der Anfrage und f\u00fcr den Fall von Anschlussfragen bei uns gespeichert.  <\/p>\n\n<p>L\u00f6schen oder Sperren von Daten. Wir halten uns an die Grunds\u00e4tze des Datenschutzes von Anfang an. Wir speichern Ihre personenbezogenen Daten daher nur so lange, wie es f\u00fcr die hier genannten Zwecke erforderlich ist, oder f\u00fcr die verschiedenen gesetzlich vorgeschriebenen Aufbewahrungsfristen. Nach Wegfall des jeweiligen Zwecks oder Ablauf dieser Fristen werden die entsprechenden Daten routinem\u00e4\u00dfig und entsprechend den gesetzlichen Vorschriften gesperrt oder gel\u00f6scht.  <\/p>\n\n<p><strong>Verwendung von Google <\/strong><strong>Analytics<\/strong> <\/p>\n\n<p>Diese Website benutzt Google Analytics, einen Analysedienst der Google Inc. Google Analytics verwendet Cookies, d. h. kleine Textdateien, die auf Ihrem Computer gespeichert werden und die eine Analyse der Benutzung der Website durch Sie erm\u00f6glichen. Die durch den Cookie erzeugten Informationen \u00fcber Ihre Benutzung dieser Website werden in der Regel an einen Server von Google in den USA \u00fcbertragen und dort gespeichert. Wenn jedoch die Funktion zur Anonymisierung der IP-Adresse auf dieser Website aktiviert ist, wird die IP-Adresse von Google innerhalb von Mitgliedstaaten der Europ\u00e4ischen Union oder in anderen Vertragsstaaten des Abkommens \u00fcber den Europ\u00e4ischen Wirtschaftsraum gek\u00fcrzt. Nur in Ausnahmef\u00e4llen wird die volle IP-Adresse an einen Server von Google in den USA \u00fcbertragen und dort gek\u00fcrzt. Im Auftrag des Betreibers dieser Website wird Google diese Informationen benutzen, um Ihre Nutzung der Website auszuwerten, um Reports \u00fcber die Websiteaktivit\u00e4ten zusammenzustellen und um weitere mit der Websitenutzung und der Internetnutzung verbundene Dienstleistungen gegen\u00fcber den Websitebetreibern zu erbringen. Die IP-Adresse, die im Rahmen von Google Analytics von Ihrem Browser \u00fcbermittelt wird, wird nicht mit anderen Daten von Google zusammengef\u00fchrt.  <\/p>\n\n<p>Sie k\u00f6nnen die Speicherung von Cookies durch eine entsprechende Einstellung Ihrer Browser-Software verhindern. Wir m\u00f6chten jedoch darauf hinweisen, dass Sie in diesem Fall m\u00f6glicherweise nicht alle Funktionen dieser Website in vollem Umfang nutzen k\u00f6nnen. Sie k\u00f6nnen dar\u00fcber hinaus die Erfassung der durch das Cookie erzeugten und auf Ihre Nutzung der Website bezogenen Daten (inkl. Ihrer IP-Adresse) an Google sowie die Verarbeitung dieser Daten durch Google verhindern, indem sie das Browser-Plugin herunterladen, mit dem Google Analytics deaktiviert wird.  <\/p>\n\n<p><strong>Nutzung von Skriptbibliotheken (Google <\/strong><strong>Webfonts<\/strong><strong>)<\/strong> <\/p>\n\n<p>Um unsere Inhalte in allen Browsern korrekt und grafisch ansprechend darzustellen, k\u00f6nnen wir auf dieser Seite Skript- und Zeichenbibliotheken verwenden, wie z. B. Google Webfonts (https:\/\/www.google.com\/webfonts\/). Die Google Webfonts werden in den Cache (oder Zwischenspeicher) Ihres Browsers \u00fcbertragen, um mehrfaches Laden zu vermeiden. Wenn der Browser die Webfonts von Google nicht unterst\u00fctzt oder den Zugriff darauf verhindert, wird der Inhalt in einer Standardschriftart angezeigt.  <\/p>\n\n<p>Der Aufruf einer Skript- oder Zeichenbibliothek l\u00f6st automatisch eine Verbindung mit dem Operator der Bibliothek aus. Theoretisch ist es schwierig festzustellen, zu welchen Zwecken die Betreiber der entsprechenden Bibliotheken die Daten erheben.  <\/p>\n\n<p>Die Datenschutzbestimmungen des Betreibers von Google Bibliothek finden Sie unter: https:<a href=\"https:\/\/www.google.com\/policies\/privacy\/\" target=\"_blank\" rel=\"noreferrer noopener\">\/\/www.google.com\/policies\/privacy\/<\/a> <\/p>\n\n<p><strong>Verwendung von Google <\/strong><strong>Maps<\/strong> <\/p>\n\n<p>Diese Website kann API Google Maps verwenden, um geografische Informationen visuell darzustellen. Bei der Nutzung von Google Maps erhebt, verarbeitet und nutzt Google auch Daten \u00fcber die Nutzung der Kartenfunktionen durch die Besucher. Weitere Informationen zur Datenverarbeitung durch Google finden Sie in den Datenschutzhinweisen von Google. Im Datenschutzzentrum k\u00f6nnen Sie auch Ihre pers\u00f6nlichen Datenschutzeinstellungen \u00e4ndern.  <\/p>\n\n<p><strong>Google <\/strong><strong>AdWords<\/strong> <\/p>\n\n<p>Unsere Website kann Google Conversion Tracking (Nachverfolgung) verwenden. Wenn Sie \u00fcber eine Google-Anzeige auf unsere Website gelangt sind, wird von Google Ads ein Cookie auf Ihrem Computer abgelegt. Das Cookie f\u00fcr Conversion-Tracking wird gesetzt, wenn ein Nutzer auf eine von Google platzierte Anzeige klickt. Diese Cookies verlieren nach 30 Tagen ihre G\u00fcltigkeit und werden nicht zur pers\u00f6nlichen Identifizierung verwendet. Wenn der Nutzer bestimmte Seiten unserer Website besucht und das Cookie noch nicht abgelaufen ist, k\u00f6nnen Google und wir sehen, dass der Nutzer auf die Anzeige geklickt hat und dass er zu dieser Seite weitergeleitet wurde. Jeder Kunde von Google Ads erh\u00e4lt ein anderes Cookie. Cookies k\u00f6nnen daher nicht \u00fcber die Websites von Ads-Kunden nachverfolgt werden. Die mithilfe des Conversion-Cookies gesammelten Informationen werden verwendet, um Conversion-Statistiken f\u00fcr Ads-Kunden zu erstellen, die sich f\u00fcr Conversion-Tracking entschieden haben. Kunden werden \u00fcber die Gesamtzahl der Nutzer informiert, die auf ihre Anzeige geklickt haben und zu einer Seite mit einem Conversion-Tracking-Tag weitergeleitet wurden. Sie erhalten jedoch keine Informationen, mit denen die Nutzer pers\u00f6nlich identifiziert werden k\u00f6nnen.  <\/p>\n\n<p>Wenn Sie nicht am Tracking teilnehmen m\u00f6chten, k\u00f6nnen Sie das Setzen eines Cookies ablehnen &#8211; z. B. durch einen Browser, der das automatische Setzen von Cookies deaktiviert oder Ihren Browser so konfiguriert, dass Cookies blockiert werden.<\/p>\n\n<p><strong>Google <\/strong><strong>Remarketing<\/strong> <\/p>\n\n<p>Diese Website kann die Remarketing-Funktion von Google Inc. nutzen. Diese Funktion erm\u00f6glicht es, Nutzern des Google-Werbenetzwerks interessante Werbeanzeigen zu pr\u00e4sentieren. Ein Cookie wird im Browser des Website-Besuchers gespeichert. Dieses Cookie erm\u00f6glicht es, den Besucher zu erkennen, wenn er Websites besucht, die zum Google-Werbenetzwerk geh\u00f6ren. Auf diesen Seiten werden den Besuchern Werbeanzeigen zu Inhalten angezeigt, die der Besucher zuvor auf Websites mit der Remarketing-Funktion von Google aufgerufen hat. Nach eigenen Angaben erfasst Google bei diesem Vorgang keine personenbezogenen Daten. Wenn Sie jedoch nicht m\u00f6chten, dass die Remarketing-Funktion von Google aktiviert wird, k\u00f6nnen Sie sie durch entsprechende Einstellungen unter: http:<a rel=\"noreferrer noopener\" href=\"https:\/\/www.google.com\/settings\/ads\" target=\"_blank\">\/\/www.google.com\/settings\/ads<\/a> deaktivieren. Sie k\u00f6nnen auch die Verwendung von Cookies f\u00fcr interessenbezogene Werbung \u00fcber die Werbenetzwerkinitiative deaktivieren, indem Sie den Anweisungen unter<a rel=\"noreferrer noopener\" href=\"https:\/\/www.networkadvertising.org\/managing\/opt_out.asp\" target=\"_blank\">http:\/\/www.networkadvertising.org\/managing\/opt_out.asp<\/a> folgen.<\/p>\n\n<p><strong>Ihre Rechte auf Information, Korrektur, Sperrung, L\u00f6schung und Widerspruch<\/strong><\/p>\n\n<p>Sie haben das Recht, jederzeit Informationen \u00fcber Ihre von uns gespeicherten personenbezogenen Daten zu erhalten. Ebenso haben Sie das Recht, Ihre personenbezogenen Daten zu berichtigen, zu sperren oder, mit Ausnahme der vorgeschriebenen Aufbewahrung von Gesch\u00e4ftsdaten, zu l\u00f6schen. Schicken Sie uns dazu bitte eine E-Mail an unsere Kontaktadresse <a rel=\"noreferrer noopener\" href=\"mailto:contact@epiqs.ch\" target=\"_blank\">contact@epiqs.ch<\/a>.<\/p>\n\n<p>Damit die Daten jederzeit gesperrt werden k\u00f6nnen, m\u00fcssen sie zu Kontrollzwecken in einer Sperrdatei aufbewahrt werden. Sie k\u00f6nnen auch die L\u00f6schung der Daten verlangen, sofern es keine gesetzliche Verpflichtung zur Archivierung gibt. Wenn eine solche Verpflichtung besteht, werden wir Ihre Daten auf Antrag sperren.<\/p>\n\n<p><strong>\u00c4nderungen an unserer Datenschutzrichtlinie<\/strong><\/p>\n\n<p>Wir behalten uns das Recht vor, diese Datenschutzerkl\u00e4rung gelegentlich anzupassen, damit sie stets den aktuellen rechtlichen Anforderungen entspricht oder um \u00c4nderungen unserer Leistungen in der Datenschutzerkl\u00e4rung umzusetzen, z. B. bei der Einf\u00fchrung neuer Dienste.Die neue Datenschutzerkl\u00e4rung gilt dann bei Ihrem n\u00e4chsten Besuch.<\/p>\n\n<p><strong>Weitere Informationen<\/strong><\/p>\n\n<p>Ihr Vertrauen ist uns wichtig. Daher m\u00f6chten wir Ihre Fragen zur Verarbeitung Ihrer personenbezogenen Daten jederzeit beantworten. Wenn Sie Fragen zu der Datenschutzerkl\u00e4rung haben oder wenn Sie zu einem beliebigen Punkt ausf\u00fchrlichere Informationen w\u00fcnschen, wenden Sie sich bitte an uns.  <\/p>\n","protected":false},"excerpt":{"rendered":"<p>Wir nehmen den Schutz Ihrer pers\u00f6nlichen Daten sehr ernst und halten uns strikt an die Regeln der Datenschutzrichtlinie. Personenbezogene Daten werden auf unserer Website nur im technisch notwendigen Umfang erhoben. Wir geben keine personenbezogenen Daten ohne Ihre ausdr\u00fcckliche und jederzeit widerrufliche Zustimmung an Dritte weiter. Ausgenommen sind Dienstleistungspartner, an die Daten zur Bearbeitung von Bestellungen [&hellip;]<\/p>\n","protected":false},"author":1,"featured_media":0,"parent":0,"menu_order":0,"comment_status":"closed","ping_status":"open","template":"","meta":{"_acf_changed":false,"footnotes":""},"class_list":["post-2531","page","type-page","status-publish","hentry"],"acf":[],"yoast_head":"<!-- This site is optimized with the Yoast SEO plugin v27.6 - https:\/\/yoast.com\/product\/yoast-seo-wordpress\/ -->\n<title>Schutz Ihrer Daten - EPIQS SA<\/title>\n<meta name=\"description\" content=\"Wir nehmen den Schutz Ihrer pers\u00f6nlichen Daten sehr ernst und halten uns strikt an die Regeln der Datenschutzrichtlinie.\" \/>\n<meta name=\"robots\" content=\"noindex, nofollow\" \/>\n<meta property=\"og:locale\" content=\"de_DE\" \/>\n<meta property=\"og:type\" content=\"article\" \/>\n<meta property=\"og:title\" content=\"Schutz Ihrer Daten - EPIQS SA\" \/>\n<meta property=\"og:description\" content=\"Wir nehmen den Schutz Ihrer pers\u00f6nlichen Daten sehr ernst und halten uns strikt an die Regeln der Datenschutzrichtlinie.\" \/>\n<meta property=\"og:url\" content=\"https:\/\/epiqs.ch\/protection-donnees\/\" \/>\n<meta property=\"og:site_name\" content=\"EPIQS SA\" \/>\n<meta property=\"article:publisher\" content=\"https:\/\/www.facebook.com\/EPIQSSA\" \/>\n<meta property=\"article:modified_time\" content=\"2023-01-25T12:58:19+00:00\" \/>\n<meta name=\"twitter:card\" content=\"summary_large_image\" \/>\n<meta name=\"twitter:label1\" content=\"Gesch\u00e4tzte Lesezeit\" \/>\n\t<meta name=\"twitter:data1\" content=\"7\u00a0Minuten\" \/>\n<script type=\"application\/ld+json\" class=\"yoast-schema-graph\">{\"@context\":\"https:\\\/\\\/schema.org\",\"@graph\":[{\"@type\":\"WebPage\",\"@id\":\"https:\\\/\\\/epiqs.ch\\\/protection-donnees\\\/\",\"url\":\"https:\\\/\\\/epiqs.ch\\\/protection-donnees\\\/\",\"name\":\"Schutz Ihrer Daten - EPIQS SA\",\"isPartOf\":{\"@id\":\"https:\\\/\\\/epiqs.ch\\\/#website\"},\"datePublished\":\"2021-03-10T16:20:44+00:00\",\"dateModified\":\"2023-01-25T12:58:19+00:00\",\"description\":\"Wir nehmen den Schutz Ihrer pers\u00f6nlichen Daten sehr ernst und halten uns strikt an die Regeln der Datenschutzrichtlinie.\",\"breadcrumb\":{\"@id\":\"https:\\\/\\\/epiqs.ch\\\/protection-donnees\\\/#breadcrumb\"},\"inLanguage\":\"de\",\"potentialAction\":[{\"@type\":\"ReadAction\",\"target\":[\"https:\\\/\\\/epiqs.ch\\\/protection-donnees\\\/\"]}]},{\"@type\":\"BreadcrumbList\",\"@id\":\"https:\\\/\\\/epiqs.ch\\\/protection-donnees\\\/#breadcrumb\",\"itemListElement\":[{\"@type\":\"ListItem\",\"position\":1,\"name\":\"Accueil\",\"item\":\"https:\\\/\\\/epiqs.ch\\\/de\\\/\"},{\"@type\":\"ListItem\",\"position\":2,\"name\":\"Schutz Ihrer Daten\"}]},{\"@type\":\"WebSite\",\"@id\":\"https:\\\/\\\/epiqs.ch\\\/#website\",\"url\":\"https:\\\/\\\/epiqs.ch\\\/\",\"name\":\"EPIQS SA\",\"description\":\"Vente de scooters \u00e9lectriques\",\"publisher\":{\"@id\":\"https:\\\/\\\/epiqs.ch\\\/#organization\"},\"alternateName\":\"EPIQS\",\"potentialAction\":[{\"@type\":\"SearchAction\",\"target\":{\"@type\":\"EntryPoint\",\"urlTemplate\":\"https:\\\/\\\/epiqs.ch\\\/?s={search_term_string}\"},\"query-input\":{\"@type\":\"PropertyValueSpecification\",\"valueRequired\":true,\"valueName\":\"search_term_string\"}}],\"inLanguage\":\"de\"},{\"@type\":\"Organization\",\"@id\":\"https:\\\/\\\/epiqs.ch\\\/#organization\",\"name\":\"EPIQS SA\",\"alternateName\":\"EPIQS\",\"url\":\"https:\\\/\\\/epiqs.ch\\\/\",\"logo\":{\"@type\":\"ImageObject\",\"inLanguage\":\"de\",\"@id\":\"https:\\\/\\\/epiqs.ch\\\/#\\\/schema\\\/logo\\\/image\\\/\",\"url\":\"https:\\\/\\\/epiqs.ch\\\/wp-content\\\/uploads\\\/2021\\\/03\\\/logo.svg\",\"contentUrl\":\"https:\\\/\\\/epiqs.ch\\\/wp-content\\\/uploads\\\/2021\\\/03\\\/logo.svg\",\"width\":399.77,\"height\":161.68,\"caption\":\"EPIQS SA\"},\"image\":{\"@id\":\"https:\\\/\\\/epiqs.ch\\\/#\\\/schema\\\/logo\\\/image\\\/\"},\"sameAs\":[\"https:\\\/\\\/www.facebook.com\\\/EPIQSSA\"]}]}<\/script>\n<!-- \/ Yoast SEO plugin. -->","yoast_head_json":{"title":"Schutz Ihrer Daten - EPIQS SA","description":"Wir nehmen den Schutz Ihrer pers\u00f6nlichen Daten sehr ernst und halten uns strikt an die Regeln der Datenschutzrichtlinie.","robots":{"index":"noindex","follow":"nofollow"},"og_locale":"de_DE","og_type":"article","og_title":"Schutz Ihrer Daten - EPIQS SA","og_description":"Wir nehmen den Schutz Ihrer pers\u00f6nlichen Daten sehr ernst und halten uns strikt an die Regeln der Datenschutzrichtlinie.","og_url":"https:\/\/epiqs.ch\/protection-donnees\/","og_site_name":"EPIQS SA","article_publisher":"https:\/\/www.facebook.com\/EPIQSSA","article_modified_time":"2023-01-25T12:58:19+00:00","twitter_card":"summary_large_image","twitter_misc":{"Gesch\u00e4tzte Lesezeit":"7\u00a0Minuten"},"schema":{"@context":"https:\/\/schema.org","@graph":[{"@type":"WebPage","@id":"https:\/\/epiqs.ch\/protection-donnees\/","url":"https:\/\/epiqs.ch\/protection-donnees\/","name":"Schutz Ihrer Daten - EPIQS SA","isPartOf":{"@id":"https:\/\/epiqs.ch\/#website"},"datePublished":"2021-03-10T16:20:44+00:00","dateModified":"2023-01-25T12:58:19+00:00","description":"Wir nehmen den Schutz Ihrer pers\u00f6nlichen Daten sehr ernst und halten uns strikt an die Regeln der Datenschutzrichtlinie.","breadcrumb":{"@id":"https:\/\/epiqs.ch\/protection-donnees\/#breadcrumb"},"inLanguage":"de","potentialAction":[{"@type":"ReadAction","target":["https:\/\/epiqs.ch\/protection-donnees\/"]}]},{"@type":"BreadcrumbList","@id":"https:\/\/epiqs.ch\/protection-donnees\/#breadcrumb","itemListElement":[{"@type":"ListItem","position":1,"name":"Accueil","item":"https:\/\/epiqs.ch\/de\/"},{"@type":"ListItem","position":2,"name":"Schutz Ihrer Daten"}]},{"@type":"WebSite","@id":"https:\/\/epiqs.ch\/#website","url":"https:\/\/epiqs.ch\/","name":"EPIQS SA","description":"Vente de scooters \u00e9lectriques","publisher":{"@id":"https:\/\/epiqs.ch\/#organization"},"alternateName":"EPIQS","potentialAction":[{"@type":"SearchAction","target":{"@type":"EntryPoint","urlTemplate":"https:\/\/epiqs.ch\/?s={search_term_string}"},"query-input":{"@type":"PropertyValueSpecification","valueRequired":true,"valueName":"search_term_string"}}],"inLanguage":"de"},{"@type":"Organization","@id":"https:\/\/epiqs.ch\/#organization","name":"EPIQS SA","alternateName":"EPIQS","url":"https:\/\/epiqs.ch\/","logo":{"@type":"ImageObject","inLanguage":"de","@id":"https:\/\/epiqs.ch\/#\/schema\/logo\/image\/","url":"https:\/\/epiqs.ch\/wp-content\/uploads\/2021\/03\/logo.svg","contentUrl":"https:\/\/epiqs.ch\/wp-content\/uploads\/2021\/03\/logo.svg","width":399.77,"height":161.68,"caption":"EPIQS SA"},"image":{"@id":"https:\/\/epiqs.ch\/#\/schema\/logo\/image\/"},"sameAs":["https:\/\/www.facebook.com\/EPIQSSA"]}]}},"_links":{"self":[{"href":"https:\/\/epiqs.ch\/de\/wp-json\/wp\/v2\/pages\/2531","targetHints":{"allow":["GET"]}}],"collection":[{"href":"https:\/\/epiqs.ch\/de\/wp-json\/wp\/v2\/pages"}],"about":[{"href":"https:\/\/epiqs.ch\/de\/wp-json\/wp\/v2\/types\/page"}],"author":[{"embeddable":true,"href":"https:\/\/epiqs.ch\/de\/wp-json\/wp\/v2\/users\/1"}],"replies":[{"embeddable":true,"href":"https:\/\/epiqs.ch\/de\/wp-json\/wp\/v2\/comments?post=2531"}],"version-history":[{"count":1,"href":"https:\/\/epiqs.ch\/de\/wp-json\/wp\/v2\/pages\/2531\/revisions"}],"predecessor-version":[{"id":2534,"href":"https:\/\/epiqs.ch\/de\/wp-json\/wp\/v2\/pages\/2531\/revisions\/2534"}],"wp:attachment":[{"href":"https:\/\/epiqs.ch\/de\/wp-json\/wp\/v2\/media?parent=2531"}],"curies":[{"name":"wp","href":"https:\/\/api.w.org\/{rel}","templated":true}]}}