{"id":2530,"date":"2022-12-19T15:23:43","date_gmt":"2022-12-19T14:23:43","guid":{"rendered":"https:\/\/epiqs.ch\/empfehlen-sie-uns\/"},"modified":"2023-01-25T14:26:14","modified_gmt":"2023-01-25T13:26:14","slug":"empfehlen-sie-uns","status":"publish","type":"page","link":"https:\/\/epiqs.ch\/de\/empfehlen-sie-uns\/","title":{"rendered":"Empfehlen Sie uns"},"content":{"rendered":"\t\t<div data-elementor-type=\"wp-page\" data-elementor-id=\"2530\" class=\"elementor elementor-2530 elementor-2128\" data-elementor-post-type=\"page\">\n\t\t\t\t\t\t<section class=\"elementor-section elementor-top-section elementor-element elementor-element-54e4a3ac elementor-section-boxed elementor-section-height-default elementor-section-height-default\" data-id=\"54e4a3ac\" data-element_type=\"section\" data-e-type=\"section\" data-settings=\"{&quot;jet_parallax_layout_list&quot;:[]}\">\n\t\t\t\t\t\t<div class=\"elementor-container elementor-column-gap-default\">\n\t\t\t\t\t<div class=\"elementor-column elementor-col-100 elementor-top-column elementor-element elementor-element-17478e6b\" data-id=\"17478e6b\" data-element_type=\"column\" data-e-type=\"column\">\n\t\t\t<div class=\"elementor-widget-wrap elementor-element-populated\">\n\t\t\t\t\t\t<div class=\"elementor-element elementor-element-238d4c85 elementor-widget elementor-widget-text-editor\" data-id=\"238d4c85\" data-element_type=\"widget\" data-e-type=\"widget\" data-widget_type=\"text-editor.default\">\n\t\t\t\t<div class=\"elementor-widget-container\">\n\t\t\t\t\t\t\t\t\t<h2>Sind Sie mit unseren Produkten zufrieden?<\/h2>\n<p><span style=\"font-size: 16px;\">Empfehlen Sie uns weiter! Es ist ganz einfach: Machen Sie unsere Produkte in Ihrer Familie, bei Ihren Freunden, am Arbeitsplatz, in Ihrem Sportverein und in Ihrem Bekanntenkreis bekannt; f\u00fcr jeden abgeschlossenen Verkauf zahlen wir Ihnen CHF 100.  <\/span><\/p>\n<h2><strong>Dann empfehlen Sie uns weiter und erhalten Sie CHF 100 in bar als Dankesch\u00f6n.  <\/strong><\/h2>\n<p>Das Verfahren ist einfach:<\/p>\n<ol>\n<li>Schreiben Sie uns <a href=\"https:\/\/epiqs.ch\/de\/ueber\/#contact\">eine E-Mail<\/a> mit den Kontaktdaten der Person, die sich f\u00fcr eines unserer Produkte interessiert.<\/li>\n<li>Nach Abschluss des Verkaufs schreiben wir Ihnen den Betrag auf Ihrem Bankkonto gut.<\/li>\n<\/ol>\n<h2>BEDINGUNGEN<\/h2>\n<ul>\n<li>Nur nat\u00fcrliche Personen, die Kunden von EPIQS SA (Privatkunden) sind, haben Anspruch auf eine Empfehlungspr\u00e4mie (Firmenkunden und juristische Personen sind ausgeschlossen).<\/li>\n<li>Die Empfehlungspr\u00e4mie von CHF 100 wird ausgezahlt, wenn die empfohlene Person einen Elektroroller im Wert von \u00fcber CHF 3&#8217;000 online auf www.epiqs.ch kauft.<\/li>\n<li>Die Pr\u00e4mie f\u00fcr die Freundschaftswerbung wird erst dann gutgeschrieben, wenn der neue Kunde seinen Artikel bezahlt und erhalten hat.<\/li>\n<li>Die Sponsoringpr\u00e4mie wird per Bank\u00fcberweisung ausgezahlt.<\/li>\n<li>Die Sponsoringpr\u00e4mie wird auch gezahlt, wenn Familienmitglieder, die im selben Haushalt leben, gesponsert werden (z. B. Partner\/in, Kinder, Eltern).<\/li>\n<li>EPIQS SA hat das Recht, diese Werbeaktion jederzeit zu \u00e4ndern und\/oder zu beenden.<\/li>\n<\/ul>\n<h6><strong>Die Sponsoringpr\u00e4mie ist insbesondere in den folgenden F\u00e4llen nicht m\u00f6glich:<\/strong><\/h6>\n<ul>\n<li>Die Person, die die Empfehlung abgibt, ist nicht vollj\u00e4hrig.<\/li>\n<li>Der neue Kunde ist bereits Kunde von EPIQS SA.<\/li>\n<li>Die Empfehlung wird nach Abschluss des Verkaufs weitergeleitet.<\/li>\n<li>Ein potenzieller Kunde stellt sich selbst als neuen Kunden vor.<\/li>\n<li>F\u00fcr Mitarbeiter von EPIQS SA<\/li>\n<\/ul>\n<p>Sie haben Fragen oder m\u00f6chten mehr \u00fcber dieses Angebot erfahren. Sie k\u00f6nnen uns gerne telefonisch oder per E-Mail kontaktieren: contact@epiqs.ch. Rc<\/p>\n\t\t\t\t\t\t\t\t<\/div>\n\t\t\t\t<\/div>\n\t\t\t\t\t<\/div>\n\t\t<\/div>\n\t\t\t\t\t<\/div>\n\t\t<\/section>\n\t\t\t\t<\/div>\n\t\t","protected":false},"excerpt":{"rendered":"<p>Sind Sie mit unseren Produkten zufrieden? Empfehlen Sie uns weiter! Es ist ganz einfach: Machen Sie unsere Produkte in Ihrer Familie, bei Ihren Freunden, am Arbeitsplatz, in Ihrem Sportverein und in Ihrem Bekanntenkreis bekannt; f\u00fcr jeden abgeschlossenen Verkauf zahlen wir Ihnen CHF 100. Dann empfehlen Sie uns weiter und erhalten Sie CHF 100 in bar [&hellip;]<\/p>\n","protected":false},"author":2,"featured_media":0,"parent":0,"menu_order":0,"comment_status":"closed","ping_status":"closed","template":"","meta":{"_acf_changed":false,"footnotes":""},"class_list":["post-2530","page","type-page","status-publish","hentry"],"acf":[],"yoast_head":"<!-- This site is optimized with the Yoast SEO plugin v27.4 - https:\/\/yoast.com\/product\/yoast-seo-wordpress\/ -->\n<title>Empfehlen Sie uns - EPIQS SA<\/title>\n<meta name=\"description\" content=\"Sind Sie mit unseren Produkten zufrieden? Empfehlen Sie uns weiter und erhalten Sie als Dankesch\u00f6n eine Pr\u00e4mie von CHF 100.\" \/>\n<meta name=\"robots\" content=\"index, follow, max-snippet:-1, max-image-preview:large, max-video-preview:-1\" \/>\n<link rel=\"canonical\" href=\"https:\/\/epiqs.ch\/de\/empfehlen-sie-uns\/\" \/>\n<meta property=\"og:locale\" content=\"de_DE\" \/>\n<meta property=\"og:type\" content=\"article\" \/>\n<meta property=\"og:title\" content=\"Empfehlen Sie uns - EPIQS SA\" \/>\n<meta property=\"og:description\" content=\"Sind Sie mit unseren Produkten zufrieden? Empfehlen Sie uns weiter und erhalten Sie als Dankesch\u00f6n eine Pr\u00e4mie von CHF 100.\" \/>\n<meta property=\"og:url\" content=\"https:\/\/epiqs.ch\/de\/empfehlen-sie-uns\/\" \/>\n<meta property=\"og:site_name\" content=\"EPIQS SA\" \/>\n<meta property=\"article:publisher\" content=\"https:\/\/www.facebook.com\/EPIQSSA\" \/>\n<meta property=\"article:modified_time\" content=\"2023-01-25T13:26:14+00:00\" \/>\n<meta name=\"twitter:card\" content=\"summary_large_image\" \/>\n<meta name=\"twitter:label1\" content=\"Gesch\u00e4tzte Lesezeit\" \/>\n\t<meta name=\"twitter:data1\" content=\"1\u00a0Minute\" \/>\n<script type=\"application\/ld+json\" class=\"yoast-schema-graph\">{\"@context\":\"https:\\\/\\\/schema.org\",\"@graph\":[{\"@type\":\"WebPage\",\"@id\":\"https:\\\/\\\/epiqs.ch\\\/de\\\/empfehlen-sie-uns\\\/\",\"url\":\"https:\\\/\\\/epiqs.ch\\\/de\\\/empfehlen-sie-uns\\\/\",\"name\":\"Empfehlen Sie uns - EPIQS SA\",\"isPartOf\":{\"@id\":\"https:\\\/\\\/epiqs.ch\\\/#website\"},\"datePublished\":\"2022-12-19T14:23:43+00:00\",\"dateModified\":\"2023-01-25T13:26:14+00:00\",\"description\":\"Sind Sie mit unseren Produkten zufrieden? Empfehlen Sie uns weiter und erhalten Sie als Dankesch\u00f6n eine Pr\u00e4mie von CHF 100.\",\"breadcrumb\":{\"@id\":\"https:\\\/\\\/epiqs.ch\\\/de\\\/empfehlen-sie-uns\\\/#breadcrumb\"},\"inLanguage\":\"de\",\"potentialAction\":[{\"@type\":\"ReadAction\",\"target\":[\"https:\\\/\\\/epiqs.ch\\\/de\\\/empfehlen-sie-uns\\\/\"]}]},{\"@type\":\"BreadcrumbList\",\"@id\":\"https:\\\/\\\/epiqs.ch\\\/de\\\/empfehlen-sie-uns\\\/#breadcrumb\",\"itemListElement\":[{\"@type\":\"ListItem\",\"position\":1,\"name\":\"Accueil\",\"item\":\"https:\\\/\\\/epiqs.ch\\\/de\\\/\"},{\"@type\":\"ListItem\",\"position\":2,\"name\":\"Empfehlen Sie uns\"}]},{\"@type\":\"WebSite\",\"@id\":\"https:\\\/\\\/epiqs.ch\\\/#website\",\"url\":\"https:\\\/\\\/epiqs.ch\\\/\",\"name\":\"EPIQS SA\",\"description\":\"Vente de scooters \u00e9lectriques\",\"publisher\":{\"@id\":\"https:\\\/\\\/epiqs.ch\\\/#organization\"},\"alternateName\":\"EPIQS\",\"potentialAction\":[{\"@type\":\"SearchAction\",\"target\":{\"@type\":\"EntryPoint\",\"urlTemplate\":\"https:\\\/\\\/epiqs.ch\\\/?s={search_term_string}\"},\"query-input\":{\"@type\":\"PropertyValueSpecification\",\"valueRequired\":true,\"valueName\":\"search_term_string\"}}],\"inLanguage\":\"de\"},{\"@type\":\"Organization\",\"@id\":\"https:\\\/\\\/epiqs.ch\\\/#organization\",\"name\":\"EPIQS SA\",\"alternateName\":\"EPIQS\",\"url\":\"https:\\\/\\\/epiqs.ch\\\/\",\"logo\":{\"@type\":\"ImageObject\",\"inLanguage\":\"de\",\"@id\":\"https:\\\/\\\/epiqs.ch\\\/#\\\/schema\\\/logo\\\/image\\\/\",\"url\":\"https:\\\/\\\/epiqs.ch\\\/wp-content\\\/uploads\\\/2021\\\/03\\\/logo.svg\",\"contentUrl\":\"https:\\\/\\\/epiqs.ch\\\/wp-content\\\/uploads\\\/2021\\\/03\\\/logo.svg\",\"width\":399.77,\"height\":161.68,\"caption\":\"EPIQS SA\"},\"image\":{\"@id\":\"https:\\\/\\\/epiqs.ch\\\/#\\\/schema\\\/logo\\\/image\\\/\"},\"sameAs\":[\"https:\\\/\\\/www.facebook.com\\\/EPIQSSA\"]}]}<\/script>\n<!-- \/ Yoast SEO plugin. -->","yoast_head_json":{"title":"Empfehlen Sie uns - EPIQS SA","description":"Sind Sie mit unseren Produkten zufrieden? Empfehlen Sie uns weiter und erhalten Sie als Dankesch\u00f6n eine Pr\u00e4mie von CHF 100.","robots":{"index":"index","follow":"follow","max-snippet":"max-snippet:-1","max-image-preview":"max-image-preview:large","max-video-preview":"max-video-preview:-1"},"canonical":"https:\/\/epiqs.ch\/de\/empfehlen-sie-uns\/","og_locale":"de_DE","og_type":"article","og_title":"Empfehlen Sie uns - EPIQS SA","og_description":"Sind Sie mit unseren Produkten zufrieden? Empfehlen Sie uns weiter und erhalten Sie als Dankesch\u00f6n eine Pr\u00e4mie von CHF 100.","og_url":"https:\/\/epiqs.ch\/de\/empfehlen-sie-uns\/","og_site_name":"EPIQS SA","article_publisher":"https:\/\/www.facebook.com\/EPIQSSA","article_modified_time":"2023-01-25T13:26:14+00:00","twitter_card":"summary_large_image","twitter_misc":{"Gesch\u00e4tzte Lesezeit":"1\u00a0Minute"},"schema":{"@context":"https:\/\/schema.org","@graph":[{"@type":"WebPage","@id":"https:\/\/epiqs.ch\/de\/empfehlen-sie-uns\/","url":"https:\/\/epiqs.ch\/de\/empfehlen-sie-uns\/","name":"Empfehlen Sie uns - EPIQS SA","isPartOf":{"@id":"https:\/\/epiqs.ch\/#website"},"datePublished":"2022-12-19T14:23:43+00:00","dateModified":"2023-01-25T13:26:14+00:00","description":"Sind Sie mit unseren Produkten zufrieden? Empfehlen Sie uns weiter und erhalten Sie als Dankesch\u00f6n eine Pr\u00e4mie von CHF 100.","breadcrumb":{"@id":"https:\/\/epiqs.ch\/de\/empfehlen-sie-uns\/#breadcrumb"},"inLanguage":"de","potentialAction":[{"@type":"ReadAction","target":["https:\/\/epiqs.ch\/de\/empfehlen-sie-uns\/"]}]},{"@type":"BreadcrumbList","@id":"https:\/\/epiqs.ch\/de\/empfehlen-sie-uns\/#breadcrumb","itemListElement":[{"@type":"ListItem","position":1,"name":"Accueil","item":"https:\/\/epiqs.ch\/de\/"},{"@type":"ListItem","position":2,"name":"Empfehlen Sie uns"}]},{"@type":"WebSite","@id":"https:\/\/epiqs.ch\/#website","url":"https:\/\/epiqs.ch\/","name":"EPIQS SA","description":"Vente de scooters \u00e9lectriques","publisher":{"@id":"https:\/\/epiqs.ch\/#organization"},"alternateName":"EPIQS","potentialAction":[{"@type":"SearchAction","target":{"@type":"EntryPoint","urlTemplate":"https:\/\/epiqs.ch\/?s={search_term_string}"},"query-input":{"@type":"PropertyValueSpecification","valueRequired":true,"valueName":"search_term_string"}}],"inLanguage":"de"},{"@type":"Organization","@id":"https:\/\/epiqs.ch\/#organization","name":"EPIQS SA","alternateName":"EPIQS","url":"https:\/\/epiqs.ch\/","logo":{"@type":"ImageObject","inLanguage":"de","@id":"https:\/\/epiqs.ch\/#\/schema\/logo\/image\/","url":"https:\/\/epiqs.ch\/wp-content\/uploads\/2021\/03\/logo.svg","contentUrl":"https:\/\/epiqs.ch\/wp-content\/uploads\/2021\/03\/logo.svg","width":399.77,"height":161.68,"caption":"EPIQS SA"},"image":{"@id":"https:\/\/epiqs.ch\/#\/schema\/logo\/image\/"},"sameAs":["https:\/\/www.facebook.com\/EPIQSSA"]}]}},"_links":{"self":[{"href":"https:\/\/epiqs.ch\/de\/wp-json\/wp\/v2\/pages\/2530","targetHints":{"allow":["GET"]}}],"collection":[{"href":"https:\/\/epiqs.ch\/de\/wp-json\/wp\/v2\/pages"}],"about":[{"href":"https:\/\/epiqs.ch\/de\/wp-json\/wp\/v2\/types\/page"}],"author":[{"embeddable":true,"href":"https:\/\/epiqs.ch\/de\/wp-json\/wp\/v2\/users\/2"}],"replies":[{"embeddable":true,"href":"https:\/\/epiqs.ch\/de\/wp-json\/wp\/v2\/comments?post=2530"}],"version-history":[{"count":2,"href":"https:\/\/epiqs.ch\/de\/wp-json\/wp\/v2\/pages\/2530\/revisions"}],"predecessor-version":[{"id":2664,"href":"https:\/\/epiqs.ch\/de\/wp-json\/wp\/v2\/pages\/2530\/revisions\/2664"}],"wp:attachment":[{"href":"https:\/\/epiqs.ch\/de\/wp-json\/wp\/v2\/media?parent=2530"}],"curies":[{"name":"wp","href":"https:\/\/api.w.org\/{rel}","templated":true}]}}